{"id":8342,"date":"2021-06-22T09:59:28","date_gmt":"2021-06-22T09:59:28","guid":{"rendered":"https:\/\/egcollection.ist\/selling-to-us\/"},"modified":"2023-01-06T11:42:04","modified_gmt":"2023-01-06T11:42:04","slug":"satis-icin","status":"publish","type":"page","link":"https:\/\/egcollection.ist\/tr\/satis-icin\/","title":{"rendered":"Sat\u0131\u015f \u0130\u00e7in"},"content":{"rendered":"<section class=\"wpb-content-wrapper\"><p>[vc_row][vc_column width=&#8221;1\/4&#8243;][\/vc_column][vc_column width=&#8221;1\/2&#8243;][vc_column_text]<\/p>\n<p style=\"text-align: center;\">&#8211;<\/p>\n<p>[\/vc_column_text]\n<div class=\"wpcf7 no-js\" id=\"wpcf7-f213-o1\" lang=\"en-US\" dir=\"ltr\" data-wpcf7-id=\"213\">\n<div class=\"screen-reader-response\"><p role=\"status\" aria-live=\"polite\" aria-atomic=\"true\"><\/p> <ul><\/ul><\/div>\n<form action=\"\/tr\/wp-json\/wp\/v2\/pages\/8342#wpcf7-f213-o1\" method=\"post\" class=\"wpcf7-form init\" aria-label=\"Contact form\" enctype=\"multipart\/form-data\" novalidate=\"novalidate\" data-status=\"init\">\n<div style=\"display: none;\">\n<input type=\"hidden\" name=\"_wpcf7\" value=\"213\" \/>\n<input type=\"hidden\" name=\"_wpcf7_version\" value=\"6.0.6\" \/>\n<input type=\"hidden\" name=\"_wpcf7_locale\" value=\"en_US\" \/>\n<input type=\"hidden\" name=\"_wpcf7_unit_tag\" value=\"wpcf7-f213-o1\" \/>\n<input type=\"hidden\" name=\"_wpcf7_container_post\" value=\"0\" \/>\n<input type=\"hidden\" name=\"_wpcf7_posted_data_hash\" value=\"\" \/>\n<input type=\"hidden\" name=\"_wpcf7_recaptcha_response\" value=\"\" \/>\n<\/div>\n<p><label> Your name<br \/>\n<span class=\"wpcf7-form-control-wrap\" data-name=\"your-name\"><input size=\"40\" maxlength=\"400\" class=\"wpcf7-form-control wpcf7-text wpcf7-validates-as-required\" aria-required=\"true\" aria-invalid=\"false\" value=\"\" type=\"text\" name=\"your-name\" \/><\/span> <\/label>\n<\/p>\n<p><label> Your email<br \/>\n<span class=\"wpcf7-form-control-wrap\" data-name=\"your-email\"><input size=\"40\" maxlength=\"400\" class=\"wpcf7-form-control wpcf7-email wpcf7-validates-as-required wpcf7-text wpcf7-validates-as-email\" aria-required=\"true\" aria-invalid=\"false\" value=\"\" type=\"email\" name=\"your-email\" \/><\/span> <\/label>\n<\/p>\n<p><label> Upload file<br \/>\n<span class=\"wpcf7-form-control-wrap\" data-name=\"your-file\"><input size=\"40\" class=\"wpcf7-form-control wpcf7-file wpcf7-validates-as-required\" accept=\".jpg,.png,.gif,.tif,.pdf,.word\" aria-required=\"true\" aria-invalid=\"false\" type=\"file\" name=\"your-file\" \/><\/span> <\/label>\n<\/p>\n<p><label> Your message (optional)<br \/>\n<span class=\"wpcf7-form-control-wrap\" data-name=\"your-message\"><textarea cols=\"40\" rows=\"10\" maxlength=\"2000\" class=\"wpcf7-form-control wpcf7-textarea\" aria-invalid=\"false\" name=\"your-message\"><\/textarea><\/span> <\/label>\n<\/p>\n<p><input class=\"wpcf7-form-control wpcf7-submit has-spinner\" type=\"submit\" value=\"Submit\" \/>\n<\/p><div class=\"wpcf7-response-output\" aria-hidden=\"true\"><\/div>\n<\/form>\n<\/div>\n[\/vc_column][vc_column width=&#8221;1\/4&#8243;][\/vc_column][\/vc_row]<\/p>\n<\/section>","protected":false},"excerpt":{"rendered":"<p>[vc_row][vc_column width=&#8221;1\/4&#8243;][\/vc_column][vc_column width=&#8221;1\/2&#8243;][vc_column_text] &#8211; [\/vc_column_text][\/vc_column][vc_column width=&#8221;1\/4&#8243;][\/vc_column][\/vc_row]<\/p>\n","protected":false},"author":1,"featured_media":0,"parent":0,"menu_order":0,"comment_status":"closed","ping_status":"closed","template":"","meta":{"footnotes":""},"class_list":["post-8342","page","type-page","status-publish","hentry"],"yoast_head":"<!-- This site is optimized with the Yoast SEO plugin v24.9 - https:\/\/yoast.com\/wordpress\/plugins\/seo\/ -->\n<title>Sat\u0131\u015f \u0130\u00e7in - Emre Gurcay Collection<\/title>\n<meta name=\"robots\" content=\"index, follow, max-snippet:-1, max-image-preview:large, max-video-preview:-1\" \/>\n<link rel=\"canonical\" href=\"https:\/\/egcollection.ist\/tr\/satis-icin\/\" \/>\n<meta property=\"og:locale\" content=\"tr_TR\" \/>\n<meta property=\"og:type\" content=\"article\" \/>\n<meta property=\"og:title\" content=\"Sat\u0131\u015f \u0130\u00e7in - Emre Gurcay Collection\" \/>\n<meta property=\"og:description\" content=\"[vc_row][vc_column width=&#8221;1\/4&#8243;][\/vc_column][vc_column width=&#8221;1\/2&#8243;][vc_column_text] &#8211; [\/vc_column_text][\/vc_column][vc_column width=&#8221;1\/4&#8243;][\/vc_column][\/vc_row]\" \/>\n<meta property=\"og:url\" content=\"https:\/\/egcollection.ist\/tr\/satis-icin\/\" \/>\n<meta property=\"og:site_name\" content=\"Emre Gurcay Collection\" \/>\n<meta property=\"article:modified_time\" content=\"2023-01-06T11:42:04+00:00\" \/>\n<meta name=\"twitter:card\" content=\"summary_large_image\" \/>\n<script type=\"application\/ld+json\" class=\"yoast-schema-graph\">{\"@context\":\"https:\/\/schema.org\",\"@graph\":[{\"@type\":\"WebPage\",\"@id\":\"https:\/\/egcollection.ist\/tr\/satis-icin\/\",\"url\":\"https:\/\/egcollection.ist\/tr\/satis-icin\/\",\"name\":\"Sat\u0131\u015f \u0130\u00e7in - Emre Gurcay Collection\",\"isPartOf\":{\"@id\":\"https:\/\/egcollection.ist\/tr\/#website\"},\"datePublished\":\"2021-06-22T09:59:28+00:00\",\"dateModified\":\"2023-01-06T11:42:04+00:00\",\"breadcrumb\":{\"@id\":\"https:\/\/egcollection.ist\/tr\/satis-icin\/#breadcrumb\"},\"inLanguage\":\"tr\",\"potentialAction\":[{\"@type\":\"ReadAction\",\"target\":[\"https:\/\/egcollection.ist\/tr\/satis-icin\/\"]}]},{\"@type\":\"BreadcrumbList\",\"@id\":\"https:\/\/egcollection.ist\/tr\/satis-icin\/#breadcrumb\",\"itemListElement\":[{\"@type\":\"ListItem\",\"position\":1,\"name\":\"Home\",\"item\":\"https:\/\/egcollection.ist\/tr\/home\/\"},{\"@type\":\"ListItem\",\"position\":2,\"name\":\"Sat\u0131\u015f \u0130\u00e7in\"}]},{\"@type\":\"WebSite\",\"@id\":\"https:\/\/egcollection.ist\/tr\/#website\",\"url\":\"https:\/\/egcollection.ist\/tr\/\",\"name\":\"Emre Gurcay Collection\",\"description\":\"Antique Maps &amp; Books\",\"publisher\":{\"@id\":\"https:\/\/egcollection.ist\/tr\/#organization\"},\"potentialAction\":[{\"@type\":\"SearchAction\",\"target\":{\"@type\":\"EntryPoint\",\"urlTemplate\":\"https:\/\/egcollection.ist\/tr\/?s={search_term_string}\"},\"query-input\":{\"@type\":\"PropertyValueSpecification\",\"valueRequired\":true,\"valueName\":\"search_term_string\"}}],\"inLanguage\":\"tr\"},{\"@type\":\"Organization\",\"@id\":\"https:\/\/egcollection.ist\/tr\/#organization\",\"name\":\"Emre Gurcay Collection\",\"url\":\"https:\/\/egcollection.ist\/tr\/\",\"logo\":{\"@type\":\"ImageObject\",\"inLanguage\":\"tr\",\"@id\":\"https:\/\/egcollection.ist\/tr\/#\/schema\/logo\/image\/\",\"url\":\"https:\/\/egcollection.ist\/wp-content\/uploads\/2021\/11\/EGCollection-logo2-1.png\",\"contentUrl\":\"https:\/\/egcollection.ist\/wp-content\/uploads\/2021\/11\/EGCollection-logo2-1.png\",\"width\":230,\"height\":82,\"caption\":\"Emre Gurcay Collection\"},\"image\":{\"@id\":\"https:\/\/egcollection.ist\/tr\/#\/schema\/logo\/image\/\"},\"sameAs\":[\"https:\/\/www.instagram.com\/egcollection.ist\/\"]}]}<\/script>\n<!-- \/ Yoast SEO plugin. -->","yoast_head_json":{"title":"Sat\u0131\u015f \u0130\u00e7in - Emre Gurcay Collection","robots":{"index":"index","follow":"follow","max-snippet":"max-snippet:-1","max-image-preview":"max-image-preview:large","max-video-preview":"max-video-preview:-1"},"canonical":"https:\/\/egcollection.ist\/tr\/satis-icin\/","og_locale":"tr_TR","og_type":"article","og_title":"Sat\u0131\u015f \u0130\u00e7in - Emre Gurcay Collection","og_description":"[vc_row][vc_column width=&#8221;1\/4&#8243;][\/vc_column][vc_column width=&#8221;1\/2&#8243;][vc_column_text] &#8211; [\/vc_column_text][\/vc_column][vc_column width=&#8221;1\/4&#8243;][\/vc_column][\/vc_row]","og_url":"https:\/\/egcollection.ist\/tr\/satis-icin\/","og_site_name":"Emre Gurcay Collection","article_modified_time":"2023-01-06T11:42:04+00:00","twitter_card":"summary_large_image","schema":{"@context":"https:\/\/schema.org","@graph":[{"@type":"WebPage","@id":"https:\/\/egcollection.ist\/tr\/satis-icin\/","url":"https:\/\/egcollection.ist\/tr\/satis-icin\/","name":"Sat\u0131\u015f \u0130\u00e7in - Emre Gurcay Collection","isPartOf":{"@id":"https:\/\/egcollection.ist\/tr\/#website"},"datePublished":"2021-06-22T09:59:28+00:00","dateModified":"2023-01-06T11:42:04+00:00","breadcrumb":{"@id":"https:\/\/egcollection.ist\/tr\/satis-icin\/#breadcrumb"},"inLanguage":"tr","potentialAction":[{"@type":"ReadAction","target":["https:\/\/egcollection.ist\/tr\/satis-icin\/"]}]},{"@type":"BreadcrumbList","@id":"https:\/\/egcollection.ist\/tr\/satis-icin\/#breadcrumb","itemListElement":[{"@type":"ListItem","position":1,"name":"Home","item":"https:\/\/egcollection.ist\/tr\/home\/"},{"@type":"ListItem","position":2,"name":"Sat\u0131\u015f \u0130\u00e7in"}]},{"@type":"WebSite","@id":"https:\/\/egcollection.ist\/tr\/#website","url":"https:\/\/egcollection.ist\/tr\/","name":"Emre Gurcay Collection","description":"Antique Maps &amp; Books","publisher":{"@id":"https:\/\/egcollection.ist\/tr\/#organization"},"potentialAction":[{"@type":"SearchAction","target":{"@type":"EntryPoint","urlTemplate":"https:\/\/egcollection.ist\/tr\/?s={search_term_string}"},"query-input":{"@type":"PropertyValueSpecification","valueRequired":true,"valueName":"search_term_string"}}],"inLanguage":"tr"},{"@type":"Organization","@id":"https:\/\/egcollection.ist\/tr\/#organization","name":"Emre Gurcay Collection","url":"https:\/\/egcollection.ist\/tr\/","logo":{"@type":"ImageObject","inLanguage":"tr","@id":"https:\/\/egcollection.ist\/tr\/#\/schema\/logo\/image\/","url":"https:\/\/egcollection.ist\/wp-content\/uploads\/2021\/11\/EGCollection-logo2-1.png","contentUrl":"https:\/\/egcollection.ist\/wp-content\/uploads\/2021\/11\/EGCollection-logo2-1.png","width":230,"height":82,"caption":"Emre Gurcay Collection"},"image":{"@id":"https:\/\/egcollection.ist\/tr\/#\/schema\/logo\/image\/"},"sameAs":["https:\/\/www.instagram.com\/egcollection.ist\/"]}]}},"_links":{"self":[{"href":"https:\/\/egcollection.ist\/tr\/wp-json\/wp\/v2\/pages\/8342","targetHints":{"allow":["GET"]}}],"collection":[{"href":"https:\/\/egcollection.ist\/tr\/wp-json\/wp\/v2\/pages"}],"about":[{"href":"https:\/\/egcollection.ist\/tr\/wp-json\/wp\/v2\/types\/page"}],"author":[{"embeddable":true,"href":"https:\/\/egcollection.ist\/tr\/wp-json\/wp\/v2\/users\/1"}],"replies":[{"embeddable":true,"href":"https:\/\/egcollection.ist\/tr\/wp-json\/wp\/v2\/comments?post=8342"}],"version-history":[{"count":4,"href":"https:\/\/egcollection.ist\/tr\/wp-json\/wp\/v2\/pages\/8342\/revisions"}],"predecessor-version":[{"id":8352,"href":"https:\/\/egcollection.ist\/tr\/wp-json\/wp\/v2\/pages\/8342\/revisions\/8352"}],"wp:attachment":[{"href":"https:\/\/egcollection.ist\/tr\/wp-json\/wp\/v2\/media?parent=8342"}],"curies":[{"name":"wp","href":"https:\/\/api.w.org\/{rel}","templated":true}]}}