{"id":8343,"date":"2021-06-22T09:23:52","date_gmt":"2021-06-22T09:23:52","guid":{"rendered":"https:\/\/egcollection.ist\/about\/"},"modified":"2023-01-06T11:42:24","modified_gmt":"2023-01-06T11:42:24","slug":"hakkimizda","status":"publish","type":"page","link":"https:\/\/egcollection.ist\/tr\/hakkimizda\/","title":{"rendered":"Hakk\u0131m\u0131zda"},"content":{"rendered":"<section class=\"wpb-content-wrapper\"><p>[vc_row][vc_column][vc_custom_heading text=&#8221;Emre G\u00fcr\u00e7ay Koleksiyonu&#8221; use_theme_fonts=&#8221;yes&#8221;]<span class=\"konte-dash text-default   \"><span class=\"konte-dash__line\"><\/span><\/span>[vc_column_text]<strong>What is EG Collection<\/strong><\/p>\n<p>EG Collection is home to thousands of different pieces. EG is a specialist dealer in old and rare maps of Asia Minor and the Ottoman Empire from the 15<sup>th<\/sup> to 19<sup>th<\/sup> centuries, in addition to a wide range of old and rare books on the subject of the Ottoman Empire and Istanbul (Constantinople) from the 15<sup>th<\/sup> to the 20<sup>th<\/sup> century, especially ones about travelling.<\/p>\n<p>The Collection also includes a large number of old, rare and fine prints, panoramic views and plans of Istanbul (Constantinople), scientific instruments and a selection of cartographic reference books.<\/p>\n<p>Other items that can be found in the collection are fine figurines, statues and contemporary art pieces.<\/p>\n<p><strong>Who is behind EG collection?<\/strong><\/p>\n<p>This prized collection belongs to Emre G\u00fcr\u00e7ay. There are a lot of ways to describe Emre, but this author will try and keep it as simple as possible even if the subject is beyond comprehension.<\/p>\n<p>Emre began his collection in London, where he was living at the time, in 1992, the same year his daughter was born. There is absolutely no correlation between the two events. Maybe when Emre started his collection he thought about sharing his passion with this innocent little girl one day, however the gods were not by his side and unfortunately, she had no interest in these beautiful pieces. A shame really.<\/p>\n<p>Moving on, Emre kept on buying artwork from around the world to the surprise of all his friends and family. No one believed he would continue for this long. Because of how old some of the pieces are, even his most trusted friends were not allowed to touch them. Especially the books. Understandable really, they are far too valuable for words. Holding actual history in your hands. Imagine who else has held these books. Emre claims that with the help of the books, he made many friends around the world, met different dealers, went to various auctions. He says that pursuing this passion, finding and reading these books helped him grow as a person.<\/p>\n<p>You could ask as to why he only collected items on the Ottoman Empire and Constantinople. Very simple. He is a Turkish man who lives in Istanbul and loves the history of Turkey. Anyone who has been to Istanbul (modern day Constantinople) will know the beauty and magic of the city, how can someone not want a part of that? Maybe not want something as expensive but still\u2026<\/p>\n<p>After collecting non-stop for years and years, filling up every house he has lived in, suddenly he has decided on a website like this, selling his life\u2019s work. This author tried to talk to him and understand his reasoning but unfortunately, she failed. So, as a compensation, she will just write Emre the Great\u2019s own quote, hoping someone else can make sense of it. Emre, in his own words: \u201cAfter 30 years of happily collecting, it is now time to pass my life partners to their new owners\u2026 I hope that each and every one of them will bring happiness and love to their new friends as they did to me over all these years. I loved collecting and learning from them every single day. I hope I can pass them along to people who deserve them.\u201d<\/p>\n<p>The building of this website has been enlightening for all\u2026<\/p>\n<p>All in all, Emre has lovingly put together this collection, making his family carry them from room to room, or worse, house to house. But, at the end of the day, this collection made him happy. The smile on his face when he talked about individual pieces was the proof of this. Here\u2019s to the next stage of Emre\u2019s life, may it be filled with even more laughter and raki.<\/p>\n<p>This small look into the man behind the collection was written by Iris Gurcay, the daughter who was born the same year this collection was started.[\/vc_column_text][\/vc_column][\/vc_row]<\/p>\n<\/section>","protected":false},"excerpt":{"rendered":"<p>[vc_row][vc_column][vc_custom_heading text=&#8221;Emre G\u00fcr\u00e7ay Koleksiyonu&#8221; use_theme_fonts=&#8221;yes&#8221;][vc_column_text]What is EG Collection EG Collection is home to thousands of different pieces. EG is a specialist dealer in old and rare maps of Asia Minor&hellip;<\/p>\n","protected":false},"author":1,"featured_media":6100,"parent":0,"menu_order":0,"comment_status":"closed","ping_status":"closed","template":"","meta":{"footnotes":""},"class_list":["post-8343","page","type-page","status-publish","has-post-thumbnail","hentry"],"yoast_head":"<!-- This site is optimized with the Yoast SEO plugin v24.9 - https:\/\/yoast.com\/wordpress\/plugins\/seo\/ -->\n<title>Hakk\u0131m\u0131zda - Emre Gurcay Collection<\/title>\n<meta name=\"robots\" content=\"index, follow, max-snippet:-1, max-image-preview:large, max-video-preview:-1\" \/>\n<link rel=\"canonical\" href=\"https:\/\/egcollection.ist\/tr\/hakkimizda\/\" \/>\n<meta property=\"og:locale\" content=\"tr_TR\" \/>\n<meta property=\"og:type\" content=\"article\" \/>\n<meta property=\"og:title\" content=\"Hakk\u0131m\u0131zda - Emre Gurcay Collection\" \/>\n<meta property=\"og:description\" content=\"[vc_row][vc_column][vc_custom_heading text=&#8221;Emre G\u00fcr\u00e7ay Koleksiyonu&#8221; use_theme_fonts=&#8221;yes&#8221;][vc_column_text]What is EG Collection EG Collection is home to thousands of different pieces. EG is a specialist dealer in old and rare maps of Asia Minor&hellip;\" \/>\n<meta property=\"og:url\" content=\"https:\/\/egcollection.ist\/tr\/hakkimizda\/\" \/>\n<meta property=\"og:site_name\" content=\"Emre Gurcay Collection\" \/>\n<meta property=\"article:modified_time\" content=\"2023-01-06T11:42:24+00:00\" \/>\n<meta property=\"og:image\" content=\"https:\/\/egcollection.ist\/wp-content\/uploads\/2022\/08\/ABOUT-EMRE-GURCAY-COLLECTION.jpg\" \/>\n\t<meta property=\"og:image:width\" content=\"1024\" \/>\n\t<meta property=\"og:image:height\" content=\"576\" \/>\n\t<meta property=\"og:image:type\" content=\"image\/jpeg\" \/>\n<meta name=\"twitter:card\" content=\"summary_large_image\" \/>\n<meta name=\"twitter:label1\" content=\"Tahmini okuma s\u00fcresi\" \/>\n\t<meta name=\"twitter:data1\" content=\"3 dakika\" \/>\n<script type=\"application\/ld+json\" class=\"yoast-schema-graph\">{\"@context\":\"https:\/\/schema.org\",\"@graph\":[{\"@type\":\"WebPage\",\"@id\":\"https:\/\/egcollection.ist\/tr\/hakkimizda\/\",\"url\":\"https:\/\/egcollection.ist\/tr\/hakkimizda\/\",\"name\":\"Hakk\u0131m\u0131zda - Emre Gurcay Collection\",\"isPartOf\":{\"@id\":\"https:\/\/egcollection.ist\/tr\/#website\"},\"primaryImageOfPage\":{\"@id\":\"https:\/\/egcollection.ist\/tr\/hakkimizda\/#primaryimage\"},\"image\":{\"@id\":\"https:\/\/egcollection.ist\/tr\/hakkimizda\/#primaryimage\"},\"thumbnailUrl\":\"https:\/\/egcollection.ist\/wp-content\/uploads\/2022\/08\/ABOUT-EMRE-GURCAY-COLLECTION.jpg\",\"datePublished\":\"2021-06-22T09:23:52+00:00\",\"dateModified\":\"2023-01-06T11:42:24+00:00\",\"breadcrumb\":{\"@id\":\"https:\/\/egcollection.ist\/tr\/hakkimizda\/#breadcrumb\"},\"inLanguage\":\"tr\",\"potentialAction\":[{\"@type\":\"ReadAction\",\"target\":[\"https:\/\/egcollection.ist\/tr\/hakkimizda\/\"]}]},{\"@type\":\"ImageObject\",\"inLanguage\":\"tr\",\"@id\":\"https:\/\/egcollection.ist\/tr\/hakkimizda\/#primaryimage\",\"url\":\"https:\/\/egcollection.ist\/wp-content\/uploads\/2022\/08\/ABOUT-EMRE-GURCAY-COLLECTION.jpg\",\"contentUrl\":\"https:\/\/egcollection.ist\/wp-content\/uploads\/2022\/08\/ABOUT-EMRE-GURCAY-COLLECTION.jpg\",\"width\":1024,\"height\":576},{\"@type\":\"BreadcrumbList\",\"@id\":\"https:\/\/egcollection.ist\/tr\/hakkimizda\/#breadcrumb\",\"itemListElement\":[{\"@type\":\"ListItem\",\"position\":1,\"name\":\"Home\",\"item\":\"https:\/\/egcollection.ist\/tr\/home\/\"},{\"@type\":\"ListItem\",\"position\":2,\"name\":\"Hakk\u0131m\u0131zda\"}]},{\"@type\":\"WebSite\",\"@id\":\"https:\/\/egcollection.ist\/tr\/#website\",\"url\":\"https:\/\/egcollection.ist\/tr\/\",\"name\":\"Emre Gurcay Collection\",\"description\":\"Antique Maps &amp; Books\",\"publisher\":{\"@id\":\"https:\/\/egcollection.ist\/tr\/#organization\"},\"potentialAction\":[{\"@type\":\"SearchAction\",\"target\":{\"@type\":\"EntryPoint\",\"urlTemplate\":\"https:\/\/egcollection.ist\/tr\/?s={search_term_string}\"},\"query-input\":{\"@type\":\"PropertyValueSpecification\",\"valueRequired\":true,\"valueName\":\"search_term_string\"}}],\"inLanguage\":\"tr\"},{\"@type\":\"Organization\",\"@id\":\"https:\/\/egcollection.ist\/tr\/#organization\",\"name\":\"Emre Gurcay Collection\",\"url\":\"https:\/\/egcollection.ist\/tr\/\",\"logo\":{\"@type\":\"ImageObject\",\"inLanguage\":\"tr\",\"@id\":\"https:\/\/egcollection.ist\/tr\/#\/schema\/logo\/image\/\",\"url\":\"https:\/\/egcollection.ist\/wp-content\/uploads\/2021\/11\/EGCollection-logo2-1.png\",\"contentUrl\":\"https:\/\/egcollection.ist\/wp-content\/uploads\/2021\/11\/EGCollection-logo2-1.png\",\"width\":230,\"height\":82,\"caption\":\"Emre Gurcay Collection\"},\"image\":{\"@id\":\"https:\/\/egcollection.ist\/tr\/#\/schema\/logo\/image\/\"},\"sameAs\":[\"https:\/\/www.instagram.com\/egcollection.ist\/\"]}]}<\/script>\n<!-- \/ Yoast SEO plugin. -->","yoast_head_json":{"title":"Hakk\u0131m\u0131zda - Emre Gurcay Collection","robots":{"index":"index","follow":"follow","max-snippet":"max-snippet:-1","max-image-preview":"max-image-preview:large","max-video-preview":"max-video-preview:-1"},"canonical":"https:\/\/egcollection.ist\/tr\/hakkimizda\/","og_locale":"tr_TR","og_type":"article","og_title":"Hakk\u0131m\u0131zda - Emre Gurcay Collection","og_description":"[vc_row][vc_column][vc_custom_heading text=&#8221;Emre G\u00fcr\u00e7ay Koleksiyonu&#8221; use_theme_fonts=&#8221;yes&#8221;][vc_column_text]What is EG Collection EG Collection is home to thousands of different pieces. EG is a specialist dealer in old and rare maps of Asia Minor&hellip;","og_url":"https:\/\/egcollection.ist\/tr\/hakkimizda\/","og_site_name":"Emre Gurcay Collection","article_modified_time":"2023-01-06T11:42:24+00:00","og_image":[{"width":1024,"height":576,"url":"https:\/\/egcollection.ist\/wp-content\/uploads\/2022\/08\/ABOUT-EMRE-GURCAY-COLLECTION.jpg","type":"image\/jpeg"}],"twitter_card":"summary_large_image","twitter_misc":{"Tahmini okuma s\u00fcresi":"3 dakika"},"schema":{"@context":"https:\/\/schema.org","@graph":[{"@type":"WebPage","@id":"https:\/\/egcollection.ist\/tr\/hakkimizda\/","url":"https:\/\/egcollection.ist\/tr\/hakkimizda\/","name":"Hakk\u0131m\u0131zda - Emre Gurcay Collection","isPartOf":{"@id":"https:\/\/egcollection.ist\/tr\/#website"},"primaryImageOfPage":{"@id":"https:\/\/egcollection.ist\/tr\/hakkimizda\/#primaryimage"},"image":{"@id":"https:\/\/egcollection.ist\/tr\/hakkimizda\/#primaryimage"},"thumbnailUrl":"https:\/\/egcollection.ist\/wp-content\/uploads\/2022\/08\/ABOUT-EMRE-GURCAY-COLLECTION.jpg","datePublished":"2021-06-22T09:23:52+00:00","dateModified":"2023-01-06T11:42:24+00:00","breadcrumb":{"@id":"https:\/\/egcollection.ist\/tr\/hakkimizda\/#breadcrumb"},"inLanguage":"tr","potentialAction":[{"@type":"ReadAction","target":["https:\/\/egcollection.ist\/tr\/hakkimizda\/"]}]},{"@type":"ImageObject","inLanguage":"tr","@id":"https:\/\/egcollection.ist\/tr\/hakkimizda\/#primaryimage","url":"https:\/\/egcollection.ist\/wp-content\/uploads\/2022\/08\/ABOUT-EMRE-GURCAY-COLLECTION.jpg","contentUrl":"https:\/\/egcollection.ist\/wp-content\/uploads\/2022\/08\/ABOUT-EMRE-GURCAY-COLLECTION.jpg","width":1024,"height":576},{"@type":"BreadcrumbList","@id":"https:\/\/egcollection.ist\/tr\/hakkimizda\/#breadcrumb","itemListElement":[{"@type":"ListItem","position":1,"name":"Home","item":"https:\/\/egcollection.ist\/tr\/home\/"},{"@type":"ListItem","position":2,"name":"Hakk\u0131m\u0131zda"}]},{"@type":"WebSite","@id":"https:\/\/egcollection.ist\/tr\/#website","url":"https:\/\/egcollection.ist\/tr\/","name":"Emre Gurcay Collection","description":"Antique Maps &amp; Books","publisher":{"@id":"https:\/\/egcollection.ist\/tr\/#organization"},"potentialAction":[{"@type":"SearchAction","target":{"@type":"EntryPoint","urlTemplate":"https:\/\/egcollection.ist\/tr\/?s={search_term_string}"},"query-input":{"@type":"PropertyValueSpecification","valueRequired":true,"valueName":"search_term_string"}}],"inLanguage":"tr"},{"@type":"Organization","@id":"https:\/\/egcollection.ist\/tr\/#organization","name":"Emre Gurcay Collection","url":"https:\/\/egcollection.ist\/tr\/","logo":{"@type":"ImageObject","inLanguage":"tr","@id":"https:\/\/egcollection.ist\/tr\/#\/schema\/logo\/image\/","url":"https:\/\/egcollection.ist\/wp-content\/uploads\/2021\/11\/EGCollection-logo2-1.png","contentUrl":"https:\/\/egcollection.ist\/wp-content\/uploads\/2021\/11\/EGCollection-logo2-1.png","width":230,"height":82,"caption":"Emre Gurcay Collection"},"image":{"@id":"https:\/\/egcollection.ist\/tr\/#\/schema\/logo\/image\/"},"sameAs":["https:\/\/www.instagram.com\/egcollection.ist\/"]}]}},"_links":{"self":[{"href":"https:\/\/egcollection.ist\/tr\/wp-json\/wp\/v2\/pages\/8343","targetHints":{"allow":["GET"]}}],"collection":[{"href":"https:\/\/egcollection.ist\/tr\/wp-json\/wp\/v2\/pages"}],"about":[{"href":"https:\/\/egcollection.ist\/tr\/wp-json\/wp\/v2\/types\/page"}],"author":[{"embeddable":true,"href":"https:\/\/egcollection.ist\/tr\/wp-json\/wp\/v2\/users\/1"}],"replies":[{"embeddable":true,"href":"https:\/\/egcollection.ist\/tr\/wp-json\/wp\/v2\/comments?post=8343"}],"version-history":[{"count":3,"href":"https:\/\/egcollection.ist\/tr\/wp-json\/wp\/v2\/pages\/8343\/revisions"}],"predecessor-version":[{"id":8353,"href":"https:\/\/egcollection.ist\/tr\/wp-json\/wp\/v2\/pages\/8343\/revisions\/8353"}],"wp:featuredmedia":[{"embeddable":true,"href":"https:\/\/egcollection.ist\/tr\/wp-json\/wp\/v2\/media\/6100"}],"wp:attachment":[{"href":"https:\/\/egcollection.ist\/tr\/wp-json\/wp\/v2\/media?parent=8343"}],"curies":[{"name":"wp","href":"https:\/\/api.w.org\/{rel}","templated":true}]}}