{"id":4496,"date":"2022-07-05T15:51:16","date_gmt":"2022-07-06T07:15:51","guid":{"rendered":"http:\/\/egcollection.ist\/product\/osmanli-hakkinda-kitaplar-16\/"},"modified":"2022-07-06T07:15:58","modified_gmt":"2022-07-06T07:15:58","slug":"osmanli-hakkinda-kitaplar-16","status":"publish","type":"product","link":"https:\/\/egcollection.ist\/tr\/urun\/osmanli-hakkinda-kitaplar-16\/","title":{"rendered":"OSMANLI HAKKINDA K\u0130TAPLAR"},"content":{"rendered":"<p>THE BEAUTIES OF THE BOSPHORUS<br \/>\nILLUSTRATED \u0130N A SER\u0130ES OF V\u0130EWS OF CONSTANT\u0130NOPLE AND ITS ENV\u0130RONS, FROM ORIGINAL DRAWINGS BY W.H. BARTLETT<\/p>\n<p>PARDOE, Julia<\/p>\n<p>London, 1838<\/p>\n<p>with 78 engraved plates, 1 engraved map<\/p>\n<p>Julia Pardoe (1804-1862) was an English poet, novelist and traveller. She was one of the first women to describe Turkey, where she travelled with her father Commander Thomas Pardoe, in 1836. Her most popular work is the City of the Sultan and Domestic Manners of the Turks (1837), which presented the Turkish upper class with sympathy and humanity. This comprehensive work about Constantinople , its people and customs was a very popular publication also due to the beautiful illustrations after William Henry Bartlett..<\/p>\n","protected":false},"excerpt":{"rendered":"<p>THE BEAUTIES OF THE BOSPHORUS ILLUSTRATED \u0130N A SER\u0130ES OF V\u0130EWS OF CONSTANT\u0130NOPLE AND ITS ENV\u0130RONS, FROM ORIGINAL DRAWINGS BY W.H. BARTLETT PARDOE, Julia London, 1838 with 78 engraved plates,&hellip;<\/p>\n","protected":false},"featured_media":3139,"template":"","meta":[],"product_brand":[],"product_cat":[56,57,92],"product_tag":[],"class_list":{"0":"post-4496","1":"product","2":"type-product","3":"status-publish","4":"has-post-thumbnail","6":"product_cat-kitap","7":"product_cat-osmanli-imparatorlugu","8":"product_cat-katalog","10":"first","11":"instock","12":"purchasable","13":"product-type-simple"},"yoast_head":"<!-- This site is optimized with the Yoast SEO plugin v24.9 - https:\/\/yoast.com\/wordpress\/plugins\/seo\/ -->\n<title>OSMANLI HAKKINDA K\u0130TAPLAR - Emre Gurcay Collection<\/title>\n<meta name=\"robots\" content=\"index, follow, max-snippet:-1, max-image-preview:large, max-video-preview:-1\" \/>\n<link rel=\"canonical\" href=\"https:\/\/egcollection.ist\/tr\/urun\/osmanli-hakkinda-kitaplar-16\/\" \/>\n<meta property=\"og:locale\" content=\"tr_TR\" \/>\n<meta property=\"og:type\" content=\"article\" \/>\n<meta property=\"og:title\" content=\"OSMANLI HAKKINDA K\u0130TAPLAR - Emre Gurcay Collection\" \/>\n<meta property=\"og:description\" content=\"THE BEAUTIES OF THE BOSPHORUS ILLUSTRATED \u0130N A SER\u0130ES OF V\u0130EWS OF CONSTANT\u0130NOPLE AND ITS ENV\u0130RONS, FROM ORIGINAL DRAWINGS BY W.H. BARTLETT PARDOE, Julia London, 1838 with 78 engraved plates,&hellip;\" \/>\n<meta property=\"og:url\" content=\"https:\/\/egcollection.ist\/tr\/urun\/osmanli-hakkinda-kitaplar-16\/\" \/>\n<meta property=\"og:site_name\" content=\"Emre Gurcay Collection\" \/>\n<meta property=\"article:modified_time\" content=\"2022-07-06T07:15:58+00:00\" \/>\n<meta property=\"og:image\" content=\"https:\/\/egcollection.ist\/wp-content\/uploads\/2022\/07\/Books-Ottoman-Empire-0031.jpg\" \/>\n\t<meta property=\"og:image:width\" content=\"1920\" \/>\n\t<meta property=\"og:image:height\" content=\"2560\" \/>\n\t<meta property=\"og:image:type\" content=\"image\/jpeg\" \/>\n<meta name=\"twitter:card\" content=\"summary_large_image\" \/>\n<meta name=\"twitter:label1\" content=\"Tahmini okuma s\u00fcresi\" \/>\n\t<meta name=\"twitter:data1\" content=\"1 dakika\" \/>\n<script type=\"application\/ld+json\" class=\"yoast-schema-graph\">{\"@context\":\"https:\/\/schema.org\",\"@graph\":[{\"@type\":\"WebPage\",\"@id\":\"https:\/\/egcollection.ist\/tr\/urun\/osmanli-hakkinda-kitaplar-16\/\",\"url\":\"https:\/\/egcollection.ist\/tr\/urun\/osmanli-hakkinda-kitaplar-16\/\",\"name\":\"OSMANLI HAKKINDA K\u0130TAPLAR - Emre Gurcay Collection\",\"isPartOf\":{\"@id\":\"https:\/\/egcollection.ist\/tr\/#website\"},\"primaryImageOfPage\":{\"@id\":\"https:\/\/egcollection.ist\/tr\/urun\/osmanli-hakkinda-kitaplar-16\/#primaryimage\"},\"image\":{\"@id\":\"https:\/\/egcollection.ist\/tr\/urun\/osmanli-hakkinda-kitaplar-16\/#primaryimage\"},\"thumbnailUrl\":\"https:\/\/egcollection.ist\/wp-content\/uploads\/2022\/07\/Books-Ottoman-Empire-0031.jpg\",\"datePublished\":\"2022-07-06T07:15:51+00:00\",\"dateModified\":\"2022-07-06T07:15:58+00:00\",\"breadcrumb\":{\"@id\":\"https:\/\/egcollection.ist\/tr\/urun\/osmanli-hakkinda-kitaplar-16\/#breadcrumb\"},\"inLanguage\":\"tr\",\"potentialAction\":[{\"@type\":\"ReadAction\",\"target\":[\"https:\/\/egcollection.ist\/tr\/urun\/osmanli-hakkinda-kitaplar-16\/\"]}]},{\"@type\":\"ImageObject\",\"inLanguage\":\"tr\",\"@id\":\"https:\/\/egcollection.ist\/tr\/urun\/osmanli-hakkinda-kitaplar-16\/#primaryimage\",\"url\":\"https:\/\/egcollection.ist\/wp-content\/uploads\/2022\/07\/Books-Ottoman-Empire-0031.jpg\",\"contentUrl\":\"https:\/\/egcollection.ist\/wp-content\/uploads\/2022\/07\/Books-Ottoman-Empire-0031.jpg\",\"width\":1920,\"height\":2560},{\"@type\":\"BreadcrumbList\",\"@id\":\"https:\/\/egcollection.ist\/tr\/urun\/osmanli-hakkinda-kitaplar-16\/#breadcrumb\",\"itemListElement\":[{\"@type\":\"ListItem\",\"position\":1,\"name\":\"Home\",\"item\":\"https:\/\/egcollection.ist\/tr\/home\/\"},{\"@type\":\"ListItem\",\"position\":2,\"name\":\"Shop\",\"item\":\"https:\/\/egcollection.ist\/shop\/\"},{\"@type\":\"ListItem\",\"position\":3,\"name\":\"OSMANLI HAKKINDA K\u0130TAPLAR\"}]},{\"@type\":\"WebSite\",\"@id\":\"https:\/\/egcollection.ist\/tr\/#website\",\"url\":\"https:\/\/egcollection.ist\/tr\/\",\"name\":\"Emre Gurcay Collection\",\"description\":\"Antique Maps &amp; Books\",\"publisher\":{\"@id\":\"https:\/\/egcollection.ist\/tr\/#organization\"},\"potentialAction\":[{\"@type\":\"SearchAction\",\"target\":{\"@type\":\"EntryPoint\",\"urlTemplate\":\"https:\/\/egcollection.ist\/tr\/?s={search_term_string}\"},\"query-input\":{\"@type\":\"PropertyValueSpecification\",\"valueRequired\":true,\"valueName\":\"search_term_string\"}}],\"inLanguage\":\"tr\"},{\"@type\":\"Organization\",\"@id\":\"https:\/\/egcollection.ist\/tr\/#organization\",\"name\":\"Emre Gurcay Collection\",\"url\":\"https:\/\/egcollection.ist\/tr\/\",\"logo\":{\"@type\":\"ImageObject\",\"inLanguage\":\"tr\",\"@id\":\"https:\/\/egcollection.ist\/tr\/#\/schema\/logo\/image\/\",\"url\":\"https:\/\/egcollection.ist\/wp-content\/uploads\/2021\/11\/EGCollection-logo2-1.png\",\"contentUrl\":\"https:\/\/egcollection.ist\/wp-content\/uploads\/2021\/11\/EGCollection-logo2-1.png\",\"width\":230,\"height\":82,\"caption\":\"Emre Gurcay Collection\"},\"image\":{\"@id\":\"https:\/\/egcollection.ist\/tr\/#\/schema\/logo\/image\/\"},\"sameAs\":[\"https:\/\/www.instagram.com\/egcollection.ist\/\"]}]}<\/script>\n<!-- \/ Yoast SEO plugin. -->","yoast_head_json":{"title":"OSMANLI HAKKINDA K\u0130TAPLAR - Emre Gurcay Collection","robots":{"index":"index","follow":"follow","max-snippet":"max-snippet:-1","max-image-preview":"max-image-preview:large","max-video-preview":"max-video-preview:-1"},"canonical":"https:\/\/egcollection.ist\/tr\/urun\/osmanli-hakkinda-kitaplar-16\/","og_locale":"tr_TR","og_type":"article","og_title":"OSMANLI HAKKINDA K\u0130TAPLAR - Emre Gurcay Collection","og_description":"THE BEAUTIES OF THE BOSPHORUS ILLUSTRATED \u0130N A SER\u0130ES OF V\u0130EWS OF CONSTANT\u0130NOPLE AND ITS ENV\u0130RONS, FROM ORIGINAL DRAWINGS BY W.H. BARTLETT PARDOE, Julia London, 1838 with 78 engraved plates,&hellip;","og_url":"https:\/\/egcollection.ist\/tr\/urun\/osmanli-hakkinda-kitaplar-16\/","og_site_name":"Emre Gurcay Collection","article_modified_time":"2022-07-06T07:15:58+00:00","og_image":[{"width":1920,"height":2560,"url":"https:\/\/egcollection.ist\/wp-content\/uploads\/2022\/07\/Books-Ottoman-Empire-0031.jpg","type":"image\/jpeg"}],"twitter_card":"summary_large_image","twitter_misc":{"Tahmini okuma s\u00fcresi":"1 dakika"},"schema":{"@context":"https:\/\/schema.org","@graph":[{"@type":"WebPage","@id":"https:\/\/egcollection.ist\/tr\/urun\/osmanli-hakkinda-kitaplar-16\/","url":"https:\/\/egcollection.ist\/tr\/urun\/osmanli-hakkinda-kitaplar-16\/","name":"OSMANLI HAKKINDA K\u0130TAPLAR - Emre Gurcay Collection","isPartOf":{"@id":"https:\/\/egcollection.ist\/tr\/#website"},"primaryImageOfPage":{"@id":"https:\/\/egcollection.ist\/tr\/urun\/osmanli-hakkinda-kitaplar-16\/#primaryimage"},"image":{"@id":"https:\/\/egcollection.ist\/tr\/urun\/osmanli-hakkinda-kitaplar-16\/#primaryimage"},"thumbnailUrl":"https:\/\/egcollection.ist\/wp-content\/uploads\/2022\/07\/Books-Ottoman-Empire-0031.jpg","datePublished":"2022-07-06T07:15:51+00:00","dateModified":"2022-07-06T07:15:58+00:00","breadcrumb":{"@id":"https:\/\/egcollection.ist\/tr\/urun\/osmanli-hakkinda-kitaplar-16\/#breadcrumb"},"inLanguage":"tr","potentialAction":[{"@type":"ReadAction","target":["https:\/\/egcollection.ist\/tr\/urun\/osmanli-hakkinda-kitaplar-16\/"]}]},{"@type":"ImageObject","inLanguage":"tr","@id":"https:\/\/egcollection.ist\/tr\/urun\/osmanli-hakkinda-kitaplar-16\/#primaryimage","url":"https:\/\/egcollection.ist\/wp-content\/uploads\/2022\/07\/Books-Ottoman-Empire-0031.jpg","contentUrl":"https:\/\/egcollection.ist\/wp-content\/uploads\/2022\/07\/Books-Ottoman-Empire-0031.jpg","width":1920,"height":2560},{"@type":"BreadcrumbList","@id":"https:\/\/egcollection.ist\/tr\/urun\/osmanli-hakkinda-kitaplar-16\/#breadcrumb","itemListElement":[{"@type":"ListItem","position":1,"name":"Home","item":"https:\/\/egcollection.ist\/tr\/home\/"},{"@type":"ListItem","position":2,"name":"Shop","item":"https:\/\/egcollection.ist\/shop\/"},{"@type":"ListItem","position":3,"name":"OSMANLI HAKKINDA K\u0130TAPLAR"}]},{"@type":"WebSite","@id":"https:\/\/egcollection.ist\/tr\/#website","url":"https:\/\/egcollection.ist\/tr\/","name":"Emre Gurcay Collection","description":"Antique Maps &amp; Books","publisher":{"@id":"https:\/\/egcollection.ist\/tr\/#organization"},"potentialAction":[{"@type":"SearchAction","target":{"@type":"EntryPoint","urlTemplate":"https:\/\/egcollection.ist\/tr\/?s={search_term_string}"},"query-input":{"@type":"PropertyValueSpecification","valueRequired":true,"valueName":"search_term_string"}}],"inLanguage":"tr"},{"@type":"Organization","@id":"https:\/\/egcollection.ist\/tr\/#organization","name":"Emre Gurcay Collection","url":"https:\/\/egcollection.ist\/tr\/","logo":{"@type":"ImageObject","inLanguage":"tr","@id":"https:\/\/egcollection.ist\/tr\/#\/schema\/logo\/image\/","url":"https:\/\/egcollection.ist\/wp-content\/uploads\/2021\/11\/EGCollection-logo2-1.png","contentUrl":"https:\/\/egcollection.ist\/wp-content\/uploads\/2021\/11\/EGCollection-logo2-1.png","width":230,"height":82,"caption":"Emre Gurcay Collection"},"image":{"@id":"https:\/\/egcollection.ist\/tr\/#\/schema\/logo\/image\/"},"sameAs":["https:\/\/www.instagram.com\/egcollection.ist\/"]}]}},"_links":{"self":[{"href":"https:\/\/egcollection.ist\/tr\/wp-json\/wp\/v2\/product\/4496","targetHints":{"allow":["GET"]}}],"collection":[{"href":"https:\/\/egcollection.ist\/tr\/wp-json\/wp\/v2\/product"}],"about":[{"href":"https:\/\/egcollection.ist\/tr\/wp-json\/wp\/v2\/types\/product"}],"wp:featuredmedia":[{"embeddable":true,"href":"https:\/\/egcollection.ist\/tr\/wp-json\/wp\/v2\/media\/3139"}],"wp:attachment":[{"href":"https:\/\/egcollection.ist\/tr\/wp-json\/wp\/v2\/media?parent=4496"}],"wp:term":[{"taxonomy":"product_brand","embeddable":true,"href":"https:\/\/egcollection.ist\/tr\/wp-json\/wp\/v2\/product_brand?post=4496"},{"taxonomy":"product_cat","embeddable":true,"href":"https:\/\/egcollection.ist\/tr\/wp-json\/wp\/v2\/product_cat?post=4496"},{"taxonomy":"product_tag","embeddable":true,"href":"https:\/\/egcollection.ist\/tr\/wp-json\/wp\/v2\/product_tag?post=4496"}],"curies":[{"name":"wp","href":"https:\/\/api.w.org\/{rel}","templated":true}]}}