{"id":4530,"date":"2022-07-05T15:51:49","date_gmt":"2022-07-06T07:16:24","guid":{"rendered":"http:\/\/egcollection.ist\/product\/osmanli-hakkinda-kitaplar-50\/"},"modified":"2022-07-06T07:16:28","modified_gmt":"2022-07-06T07:16:28","slug":"osmanli-hakkinda-kitaplar-50","status":"publish","type":"product","link":"https:\/\/egcollection.ist\/tr\/urun\/osmanli-hakkinda-kitaplar-50\/","title":{"rendered":"OSMANLI HAKKINDA K\u0130TAPLAR"},"content":{"rendered":"<p>THREE YEARS IN CONSTANTINOPLE; OR,<br \/>\nDOMESTIC MAN NERS OR THE TURKS IN 1844.<\/p>\n<p>CHARLES WHITE, ESQ.<br \/>\nLondon, 1846<\/p>\n<p>3 volumes<\/p>\n<p>\u0130stanbul \u00fczerine yaz\u0131lm\u0131\u015f en \u00f6nemli seyahatnamelerden biridir. 1841 y\u0131l\u0131nda \u0130stanbul\u2019a gelen ve \u00fc\u00e7 y\u0131l kalan Charles White (1793-1861) kitab\u0131nda imparatorlu\u011fun ba\u015fkentiyle ilgili son derece de\u011ferli bilgiler aktarmaktad\u0131r. Kitaptaki bilgilerin \u00e7e\u015fitlili\u011finden, White\u2019\u0131n \u0130stanbul hayat\u0131n\u0131n \u00e7ok farkl\u0131 y\u00f6nlerini derinlemesine g\u00f6zlemledi\u011fini g\u00f6r\u00fcyoruz. Toplumun de\u011fi\u015fik kesimlerinden bir\u00e7ok ileri gelen ki\u015fiyle g\u00f6r\u00fc\u015ferek, g\u00f6zlemledi\u011fi olaylar\u0131n mekanlar\u0131nda bizzat bulunarak do\u011frulu\u011fu s\u0131nanm\u0131\u015f bilgilere yer vermi\u015ftir. Kitapta ele al\u0131nan konular\u0131n \u00e7e\u015fitlili\u011fi \u015fa\u015f\u0131rt\u0131c\u0131 d\u00fczeydedir. Bedesten, \u00e7ar\u015f\u0131-pazar, kahvehaneler, su \u015febekesi, kemerler, k\u00fct\u00fcphaneler, sahhaflar gibi konulardan tutun terlik\u00e7i, \u00e7orap\u00e7\u0131, t\u00fct\u00fcnc\u00fc, k\u00fcrk\u00e7\u00fc, t\u00fclbent\u00e7i, helvac\u0131 fes\u00e7i esnaf\u0131na, at\u0131k su sisteminden, t\u00fcketilen deniz kabuklular\u0131na, bal\u0131k isimleri ve \u0130stanbul floras\u0131ndan, T\u00fcrk mutfa\u011f\u0131na kadar bir yabanc\u0131n\u0131n akl\u0131na tak\u0131labilecek, merak\u0131n\u0131 uyand\u0131rabilecek her \u015feyi inceleyen bu eser bu bak\u0131mdan tam bir folklor hazinesidir. Charles White 7 kadar esere imzas\u0131n\u0131 atm\u0131\u015f, \u00fclkede bulundu\u011fu d\u00f6nemde Morning Chronicle gazetesinin \u0130stanbul muhabirli\u011fini yapm\u0131\u015f, T\u00fcrk dostu bir \u0130ngiliz subay\u0131d\u0131r. \u0130stanbul\u2019da bulundu\u011fu s\u0131rada r\u00fctbesi albayd\u0131. Eserini yazarken Ahmed Vefik Efendi\u2019den b\u00fcy\u00fck yard\u0131m g\u00f6rm\u00fc\u015f, T\u00fcrklerin ve M\u00fcsl\u00fcmanlar\u0131n hayat\u0131yla ilgili bir Avrupal\u0131n\u0131n ula\u015famayaca\u011f\u0131 bilgilere ula\u015ft\u0131. K\u0131sa bir s\u00fcre i\u00e7inde ikinci bask\u0131y\u0131 yapacak kadar ilgi \u00e7eken eserin Drei Jahre in Constantinopel, oder Sitten und Einrichtungen der T\u00fcrken ba\u015fl\u0131kl\u0131 Almanca bask\u0131s\u0131 ertesi y\u0131l Stuttgart\u2019ta yap\u0131lm\u0131\u015f, History of the Capital of Asia and the Turks: together with an account of the domestic Manners of the Turks in Turkey \u015feklinde farkl\u0131 bir ba\u015fl\u0131k verilerek yap\u0131lan korsan bask\u0131s\u0131 1855\u2019te Boston\u2019da bas\u0131lm\u0131\u015ft\u0131r.<\/p>\n","protected":false},"excerpt":{"rendered":"<p>THREE YEARS IN CONSTANTINOPLE; OR, DOMESTIC MAN NERS OR THE TURKS IN 1844. CHARLES WHITE, ESQ. London, 1846 3 volumes \u0130stanbul \u00fczerine yaz\u0131lm\u0131\u015f en \u00f6nemli seyahatnamelerden biridir. 1841 y\u0131l\u0131nda \u0130stanbul\u2019a&hellip;<\/p>\n","protected":false},"featured_media":14592,"template":"","meta":[],"product_brand":[],"product_cat":[56,57,92],"product_tag":[],"class_list":{"0":"post-4530","1":"product","2":"type-product","3":"status-publish","4":"has-post-thumbnail","6":"product_cat-kitap","7":"product_cat-osmanli-imparatorlugu","8":"product_cat-katalog","10":"first","11":"instock","12":"purchasable","13":"product-type-simple"},"yoast_head":"<!-- This site is optimized with the Yoast SEO plugin v24.9 - https:\/\/yoast.com\/wordpress\/plugins\/seo\/ -->\n<title>OSMANLI HAKKINDA K\u0130TAPLAR - Emre Gurcay Collection<\/title>\n<meta name=\"robots\" content=\"index, follow, max-snippet:-1, max-image-preview:large, max-video-preview:-1\" \/>\n<link rel=\"canonical\" href=\"https:\/\/egcollection.ist\/tr\/urun\/osmanli-hakkinda-kitaplar-50\/\" \/>\n<meta property=\"og:locale\" content=\"tr_TR\" \/>\n<meta property=\"og:type\" content=\"article\" \/>\n<meta property=\"og:title\" content=\"OSMANLI HAKKINDA K\u0130TAPLAR - Emre Gurcay Collection\" \/>\n<meta property=\"og:description\" content=\"THREE YEARS IN CONSTANTINOPLE; OR, DOMESTIC MAN NERS OR THE TURKS IN 1844. CHARLES WHITE, ESQ. London, 1846 3 volumes \u0130stanbul \u00fczerine yaz\u0131lm\u0131\u015f en \u00f6nemli seyahatnamelerden biridir. 1841 y\u0131l\u0131nda \u0130stanbul\u2019a&hellip;\" \/>\n<meta property=\"og:url\" content=\"https:\/\/egcollection.ist\/tr\/urun\/osmanli-hakkinda-kitaplar-50\/\" \/>\n<meta property=\"og:site_name\" content=\"Emre Gurcay Collection\" \/>\n<meta property=\"article:modified_time\" content=\"2022-07-06T07:16:28+00:00\" \/>\n<meta property=\"og:image\" content=\"https:\/\/egcollection.ist\/wp-content\/uploads\/2022\/07\/0194-scaled.jpg\" \/>\n\t<meta property=\"og:image:width\" content=\"2560\" \/>\n\t<meta property=\"og:image:height\" content=\"2088\" \/>\n\t<meta property=\"og:image:type\" content=\"image\/jpeg\" \/>\n<meta name=\"twitter:card\" content=\"summary_large_image\" \/>\n<meta name=\"twitter:label1\" content=\"Tahmini okuma s\u00fcresi\" \/>\n\t<meta name=\"twitter:data1\" content=\"2 dakika\" \/>\n<script type=\"application\/ld+json\" class=\"yoast-schema-graph\">{\"@context\":\"https:\/\/schema.org\",\"@graph\":[{\"@type\":\"WebPage\",\"@id\":\"https:\/\/egcollection.ist\/tr\/urun\/osmanli-hakkinda-kitaplar-50\/\",\"url\":\"https:\/\/egcollection.ist\/tr\/urun\/osmanli-hakkinda-kitaplar-50\/\",\"name\":\"OSMANLI HAKKINDA K\u0130TAPLAR - Emre Gurcay Collection\",\"isPartOf\":{\"@id\":\"https:\/\/egcollection.ist\/tr\/#website\"},\"primaryImageOfPage\":{\"@id\":\"https:\/\/egcollection.ist\/tr\/urun\/osmanli-hakkinda-kitaplar-50\/#primaryimage\"},\"image\":{\"@id\":\"https:\/\/egcollection.ist\/tr\/urun\/osmanli-hakkinda-kitaplar-50\/#primaryimage\"},\"thumbnailUrl\":\"https:\/\/egcollection.ist\/wp-content\/uploads\/2022\/07\/0194-scaled.jpg\",\"datePublished\":\"2022-07-06T07:16:24+00:00\",\"dateModified\":\"2022-07-06T07:16:28+00:00\",\"breadcrumb\":{\"@id\":\"https:\/\/egcollection.ist\/tr\/urun\/osmanli-hakkinda-kitaplar-50\/#breadcrumb\"},\"inLanguage\":\"tr\",\"potentialAction\":[{\"@type\":\"ReadAction\",\"target\":[\"https:\/\/egcollection.ist\/tr\/urun\/osmanli-hakkinda-kitaplar-50\/\"]}]},{\"@type\":\"ImageObject\",\"inLanguage\":\"tr\",\"@id\":\"https:\/\/egcollection.ist\/tr\/urun\/osmanli-hakkinda-kitaplar-50\/#primaryimage\",\"url\":\"https:\/\/egcollection.ist\/wp-content\/uploads\/2022\/07\/0194-scaled.jpg\",\"contentUrl\":\"https:\/\/egcollection.ist\/wp-content\/uploads\/2022\/07\/0194-scaled.jpg\",\"width\":2560,\"height\":2088},{\"@type\":\"BreadcrumbList\",\"@id\":\"https:\/\/egcollection.ist\/tr\/urun\/osmanli-hakkinda-kitaplar-50\/#breadcrumb\",\"itemListElement\":[{\"@type\":\"ListItem\",\"position\":1,\"name\":\"Home\",\"item\":\"https:\/\/egcollection.ist\/tr\/home\/\"},{\"@type\":\"ListItem\",\"position\":2,\"name\":\"Shop\",\"item\":\"https:\/\/egcollection.ist\/shop\/\"},{\"@type\":\"ListItem\",\"position\":3,\"name\":\"OSMANLI HAKKINDA K\u0130TAPLAR\"}]},{\"@type\":\"WebSite\",\"@id\":\"https:\/\/egcollection.ist\/tr\/#website\",\"url\":\"https:\/\/egcollection.ist\/tr\/\",\"name\":\"Emre Gurcay Collection\",\"description\":\"Antique Maps &amp; Books\",\"publisher\":{\"@id\":\"https:\/\/egcollection.ist\/tr\/#organization\"},\"potentialAction\":[{\"@type\":\"SearchAction\",\"target\":{\"@type\":\"EntryPoint\",\"urlTemplate\":\"https:\/\/egcollection.ist\/tr\/?s={search_term_string}\"},\"query-input\":{\"@type\":\"PropertyValueSpecification\",\"valueRequired\":true,\"valueName\":\"search_term_string\"}}],\"inLanguage\":\"tr\"},{\"@type\":\"Organization\",\"@id\":\"https:\/\/egcollection.ist\/tr\/#organization\",\"name\":\"Emre Gurcay Collection\",\"url\":\"https:\/\/egcollection.ist\/tr\/\",\"logo\":{\"@type\":\"ImageObject\",\"inLanguage\":\"tr\",\"@id\":\"https:\/\/egcollection.ist\/tr\/#\/schema\/logo\/image\/\",\"url\":\"https:\/\/egcollection.ist\/wp-content\/uploads\/2021\/11\/EGCollection-logo2-1.png\",\"contentUrl\":\"https:\/\/egcollection.ist\/wp-content\/uploads\/2021\/11\/EGCollection-logo2-1.png\",\"width\":230,\"height\":82,\"caption\":\"Emre Gurcay Collection\"},\"image\":{\"@id\":\"https:\/\/egcollection.ist\/tr\/#\/schema\/logo\/image\/\"},\"sameAs\":[\"https:\/\/www.instagram.com\/egcollection.ist\/\"]}]}<\/script>\n<!-- \/ Yoast SEO plugin. -->","yoast_head_json":{"title":"OSMANLI HAKKINDA K\u0130TAPLAR - Emre Gurcay Collection","robots":{"index":"index","follow":"follow","max-snippet":"max-snippet:-1","max-image-preview":"max-image-preview:large","max-video-preview":"max-video-preview:-1"},"canonical":"https:\/\/egcollection.ist\/tr\/urun\/osmanli-hakkinda-kitaplar-50\/","og_locale":"tr_TR","og_type":"article","og_title":"OSMANLI HAKKINDA K\u0130TAPLAR - Emre Gurcay Collection","og_description":"THREE YEARS IN CONSTANTINOPLE; OR, DOMESTIC MAN NERS OR THE TURKS IN 1844. CHARLES WHITE, ESQ. London, 1846 3 volumes \u0130stanbul \u00fczerine yaz\u0131lm\u0131\u015f en \u00f6nemli seyahatnamelerden biridir. 1841 y\u0131l\u0131nda \u0130stanbul\u2019a&hellip;","og_url":"https:\/\/egcollection.ist\/tr\/urun\/osmanli-hakkinda-kitaplar-50\/","og_site_name":"Emre Gurcay Collection","article_modified_time":"2022-07-06T07:16:28+00:00","og_image":[{"width":2560,"height":2088,"url":"https:\/\/egcollection.ist\/wp-content\/uploads\/2022\/07\/0194-scaled.jpg","type":"image\/jpeg"}],"twitter_card":"summary_large_image","twitter_misc":{"Tahmini okuma s\u00fcresi":"2 dakika"},"schema":{"@context":"https:\/\/schema.org","@graph":[{"@type":"WebPage","@id":"https:\/\/egcollection.ist\/tr\/urun\/osmanli-hakkinda-kitaplar-50\/","url":"https:\/\/egcollection.ist\/tr\/urun\/osmanli-hakkinda-kitaplar-50\/","name":"OSMANLI HAKKINDA K\u0130TAPLAR - Emre Gurcay Collection","isPartOf":{"@id":"https:\/\/egcollection.ist\/tr\/#website"},"primaryImageOfPage":{"@id":"https:\/\/egcollection.ist\/tr\/urun\/osmanli-hakkinda-kitaplar-50\/#primaryimage"},"image":{"@id":"https:\/\/egcollection.ist\/tr\/urun\/osmanli-hakkinda-kitaplar-50\/#primaryimage"},"thumbnailUrl":"https:\/\/egcollection.ist\/wp-content\/uploads\/2022\/07\/0194-scaled.jpg","datePublished":"2022-07-06T07:16:24+00:00","dateModified":"2022-07-06T07:16:28+00:00","breadcrumb":{"@id":"https:\/\/egcollection.ist\/tr\/urun\/osmanli-hakkinda-kitaplar-50\/#breadcrumb"},"inLanguage":"tr","potentialAction":[{"@type":"ReadAction","target":["https:\/\/egcollection.ist\/tr\/urun\/osmanli-hakkinda-kitaplar-50\/"]}]},{"@type":"ImageObject","inLanguage":"tr","@id":"https:\/\/egcollection.ist\/tr\/urun\/osmanli-hakkinda-kitaplar-50\/#primaryimage","url":"https:\/\/egcollection.ist\/wp-content\/uploads\/2022\/07\/0194-scaled.jpg","contentUrl":"https:\/\/egcollection.ist\/wp-content\/uploads\/2022\/07\/0194-scaled.jpg","width":2560,"height":2088},{"@type":"BreadcrumbList","@id":"https:\/\/egcollection.ist\/tr\/urun\/osmanli-hakkinda-kitaplar-50\/#breadcrumb","itemListElement":[{"@type":"ListItem","position":1,"name":"Home","item":"https:\/\/egcollection.ist\/tr\/home\/"},{"@type":"ListItem","position":2,"name":"Shop","item":"https:\/\/egcollection.ist\/shop\/"},{"@type":"ListItem","position":3,"name":"OSMANLI HAKKINDA K\u0130TAPLAR"}]},{"@type":"WebSite","@id":"https:\/\/egcollection.ist\/tr\/#website","url":"https:\/\/egcollection.ist\/tr\/","name":"Emre Gurcay Collection","description":"Antique Maps &amp; Books","publisher":{"@id":"https:\/\/egcollection.ist\/tr\/#organization"},"potentialAction":[{"@type":"SearchAction","target":{"@type":"EntryPoint","urlTemplate":"https:\/\/egcollection.ist\/tr\/?s={search_term_string}"},"query-input":{"@type":"PropertyValueSpecification","valueRequired":true,"valueName":"search_term_string"}}],"inLanguage":"tr"},{"@type":"Organization","@id":"https:\/\/egcollection.ist\/tr\/#organization","name":"Emre Gurcay Collection","url":"https:\/\/egcollection.ist\/tr\/","logo":{"@type":"ImageObject","inLanguage":"tr","@id":"https:\/\/egcollection.ist\/tr\/#\/schema\/logo\/image\/","url":"https:\/\/egcollection.ist\/wp-content\/uploads\/2021\/11\/EGCollection-logo2-1.png","contentUrl":"https:\/\/egcollection.ist\/wp-content\/uploads\/2021\/11\/EGCollection-logo2-1.png","width":230,"height":82,"caption":"Emre Gurcay Collection"},"image":{"@id":"https:\/\/egcollection.ist\/tr\/#\/schema\/logo\/image\/"},"sameAs":["https:\/\/www.instagram.com\/egcollection.ist\/"]}]}},"_links":{"self":[{"href":"https:\/\/egcollection.ist\/tr\/wp-json\/wp\/v2\/product\/4530","targetHints":{"allow":["GET"]}}],"collection":[{"href":"https:\/\/egcollection.ist\/tr\/wp-json\/wp\/v2\/product"}],"about":[{"href":"https:\/\/egcollection.ist\/tr\/wp-json\/wp\/v2\/types\/product"}],"wp:featuredmedia":[{"embeddable":true,"href":"https:\/\/egcollection.ist\/tr\/wp-json\/wp\/v2\/media\/14592"}],"wp:attachment":[{"href":"https:\/\/egcollection.ist\/tr\/wp-json\/wp\/v2\/media?parent=4530"}],"wp:term":[{"taxonomy":"product_brand","embeddable":true,"href":"https:\/\/egcollection.ist\/tr\/wp-json\/wp\/v2\/product_brand?post=4530"},{"taxonomy":"product_cat","embeddable":true,"href":"https:\/\/egcollection.ist\/tr\/wp-json\/wp\/v2\/product_cat?post=4530"},{"taxonomy":"product_tag","embeddable":true,"href":"https:\/\/egcollection.ist\/tr\/wp-json\/wp\/v2\/product_tag?post=4530"}],"curies":[{"name":"wp","href":"https:\/\/api.w.org\/{rel}","templated":true}]}}