{"id":4550,"date":"2022-07-05T15:52:05","date_gmt":"2022-07-06T07:16:42","guid":{"rendered":"http:\/\/egcollection.ist\/product\/osmanli-hakkinda-kitaplar-70\/"},"modified":"2022-07-06T07:16:46","modified_gmt":"2022-07-06T07:16:46","slug":"osmanli-hakkinda-kitaplar-70","status":"publish","type":"product","link":"https:\/\/egcollection.ist\/tr\/urun\/osmanli-hakkinda-kitaplar-70\/","title":{"rendered":"OSMANLI HAKKINDA K\u0130TAPLAR"},"content":{"rendered":"<p>RECEUIL DE CENT ESTAMPES REPRESENTANT DIFFERENTES NATIONS DU LEVANT,<br \/>\ntir\u00e9es sur les Tableaux peints d&#8217;apr\u00e8s Nature en 1707 et 1708 par les ordres de M. De FERRIOL, ambassadeur du Roi \u00e0 la porte. Et grav\u00e9es en 1712 et 1713 par les soins de M. LE HAY&#8230;<\/p>\n<p>Paris, 1714<\/p>\n<p>with 99 single page engravings, 3 double page engravings<\/p>\n<p>Engravings were executed after the paintings of the Flemish painter J.B. VAN MOUR, who arrived in Constantinople with the circle of Charles De Ferriol in 1699.<\/p>\n","protected":false},"excerpt":{"rendered":"<p>RECEUIL DE CENT ESTAMPES REPRESENTANT DIFFERENTES NATIONS DU LEVANT, tir\u00e9es sur les Tableaux peints d&#8217;apr\u00e8s Nature en 1707 et 1708 par les ordres de M. De FERRIOL, ambassadeur du Roi&hellip;<\/p>\n","protected":false},"featured_media":20522,"template":"","meta":[],"product_brand":[],"product_cat":[56,57,82,76,83],"product_tag":[],"class_list":{"0":"post-4550","1":"product","2":"type-product","3":"status-publish","4":"has-post-thumbnail","6":"product_cat-kitap","7":"product_cat-osmanli-imparatorlugu","8":"product_cat-baskilar","9":"product_cat-istanbul-baskilari","10":"product_cat-diger-baskilar","12":"first","13":"instock","14":"purchasable","15":"product-type-simple"},"yoast_head":"<!-- This site is optimized with the Yoast SEO plugin v24.9 - https:\/\/yoast.com\/wordpress\/plugins\/seo\/ -->\n<title>OSMANLI HAKKINDA K\u0130TAPLAR - Emre Gurcay Collection<\/title>\n<meta name=\"robots\" content=\"index, follow, max-snippet:-1, max-image-preview:large, max-video-preview:-1\" \/>\n<link rel=\"canonical\" href=\"https:\/\/egcollection.ist\/tr\/urun\/osmanli-hakkinda-kitaplar-70\/\" \/>\n<meta property=\"og:locale\" content=\"tr_TR\" \/>\n<meta property=\"og:type\" content=\"article\" \/>\n<meta property=\"og:title\" content=\"OSMANLI HAKKINDA K\u0130TAPLAR - Emre Gurcay Collection\" \/>\n<meta property=\"og:description\" content=\"RECEUIL DE CENT ESTAMPES REPRESENTANT DIFFERENTES NATIONS DU LEVANT, tir\u00e9es sur les Tableaux peints d&#8217;apr\u00e8s Nature en 1707 et 1708 par les ordres de M. De FERRIOL, ambassadeur du Roi&hellip;\" \/>\n<meta property=\"og:url\" content=\"https:\/\/egcollection.ist\/tr\/urun\/osmanli-hakkinda-kitaplar-70\/\" \/>\n<meta property=\"og:site_name\" content=\"Emre Gurcay Collection\" \/>\n<meta property=\"article:modified_time\" content=\"2022-07-06T07:16:46+00:00\" \/>\n<meta property=\"og:image\" content=\"https:\/\/egcollection.ist\/wp-content\/uploads\/2022\/07\/emre-kitap-270125156-scaled.jpg\" \/>\n\t<meta property=\"og:image:width\" content=\"2385\" \/>\n\t<meta property=\"og:image:height\" content=\"2560\" \/>\n\t<meta property=\"og:image:type\" content=\"image\/jpeg\" \/>\n<meta name=\"twitter:card\" content=\"summary_large_image\" \/>\n<script type=\"application\/ld+json\" class=\"yoast-schema-graph\">{\"@context\":\"https:\/\/schema.org\",\"@graph\":[{\"@type\":\"WebPage\",\"@id\":\"https:\/\/egcollection.ist\/tr\/urun\/osmanli-hakkinda-kitaplar-70\/\",\"url\":\"https:\/\/egcollection.ist\/tr\/urun\/osmanli-hakkinda-kitaplar-70\/\",\"name\":\"OSMANLI HAKKINDA K\u0130TAPLAR - Emre Gurcay Collection\",\"isPartOf\":{\"@id\":\"https:\/\/egcollection.ist\/tr\/#website\"},\"primaryImageOfPage\":{\"@id\":\"https:\/\/egcollection.ist\/tr\/urun\/osmanli-hakkinda-kitaplar-70\/#primaryimage\"},\"image\":{\"@id\":\"https:\/\/egcollection.ist\/tr\/urun\/osmanli-hakkinda-kitaplar-70\/#primaryimage\"},\"thumbnailUrl\":\"https:\/\/egcollection.ist\/wp-content\/uploads\/2022\/07\/emre-kitap-270125156-scaled.jpg\",\"datePublished\":\"2022-07-06T07:16:42+00:00\",\"dateModified\":\"2022-07-06T07:16:46+00:00\",\"breadcrumb\":{\"@id\":\"https:\/\/egcollection.ist\/tr\/urun\/osmanli-hakkinda-kitaplar-70\/#breadcrumb\"},\"inLanguage\":\"tr\",\"potentialAction\":[{\"@type\":\"ReadAction\",\"target\":[\"https:\/\/egcollection.ist\/tr\/urun\/osmanli-hakkinda-kitaplar-70\/\"]}]},{\"@type\":\"ImageObject\",\"inLanguage\":\"tr\",\"@id\":\"https:\/\/egcollection.ist\/tr\/urun\/osmanli-hakkinda-kitaplar-70\/#primaryimage\",\"url\":\"https:\/\/egcollection.ist\/wp-content\/uploads\/2022\/07\/emre-kitap-270125156-scaled.jpg\",\"contentUrl\":\"https:\/\/egcollection.ist\/wp-content\/uploads\/2022\/07\/emre-kitap-270125156-scaled.jpg\",\"width\":2385,\"height\":2560},{\"@type\":\"BreadcrumbList\",\"@id\":\"https:\/\/egcollection.ist\/tr\/urun\/osmanli-hakkinda-kitaplar-70\/#breadcrumb\",\"itemListElement\":[{\"@type\":\"ListItem\",\"position\":1,\"name\":\"Home\",\"item\":\"https:\/\/egcollection.ist\/tr\/home\/\"},{\"@type\":\"ListItem\",\"position\":2,\"name\":\"Shop\",\"item\":\"https:\/\/egcollection.ist\/shop\/\"},{\"@type\":\"ListItem\",\"position\":3,\"name\":\"OSMANLI HAKKINDA K\u0130TAPLAR\"}]},{\"@type\":\"WebSite\",\"@id\":\"https:\/\/egcollection.ist\/tr\/#website\",\"url\":\"https:\/\/egcollection.ist\/tr\/\",\"name\":\"Emre Gurcay Collection\",\"description\":\"Antique Maps &amp; Books\",\"publisher\":{\"@id\":\"https:\/\/egcollection.ist\/tr\/#organization\"},\"potentialAction\":[{\"@type\":\"SearchAction\",\"target\":{\"@type\":\"EntryPoint\",\"urlTemplate\":\"https:\/\/egcollection.ist\/tr\/?s={search_term_string}\"},\"query-input\":{\"@type\":\"PropertyValueSpecification\",\"valueRequired\":true,\"valueName\":\"search_term_string\"}}],\"inLanguage\":\"tr\"},{\"@type\":\"Organization\",\"@id\":\"https:\/\/egcollection.ist\/tr\/#organization\",\"name\":\"Emre Gurcay Collection\",\"url\":\"https:\/\/egcollection.ist\/tr\/\",\"logo\":{\"@type\":\"ImageObject\",\"inLanguage\":\"tr\",\"@id\":\"https:\/\/egcollection.ist\/tr\/#\/schema\/logo\/image\/\",\"url\":\"https:\/\/egcollection.ist\/wp-content\/uploads\/2021\/11\/EGCollection-logo2-1.png\",\"contentUrl\":\"https:\/\/egcollection.ist\/wp-content\/uploads\/2021\/11\/EGCollection-logo2-1.png\",\"width\":230,\"height\":82,\"caption\":\"Emre Gurcay Collection\"},\"image\":{\"@id\":\"https:\/\/egcollection.ist\/tr\/#\/schema\/logo\/image\/\"},\"sameAs\":[\"https:\/\/www.instagram.com\/egcollection.ist\/\"]}]}<\/script>\n<!-- \/ Yoast SEO plugin. -->","yoast_head_json":{"title":"OSMANLI HAKKINDA K\u0130TAPLAR - Emre Gurcay Collection","robots":{"index":"index","follow":"follow","max-snippet":"max-snippet:-1","max-image-preview":"max-image-preview:large","max-video-preview":"max-video-preview:-1"},"canonical":"https:\/\/egcollection.ist\/tr\/urun\/osmanli-hakkinda-kitaplar-70\/","og_locale":"tr_TR","og_type":"article","og_title":"OSMANLI HAKKINDA K\u0130TAPLAR - Emre Gurcay Collection","og_description":"RECEUIL DE CENT ESTAMPES REPRESENTANT DIFFERENTES NATIONS DU LEVANT, tir\u00e9es sur les Tableaux peints d&#8217;apr\u00e8s Nature en 1707 et 1708 par les ordres de M. De FERRIOL, ambassadeur du Roi&hellip;","og_url":"https:\/\/egcollection.ist\/tr\/urun\/osmanli-hakkinda-kitaplar-70\/","og_site_name":"Emre Gurcay Collection","article_modified_time":"2022-07-06T07:16:46+00:00","og_image":[{"width":2385,"height":2560,"url":"https:\/\/egcollection.ist\/wp-content\/uploads\/2022\/07\/emre-kitap-270125156-scaled.jpg","type":"image\/jpeg"}],"twitter_card":"summary_large_image","schema":{"@context":"https:\/\/schema.org","@graph":[{"@type":"WebPage","@id":"https:\/\/egcollection.ist\/tr\/urun\/osmanli-hakkinda-kitaplar-70\/","url":"https:\/\/egcollection.ist\/tr\/urun\/osmanli-hakkinda-kitaplar-70\/","name":"OSMANLI HAKKINDA K\u0130TAPLAR - Emre Gurcay Collection","isPartOf":{"@id":"https:\/\/egcollection.ist\/tr\/#website"},"primaryImageOfPage":{"@id":"https:\/\/egcollection.ist\/tr\/urun\/osmanli-hakkinda-kitaplar-70\/#primaryimage"},"image":{"@id":"https:\/\/egcollection.ist\/tr\/urun\/osmanli-hakkinda-kitaplar-70\/#primaryimage"},"thumbnailUrl":"https:\/\/egcollection.ist\/wp-content\/uploads\/2022\/07\/emre-kitap-270125156-scaled.jpg","datePublished":"2022-07-06T07:16:42+00:00","dateModified":"2022-07-06T07:16:46+00:00","breadcrumb":{"@id":"https:\/\/egcollection.ist\/tr\/urun\/osmanli-hakkinda-kitaplar-70\/#breadcrumb"},"inLanguage":"tr","potentialAction":[{"@type":"ReadAction","target":["https:\/\/egcollection.ist\/tr\/urun\/osmanli-hakkinda-kitaplar-70\/"]}]},{"@type":"ImageObject","inLanguage":"tr","@id":"https:\/\/egcollection.ist\/tr\/urun\/osmanli-hakkinda-kitaplar-70\/#primaryimage","url":"https:\/\/egcollection.ist\/wp-content\/uploads\/2022\/07\/emre-kitap-270125156-scaled.jpg","contentUrl":"https:\/\/egcollection.ist\/wp-content\/uploads\/2022\/07\/emre-kitap-270125156-scaled.jpg","width":2385,"height":2560},{"@type":"BreadcrumbList","@id":"https:\/\/egcollection.ist\/tr\/urun\/osmanli-hakkinda-kitaplar-70\/#breadcrumb","itemListElement":[{"@type":"ListItem","position":1,"name":"Home","item":"https:\/\/egcollection.ist\/tr\/home\/"},{"@type":"ListItem","position":2,"name":"Shop","item":"https:\/\/egcollection.ist\/shop\/"},{"@type":"ListItem","position":3,"name":"OSMANLI HAKKINDA K\u0130TAPLAR"}]},{"@type":"WebSite","@id":"https:\/\/egcollection.ist\/tr\/#website","url":"https:\/\/egcollection.ist\/tr\/","name":"Emre Gurcay Collection","description":"Antique Maps &amp; Books","publisher":{"@id":"https:\/\/egcollection.ist\/tr\/#organization"},"potentialAction":[{"@type":"SearchAction","target":{"@type":"EntryPoint","urlTemplate":"https:\/\/egcollection.ist\/tr\/?s={search_term_string}"},"query-input":{"@type":"PropertyValueSpecification","valueRequired":true,"valueName":"search_term_string"}}],"inLanguage":"tr"},{"@type":"Organization","@id":"https:\/\/egcollection.ist\/tr\/#organization","name":"Emre Gurcay Collection","url":"https:\/\/egcollection.ist\/tr\/","logo":{"@type":"ImageObject","inLanguage":"tr","@id":"https:\/\/egcollection.ist\/tr\/#\/schema\/logo\/image\/","url":"https:\/\/egcollection.ist\/wp-content\/uploads\/2021\/11\/EGCollection-logo2-1.png","contentUrl":"https:\/\/egcollection.ist\/wp-content\/uploads\/2021\/11\/EGCollection-logo2-1.png","width":230,"height":82,"caption":"Emre Gurcay Collection"},"image":{"@id":"https:\/\/egcollection.ist\/tr\/#\/schema\/logo\/image\/"},"sameAs":["https:\/\/www.instagram.com\/egcollection.ist\/"]}]}},"_links":{"self":[{"href":"https:\/\/egcollection.ist\/tr\/wp-json\/wp\/v2\/product\/4550","targetHints":{"allow":["GET"]}}],"collection":[{"href":"https:\/\/egcollection.ist\/tr\/wp-json\/wp\/v2\/product"}],"about":[{"href":"https:\/\/egcollection.ist\/tr\/wp-json\/wp\/v2\/types\/product"}],"wp:featuredmedia":[{"embeddable":true,"href":"https:\/\/egcollection.ist\/tr\/wp-json\/wp\/v2\/media\/20522"}],"wp:attachment":[{"href":"https:\/\/egcollection.ist\/tr\/wp-json\/wp\/v2\/media?parent=4550"}],"wp:term":[{"taxonomy":"product_brand","embeddable":true,"href":"https:\/\/egcollection.ist\/tr\/wp-json\/wp\/v2\/product_brand?post=4550"},{"taxonomy":"product_cat","embeddable":true,"href":"https:\/\/egcollection.ist\/tr\/wp-json\/wp\/v2\/product_cat?post=4550"},{"taxonomy":"product_tag","embeddable":true,"href":"https:\/\/egcollection.ist\/tr\/wp-json\/wp\/v2\/product_tag?post=4550"}],"curies":[{"name":"wp","href":"https:\/\/api.w.org\/{rel}","templated":true}]}}