{"id":4571,"date":"2022-07-05T15:52:21","date_gmt":"2022-07-06T07:17:02","guid":{"rendered":"http:\/\/egcollection.ist\/product\/osmanli-hakkinda-kitaplar-91\/"},"modified":"2022-07-06T07:17:06","modified_gmt":"2022-07-06T07:17:06","slug":"osmanli-hakkinda-kitaplar-91","status":"publish","type":"product","link":"https:\/\/egcollection.ist\/tr\/urun\/osmanli-hakkinda-kitaplar-91\/","title":{"rendered":"OSMANLI HAKKINDA K\u0130TAPLAR"},"content":{"rendered":"<p>THE TRAVELS OF MONSIEUR DE THEVENOT INTO THE LEVANT.<br \/>\nIN THREE PARTS <\/p>\n<p>V\u0130Z. \u0130NTO<\/p>\n<p>1.TURKEY<br \/>\n2.PERSIA<br \/>\n3.THE EAST-INDIES<\/p>\n<p>THEVENOT, Jean De<\/p>\n<p>London, Printed by H. Clark, 1687<\/p>\n<p>33 x 20.5 cm.<\/p>\n<p>The account of M. THEVENOT&#8217;s first journey was published in Paris in 1655. The second and third parts were posthumously published in 1674 and 1684. This is the first English edition and collects all three parts. A collected French edition appeared in 1689.<\/p>\n<p>THEVENOT began his travels in the LEVANT in 1655, returning to Paris in 1659 to prepare the first part of his description of his journeys for publication, which describe Constantinople, Archipelago, Asia Minor and Egypt. He left Paris in 1663 and travelled through Syria and Persia to India, dying near Tabriz in 1667.<\/p>\n","protected":false},"excerpt":{"rendered":"<p>THE TRAVELS OF MONSIEUR DE THEVENOT INTO THE LEVANT. IN THREE PARTS V\u0130Z. \u0130NTO 1.TURKEY 2.PERSIA 3.THE EAST-INDIES THEVENOT, Jean De London, Printed by H. Clark, 1687 33 x 20.5&hellip;<\/p>\n","protected":false},"featured_media":9272,"template":"","meta":[],"product_brand":[],"product_cat":[56,57,81,92],"product_tag":[],"class_list":{"0":"post-4571","1":"product","2":"type-product","3":"status-publish","4":"has-post-thumbnail","6":"product_cat-kitap","7":"product_cat-osmanli-imparatorlugu","8":"product_cat-diger-kitaplar","9":"product_cat-katalog","11":"first","12":"instock","13":"purchasable","14":"product-type-simple"},"yoast_head":"<!-- This site is optimized with the Yoast SEO plugin v24.9 - https:\/\/yoast.com\/wordpress\/plugins\/seo\/ -->\n<title>OSMANLI HAKKINDA K\u0130TAPLAR - Emre Gurcay Collection<\/title>\n<meta name=\"robots\" content=\"index, follow, max-snippet:-1, max-image-preview:large, max-video-preview:-1\" \/>\n<link rel=\"canonical\" href=\"https:\/\/egcollection.ist\/tr\/urun\/osmanli-hakkinda-kitaplar-91\/\" \/>\n<meta property=\"og:locale\" content=\"tr_TR\" \/>\n<meta property=\"og:type\" content=\"article\" \/>\n<meta property=\"og:title\" content=\"OSMANLI HAKKINDA K\u0130TAPLAR - Emre Gurcay Collection\" \/>\n<meta property=\"og:description\" content=\"THE TRAVELS OF MONSIEUR DE THEVENOT INTO THE LEVANT. IN THREE PARTS V\u0130Z. \u0130NTO 1.TURKEY 2.PERSIA 3.THE EAST-INDIES THEVENOT, Jean De London, Printed by H. Clark, 1687 33 x 20.5&hellip;\" \/>\n<meta property=\"og:url\" content=\"https:\/\/egcollection.ist\/tr\/urun\/osmanli-hakkinda-kitaplar-91\/\" \/>\n<meta property=\"og:site_name\" content=\"Emre Gurcay Collection\" \/>\n<meta property=\"article:modified_time\" content=\"2022-07-06T07:17:06+00:00\" \/>\n<meta property=\"og:image\" content=\"https:\/\/egcollection.ist\/wp-content\/uploads\/2022\/07\/Screenshot-2023-04-07-at-10.57.35.png\" \/>\n\t<meta property=\"og:image:width\" content=\"664\" \/>\n\t<meta property=\"og:image:height\" content=\"791\" \/>\n\t<meta property=\"og:image:type\" content=\"image\/png\" \/>\n<meta name=\"twitter:card\" content=\"summary_large_image\" \/>\n<meta name=\"twitter:label1\" content=\"Tahmini okuma s\u00fcresi\" \/>\n\t<meta name=\"twitter:data1\" content=\"1 dakika\" \/>\n<script type=\"application\/ld+json\" class=\"yoast-schema-graph\">{\"@context\":\"https:\/\/schema.org\",\"@graph\":[{\"@type\":\"WebPage\",\"@id\":\"https:\/\/egcollection.ist\/tr\/urun\/osmanli-hakkinda-kitaplar-91\/\",\"url\":\"https:\/\/egcollection.ist\/tr\/urun\/osmanli-hakkinda-kitaplar-91\/\",\"name\":\"OSMANLI HAKKINDA K\u0130TAPLAR - Emre Gurcay Collection\",\"isPartOf\":{\"@id\":\"https:\/\/egcollection.ist\/tr\/#website\"},\"primaryImageOfPage\":{\"@id\":\"https:\/\/egcollection.ist\/tr\/urun\/osmanli-hakkinda-kitaplar-91\/#primaryimage\"},\"image\":{\"@id\":\"https:\/\/egcollection.ist\/tr\/urun\/osmanli-hakkinda-kitaplar-91\/#primaryimage\"},\"thumbnailUrl\":\"https:\/\/egcollection.ist\/wp-content\/uploads\/2022\/07\/Screenshot-2023-04-07-at-10.57.35.png\",\"datePublished\":\"2022-07-06T07:17:02+00:00\",\"dateModified\":\"2022-07-06T07:17:06+00:00\",\"breadcrumb\":{\"@id\":\"https:\/\/egcollection.ist\/tr\/urun\/osmanli-hakkinda-kitaplar-91\/#breadcrumb\"},\"inLanguage\":\"tr\",\"potentialAction\":[{\"@type\":\"ReadAction\",\"target\":[\"https:\/\/egcollection.ist\/tr\/urun\/osmanli-hakkinda-kitaplar-91\/\"]}]},{\"@type\":\"ImageObject\",\"inLanguage\":\"tr\",\"@id\":\"https:\/\/egcollection.ist\/tr\/urun\/osmanli-hakkinda-kitaplar-91\/#primaryimage\",\"url\":\"https:\/\/egcollection.ist\/wp-content\/uploads\/2022\/07\/Screenshot-2023-04-07-at-10.57.35.png\",\"contentUrl\":\"https:\/\/egcollection.ist\/wp-content\/uploads\/2022\/07\/Screenshot-2023-04-07-at-10.57.35.png\",\"width\":664,\"height\":791},{\"@type\":\"BreadcrumbList\",\"@id\":\"https:\/\/egcollection.ist\/tr\/urun\/osmanli-hakkinda-kitaplar-91\/#breadcrumb\",\"itemListElement\":[{\"@type\":\"ListItem\",\"position\":1,\"name\":\"Home\",\"item\":\"https:\/\/egcollection.ist\/tr\/home\/\"},{\"@type\":\"ListItem\",\"position\":2,\"name\":\"Shop\",\"item\":\"https:\/\/egcollection.ist\/shop\/\"},{\"@type\":\"ListItem\",\"position\":3,\"name\":\"OSMANLI HAKKINDA K\u0130TAPLAR\"}]},{\"@type\":\"WebSite\",\"@id\":\"https:\/\/egcollection.ist\/tr\/#website\",\"url\":\"https:\/\/egcollection.ist\/tr\/\",\"name\":\"Emre Gurcay Collection\",\"description\":\"Antique Maps &amp; Books\",\"publisher\":{\"@id\":\"https:\/\/egcollection.ist\/tr\/#organization\"},\"potentialAction\":[{\"@type\":\"SearchAction\",\"target\":{\"@type\":\"EntryPoint\",\"urlTemplate\":\"https:\/\/egcollection.ist\/tr\/?s={search_term_string}\"},\"query-input\":{\"@type\":\"PropertyValueSpecification\",\"valueRequired\":true,\"valueName\":\"search_term_string\"}}],\"inLanguage\":\"tr\"},{\"@type\":\"Organization\",\"@id\":\"https:\/\/egcollection.ist\/tr\/#organization\",\"name\":\"Emre Gurcay Collection\",\"url\":\"https:\/\/egcollection.ist\/tr\/\",\"logo\":{\"@type\":\"ImageObject\",\"inLanguage\":\"tr\",\"@id\":\"https:\/\/egcollection.ist\/tr\/#\/schema\/logo\/image\/\",\"url\":\"https:\/\/egcollection.ist\/wp-content\/uploads\/2021\/11\/EGCollection-logo2-1.png\",\"contentUrl\":\"https:\/\/egcollection.ist\/wp-content\/uploads\/2021\/11\/EGCollection-logo2-1.png\",\"width\":230,\"height\":82,\"caption\":\"Emre Gurcay Collection\"},\"image\":{\"@id\":\"https:\/\/egcollection.ist\/tr\/#\/schema\/logo\/image\/\"},\"sameAs\":[\"https:\/\/www.instagram.com\/egcollection.ist\/\"]}]}<\/script>\n<!-- \/ Yoast SEO plugin. -->","yoast_head_json":{"title":"OSMANLI HAKKINDA K\u0130TAPLAR - Emre Gurcay Collection","robots":{"index":"index","follow":"follow","max-snippet":"max-snippet:-1","max-image-preview":"max-image-preview:large","max-video-preview":"max-video-preview:-1"},"canonical":"https:\/\/egcollection.ist\/tr\/urun\/osmanli-hakkinda-kitaplar-91\/","og_locale":"tr_TR","og_type":"article","og_title":"OSMANLI HAKKINDA K\u0130TAPLAR - Emre Gurcay Collection","og_description":"THE TRAVELS OF MONSIEUR DE THEVENOT INTO THE LEVANT. IN THREE PARTS V\u0130Z. \u0130NTO 1.TURKEY 2.PERSIA 3.THE EAST-INDIES THEVENOT, Jean De London, Printed by H. Clark, 1687 33 x 20.5&hellip;","og_url":"https:\/\/egcollection.ist\/tr\/urun\/osmanli-hakkinda-kitaplar-91\/","og_site_name":"Emre Gurcay Collection","article_modified_time":"2022-07-06T07:17:06+00:00","og_image":[{"width":664,"height":791,"url":"https:\/\/egcollection.ist\/wp-content\/uploads\/2022\/07\/Screenshot-2023-04-07-at-10.57.35.png","type":"image\/png"}],"twitter_card":"summary_large_image","twitter_misc":{"Tahmini okuma s\u00fcresi":"1 dakika"},"schema":{"@context":"https:\/\/schema.org","@graph":[{"@type":"WebPage","@id":"https:\/\/egcollection.ist\/tr\/urun\/osmanli-hakkinda-kitaplar-91\/","url":"https:\/\/egcollection.ist\/tr\/urun\/osmanli-hakkinda-kitaplar-91\/","name":"OSMANLI HAKKINDA K\u0130TAPLAR - Emre Gurcay Collection","isPartOf":{"@id":"https:\/\/egcollection.ist\/tr\/#website"},"primaryImageOfPage":{"@id":"https:\/\/egcollection.ist\/tr\/urun\/osmanli-hakkinda-kitaplar-91\/#primaryimage"},"image":{"@id":"https:\/\/egcollection.ist\/tr\/urun\/osmanli-hakkinda-kitaplar-91\/#primaryimage"},"thumbnailUrl":"https:\/\/egcollection.ist\/wp-content\/uploads\/2022\/07\/Screenshot-2023-04-07-at-10.57.35.png","datePublished":"2022-07-06T07:17:02+00:00","dateModified":"2022-07-06T07:17:06+00:00","breadcrumb":{"@id":"https:\/\/egcollection.ist\/tr\/urun\/osmanli-hakkinda-kitaplar-91\/#breadcrumb"},"inLanguage":"tr","potentialAction":[{"@type":"ReadAction","target":["https:\/\/egcollection.ist\/tr\/urun\/osmanli-hakkinda-kitaplar-91\/"]}]},{"@type":"ImageObject","inLanguage":"tr","@id":"https:\/\/egcollection.ist\/tr\/urun\/osmanli-hakkinda-kitaplar-91\/#primaryimage","url":"https:\/\/egcollection.ist\/wp-content\/uploads\/2022\/07\/Screenshot-2023-04-07-at-10.57.35.png","contentUrl":"https:\/\/egcollection.ist\/wp-content\/uploads\/2022\/07\/Screenshot-2023-04-07-at-10.57.35.png","width":664,"height":791},{"@type":"BreadcrumbList","@id":"https:\/\/egcollection.ist\/tr\/urun\/osmanli-hakkinda-kitaplar-91\/#breadcrumb","itemListElement":[{"@type":"ListItem","position":1,"name":"Home","item":"https:\/\/egcollection.ist\/tr\/home\/"},{"@type":"ListItem","position":2,"name":"Shop","item":"https:\/\/egcollection.ist\/shop\/"},{"@type":"ListItem","position":3,"name":"OSMANLI HAKKINDA K\u0130TAPLAR"}]},{"@type":"WebSite","@id":"https:\/\/egcollection.ist\/tr\/#website","url":"https:\/\/egcollection.ist\/tr\/","name":"Emre Gurcay Collection","description":"Antique Maps &amp; Books","publisher":{"@id":"https:\/\/egcollection.ist\/tr\/#organization"},"potentialAction":[{"@type":"SearchAction","target":{"@type":"EntryPoint","urlTemplate":"https:\/\/egcollection.ist\/tr\/?s={search_term_string}"},"query-input":{"@type":"PropertyValueSpecification","valueRequired":true,"valueName":"search_term_string"}}],"inLanguage":"tr"},{"@type":"Organization","@id":"https:\/\/egcollection.ist\/tr\/#organization","name":"Emre Gurcay Collection","url":"https:\/\/egcollection.ist\/tr\/","logo":{"@type":"ImageObject","inLanguage":"tr","@id":"https:\/\/egcollection.ist\/tr\/#\/schema\/logo\/image\/","url":"https:\/\/egcollection.ist\/wp-content\/uploads\/2021\/11\/EGCollection-logo2-1.png","contentUrl":"https:\/\/egcollection.ist\/wp-content\/uploads\/2021\/11\/EGCollection-logo2-1.png","width":230,"height":82,"caption":"Emre Gurcay Collection"},"image":{"@id":"https:\/\/egcollection.ist\/tr\/#\/schema\/logo\/image\/"},"sameAs":["https:\/\/www.instagram.com\/egcollection.ist\/"]}]}},"_links":{"self":[{"href":"https:\/\/egcollection.ist\/tr\/wp-json\/wp\/v2\/product\/4571","targetHints":{"allow":["GET"]}}],"collection":[{"href":"https:\/\/egcollection.ist\/tr\/wp-json\/wp\/v2\/product"}],"about":[{"href":"https:\/\/egcollection.ist\/tr\/wp-json\/wp\/v2\/types\/product"}],"wp:featuredmedia":[{"embeddable":true,"href":"https:\/\/egcollection.ist\/tr\/wp-json\/wp\/v2\/media\/9272"}],"wp:attachment":[{"href":"https:\/\/egcollection.ist\/tr\/wp-json\/wp\/v2\/media?parent=4571"}],"wp:term":[{"taxonomy":"product_brand","embeddable":true,"href":"https:\/\/egcollection.ist\/tr\/wp-json\/wp\/v2\/product_brand?post=4571"},{"taxonomy":"product_cat","embeddable":true,"href":"https:\/\/egcollection.ist\/tr\/wp-json\/wp\/v2\/product_cat?post=4571"},{"taxonomy":"product_tag","embeddable":true,"href":"https:\/\/egcollection.ist\/tr\/wp-json\/wp\/v2\/product_tag?post=4571"}],"curies":[{"name":"wp","href":"https:\/\/api.w.org\/{rel}","templated":true}]}}