{"id":4615,"date":"2022-07-05T15:52:58","date_gmt":"2022-07-06T07:17:41","guid":{"rendered":"http:\/\/egcollection.ist\/product\/osmanli-hakkinda-kitaplar-135\/"},"modified":"2022-07-06T07:17:50","modified_gmt":"2022-07-06T07:17:50","slug":"osmanli-hakkinda-kitaplar-135","status":"publish","type":"product","link":"https:\/\/egcollection.ist\/tr\/urun\/osmanli-hakkinda-kitaplar-135\/","title":{"rendered":"OSMANLI HAKKINDA K\u0130TAPLAR"},"content":{"rendered":"<p>RELATION D&#8217;UN VOYAGE DU LEVANT FAIT PAR ORDRE DU ROY.<br \/>\nTOURNEFORT, M. Pitton De<\/p>\n<p>Lyon, 1717<\/p>\n<p>first edition, 3 volumes<\/p>\n<p>Joseph Pitton de Tournefort (1656-1708) est un botaniste fran\u00e7ais. Titulaire de la chaire de botanique du Jardin des Plantes, il est mandat\u00e9 par Louis XIV en 1700 pour se rendre au Levant, aussi bien pour y \u00e9tudier l\u2019histoire naturelle que l\u2019\u00e9tat du commerce. De cette exp\u00e9dition r\u00e9sulte sa Relation d\u2019un voyage du Levant, publi\u00e9e apr\u00e8s sa mort et constitu\u00e9e de vingt-deux lettres adress\u00e9es \u00e0 Pontchartrain, secr\u00e9taire d\u2019\u00c9tat de la Marine.<br \/>\nCe dernier l\u2019avait recommand\u00e9 aupr\u00e8s de Louis XIV pour mener le voyage en suivant deux objectifs : mener des recherches relevant de l\u2019histoire naturelle (le peintre Claude Aubriet r\u00e9alise \u00e0 cet effet de nombreuses planches illustrant les plantes locales) mais aussi de formuler des commentaires concernant les fortifications portuaires de la mer Noire ou encore les m\u0153urs et coutumes des peuples rencontr\u00e9s. \u00c0 cet effet, on notera les nombreuses figures hors-texte rendant compte aussi bien de l\u2019avanc\u00e9e des m\u00e9thodes cartographiques que des habitudes vestimentaires des autochtones.<br \/>\nLe format \u00e9pistolaire de l\u2019ouvrage permet de rendre compte de mani\u00e8re d\u00e9taill\u00e9e du parcours de Tournefort, de la Cr\u00e8te \u00e0 Smyrne et \u00c9ph\u00e8se en passant par Samos, Patmos ou encore Constantinople.<\/p>\n","protected":false},"excerpt":{"rendered":"<p>RELATION D&#8217;UN VOYAGE DU LEVANT FAIT PAR ORDRE DU ROY. TOURNEFORT, M. Pitton De Lyon, 1717 first edition, 3 volumes Joseph Pitton de Tournefort (1656-1708) est un botaniste fran\u00e7ais. Titulaire&hellip;<\/p>\n","protected":false},"featured_media":16922,"template":"","meta":[],"product_brand":[],"product_cat":[56,57,92],"product_tag":[],"class_list":{"0":"post-4615","1":"product","2":"type-product","3":"status-publish","4":"has-post-thumbnail","6":"product_cat-kitap","7":"product_cat-osmanli-imparatorlugu","8":"product_cat-katalog","10":"first","11":"instock","12":"purchasable","13":"product-type-simple"},"yoast_head":"<!-- This site is optimized with the Yoast SEO plugin v24.9 - https:\/\/yoast.com\/wordpress\/plugins\/seo\/ -->\n<title>OSMANLI HAKKINDA K\u0130TAPLAR - Emre Gurcay Collection<\/title>\n<meta name=\"robots\" content=\"index, follow, max-snippet:-1, max-image-preview:large, max-video-preview:-1\" \/>\n<link rel=\"canonical\" href=\"https:\/\/egcollection.ist\/tr\/urun\/osmanli-hakkinda-kitaplar-135\/\" \/>\n<meta property=\"og:locale\" content=\"tr_TR\" \/>\n<meta property=\"og:type\" content=\"article\" \/>\n<meta property=\"og:title\" content=\"OSMANLI HAKKINDA K\u0130TAPLAR - Emre Gurcay Collection\" \/>\n<meta property=\"og:description\" content=\"RELATION D&#8217;UN VOYAGE DU LEVANT FAIT PAR ORDRE DU ROY. TOURNEFORT, M. Pitton De Lyon, 1717 first edition, 3 volumes Joseph Pitton de Tournefort (1656-1708) est un botaniste fran\u00e7ais. Titulaire&hellip;\" \/>\n<meta property=\"og:url\" content=\"https:\/\/egcollection.ist\/tr\/urun\/osmanli-hakkinda-kitaplar-135\/\" \/>\n<meta property=\"og:site_name\" content=\"Emre Gurcay Collection\" \/>\n<meta property=\"article:modified_time\" content=\"2022-07-06T07:17:50+00:00\" \/>\n<meta property=\"og:image\" content=\"https:\/\/egcollection.ist\/wp-content\/uploads\/2022\/07\/8-91607-scaled.jpg\" \/>\n\t<meta property=\"og:image:width\" content=\"2560\" \/>\n\t<meta property=\"og:image:height\" content=\"1964\" \/>\n\t<meta property=\"og:image:type\" content=\"image\/jpeg\" \/>\n<meta name=\"twitter:card\" content=\"summary_large_image\" \/>\n<meta name=\"twitter:label1\" content=\"Tahmini okuma s\u00fcresi\" \/>\n\t<meta name=\"twitter:data1\" content=\"1 dakika\" \/>\n<script type=\"application\/ld+json\" class=\"yoast-schema-graph\">{\"@context\":\"https:\/\/schema.org\",\"@graph\":[{\"@type\":\"WebPage\",\"@id\":\"https:\/\/egcollection.ist\/tr\/urun\/osmanli-hakkinda-kitaplar-135\/\",\"url\":\"https:\/\/egcollection.ist\/tr\/urun\/osmanli-hakkinda-kitaplar-135\/\",\"name\":\"OSMANLI HAKKINDA K\u0130TAPLAR - Emre Gurcay Collection\",\"isPartOf\":{\"@id\":\"https:\/\/egcollection.ist\/tr\/#website\"},\"primaryImageOfPage\":{\"@id\":\"https:\/\/egcollection.ist\/tr\/urun\/osmanli-hakkinda-kitaplar-135\/#primaryimage\"},\"image\":{\"@id\":\"https:\/\/egcollection.ist\/tr\/urun\/osmanli-hakkinda-kitaplar-135\/#primaryimage\"},\"thumbnailUrl\":\"https:\/\/egcollection.ist\/wp-content\/uploads\/2022\/07\/8-91607-scaled.jpg\",\"datePublished\":\"2022-07-06T07:17:41+00:00\",\"dateModified\":\"2022-07-06T07:17:50+00:00\",\"breadcrumb\":{\"@id\":\"https:\/\/egcollection.ist\/tr\/urun\/osmanli-hakkinda-kitaplar-135\/#breadcrumb\"},\"inLanguage\":\"tr\",\"potentialAction\":[{\"@type\":\"ReadAction\",\"target\":[\"https:\/\/egcollection.ist\/tr\/urun\/osmanli-hakkinda-kitaplar-135\/\"]}]},{\"@type\":\"ImageObject\",\"inLanguage\":\"tr\",\"@id\":\"https:\/\/egcollection.ist\/tr\/urun\/osmanli-hakkinda-kitaplar-135\/#primaryimage\",\"url\":\"https:\/\/egcollection.ist\/wp-content\/uploads\/2022\/07\/8-91607-scaled.jpg\",\"contentUrl\":\"https:\/\/egcollection.ist\/wp-content\/uploads\/2022\/07\/8-91607-scaled.jpg\",\"width\":2560,\"height\":1964},{\"@type\":\"BreadcrumbList\",\"@id\":\"https:\/\/egcollection.ist\/tr\/urun\/osmanli-hakkinda-kitaplar-135\/#breadcrumb\",\"itemListElement\":[{\"@type\":\"ListItem\",\"position\":1,\"name\":\"Home\",\"item\":\"https:\/\/egcollection.ist\/tr\/home\/\"},{\"@type\":\"ListItem\",\"position\":2,\"name\":\"Shop\",\"item\":\"https:\/\/egcollection.ist\/shop\/\"},{\"@type\":\"ListItem\",\"position\":3,\"name\":\"OSMANLI HAKKINDA K\u0130TAPLAR\"}]},{\"@type\":\"WebSite\",\"@id\":\"https:\/\/egcollection.ist\/tr\/#website\",\"url\":\"https:\/\/egcollection.ist\/tr\/\",\"name\":\"Emre Gurcay Collection\",\"description\":\"Antique Maps &amp; Books\",\"publisher\":{\"@id\":\"https:\/\/egcollection.ist\/tr\/#organization\"},\"potentialAction\":[{\"@type\":\"SearchAction\",\"target\":{\"@type\":\"EntryPoint\",\"urlTemplate\":\"https:\/\/egcollection.ist\/tr\/?s={search_term_string}\"},\"query-input\":{\"@type\":\"PropertyValueSpecification\",\"valueRequired\":true,\"valueName\":\"search_term_string\"}}],\"inLanguage\":\"tr\"},{\"@type\":\"Organization\",\"@id\":\"https:\/\/egcollection.ist\/tr\/#organization\",\"name\":\"Emre Gurcay Collection\",\"url\":\"https:\/\/egcollection.ist\/tr\/\",\"logo\":{\"@type\":\"ImageObject\",\"inLanguage\":\"tr\",\"@id\":\"https:\/\/egcollection.ist\/tr\/#\/schema\/logo\/image\/\",\"url\":\"https:\/\/egcollection.ist\/wp-content\/uploads\/2021\/11\/EGCollection-logo2-1.png\",\"contentUrl\":\"https:\/\/egcollection.ist\/wp-content\/uploads\/2021\/11\/EGCollection-logo2-1.png\",\"width\":230,\"height\":82,\"caption\":\"Emre Gurcay Collection\"},\"image\":{\"@id\":\"https:\/\/egcollection.ist\/tr\/#\/schema\/logo\/image\/\"},\"sameAs\":[\"https:\/\/www.instagram.com\/egcollection.ist\/\"]}]}<\/script>\n<!-- \/ Yoast SEO plugin. -->","yoast_head_json":{"title":"OSMANLI HAKKINDA K\u0130TAPLAR - Emre Gurcay Collection","robots":{"index":"index","follow":"follow","max-snippet":"max-snippet:-1","max-image-preview":"max-image-preview:large","max-video-preview":"max-video-preview:-1"},"canonical":"https:\/\/egcollection.ist\/tr\/urun\/osmanli-hakkinda-kitaplar-135\/","og_locale":"tr_TR","og_type":"article","og_title":"OSMANLI HAKKINDA K\u0130TAPLAR - Emre Gurcay Collection","og_description":"RELATION D&#8217;UN VOYAGE DU LEVANT FAIT PAR ORDRE DU ROY. TOURNEFORT, M. Pitton De Lyon, 1717 first edition, 3 volumes Joseph Pitton de Tournefort (1656-1708) est un botaniste fran\u00e7ais. Titulaire&hellip;","og_url":"https:\/\/egcollection.ist\/tr\/urun\/osmanli-hakkinda-kitaplar-135\/","og_site_name":"Emre Gurcay Collection","article_modified_time":"2022-07-06T07:17:50+00:00","og_image":[{"width":2560,"height":1964,"url":"https:\/\/egcollection.ist\/wp-content\/uploads\/2022\/07\/8-91607-scaled.jpg","type":"image\/jpeg"}],"twitter_card":"summary_large_image","twitter_misc":{"Tahmini okuma s\u00fcresi":"1 dakika"},"schema":{"@context":"https:\/\/schema.org","@graph":[{"@type":"WebPage","@id":"https:\/\/egcollection.ist\/tr\/urun\/osmanli-hakkinda-kitaplar-135\/","url":"https:\/\/egcollection.ist\/tr\/urun\/osmanli-hakkinda-kitaplar-135\/","name":"OSMANLI HAKKINDA K\u0130TAPLAR - Emre Gurcay Collection","isPartOf":{"@id":"https:\/\/egcollection.ist\/tr\/#website"},"primaryImageOfPage":{"@id":"https:\/\/egcollection.ist\/tr\/urun\/osmanli-hakkinda-kitaplar-135\/#primaryimage"},"image":{"@id":"https:\/\/egcollection.ist\/tr\/urun\/osmanli-hakkinda-kitaplar-135\/#primaryimage"},"thumbnailUrl":"https:\/\/egcollection.ist\/wp-content\/uploads\/2022\/07\/8-91607-scaled.jpg","datePublished":"2022-07-06T07:17:41+00:00","dateModified":"2022-07-06T07:17:50+00:00","breadcrumb":{"@id":"https:\/\/egcollection.ist\/tr\/urun\/osmanli-hakkinda-kitaplar-135\/#breadcrumb"},"inLanguage":"tr","potentialAction":[{"@type":"ReadAction","target":["https:\/\/egcollection.ist\/tr\/urun\/osmanli-hakkinda-kitaplar-135\/"]}]},{"@type":"ImageObject","inLanguage":"tr","@id":"https:\/\/egcollection.ist\/tr\/urun\/osmanli-hakkinda-kitaplar-135\/#primaryimage","url":"https:\/\/egcollection.ist\/wp-content\/uploads\/2022\/07\/8-91607-scaled.jpg","contentUrl":"https:\/\/egcollection.ist\/wp-content\/uploads\/2022\/07\/8-91607-scaled.jpg","width":2560,"height":1964},{"@type":"BreadcrumbList","@id":"https:\/\/egcollection.ist\/tr\/urun\/osmanli-hakkinda-kitaplar-135\/#breadcrumb","itemListElement":[{"@type":"ListItem","position":1,"name":"Home","item":"https:\/\/egcollection.ist\/tr\/home\/"},{"@type":"ListItem","position":2,"name":"Shop","item":"https:\/\/egcollection.ist\/shop\/"},{"@type":"ListItem","position":3,"name":"OSMANLI HAKKINDA K\u0130TAPLAR"}]},{"@type":"WebSite","@id":"https:\/\/egcollection.ist\/tr\/#website","url":"https:\/\/egcollection.ist\/tr\/","name":"Emre Gurcay Collection","description":"Antique Maps &amp; Books","publisher":{"@id":"https:\/\/egcollection.ist\/tr\/#organization"},"potentialAction":[{"@type":"SearchAction","target":{"@type":"EntryPoint","urlTemplate":"https:\/\/egcollection.ist\/tr\/?s={search_term_string}"},"query-input":{"@type":"PropertyValueSpecification","valueRequired":true,"valueName":"search_term_string"}}],"inLanguage":"tr"},{"@type":"Organization","@id":"https:\/\/egcollection.ist\/tr\/#organization","name":"Emre Gurcay Collection","url":"https:\/\/egcollection.ist\/tr\/","logo":{"@type":"ImageObject","inLanguage":"tr","@id":"https:\/\/egcollection.ist\/tr\/#\/schema\/logo\/image\/","url":"https:\/\/egcollection.ist\/wp-content\/uploads\/2021\/11\/EGCollection-logo2-1.png","contentUrl":"https:\/\/egcollection.ist\/wp-content\/uploads\/2021\/11\/EGCollection-logo2-1.png","width":230,"height":82,"caption":"Emre Gurcay Collection"},"image":{"@id":"https:\/\/egcollection.ist\/tr\/#\/schema\/logo\/image\/"},"sameAs":["https:\/\/www.instagram.com\/egcollection.ist\/"]}]}},"_links":{"self":[{"href":"https:\/\/egcollection.ist\/tr\/wp-json\/wp\/v2\/product\/4615","targetHints":{"allow":["GET"]}}],"collection":[{"href":"https:\/\/egcollection.ist\/tr\/wp-json\/wp\/v2\/product"}],"about":[{"href":"https:\/\/egcollection.ist\/tr\/wp-json\/wp\/v2\/types\/product"}],"wp:featuredmedia":[{"embeddable":true,"href":"https:\/\/egcollection.ist\/tr\/wp-json\/wp\/v2\/media\/16922"}],"wp:attachment":[{"href":"https:\/\/egcollection.ist\/tr\/wp-json\/wp\/v2\/media?parent=4615"}],"wp:term":[{"taxonomy":"product_brand","embeddable":true,"href":"https:\/\/egcollection.ist\/tr\/wp-json\/wp\/v2\/product_brand?post=4615"},{"taxonomy":"product_cat","embeddable":true,"href":"https:\/\/egcollection.ist\/tr\/wp-json\/wp\/v2\/product_cat?post=4615"},{"taxonomy":"product_tag","embeddable":true,"href":"https:\/\/egcollection.ist\/tr\/wp-json\/wp\/v2\/product_tag?post=4615"}],"curies":[{"name":"wp","href":"https:\/\/api.w.org\/{rel}","templated":true}]}}