{"id":4617,"date":"2022-07-05T15:52:58","date_gmt":"2022-07-06T07:17:41","guid":{"rendered":"http:\/\/egcollection.ist\/product\/osmanli-hakkinda-kitaplar-137\/"},"modified":"2022-07-06T07:17:52","modified_gmt":"2022-07-06T07:17:52","slug":"osmanli-hakkinda-kitaplar-137","status":"publish","type":"product","link":"https:\/\/egcollection.ist\/tr\/urun\/osmanli-hakkinda-kitaplar-137\/","title":{"rendered":"OSMANLI HAKKINDA K\u0130TAPLAR"},"content":{"rendered":"<p>LEW\u0130S&#8217; ILLUSTRATIONS OF CONSTANTINOPLE<br \/>\nMADE DURING A RESIDENCE IN THAT CITY, IN THE YEARS 1835-6<\/p>\n<p>LEWIS, John Frederick (1805-1876)<\/p>\n<p>London, T. McLean, 1838<\/p>\n<p>First edition, coloured, 54 x37 cm.<\/p>\n<p>with 28 total of lithographs (coloured)  including first page, all by LEWIS after Coke SMYTHE<\/p>\n<p>EST&#8230;21.500 USD<\/p>\n<p>Londra&#8217;da 1805 y\u0131l\u0131nda grav\u00fcr sanat\u00e7\u0131s\u0131 Frederick Christian Lewis&#8217;in o\u011flu<br \/>\nolarak d\u00fcnyaya gelir John Frederick Lewis, ailesinden gelen sanat y\u00f6n\u00fcyle<br \/>\nressaml\u0131\u011fa ba\u015flar ve kariyerinin ilk y\u0131llar\u0131nda zaman\u0131n\u0131n b\u00fcy\u00fck \u00e7o\u011funlu\u011funu<br \/>\nhayvan resimleri ve ill\u00fcstrasyonlar \u00e7izerek ge\u00e7irir. 1829 y\u0131l\u0131nda babas\u0131na e\u015flik<br \/>\netti\u011fi sanat gezisi ya\u015fam\u0131nda farkl\u0131 ba\u015flang\u0131\u00e7lara yol a\u00e7ar. Seyahat tutkusu onu<br \/>\n\u00f6nce 1837 k\u0131\u015f\u0131n\u0131 ge\u00e7irece\u011fi Paris&#8217;e, ard\u0131ndan da Floransa&#8217;ya, Napoli&#8217;ye ve iki<br \/>\ny\u0131l kalaca\u011f\u0131 Roma\u201dya g\u00f6t\u00fcr\u00fcr (1833-1840). G\u00fczergah\u0131nda Arnavutluk,Korent<br \/>\nK\u00f6rfezi Atina ve 1841 yilinda gelece\u011fi \u0130stanbul&#8217;unda yer ald\u0131\u011f\u0131 Levant gezisi,<br \/>\nya\u015fam\u0131n\u0131n 10 y\u0131l\u0131n\u0131 ge\u00e7irece\u011fi M\u0131s\u0131r&#8217;\u0131n Kahire \u015fehrinde sonlan\u0131r. Kahire&#8217;de<br \/>\nkald\u0131\u011f\u0131 zaman zarf\u0131nda o kadar \u00e7ok say\u0131da eskiz \u00e7izer ki, \u00fclkesine d\u00f6nd\u00fckten<br \/>\nsonra Londra&#8217;n\u0131n d\u0131\u015f\u0131ndaki evinde 25 y\u0131l boyunca bu eskizlerden yola \u00e7\u0131karak<br \/>\nresim yapmaya devam eder. Lewis&#8217;in eserleri ayn\u0131 zamanda, sadece hayal<br \/>\nedilebilen Do\u011fu&#8217;nun, yerini hayalden \u00e7\u0131k\u0131p gidilip g\u00f6r\u00fclen ve hatta ya\u015fanabilen<br \/>\nger\u00e7ek bir co\u011frafyaya b\u0131rakt\u0131\u011f\u0131n\u0131 g\u00f6sterir. Lewin&#8217;in \u0130stanbul g\u00f6r\u00fcnt\u00fclerinden<br \/>\nolu\u015fan \u201cIllustrations of Constantinople\u201d alb\u00fcm\u00fcnde yer alan sahnelerin 3&#8217;\u00fc<br \/>\nBursa,3&#8217;\u00fc Orsova, di\u011ferleri ise \u0130stanbul konuludur. Resimlerde pitoresk<br \/>\nmanzaralar a\u011f\u0131rl\u0131ktad\u0131r. Sultan II. Mahmud d\u00f6nemi (1808-1839) Istanbul&#8217;unu<br \/>\ntemsil eden bu g\u00f6rsel \u015f\u00f6len, Kral IV. William ile Kralice Adelaide&#8217;e ithaf<br \/>\nedilmistir.<\/p>\n<p>Born in London in 1805 as the son of engraver Frederick Christian Lewis,John<br \/>\nFrederick Lewis began his career as an artist like his family and spent most of<br \/>\nhis time drawing animal paintings and illustrations during the early years of his<br \/>\ncareer. The trip he took with his father focusing on art in 1829 ended up leading<br \/>\nhim to different paths in his life. His passion for travel first took him to Paris to<br \/>\nspend the winter of 1827, then to Florence,Naples and finally to Rome where he<br \/>\nstayed for two years (1833-1840). The Levant trip which included places like<br \/>\nAlbania,Gulf of Corinth,Athens and even Istanbul in 1841, ended in Cairo,<br \/>\nEgypt where he spent 10 years of his life.During his stay in Cairo, he drew so<br \/>\nmany sketches that after returning to his country, he continued to paint based on<br \/>\nthose sketches for the next 25 at his home on the outskirts of London. Lewis&#8217;s<br \/>\nworks also show that the East,which could only be imagined, had been<br \/>\nreplaced by a real geography that can be seen and experienced.In Lewis&#8217;s<br \/>\nalbum of scenes from Istanbul named \u201cIllustrations of Constantinople&#8221;,there are<br \/>\n3 images of Bursa, 3 of Orsova,and the rest are of Istanbul. Picturesque<br \/>\nlandscapes are at the forefront of these pictures. This visual feast representing<br \/>\nthe Istanbul of Sultan Mahmud II (1808-1839) was dedicated to King William<br \/>\nIV and Queen Adelaide.<\/p>\n","protected":false},"excerpt":{"rendered":"<p>LEW\u0130S&#8217; ILLUSTRATIONS OF CONSTANTINOPLE MADE DURING A RESIDENCE IN THAT CITY, IN THE YEARS 1835-6 LEWIS, John Frederick (1805-1876) London, T. McLean, 1838 First edition, coloured, 54 x37 cm. with&hellip;<\/p>\n","protected":false},"featured_media":13192,"template":"","meta":[],"product_brand":[],"product_cat":[56,57,81,82,76],"product_tag":[],"class_list":{"0":"post-4617","1":"product","2":"type-product","3":"status-publish","4":"has-post-thumbnail","6":"product_cat-kitap","7":"product_cat-osmanli-imparatorlugu","8":"product_cat-diger-kitaplar","9":"product_cat-baskilar","10":"product_cat-istanbul-baskilari","12":"first","13":"instock","14":"purchasable","15":"product-type-simple"},"yoast_head":"<!-- This site is optimized with the Yoast SEO plugin v24.9 - https:\/\/yoast.com\/wordpress\/plugins\/seo\/ -->\n<title>OSMANLI HAKKINDA K\u0130TAPLAR - Emre Gurcay Collection<\/title>\n<meta name=\"robots\" content=\"index, follow, max-snippet:-1, max-image-preview:large, max-video-preview:-1\" \/>\n<link rel=\"canonical\" href=\"https:\/\/egcollection.ist\/tr\/urun\/osmanli-hakkinda-kitaplar-137\/\" \/>\n<meta property=\"og:locale\" content=\"tr_TR\" \/>\n<meta property=\"og:type\" content=\"article\" \/>\n<meta property=\"og:title\" content=\"OSMANLI HAKKINDA K\u0130TAPLAR - Emre Gurcay Collection\" \/>\n<meta property=\"og:description\" content=\"LEW\u0130S&#8217; ILLUSTRATIONS OF CONSTANTINOPLE MADE DURING A RESIDENCE IN THAT CITY, IN THE YEARS 1835-6 LEWIS, John Frederick (1805-1876) London, T. McLean, 1838 First edition, coloured, 54 x37 cm. with&hellip;\" \/>\n<meta property=\"og:url\" content=\"https:\/\/egcollection.ist\/tr\/urun\/osmanli-hakkinda-kitaplar-137\/\" \/>\n<meta property=\"og:site_name\" content=\"Emre Gurcay Collection\" \/>\n<meta property=\"article:modified_time\" content=\"2022-07-06T07:17:52+00:00\" \/>\n<meta property=\"og:image\" content=\"https:\/\/egcollection.ist\/wp-content\/uploads\/2022\/07\/emre-kitap-270125387-1-scaled.jpg\" \/>\n\t<meta property=\"og:image:width\" content=\"2267\" \/>\n\t<meta property=\"og:image:height\" content=\"2560\" \/>\n\t<meta property=\"og:image:type\" content=\"image\/jpeg\" \/>\n<meta name=\"twitter:card\" content=\"summary_large_image\" \/>\n<meta name=\"twitter:label1\" content=\"Tahmini okuma s\u00fcresi\" \/>\n\t<meta name=\"twitter:data1\" content=\"3 dakika\" \/>\n<script type=\"application\/ld+json\" class=\"yoast-schema-graph\">{\"@context\":\"https:\/\/schema.org\",\"@graph\":[{\"@type\":\"WebPage\",\"@id\":\"https:\/\/egcollection.ist\/tr\/urun\/osmanli-hakkinda-kitaplar-137\/\",\"url\":\"https:\/\/egcollection.ist\/tr\/urun\/osmanli-hakkinda-kitaplar-137\/\",\"name\":\"OSMANLI HAKKINDA K\u0130TAPLAR - Emre Gurcay Collection\",\"isPartOf\":{\"@id\":\"https:\/\/egcollection.ist\/tr\/#website\"},\"primaryImageOfPage\":{\"@id\":\"https:\/\/egcollection.ist\/tr\/urun\/osmanli-hakkinda-kitaplar-137\/#primaryimage\"},\"image\":{\"@id\":\"https:\/\/egcollection.ist\/tr\/urun\/osmanli-hakkinda-kitaplar-137\/#primaryimage\"},\"thumbnailUrl\":\"https:\/\/egcollection.ist\/wp-content\/uploads\/2022\/07\/emre-kitap-270125387-1-scaled.jpg\",\"datePublished\":\"2022-07-06T07:17:41+00:00\",\"dateModified\":\"2022-07-06T07:17:52+00:00\",\"breadcrumb\":{\"@id\":\"https:\/\/egcollection.ist\/tr\/urun\/osmanli-hakkinda-kitaplar-137\/#breadcrumb\"},\"inLanguage\":\"tr\",\"potentialAction\":[{\"@type\":\"ReadAction\",\"target\":[\"https:\/\/egcollection.ist\/tr\/urun\/osmanli-hakkinda-kitaplar-137\/\"]}]},{\"@type\":\"ImageObject\",\"inLanguage\":\"tr\",\"@id\":\"https:\/\/egcollection.ist\/tr\/urun\/osmanli-hakkinda-kitaplar-137\/#primaryimage\",\"url\":\"https:\/\/egcollection.ist\/wp-content\/uploads\/2022\/07\/emre-kitap-270125387-1-scaled.jpg\",\"contentUrl\":\"https:\/\/egcollection.ist\/wp-content\/uploads\/2022\/07\/emre-kitap-270125387-1-scaled.jpg\",\"width\":2267,\"height\":2560},{\"@type\":\"BreadcrumbList\",\"@id\":\"https:\/\/egcollection.ist\/tr\/urun\/osmanli-hakkinda-kitaplar-137\/#breadcrumb\",\"itemListElement\":[{\"@type\":\"ListItem\",\"position\":1,\"name\":\"Home\",\"item\":\"https:\/\/egcollection.ist\/tr\/home\/\"},{\"@type\":\"ListItem\",\"position\":2,\"name\":\"Shop\",\"item\":\"https:\/\/egcollection.ist\/shop\/\"},{\"@type\":\"ListItem\",\"position\":3,\"name\":\"OSMANLI HAKKINDA K\u0130TAPLAR\"}]},{\"@type\":\"WebSite\",\"@id\":\"https:\/\/egcollection.ist\/tr\/#website\",\"url\":\"https:\/\/egcollection.ist\/tr\/\",\"name\":\"Emre Gurcay Collection\",\"description\":\"Antique Maps &amp; Books\",\"publisher\":{\"@id\":\"https:\/\/egcollection.ist\/tr\/#organization\"},\"potentialAction\":[{\"@type\":\"SearchAction\",\"target\":{\"@type\":\"EntryPoint\",\"urlTemplate\":\"https:\/\/egcollection.ist\/tr\/?s={search_term_string}\"},\"query-input\":{\"@type\":\"PropertyValueSpecification\",\"valueRequired\":true,\"valueName\":\"search_term_string\"}}],\"inLanguage\":\"tr\"},{\"@type\":\"Organization\",\"@id\":\"https:\/\/egcollection.ist\/tr\/#organization\",\"name\":\"Emre Gurcay Collection\",\"url\":\"https:\/\/egcollection.ist\/tr\/\",\"logo\":{\"@type\":\"ImageObject\",\"inLanguage\":\"tr\",\"@id\":\"https:\/\/egcollection.ist\/tr\/#\/schema\/logo\/image\/\",\"url\":\"https:\/\/egcollection.ist\/wp-content\/uploads\/2021\/11\/EGCollection-logo2-1.png\",\"contentUrl\":\"https:\/\/egcollection.ist\/wp-content\/uploads\/2021\/11\/EGCollection-logo2-1.png\",\"width\":230,\"height\":82,\"caption\":\"Emre Gurcay Collection\"},\"image\":{\"@id\":\"https:\/\/egcollection.ist\/tr\/#\/schema\/logo\/image\/\"},\"sameAs\":[\"https:\/\/www.instagram.com\/egcollection.ist\/\"]}]}<\/script>\n<!-- \/ Yoast SEO plugin. -->","yoast_head_json":{"title":"OSMANLI HAKKINDA K\u0130TAPLAR - Emre Gurcay Collection","robots":{"index":"index","follow":"follow","max-snippet":"max-snippet:-1","max-image-preview":"max-image-preview:large","max-video-preview":"max-video-preview:-1"},"canonical":"https:\/\/egcollection.ist\/tr\/urun\/osmanli-hakkinda-kitaplar-137\/","og_locale":"tr_TR","og_type":"article","og_title":"OSMANLI HAKKINDA K\u0130TAPLAR - Emre Gurcay Collection","og_description":"LEW\u0130S&#8217; ILLUSTRATIONS OF CONSTANTINOPLE MADE DURING A RESIDENCE IN THAT CITY, IN THE YEARS 1835-6 LEWIS, John Frederick (1805-1876) London, T. McLean, 1838 First edition, coloured, 54 x37 cm. with&hellip;","og_url":"https:\/\/egcollection.ist\/tr\/urun\/osmanli-hakkinda-kitaplar-137\/","og_site_name":"Emre Gurcay Collection","article_modified_time":"2022-07-06T07:17:52+00:00","og_image":[{"width":2267,"height":2560,"url":"https:\/\/egcollection.ist\/wp-content\/uploads\/2022\/07\/emre-kitap-270125387-1-scaled.jpg","type":"image\/jpeg"}],"twitter_card":"summary_large_image","twitter_misc":{"Tahmini okuma s\u00fcresi":"3 dakika"},"schema":{"@context":"https:\/\/schema.org","@graph":[{"@type":"WebPage","@id":"https:\/\/egcollection.ist\/tr\/urun\/osmanli-hakkinda-kitaplar-137\/","url":"https:\/\/egcollection.ist\/tr\/urun\/osmanli-hakkinda-kitaplar-137\/","name":"OSMANLI HAKKINDA K\u0130TAPLAR - Emre Gurcay Collection","isPartOf":{"@id":"https:\/\/egcollection.ist\/tr\/#website"},"primaryImageOfPage":{"@id":"https:\/\/egcollection.ist\/tr\/urun\/osmanli-hakkinda-kitaplar-137\/#primaryimage"},"image":{"@id":"https:\/\/egcollection.ist\/tr\/urun\/osmanli-hakkinda-kitaplar-137\/#primaryimage"},"thumbnailUrl":"https:\/\/egcollection.ist\/wp-content\/uploads\/2022\/07\/emre-kitap-270125387-1-scaled.jpg","datePublished":"2022-07-06T07:17:41+00:00","dateModified":"2022-07-06T07:17:52+00:00","breadcrumb":{"@id":"https:\/\/egcollection.ist\/tr\/urun\/osmanli-hakkinda-kitaplar-137\/#breadcrumb"},"inLanguage":"tr","potentialAction":[{"@type":"ReadAction","target":["https:\/\/egcollection.ist\/tr\/urun\/osmanli-hakkinda-kitaplar-137\/"]}]},{"@type":"ImageObject","inLanguage":"tr","@id":"https:\/\/egcollection.ist\/tr\/urun\/osmanli-hakkinda-kitaplar-137\/#primaryimage","url":"https:\/\/egcollection.ist\/wp-content\/uploads\/2022\/07\/emre-kitap-270125387-1-scaled.jpg","contentUrl":"https:\/\/egcollection.ist\/wp-content\/uploads\/2022\/07\/emre-kitap-270125387-1-scaled.jpg","width":2267,"height":2560},{"@type":"BreadcrumbList","@id":"https:\/\/egcollection.ist\/tr\/urun\/osmanli-hakkinda-kitaplar-137\/#breadcrumb","itemListElement":[{"@type":"ListItem","position":1,"name":"Home","item":"https:\/\/egcollection.ist\/tr\/home\/"},{"@type":"ListItem","position":2,"name":"Shop","item":"https:\/\/egcollection.ist\/shop\/"},{"@type":"ListItem","position":3,"name":"OSMANLI HAKKINDA K\u0130TAPLAR"}]},{"@type":"WebSite","@id":"https:\/\/egcollection.ist\/tr\/#website","url":"https:\/\/egcollection.ist\/tr\/","name":"Emre Gurcay Collection","description":"Antique Maps &amp; Books","publisher":{"@id":"https:\/\/egcollection.ist\/tr\/#organization"},"potentialAction":[{"@type":"SearchAction","target":{"@type":"EntryPoint","urlTemplate":"https:\/\/egcollection.ist\/tr\/?s={search_term_string}"},"query-input":{"@type":"PropertyValueSpecification","valueRequired":true,"valueName":"search_term_string"}}],"inLanguage":"tr"},{"@type":"Organization","@id":"https:\/\/egcollection.ist\/tr\/#organization","name":"Emre Gurcay Collection","url":"https:\/\/egcollection.ist\/tr\/","logo":{"@type":"ImageObject","inLanguage":"tr","@id":"https:\/\/egcollection.ist\/tr\/#\/schema\/logo\/image\/","url":"https:\/\/egcollection.ist\/wp-content\/uploads\/2021\/11\/EGCollection-logo2-1.png","contentUrl":"https:\/\/egcollection.ist\/wp-content\/uploads\/2021\/11\/EGCollection-logo2-1.png","width":230,"height":82,"caption":"Emre Gurcay Collection"},"image":{"@id":"https:\/\/egcollection.ist\/tr\/#\/schema\/logo\/image\/"},"sameAs":["https:\/\/www.instagram.com\/egcollection.ist\/"]}]}},"_links":{"self":[{"href":"https:\/\/egcollection.ist\/tr\/wp-json\/wp\/v2\/product\/4617","targetHints":{"allow":["GET"]}}],"collection":[{"href":"https:\/\/egcollection.ist\/tr\/wp-json\/wp\/v2\/product"}],"about":[{"href":"https:\/\/egcollection.ist\/tr\/wp-json\/wp\/v2\/types\/product"}],"wp:featuredmedia":[{"embeddable":true,"href":"https:\/\/egcollection.ist\/tr\/wp-json\/wp\/v2\/media\/13192"}],"wp:attachment":[{"href":"https:\/\/egcollection.ist\/tr\/wp-json\/wp\/v2\/media?parent=4617"}],"wp:term":[{"taxonomy":"product_brand","embeddable":true,"href":"https:\/\/egcollection.ist\/tr\/wp-json\/wp\/v2\/product_brand?post=4617"},{"taxonomy":"product_cat","embeddable":true,"href":"https:\/\/egcollection.ist\/tr\/wp-json\/wp\/v2\/product_cat?post=4617"},{"taxonomy":"product_tag","embeddable":true,"href":"https:\/\/egcollection.ist\/tr\/wp-json\/wp\/v2\/product_tag?post=4617"}],"curies":[{"name":"wp","href":"https:\/\/api.w.org\/{rel}","templated":true}]}}