{"id":4619,"date":"2022-07-05T15:52:58","date_gmt":"2022-07-06T07:17:41","guid":{"rendered":"http:\/\/egcollection.ist\/product\/osmanli-hakkinda-kitaplar-139\/"},"modified":"2022-07-06T07:17:54","modified_gmt":"2022-07-06T07:17:54","slug":"osmanli-hakkinda-kitaplar-139","status":"publish","type":"product","link":"https:\/\/egcollection.ist\/tr\/urun\/osmanli-hakkinda-kitaplar-139\/","title":{"rendered":"OSMANLI HAKKINDA K\u0130TAPLAR"},"content":{"rendered":"<p>STAMBOUL,<br \/>\nRECOLLECTIONS OF EASTERN LIFE<\/p>\n<p>PRESIOZI, Amadeo<\/p>\n<p>Paris, Lemercier, 1858<\/p>\n<p>First edition, Oblong Folio, 56 x42 cm.<\/p>\n<p>with tinted lithographed title and 29 chromolithograph plates.<\/p>\n<p>2 Aral\u0131k 1816&#8217;da Malta&#8217;da do\u011fan ve Valetta&#8217;daki Porto Salvo<br \/>\nKilisesi&#8217;nde Aloysius, Rosarius, Amadeus, Raymondus ve<br \/>\nAndreas adlar\u0131 verilerek vaftiz edilmi\u015f olan ressam&#8217;\u0131n ailesi,<br \/>\n17. Y\u00fczy\u0131lda Korsika&#8217;dan Malta&#8217;ya g\u00f6\u00e7 etmi\u015f bir ailedir. Ailenin<br \/>\ngeleneksel e\u011filimine ve toplumun soylu ailelerinin sahip<br \/>\nolmas\u0131 gereken kurallara uyarak, babas\u0131 gibi hukuk \u00f6\u011frenimi<br \/>\ng\u00f6rm\u00fc\u015f, \u00fcst\u00fcn zekas\u0131 ve \u00e7al\u0131\u015fkanl\u0131\u011f\u0131ndan dolay\u0131 profes\u00f6rleri<br \/>\ntaraf\u0131ndan s\u00fcrekli olarak takdir edilmi\u015f ve ba\u015far\u0131s\u0131 \u00e7e\u015fitli<br \/>\n\u00f6d\u00fcller ile kutlanm\u0131\u015ft\u0131. Ama Amadeo daha hukuk dal\u0131ndaki<br \/>\n\u00e7al\u0131\u015fmalar\u0131 s\u0131ras\u0131nda bile benli\u011fini gittik\u00e7e saran bir sanat<br \/>\na\u015fk\u0131 ile Malta&#8217;n\u0131n \u00fcnl\u00fc ressamlar\u0131ndan Giuseppe Hyzler&#8217;in<br \/>\nat\u00f6lyesinde ders almaya ba\u015flam\u0131\u015ft\u0131. Ne var ki Preziosi ile<br \/>\nHyzler&#8217;in resim anlay\u0131\u015f\u0131 birbirinden olduk\u00e7a farkl\u0131d\u0131r. Bu<br \/>\nnedenle Hyzler&#8217;in at\u00f6lyesinden ayr\u0131l\u0131r ve 1836&#8217;da daha 20<br \/>\nya\u015f\u0131ndayken karde\u015fi Leandro ile birlikte Fransa&#8217;ya gider ve<br \/>\nburada Paris G\u00fczel Sanatlar Akademisi&#8217;ne (Ecole des Beaux<br \/>\nArts) devam ederek bu alandaki e\u011fitimini tamamlar. Paris<br \/>\nd\u00f6n\u00fc\u015f\u00fcnde kesinlikle ressam olmaya kara vermi\u015ftir. Ancak<br \/>\nbaba Preziosi buna \u015fiddetle kar\u015f\u0131 \u00e7\u0131karak o\u011flunun resme kar\u015f\u0131<br \/>\nherhangi bir yetene\u011fi olmad\u0131\u011f\u0131n\u0131 savunur. Bunun \u00fczerine<br \/>\nAmadeo, Temmuz 1842&#8217;de, \u00f6n ara\u015ft\u0131rma yapmak \u00fczere<br \/>\ngitti\u011fi Do\u011fu Akdeniz&#8217;den Valetta&#8217;ya geri d\u00f6ner ve 28 Eyl\u00fcl<br \/>\n1842&#8217;de Eurotas adl\u0131 gemi ile Malta&#8217;dan ayr\u0131larak, d\u00f6nemin<br \/>\nAvrupal\u0131 ressamlar\u0131n\u0131n Do\u011fu&#8217;ya \/ \u0130stanbul&#8217;a y\u00f6nelmelerinin<br \/>\nde etkisiyle Sultan II. Mahmut D\u00f6nemi&#8217;nde \u0130stanbul&#8217;a do\u011fru<br \/>\nyola \u00e7\u0131kar. An\u0131lar\u0131nda da belirtti\u011fi gibi \u0130stanbul&#8217;a sadece iki<br \/>\ny\u0131l i\u00e7in gelmi\u015ftir, ancak babas\u0131n\u0131n \u00f6l\u00fcm\u00fcnden sonra Malta&#8217;ya<br \/>\nd\u00f6nmeyi reddetmi\u015f, \u0130stanbul&#8217;da kalm\u0131\u015f, Rum k\u00f6kenli bir<br \/>\nOsmanl\u0131 kad\u0131n\u0131 ile (Iphigenie Marchant) evlenmi\u015f ve \u00fc\u00e7\u00fc<br \/>\nkiz (Mathilde, Giulia, Catherine) biri erkek (Roberto) d\u00f6rt<br \/>\n\u00e7ocu\u011fu olmu\u015ftur. Ailenin k\u0131\u015fl\u0131k evi ve ayn\u0131 zamanda st\u00fcdyosu<br \/>\n\u0130ngiliz Saray\u0131 yak\u0131n\u0131nda Hamalba\u015f\u0131 sokak 14 numaradayd\u0131.<br \/>\nYa\u015fam\u0131n\u0131n son on y\u0131l\u0131n\u0131 Ye\u015filk\u00f6y&#8217;de ge\u00e7iren Preziosi, 27<br \/>\nEyl\u00fcl 1882 de arkada\u015flar\u0131 ile bir av partisi s\u0131ras\u0131nda t\u00fcfe\u011finin<br \/>\nyere d\u00fc\u015fmesi ve kazara ate\u015f almas\u0131 sonucunda yaralanm\u0131\u015f,<br \/>\nertesinde de hayat\u0131ni kaybetmi\u015ftir. Mezari Yesil Zeytin<br \/>\nSokakta bulunan Latin Katolik Mezarl\u0131\u011f\u0131 nda&#8217;d\u0131r.<\/p>\n","protected":false},"excerpt":{"rendered":"<p>STAMBOUL, RECOLLECTIONS OF EASTERN LIFE PRESIOZI, Amadeo Paris, Lemercier, 1858 First edition, Oblong Folio, 56 x42 cm. with tinted lithographed title and 29 chromolithograph plates. 2 Aral\u0131k 1816&#8217;da Malta&#8217;da do\u011fan&hellip;<\/p>\n","protected":false},"featured_media":14402,"template":"","meta":[],"product_brand":[],"product_cat":[56,57,81,82,76],"product_tag":[],"class_list":{"0":"post-4619","1":"product","2":"type-product","3":"status-publish","4":"has-post-thumbnail","6":"product_cat-kitap","7":"product_cat-osmanli-imparatorlugu","8":"product_cat-diger-kitaplar","9":"product_cat-baskilar","10":"product_cat-istanbul-baskilari","12":"first","13":"instock","14":"purchasable","15":"product-type-simple"},"yoast_head":"<!-- This site is optimized with the Yoast SEO plugin v24.9 - https:\/\/yoast.com\/wordpress\/plugins\/seo\/ -->\n<title>OSMANLI HAKKINDA K\u0130TAPLAR - Emre Gurcay Collection<\/title>\n<meta name=\"robots\" content=\"index, follow, max-snippet:-1, max-image-preview:large, max-video-preview:-1\" \/>\n<link rel=\"canonical\" href=\"https:\/\/egcollection.ist\/tr\/urun\/osmanli-hakkinda-kitaplar-139\/\" \/>\n<meta property=\"og:locale\" content=\"tr_TR\" \/>\n<meta property=\"og:type\" content=\"article\" \/>\n<meta property=\"og:title\" content=\"OSMANLI HAKKINDA K\u0130TAPLAR - Emre Gurcay Collection\" \/>\n<meta property=\"og:description\" content=\"STAMBOUL, RECOLLECTIONS OF EASTERN LIFE PRESIOZI, Amadeo Paris, Lemercier, 1858 First edition, Oblong Folio, 56 x42 cm. with tinted lithographed title and 29 chromolithograph plates. 2 Aral\u0131k 1816&#8217;da Malta&#8217;da do\u011fan&hellip;\" \/>\n<meta property=\"og:url\" content=\"https:\/\/egcollection.ist\/tr\/urun\/osmanli-hakkinda-kitaplar-139\/\" \/>\n<meta property=\"og:site_name\" content=\"Emre Gurcay Collection\" \/>\n<meta property=\"article:modified_time\" content=\"2022-07-06T07:17:54+00:00\" \/>\n<meta property=\"og:image\" content=\"https:\/\/egcollection.ist\/wp-content\/uploads\/2022\/07\/0002-scaled.jpg\" \/>\n\t<meta property=\"og:image:width\" content=\"2560\" \/>\n\t<meta property=\"og:image:height\" content=\"1924\" \/>\n\t<meta property=\"og:image:type\" content=\"image\/jpeg\" \/>\n<meta name=\"twitter:card\" content=\"summary_large_image\" \/>\n<meta name=\"twitter:label1\" content=\"Tahmini okuma s\u00fcresi\" \/>\n\t<meta name=\"twitter:data1\" content=\"2 dakika\" \/>\n<script type=\"application\/ld+json\" class=\"yoast-schema-graph\">{\"@context\":\"https:\/\/schema.org\",\"@graph\":[{\"@type\":\"WebPage\",\"@id\":\"https:\/\/egcollection.ist\/tr\/urun\/osmanli-hakkinda-kitaplar-139\/\",\"url\":\"https:\/\/egcollection.ist\/tr\/urun\/osmanli-hakkinda-kitaplar-139\/\",\"name\":\"OSMANLI HAKKINDA K\u0130TAPLAR - Emre Gurcay Collection\",\"isPartOf\":{\"@id\":\"https:\/\/egcollection.ist\/tr\/#website\"},\"primaryImageOfPage\":{\"@id\":\"https:\/\/egcollection.ist\/tr\/urun\/osmanli-hakkinda-kitaplar-139\/#primaryimage\"},\"image\":{\"@id\":\"https:\/\/egcollection.ist\/tr\/urun\/osmanli-hakkinda-kitaplar-139\/#primaryimage\"},\"thumbnailUrl\":\"https:\/\/egcollection.ist\/wp-content\/uploads\/2022\/07\/0002-scaled.jpg\",\"datePublished\":\"2022-07-06T07:17:41+00:00\",\"dateModified\":\"2022-07-06T07:17:54+00:00\",\"breadcrumb\":{\"@id\":\"https:\/\/egcollection.ist\/tr\/urun\/osmanli-hakkinda-kitaplar-139\/#breadcrumb\"},\"inLanguage\":\"tr\",\"potentialAction\":[{\"@type\":\"ReadAction\",\"target\":[\"https:\/\/egcollection.ist\/tr\/urun\/osmanli-hakkinda-kitaplar-139\/\"]}]},{\"@type\":\"ImageObject\",\"inLanguage\":\"tr\",\"@id\":\"https:\/\/egcollection.ist\/tr\/urun\/osmanli-hakkinda-kitaplar-139\/#primaryimage\",\"url\":\"https:\/\/egcollection.ist\/wp-content\/uploads\/2022\/07\/0002-scaled.jpg\",\"contentUrl\":\"https:\/\/egcollection.ist\/wp-content\/uploads\/2022\/07\/0002-scaled.jpg\",\"width\":2560,\"height\":1924},{\"@type\":\"BreadcrumbList\",\"@id\":\"https:\/\/egcollection.ist\/tr\/urun\/osmanli-hakkinda-kitaplar-139\/#breadcrumb\",\"itemListElement\":[{\"@type\":\"ListItem\",\"position\":1,\"name\":\"Home\",\"item\":\"https:\/\/egcollection.ist\/tr\/home\/\"},{\"@type\":\"ListItem\",\"position\":2,\"name\":\"Shop\",\"item\":\"https:\/\/egcollection.ist\/shop\/\"},{\"@type\":\"ListItem\",\"position\":3,\"name\":\"OSMANLI HAKKINDA K\u0130TAPLAR\"}]},{\"@type\":\"WebSite\",\"@id\":\"https:\/\/egcollection.ist\/tr\/#website\",\"url\":\"https:\/\/egcollection.ist\/tr\/\",\"name\":\"Emre Gurcay Collection\",\"description\":\"Antique Maps &amp; Books\",\"publisher\":{\"@id\":\"https:\/\/egcollection.ist\/tr\/#organization\"},\"potentialAction\":[{\"@type\":\"SearchAction\",\"target\":{\"@type\":\"EntryPoint\",\"urlTemplate\":\"https:\/\/egcollection.ist\/tr\/?s={search_term_string}\"},\"query-input\":{\"@type\":\"PropertyValueSpecification\",\"valueRequired\":true,\"valueName\":\"search_term_string\"}}],\"inLanguage\":\"tr\"},{\"@type\":\"Organization\",\"@id\":\"https:\/\/egcollection.ist\/tr\/#organization\",\"name\":\"Emre Gurcay Collection\",\"url\":\"https:\/\/egcollection.ist\/tr\/\",\"logo\":{\"@type\":\"ImageObject\",\"inLanguage\":\"tr\",\"@id\":\"https:\/\/egcollection.ist\/tr\/#\/schema\/logo\/image\/\",\"url\":\"https:\/\/egcollection.ist\/wp-content\/uploads\/2021\/11\/EGCollection-logo2-1.png\",\"contentUrl\":\"https:\/\/egcollection.ist\/wp-content\/uploads\/2021\/11\/EGCollection-logo2-1.png\",\"width\":230,\"height\":82,\"caption\":\"Emre Gurcay Collection\"},\"image\":{\"@id\":\"https:\/\/egcollection.ist\/tr\/#\/schema\/logo\/image\/\"},\"sameAs\":[\"https:\/\/www.instagram.com\/egcollection.ist\/\"]}]}<\/script>\n<!-- \/ Yoast SEO plugin. -->","yoast_head_json":{"title":"OSMANLI HAKKINDA K\u0130TAPLAR - Emre Gurcay Collection","robots":{"index":"index","follow":"follow","max-snippet":"max-snippet:-1","max-image-preview":"max-image-preview:large","max-video-preview":"max-video-preview:-1"},"canonical":"https:\/\/egcollection.ist\/tr\/urun\/osmanli-hakkinda-kitaplar-139\/","og_locale":"tr_TR","og_type":"article","og_title":"OSMANLI HAKKINDA K\u0130TAPLAR - Emre Gurcay Collection","og_description":"STAMBOUL, RECOLLECTIONS OF EASTERN LIFE PRESIOZI, Amadeo Paris, Lemercier, 1858 First edition, Oblong Folio, 56 x42 cm. with tinted lithographed title and 29 chromolithograph plates. 2 Aral\u0131k 1816&#8217;da Malta&#8217;da do\u011fan&hellip;","og_url":"https:\/\/egcollection.ist\/tr\/urun\/osmanli-hakkinda-kitaplar-139\/","og_site_name":"Emre Gurcay Collection","article_modified_time":"2022-07-06T07:17:54+00:00","og_image":[{"width":2560,"height":1924,"url":"https:\/\/egcollection.ist\/wp-content\/uploads\/2022\/07\/0002-scaled.jpg","type":"image\/jpeg"}],"twitter_card":"summary_large_image","twitter_misc":{"Tahmini okuma s\u00fcresi":"2 dakika"},"schema":{"@context":"https:\/\/schema.org","@graph":[{"@type":"WebPage","@id":"https:\/\/egcollection.ist\/tr\/urun\/osmanli-hakkinda-kitaplar-139\/","url":"https:\/\/egcollection.ist\/tr\/urun\/osmanli-hakkinda-kitaplar-139\/","name":"OSMANLI HAKKINDA K\u0130TAPLAR - Emre Gurcay Collection","isPartOf":{"@id":"https:\/\/egcollection.ist\/tr\/#website"},"primaryImageOfPage":{"@id":"https:\/\/egcollection.ist\/tr\/urun\/osmanli-hakkinda-kitaplar-139\/#primaryimage"},"image":{"@id":"https:\/\/egcollection.ist\/tr\/urun\/osmanli-hakkinda-kitaplar-139\/#primaryimage"},"thumbnailUrl":"https:\/\/egcollection.ist\/wp-content\/uploads\/2022\/07\/0002-scaled.jpg","datePublished":"2022-07-06T07:17:41+00:00","dateModified":"2022-07-06T07:17:54+00:00","breadcrumb":{"@id":"https:\/\/egcollection.ist\/tr\/urun\/osmanli-hakkinda-kitaplar-139\/#breadcrumb"},"inLanguage":"tr","potentialAction":[{"@type":"ReadAction","target":["https:\/\/egcollection.ist\/tr\/urun\/osmanli-hakkinda-kitaplar-139\/"]}]},{"@type":"ImageObject","inLanguage":"tr","@id":"https:\/\/egcollection.ist\/tr\/urun\/osmanli-hakkinda-kitaplar-139\/#primaryimage","url":"https:\/\/egcollection.ist\/wp-content\/uploads\/2022\/07\/0002-scaled.jpg","contentUrl":"https:\/\/egcollection.ist\/wp-content\/uploads\/2022\/07\/0002-scaled.jpg","width":2560,"height":1924},{"@type":"BreadcrumbList","@id":"https:\/\/egcollection.ist\/tr\/urun\/osmanli-hakkinda-kitaplar-139\/#breadcrumb","itemListElement":[{"@type":"ListItem","position":1,"name":"Home","item":"https:\/\/egcollection.ist\/tr\/home\/"},{"@type":"ListItem","position":2,"name":"Shop","item":"https:\/\/egcollection.ist\/shop\/"},{"@type":"ListItem","position":3,"name":"OSMANLI HAKKINDA K\u0130TAPLAR"}]},{"@type":"WebSite","@id":"https:\/\/egcollection.ist\/tr\/#website","url":"https:\/\/egcollection.ist\/tr\/","name":"Emre Gurcay Collection","description":"Antique Maps &amp; Books","publisher":{"@id":"https:\/\/egcollection.ist\/tr\/#organization"},"potentialAction":[{"@type":"SearchAction","target":{"@type":"EntryPoint","urlTemplate":"https:\/\/egcollection.ist\/tr\/?s={search_term_string}"},"query-input":{"@type":"PropertyValueSpecification","valueRequired":true,"valueName":"search_term_string"}}],"inLanguage":"tr"},{"@type":"Organization","@id":"https:\/\/egcollection.ist\/tr\/#organization","name":"Emre Gurcay Collection","url":"https:\/\/egcollection.ist\/tr\/","logo":{"@type":"ImageObject","inLanguage":"tr","@id":"https:\/\/egcollection.ist\/tr\/#\/schema\/logo\/image\/","url":"https:\/\/egcollection.ist\/wp-content\/uploads\/2021\/11\/EGCollection-logo2-1.png","contentUrl":"https:\/\/egcollection.ist\/wp-content\/uploads\/2021\/11\/EGCollection-logo2-1.png","width":230,"height":82,"caption":"Emre Gurcay Collection"},"image":{"@id":"https:\/\/egcollection.ist\/tr\/#\/schema\/logo\/image\/"},"sameAs":["https:\/\/www.instagram.com\/egcollection.ist\/"]}]}},"_links":{"self":[{"href":"https:\/\/egcollection.ist\/tr\/wp-json\/wp\/v2\/product\/4619","targetHints":{"allow":["GET"]}}],"collection":[{"href":"https:\/\/egcollection.ist\/tr\/wp-json\/wp\/v2\/product"}],"about":[{"href":"https:\/\/egcollection.ist\/tr\/wp-json\/wp\/v2\/types\/product"}],"wp:featuredmedia":[{"embeddable":true,"href":"https:\/\/egcollection.ist\/tr\/wp-json\/wp\/v2\/media\/14402"}],"wp:attachment":[{"href":"https:\/\/egcollection.ist\/tr\/wp-json\/wp\/v2\/media?parent=4619"}],"wp:term":[{"taxonomy":"product_brand","embeddable":true,"href":"https:\/\/egcollection.ist\/tr\/wp-json\/wp\/v2\/product_brand?post=4619"},{"taxonomy":"product_cat","embeddable":true,"href":"https:\/\/egcollection.ist\/tr\/wp-json\/wp\/v2\/product_cat?post=4619"},{"taxonomy":"product_tag","embeddable":true,"href":"https:\/\/egcollection.ist\/tr\/wp-json\/wp\/v2\/product_tag?post=4619"}],"curies":[{"name":"wp","href":"https:\/\/api.w.org\/{rel}","templated":true}]}}