{"id":4635,"date":"2022-07-05T15:53:18","date_gmt":"2022-07-06T07:18:04","guid":{"rendered":"http:\/\/egcollection.ist\/product\/osmanli-hakkinda-kitaplar-155\/"},"modified":"2022-07-06T07:18:14","modified_gmt":"2022-07-06T07:18:14","slug":"osmanli-hakkinda-kitaplar-155","status":"publish","type":"product","link":"https:\/\/egcollection.ist\/tr\/urun\/osmanli-hakkinda-kitaplar-155\/","title":{"rendered":"OSMANLI HAKKINDA K\u0130TAPLAR"},"content":{"rendered":"<p>VOYAGES DU Sr. A. DE LA MOTRAYE,<br \/>\nEN EUROPE, ASIE &#038; AFRIQUE<br \/>\nOU L&#8217;ON TROUVE UNE GRANDE VARI\u00c9T\u00c9 DE RECHERCHES G\u00c9OGRAPHIQUES, HISTORIQUES &#038; POLITIQUES, SUR L&#8217;ITALIE, LA GR\u00c8CE, LA TURQUIE, LA TARTARIE CRIM\u00c9E, &#038; NOGAYE, LA CIRCASSIE, LA SU\u00c8DE, LA LAPONIE, &#038;C.<\/p>\n<p>La Haye, 1727<\/p>\n<p>2 volumes<\/p>\n<p>Frans\u0131z as\u0131ll\u0131 Aubry de La Mottraye (1674?-1743) \u0130ngiltere&#8217;ye yerle\u015fmi\u015f bir Hugenottu. Zengin bir e\u011fitim ald\u0131ktan sonra 1696 y\u0131l\u0131nda seyahat etmeye ba\u015flar ve 26 y\u0131l boyunca Kuzey Avrupa, K\u0131r\u0131m, Yak\u0131n Do\u011fu, Rusya, Prusya ve Polonya&#8217;y\u0131 gezer. \u00c7e\u015fitli h\u00fck\u00fcmdarlar\u0131n dan\u0131\u015fman\u0131 ve ata\u015fesi olarak yapt\u0131\u011f\u0131 diplomatik seyahatlerini ticaret faaliyetleri ve koleksiyoncu mera\u011f\u0131yla birarada s\u00fcrd\u00fcrd\u00fc.<\/p>\n<p>Eserlerindeki \u00e7arp\u0131c\u0131 grav\u00fcrler nadir konular i\u015flerken hem \u015fehirlerdan g\u00f6r\u00fcn\u00fcmler hem g\u00fcnl\u00fck ya\u015famdan sahneler sergiler; La Motraye&#8217;\u0131n yapt\u0131\u011f\u0131 ayr\u0131nt\u0131l\u0131 betimlemeler ise yap\u0131t\u0131n\u0131 yaz\u0131 g\u00fcc\u00fcn\u00fcn g\u00f6r\u00fcnt\u00fclerden daha da etkili oldu\u011fu ilk gezi metinlerinden biri konumuna yerle\u015ftiriyor. Ayr\u0131ca sayfa kenarlar\u0131nda g\u00fcnl\u00fck niteli\u011finde d\u00fc\u015ft\u00fc\u011f\u00fc notlar bug\u00fcne dek ara\u015ft\u0131rmac\u0131lar i\u00e7in son derece de\u011ferli bir veri olu\u015fturmakta.<br \/>\n\u0130lk yolculu\u011funda, 1696&#8217;da, Paris&#8217;ten Roma&#8217;ya, \u0130skenderiye&#8217;ye, Lizbon&#8217;a ve nihayet \u0130ngiltere&#8217;ye gider. \u0130kinci yolculu\u011funda La Mottraye 1698&#8217;de bir ingiliz gemisi ile Gravesend&#8217;den deniz yoluyla \u0130zmir&#8217;e gitmek \u00fczere yola \u00e7\u0131kar, Cebelitar\u0131k bo\u011faz\u0131ndan ge\u00e7erek Ege adalar\u0131na gelir. Gemilerine bal\u0131k getiren bir bal\u0131k\u00e7\u0131 teknesi ile Patmos adas\u0131na ayak basar. Oradan Klazomenai (Urla)&#8217;ye ge\u00e7ip \u0130zmir&#8217;e devam eder; burada 5 ay kal\u0131r. Eserinde kenti tarif eder, \u0130ngilizlerin y\u00f6rede s\u00fcrd\u00fcrd\u00fc\u011f\u00fc ticar\u00ee faaliyetler, Aziz Polikarpos&#8217;un mezar\u0131, \u0130zmir civar\u0131ndaki ba\u011flar ve 1688 y\u0131l\u0131 depremi hakk\u0131nda yazar. 1699 y\u0131l\u0131n\u0131n \u015eubat ay\u0131nda Efes&#8217;i ziyaret eder ve Sak\u0131z&#8217;a devam eder. Adayla ilgili yazd\u0131klar\u0131 aras\u0131nda sak\u0131za ve adadaki ba\u015fka aromalara da de\u011finir. Samos&#8217;ta (Sisam) \u00fc\u00e7 g\u00fcn kal\u0131p Hera tap\u0131na\u011f\u0131n\u0131n harabelerini ziyaret eder. Bulundu\u011fu heryerde \u00f6zellikle sikke arama al\u0131\u015fkanl\u0131\u011f\u0131 oldu\u011fu i\u00e7in1699 May\u0131s ay\u0131 sonlar\u0131nda \u0130zmir&#8217;den ayr\u0131l\u0131rken beraberinde Midilli&#8217;den ve \u00c7anakkale bo\u011faz\u0131 limanlar\u0131ndan sa\u011flam\u0131\u015f oldu\u011fu epey miktarda sikkeyi de yan\u0131nda g\u00f6t\u00fcr\u00fcr.<\/p>\n<p>\u0130stanbul&#8217;da bulunurken o s\u0131radaki siyasi olaylar\u0131, padi\u015fah\u0131n yabanc\u0131 el\u00e7ilerle diplomatik ili\u015fkilerini, liman, donanma, g\u00f6ze \u00e7arp\u0131c\u0131 k\u00f6\u015fkler, Kad\u0131k\u00f6y, Ayasofya, camiler, Topkap\u0131 saray\u0131, harem, B\u00fcy\u00fck H\u00fck\u00fcmdar\u0131n kabul g\u00fcnleri, Bizans hipodromunun kaplad\u0131\u011f\u0131 alan, tarih\u00ee s\u00fctunlar, Rum, Ermeni ve Yahudi mezarl\u0131klar\u0131, T\u00fcrk nik\u00e2h d\u00fc\u011f\u00fcn\u00fc, dervi\u015fler, bedestenler, hanlar, ramazan ay\u0131, ve sultan\u0131n y\u00fczlerce r\u00fctbeli ve saray g\u00f6revlisinden olu\u015fan maiyeti ile beraber giri\u015fini yada ge\u00e7it t\u00f6renini ayr\u0131nt\u0131l\u0131 bir bi\u00e7imde anlat\u0131r.<\/p>\n<p>\u0130zmit&#8217;i (Nikomedeia) ziyaret edip 1703 y\u0131l\u0131na kadar Bursa&#8217;da kal\u0131r, ayn\u0131 y\u0131l\u0131n Nisan ay\u0131nda Ankara&#8217;ya do\u011fru yola \u00e7\u0131kar. Ankara hakk\u0131nda yazarken bir\u00e7ok \u015fey yan\u0131s\u0131ra buradaki eski yunan yaz\u0131tlar\u0131, Rum piskopoz ve kiliseler hakk\u0131nda da bilgiler verir. Sinop&#8217;tan ge\u00e7er (burada sikke sat\u0131n al\u0131r) ve Amasra (Amastris) yolundan \u0130stanbul bo\u011faz\u0131na girer. 1703 y\u0131l\u0131n\u0131n Temmuz ay\u0131nda La Mottraye Edirne&#8217;de vuku bulan olaylar\u0131n bir g\u00f6rg\u00fc tan\u0131\u011f\u0131 olarak kitab\u0131nda her\u015feyi aktar\u0131r. Reformcu e\u011filimleri olan Sultan II. Mustafa&#8217;n\u0131n Karlof\u00e7a antla\u015fmas\u0131ndan (1699) sonra Osmanl\u0131 \u0130mparatorlu\u011funun i\u00e7i\u015flerini daha iyi bir duruma getirme \u00e7abalar\u0131 ile taht\u0131 yitiri\u015fi, hatta Rum Patri\u011fi ile patrikhane kilisesi hakk\u0131nda da yazar. 1707 y\u0131l\u0131 Haziran ay\u0131nda narenciye y\u00fckl\u00fc bir yunanl\u0131 yelkenli teknesiyle Sak\u0131z&#8217;dan kalk\u0131p gine \u0130zmir&#8217;e gelir ve burada \u00fc\u00e7 hafta kal\u0131r; oradan Naksos&#8217;a u\u011frayarak Santorini&#8217;ye var\u0131r ve burada \u00fc\u00e7 g\u00fcn kal\u0131r. Daha sonra ise Amorgos, Naksos ve Andros&#8217;tan ge\u00e7erek Sel\u00e2ni\u011fe var\u0131r. \u0130ki g\u00fcn Aynaroz&#8217;da kal\u0131r, Enez (Ainos) ve Edirne&#8217;ye (Adrianopolis) gider, Edirne&#8217;de ayr\u0131ca bir rum d\u00fc\u011f\u00fcn\u00fcn\u00fc de tarif eder, ve nihayet yeniden \u0130stanbul&#8217;a d\u00f6ner.<\/p>\n<p>Do\u011fu&#8217;dan temelli olarak ayr\u0131ld\u0131\u011f\u0131 1710 y\u0131l\u0131na dek Osmanl\u0131 imparatorlu\u011fu ba\u015fkentinden yola \u00e7\u0131karak Malta ve Barselona&#8217;ya dek varan bir g\u00fczerg\u00e2hta Midilli, \u00c7anakkale bo\u011faz\u0131n\u0131n Trakya k\u0131y\u0131s\u0131ndaki \u015fehirler, Tenedos (Bozcaada), Limnos (Limni), Truva, Psara adas\u0131, Ege adalar\u0131, Monemvasya, Girit, Zante ve daha bir\u00e7ok yeri ziyaret etmeye devam eder; bunun yan\u0131s\u0131ra siyasal olaylar\u0131 tarif etmeye ve \u00f6zellikle antik sikke aramaya ve sat\u0131n almaya da hi\u00e7 ara vermez.<\/p>\n<p>1713 y\u0131l\u0131nda Kuzey Avrupa&#8217;ya yapt\u0131\u011f\u0131 bir\u00e7ok yolculuktan sonra yeniden \u0130stanbul&#8217;da bulunur; buradan yola \u00e7\u0131k\u0131p do\u011fu Trakya&#8217;y\u0131 ge\u00e7erek Filibe ve Sofya&#8217;ya gelir, Belgrat ve Viyana&#8217;ya u\u011fray\u0131p Hollanda&#8217;ya devam eder ve nihayet \u0130ngiltere&#8217;ye ula\u015f\u0131r. 1714&#8217;te gine Osmanl\u0131 \u0130mparatorlu\u011fu ba\u015fkentine d\u00f6ner; bu yolculukta ise Almanya, Macaristan ve do\u011fu Karadeniz k\u0131y\u0131lar\u0131n\u0131 gezer.<\/p>\n<p>Yazan: \u0130oli Vingopoulou<\/p>\n","protected":false},"excerpt":{"rendered":"<p>VOYAGES DU Sr. A. DE LA MOTRAYE, EN EUROPE, ASIE &#038; AFRIQUE OU L&#8217;ON TROUVE UNE GRANDE VARI\u00c9T\u00c9 DE RECHERCHES G\u00c9OGRAPHIQUES, HISTORIQUES &#038; POLITIQUES, SUR L&#8217;ITALIE, LA GR\u00c8CE, LA TURQUIE,&hellip;<\/p>\n","protected":false},"featured_media":18943,"template":"","meta":[],"product_brand":[],"product_cat":[56,57,81,92],"product_tag":[],"class_list":{"0":"post-4635","1":"product","2":"type-product","3":"status-publish","4":"has-post-thumbnail","6":"product_cat-kitap","7":"product_cat-osmanli-imparatorlugu","8":"product_cat-diger-kitaplar","9":"product_cat-katalog","11":"first","12":"instock","13":"purchasable","14":"product-type-simple"},"yoast_head":"<!-- This site is optimized with the Yoast SEO plugin v24.9 - https:\/\/yoast.com\/wordpress\/plugins\/seo\/ -->\n<title>OSMANLI HAKKINDA K\u0130TAPLAR - Emre Gurcay Collection<\/title>\n<meta name=\"robots\" content=\"index, follow, max-snippet:-1, max-image-preview:large, max-video-preview:-1\" \/>\n<link rel=\"canonical\" href=\"https:\/\/egcollection.ist\/tr\/urun\/osmanli-hakkinda-kitaplar-155\/\" \/>\n<meta property=\"og:locale\" content=\"tr_TR\" \/>\n<meta property=\"og:type\" content=\"article\" \/>\n<meta property=\"og:title\" content=\"OSMANLI HAKKINDA K\u0130TAPLAR - Emre Gurcay Collection\" \/>\n<meta property=\"og:description\" content=\"VOYAGES DU Sr. A. DE LA MOTRAYE, EN EUROPE, ASIE &#038; AFRIQUE OU L&#8217;ON TROUVE UNE GRANDE VARI\u00c9T\u00c9 DE RECHERCHES G\u00c9OGRAPHIQUES, HISTORIQUES &#038; POLITIQUES, SUR L&#8217;ITALIE, LA GR\u00c8CE, LA TURQUIE,&hellip;\" \/>\n<meta property=\"og:url\" content=\"https:\/\/egcollection.ist\/tr\/urun\/osmanli-hakkinda-kitaplar-155\/\" \/>\n<meta property=\"og:site_name\" content=\"Emre Gurcay Collection\" \/>\n<meta property=\"article:modified_time\" content=\"2022-07-06T07:18:14+00:00\" \/>\n<meta property=\"og:image\" content=\"https:\/\/egcollection.ist\/wp-content\/uploads\/2022\/07\/emre-kitap-270125687-2-scaled.jpg\" \/>\n\t<meta property=\"og:image:width\" content=\"2560\" \/>\n\t<meta property=\"og:image:height\" content=\"2250\" \/>\n\t<meta property=\"og:image:type\" content=\"image\/jpeg\" \/>\n<meta name=\"twitter:card\" content=\"summary_large_image\" \/>\n<meta name=\"twitter:label1\" content=\"Tahmini okuma s\u00fcresi\" \/>\n\t<meta name=\"twitter:data1\" content=\"4 dakika\" \/>\n<script type=\"application\/ld+json\" class=\"yoast-schema-graph\">{\"@context\":\"https:\/\/schema.org\",\"@graph\":[{\"@type\":\"WebPage\",\"@id\":\"https:\/\/egcollection.ist\/tr\/urun\/osmanli-hakkinda-kitaplar-155\/\",\"url\":\"https:\/\/egcollection.ist\/tr\/urun\/osmanli-hakkinda-kitaplar-155\/\",\"name\":\"OSMANLI HAKKINDA K\u0130TAPLAR - Emre Gurcay Collection\",\"isPartOf\":{\"@id\":\"https:\/\/egcollection.ist\/tr\/#website\"},\"primaryImageOfPage\":{\"@id\":\"https:\/\/egcollection.ist\/tr\/urun\/osmanli-hakkinda-kitaplar-155\/#primaryimage\"},\"image\":{\"@id\":\"https:\/\/egcollection.ist\/tr\/urun\/osmanli-hakkinda-kitaplar-155\/#primaryimage\"},\"thumbnailUrl\":\"https:\/\/egcollection.ist\/wp-content\/uploads\/2022\/07\/emre-kitap-270125687-2-scaled.jpg\",\"datePublished\":\"2022-07-06T07:18:04+00:00\",\"dateModified\":\"2022-07-06T07:18:14+00:00\",\"breadcrumb\":{\"@id\":\"https:\/\/egcollection.ist\/tr\/urun\/osmanli-hakkinda-kitaplar-155\/#breadcrumb\"},\"inLanguage\":\"tr\",\"potentialAction\":[{\"@type\":\"ReadAction\",\"target\":[\"https:\/\/egcollection.ist\/tr\/urun\/osmanli-hakkinda-kitaplar-155\/\"]}]},{\"@type\":\"ImageObject\",\"inLanguage\":\"tr\",\"@id\":\"https:\/\/egcollection.ist\/tr\/urun\/osmanli-hakkinda-kitaplar-155\/#primaryimage\",\"url\":\"https:\/\/egcollection.ist\/wp-content\/uploads\/2022\/07\/emre-kitap-270125687-2-scaled.jpg\",\"contentUrl\":\"https:\/\/egcollection.ist\/wp-content\/uploads\/2022\/07\/emre-kitap-270125687-2-scaled.jpg\",\"width\":2560,\"height\":2250},{\"@type\":\"BreadcrumbList\",\"@id\":\"https:\/\/egcollection.ist\/tr\/urun\/osmanli-hakkinda-kitaplar-155\/#breadcrumb\",\"itemListElement\":[{\"@type\":\"ListItem\",\"position\":1,\"name\":\"Home\",\"item\":\"https:\/\/egcollection.ist\/tr\/home\/\"},{\"@type\":\"ListItem\",\"position\":2,\"name\":\"Shop\",\"item\":\"https:\/\/egcollection.ist\/shop\/\"},{\"@type\":\"ListItem\",\"position\":3,\"name\":\"OSMANLI HAKKINDA K\u0130TAPLAR\"}]},{\"@type\":\"WebSite\",\"@id\":\"https:\/\/egcollection.ist\/tr\/#website\",\"url\":\"https:\/\/egcollection.ist\/tr\/\",\"name\":\"Emre Gurcay Collection\",\"description\":\"Antique Maps &amp; Books\",\"publisher\":{\"@id\":\"https:\/\/egcollection.ist\/tr\/#organization\"},\"potentialAction\":[{\"@type\":\"SearchAction\",\"target\":{\"@type\":\"EntryPoint\",\"urlTemplate\":\"https:\/\/egcollection.ist\/tr\/?s={search_term_string}\"},\"query-input\":{\"@type\":\"PropertyValueSpecification\",\"valueRequired\":true,\"valueName\":\"search_term_string\"}}],\"inLanguage\":\"tr\"},{\"@type\":\"Organization\",\"@id\":\"https:\/\/egcollection.ist\/tr\/#organization\",\"name\":\"Emre Gurcay Collection\",\"url\":\"https:\/\/egcollection.ist\/tr\/\",\"logo\":{\"@type\":\"ImageObject\",\"inLanguage\":\"tr\",\"@id\":\"https:\/\/egcollection.ist\/tr\/#\/schema\/logo\/image\/\",\"url\":\"https:\/\/egcollection.ist\/wp-content\/uploads\/2021\/11\/EGCollection-logo2-1.png\",\"contentUrl\":\"https:\/\/egcollection.ist\/wp-content\/uploads\/2021\/11\/EGCollection-logo2-1.png\",\"width\":230,\"height\":82,\"caption\":\"Emre Gurcay Collection\"},\"image\":{\"@id\":\"https:\/\/egcollection.ist\/tr\/#\/schema\/logo\/image\/\"},\"sameAs\":[\"https:\/\/www.instagram.com\/egcollection.ist\/\"]}]}<\/script>\n<!-- \/ Yoast SEO plugin. -->","yoast_head_json":{"title":"OSMANLI HAKKINDA K\u0130TAPLAR - Emre Gurcay Collection","robots":{"index":"index","follow":"follow","max-snippet":"max-snippet:-1","max-image-preview":"max-image-preview:large","max-video-preview":"max-video-preview:-1"},"canonical":"https:\/\/egcollection.ist\/tr\/urun\/osmanli-hakkinda-kitaplar-155\/","og_locale":"tr_TR","og_type":"article","og_title":"OSMANLI HAKKINDA K\u0130TAPLAR - Emre Gurcay Collection","og_description":"VOYAGES DU Sr. A. DE LA MOTRAYE, EN EUROPE, ASIE &#038; AFRIQUE OU L&#8217;ON TROUVE UNE GRANDE VARI\u00c9T\u00c9 DE RECHERCHES G\u00c9OGRAPHIQUES, HISTORIQUES &#038; POLITIQUES, SUR L&#8217;ITALIE, LA GR\u00c8CE, LA TURQUIE,&hellip;","og_url":"https:\/\/egcollection.ist\/tr\/urun\/osmanli-hakkinda-kitaplar-155\/","og_site_name":"Emre Gurcay Collection","article_modified_time":"2022-07-06T07:18:14+00:00","og_image":[{"width":2560,"height":2250,"url":"https:\/\/egcollection.ist\/wp-content\/uploads\/2022\/07\/emre-kitap-270125687-2-scaled.jpg","type":"image\/jpeg"}],"twitter_card":"summary_large_image","twitter_misc":{"Tahmini okuma s\u00fcresi":"4 dakika"},"schema":{"@context":"https:\/\/schema.org","@graph":[{"@type":"WebPage","@id":"https:\/\/egcollection.ist\/tr\/urun\/osmanli-hakkinda-kitaplar-155\/","url":"https:\/\/egcollection.ist\/tr\/urun\/osmanli-hakkinda-kitaplar-155\/","name":"OSMANLI HAKKINDA K\u0130TAPLAR - Emre Gurcay Collection","isPartOf":{"@id":"https:\/\/egcollection.ist\/tr\/#website"},"primaryImageOfPage":{"@id":"https:\/\/egcollection.ist\/tr\/urun\/osmanli-hakkinda-kitaplar-155\/#primaryimage"},"image":{"@id":"https:\/\/egcollection.ist\/tr\/urun\/osmanli-hakkinda-kitaplar-155\/#primaryimage"},"thumbnailUrl":"https:\/\/egcollection.ist\/wp-content\/uploads\/2022\/07\/emre-kitap-270125687-2-scaled.jpg","datePublished":"2022-07-06T07:18:04+00:00","dateModified":"2022-07-06T07:18:14+00:00","breadcrumb":{"@id":"https:\/\/egcollection.ist\/tr\/urun\/osmanli-hakkinda-kitaplar-155\/#breadcrumb"},"inLanguage":"tr","potentialAction":[{"@type":"ReadAction","target":["https:\/\/egcollection.ist\/tr\/urun\/osmanli-hakkinda-kitaplar-155\/"]}]},{"@type":"ImageObject","inLanguage":"tr","@id":"https:\/\/egcollection.ist\/tr\/urun\/osmanli-hakkinda-kitaplar-155\/#primaryimage","url":"https:\/\/egcollection.ist\/wp-content\/uploads\/2022\/07\/emre-kitap-270125687-2-scaled.jpg","contentUrl":"https:\/\/egcollection.ist\/wp-content\/uploads\/2022\/07\/emre-kitap-270125687-2-scaled.jpg","width":2560,"height":2250},{"@type":"BreadcrumbList","@id":"https:\/\/egcollection.ist\/tr\/urun\/osmanli-hakkinda-kitaplar-155\/#breadcrumb","itemListElement":[{"@type":"ListItem","position":1,"name":"Home","item":"https:\/\/egcollection.ist\/tr\/home\/"},{"@type":"ListItem","position":2,"name":"Shop","item":"https:\/\/egcollection.ist\/shop\/"},{"@type":"ListItem","position":3,"name":"OSMANLI HAKKINDA K\u0130TAPLAR"}]},{"@type":"WebSite","@id":"https:\/\/egcollection.ist\/tr\/#website","url":"https:\/\/egcollection.ist\/tr\/","name":"Emre Gurcay Collection","description":"Antique Maps &amp; Books","publisher":{"@id":"https:\/\/egcollection.ist\/tr\/#organization"},"potentialAction":[{"@type":"SearchAction","target":{"@type":"EntryPoint","urlTemplate":"https:\/\/egcollection.ist\/tr\/?s={search_term_string}"},"query-input":{"@type":"PropertyValueSpecification","valueRequired":true,"valueName":"search_term_string"}}],"inLanguage":"tr"},{"@type":"Organization","@id":"https:\/\/egcollection.ist\/tr\/#organization","name":"Emre Gurcay Collection","url":"https:\/\/egcollection.ist\/tr\/","logo":{"@type":"ImageObject","inLanguage":"tr","@id":"https:\/\/egcollection.ist\/tr\/#\/schema\/logo\/image\/","url":"https:\/\/egcollection.ist\/wp-content\/uploads\/2021\/11\/EGCollection-logo2-1.png","contentUrl":"https:\/\/egcollection.ist\/wp-content\/uploads\/2021\/11\/EGCollection-logo2-1.png","width":230,"height":82,"caption":"Emre Gurcay Collection"},"image":{"@id":"https:\/\/egcollection.ist\/tr\/#\/schema\/logo\/image\/"},"sameAs":["https:\/\/www.instagram.com\/egcollection.ist\/"]}]}},"_links":{"self":[{"href":"https:\/\/egcollection.ist\/tr\/wp-json\/wp\/v2\/product\/4635","targetHints":{"allow":["GET"]}}],"collection":[{"href":"https:\/\/egcollection.ist\/tr\/wp-json\/wp\/v2\/product"}],"about":[{"href":"https:\/\/egcollection.ist\/tr\/wp-json\/wp\/v2\/types\/product"}],"wp:featuredmedia":[{"embeddable":true,"href":"https:\/\/egcollection.ist\/tr\/wp-json\/wp\/v2\/media\/18943"}],"wp:attachment":[{"href":"https:\/\/egcollection.ist\/tr\/wp-json\/wp\/v2\/media?parent=4635"}],"wp:term":[{"taxonomy":"product_brand","embeddable":true,"href":"https:\/\/egcollection.ist\/tr\/wp-json\/wp\/v2\/product_brand?post=4635"},{"taxonomy":"product_cat","embeddable":true,"href":"https:\/\/egcollection.ist\/tr\/wp-json\/wp\/v2\/product_cat?post=4635"},{"taxonomy":"product_tag","embeddable":true,"href":"https:\/\/egcollection.ist\/tr\/wp-json\/wp\/v2\/product_tag?post=4635"}],"curies":[{"name":"wp","href":"https:\/\/api.w.org\/{rel}","templated":true}]}}