{"id":4648,"date":"2022-07-05T15:53:39","date_gmt":"2022-07-06T07:18:26","guid":{"rendered":"http:\/\/egcollection.ist\/product\/osmanli-hakkinda-kitaplar-168\/"},"modified":"2022-07-06T07:18:29","modified_gmt":"2022-07-06T07:18:29","slug":"osmanli-hakkinda-kitaplar-168","status":"publish","type":"product","link":"https:\/\/egcollection.ist\/tr\/urun\/osmanli-hakkinda-kitaplar-168\/","title":{"rendered":"OSMANLI HAKKINDA K\u0130TAPLAR"},"content":{"rendered":"<p>VOYAGE DU JEUNE ANACHARSIS EN GR\u00c8CE,<br \/>\nDANS LE MILIEU DU QUATRIEME SIECLE AVANT L&#8217;ERE VULGAIRE<\/p>\n<p>BARTHELEMY, Jean-Jacques (1716-1795)<\/p>\n<p>Paris: De Bure, 1790<\/p>\n<p>7 volumes<\/p>\n<p>Abb\u00e9 Barth\u00e9lemy ad\u0131yla da tan\u0131nan Frans\u0131z ayd\u0131n, n\u00fcmizmatik uzman\u0131 ve yazar Jean Jacques Barth\u00e9lemy (1716-1795) g\u00fcney Fransa&#8217;da varl\u0131kl\u0131 bir ailede do\u011far, felsefe, din bilim, kl\u00e2sik arkeoloji \u00f6\u011frenimi g\u00f6r\u00fcr. \u0130talya&#8217;ya yapt\u0131\u011f\u0131 seyahatten esinlenerek \u0130.\u00d6. 4. y\u00fczy\u0131lda antik yunan d\u00fcnyas\u0131nda gezinen Skithis ad\u0131nda bir gencin ya\u015fant\u0131lar\u0131n\u0131 anlatan ve ayn\u0131 zamanda arkaik ve kl\u00e2sik devirlere de g\u00f6ndermeler yapan bir roman yazar.<\/p>\n<p>Barth\u00e9lemy 1757&#8217;den beri Antik Yunan \u00c7a\u011f\u0131n\u0131 incelemeye ve hakk\u0131nda yazmaya koyulur. \u0130lk yap\u0131t\u0131n\u0131 1788&#8217;de yay\u0131mlar, bu \u00fcnl\u00fc edeb\u00ee eserin d\u00f6rd\u00fcnc\u00fc bas\u0131m\u0131n\u0131 haz\u0131rlamaktayken 80 ya\u015f\u0131nda vefat eder.<\/p>\n<p>Abb\u00e9 Barthelemy eski yunan ve l\u00e2tince eserler \u00fczerine \u00e7al\u0131\u015f\u0131p edindi\u011fi bilgileri, J. Foucherot ve M.G.F.A. Choiseul-Gouffier gibi ara\u015ft\u0131rmac\u0131lar\u0131n ke\u015fif \u00e7al\u0131\u015fmalar\u0131na dayanan do\u011frulamalarla, haritalar \u00fczerinde kaydetmek usul\u00fcyle metnini g\u00fcvenilir ve temsili canland\u0131r\u0131mlarla tamamlad\u0131.<\/p>\n<p>Roman t\u00fcr\u00fc bir anlat\u0131\u015f ve bir yolculuk anlat\u0131s\u0131 bile\u015fimi olan ve bir \u00e7ok ciltten olu\u015fan bu eser bir yandan antik yunan d\u00fcnyas\u0131n\u0131n panoramas\u0131n\u0131 romantik bir bi\u00e7imde sergilerken \u00f6te yandan Barbi\u00e9 de Bocage&#8217;\u0131n harita ve eskizleri ile zenginle\u015fmi\u015f haliyle devrin okur kitlesinin antik \u00e7a\u011fa kar\u015f\u0131 ilgisini k\u00f6r\u00fckleyip zaman\u0131n en \u00e7ok satan kitaplar\u0131ndan biri oldu ve 19. y\u00fczy\u0131la de\u011fin \u00fcst\u00fcste yeniden bir\u00e7ok kez bas\u0131lma \u015fans\u0131na nail oldu.<\/p>\n","protected":false},"excerpt":{"rendered":"<p>VOYAGE DU JEUNE ANACHARSIS EN GR\u00c8CE, DANS LE MILIEU DU QUATRIEME SIECLE AVANT L&#8217;ERE VULGAIRE BARTHELEMY, Jean-Jacques (1716-1795) Paris: De Bure, 1790 7 volumes Abb\u00e9 Barth\u00e9lemy ad\u0131yla da tan\u0131nan Frans\u0131z&hellip;<\/p>\n","protected":false},"featured_media":19938,"template":"","meta":[],"product_brand":[],"product_cat":[56,57,81,92],"product_tag":[],"class_list":{"0":"post-4648","1":"product","2":"type-product","3":"status-publish","4":"has-post-thumbnail","6":"product_cat-kitap","7":"product_cat-osmanli-imparatorlugu","8":"product_cat-diger-kitaplar","9":"product_cat-katalog","11":"first","12":"instock","13":"purchasable","14":"product-type-simple"},"yoast_head":"<!-- This site is optimized with the Yoast SEO plugin v24.9 - https:\/\/yoast.com\/wordpress\/plugins\/seo\/ -->\n<title>OSMANLI HAKKINDA K\u0130TAPLAR - Emre Gurcay Collection<\/title>\n<meta name=\"robots\" content=\"index, follow, max-snippet:-1, max-image-preview:large, max-video-preview:-1\" \/>\n<link rel=\"canonical\" href=\"https:\/\/egcollection.ist\/tr\/urun\/osmanli-hakkinda-kitaplar-168\/\" \/>\n<meta property=\"og:locale\" content=\"tr_TR\" \/>\n<meta property=\"og:type\" content=\"article\" \/>\n<meta property=\"og:title\" content=\"OSMANLI HAKKINDA K\u0130TAPLAR - Emre Gurcay Collection\" \/>\n<meta property=\"og:description\" content=\"VOYAGE DU JEUNE ANACHARSIS EN GR\u00c8CE, DANS LE MILIEU DU QUATRIEME SIECLE AVANT L&#8217;ERE VULGAIRE BARTHELEMY, Jean-Jacques (1716-1795) Paris: De Bure, 1790 7 volumes Abb\u00e9 Barth\u00e9lemy ad\u0131yla da tan\u0131nan Frans\u0131z&hellip;\" \/>\n<meta property=\"og:url\" content=\"https:\/\/egcollection.ist\/tr\/urun\/osmanli-hakkinda-kitaplar-168\/\" \/>\n<meta property=\"og:site_name\" content=\"Emre Gurcay Collection\" \/>\n<meta property=\"article:modified_time\" content=\"2022-07-06T07:18:29+00:00\" \/>\n<meta property=\"og:image\" content=\"https:\/\/egcollection.ist\/wp-content\/uploads\/2022\/07\/123268-scaled.jpg\" \/>\n\t<meta property=\"og:image:width\" content=\"2560\" \/>\n\t<meta property=\"og:image:height\" content=\"1980\" \/>\n\t<meta property=\"og:image:type\" content=\"image\/jpeg\" \/>\n<meta name=\"twitter:card\" content=\"summary_large_image\" \/>\n<meta name=\"twitter:label1\" content=\"Tahmini okuma s\u00fcresi\" \/>\n\t<meta name=\"twitter:data1\" content=\"1 dakika\" \/>\n<script type=\"application\/ld+json\" class=\"yoast-schema-graph\">{\"@context\":\"https:\/\/schema.org\",\"@graph\":[{\"@type\":\"WebPage\",\"@id\":\"https:\/\/egcollection.ist\/tr\/urun\/osmanli-hakkinda-kitaplar-168\/\",\"url\":\"https:\/\/egcollection.ist\/tr\/urun\/osmanli-hakkinda-kitaplar-168\/\",\"name\":\"OSMANLI HAKKINDA K\u0130TAPLAR - Emre Gurcay Collection\",\"isPartOf\":{\"@id\":\"https:\/\/egcollection.ist\/tr\/#website\"},\"primaryImageOfPage\":{\"@id\":\"https:\/\/egcollection.ist\/tr\/urun\/osmanli-hakkinda-kitaplar-168\/#primaryimage\"},\"image\":{\"@id\":\"https:\/\/egcollection.ist\/tr\/urun\/osmanli-hakkinda-kitaplar-168\/#primaryimage\"},\"thumbnailUrl\":\"https:\/\/egcollection.ist\/wp-content\/uploads\/2022\/07\/123268-scaled.jpg\",\"datePublished\":\"2022-07-06T07:18:26+00:00\",\"dateModified\":\"2022-07-06T07:18:29+00:00\",\"breadcrumb\":{\"@id\":\"https:\/\/egcollection.ist\/tr\/urun\/osmanli-hakkinda-kitaplar-168\/#breadcrumb\"},\"inLanguage\":\"tr\",\"potentialAction\":[{\"@type\":\"ReadAction\",\"target\":[\"https:\/\/egcollection.ist\/tr\/urun\/osmanli-hakkinda-kitaplar-168\/\"]}]},{\"@type\":\"ImageObject\",\"inLanguage\":\"tr\",\"@id\":\"https:\/\/egcollection.ist\/tr\/urun\/osmanli-hakkinda-kitaplar-168\/#primaryimage\",\"url\":\"https:\/\/egcollection.ist\/wp-content\/uploads\/2022\/07\/123268-scaled.jpg\",\"contentUrl\":\"https:\/\/egcollection.ist\/wp-content\/uploads\/2022\/07\/123268-scaled.jpg\",\"width\":2560,\"height\":1980},{\"@type\":\"BreadcrumbList\",\"@id\":\"https:\/\/egcollection.ist\/tr\/urun\/osmanli-hakkinda-kitaplar-168\/#breadcrumb\",\"itemListElement\":[{\"@type\":\"ListItem\",\"position\":1,\"name\":\"Home\",\"item\":\"https:\/\/egcollection.ist\/tr\/home\/\"},{\"@type\":\"ListItem\",\"position\":2,\"name\":\"Shop\",\"item\":\"https:\/\/egcollection.ist\/shop\/\"},{\"@type\":\"ListItem\",\"position\":3,\"name\":\"OSMANLI HAKKINDA K\u0130TAPLAR\"}]},{\"@type\":\"WebSite\",\"@id\":\"https:\/\/egcollection.ist\/tr\/#website\",\"url\":\"https:\/\/egcollection.ist\/tr\/\",\"name\":\"Emre Gurcay Collection\",\"description\":\"Antique Maps &amp; Books\",\"publisher\":{\"@id\":\"https:\/\/egcollection.ist\/tr\/#organization\"},\"potentialAction\":[{\"@type\":\"SearchAction\",\"target\":{\"@type\":\"EntryPoint\",\"urlTemplate\":\"https:\/\/egcollection.ist\/tr\/?s={search_term_string}\"},\"query-input\":{\"@type\":\"PropertyValueSpecification\",\"valueRequired\":true,\"valueName\":\"search_term_string\"}}],\"inLanguage\":\"tr\"},{\"@type\":\"Organization\",\"@id\":\"https:\/\/egcollection.ist\/tr\/#organization\",\"name\":\"Emre Gurcay Collection\",\"url\":\"https:\/\/egcollection.ist\/tr\/\",\"logo\":{\"@type\":\"ImageObject\",\"inLanguage\":\"tr\",\"@id\":\"https:\/\/egcollection.ist\/tr\/#\/schema\/logo\/image\/\",\"url\":\"https:\/\/egcollection.ist\/wp-content\/uploads\/2021\/11\/EGCollection-logo2-1.png\",\"contentUrl\":\"https:\/\/egcollection.ist\/wp-content\/uploads\/2021\/11\/EGCollection-logo2-1.png\",\"width\":230,\"height\":82,\"caption\":\"Emre Gurcay Collection\"},\"image\":{\"@id\":\"https:\/\/egcollection.ist\/tr\/#\/schema\/logo\/image\/\"},\"sameAs\":[\"https:\/\/www.instagram.com\/egcollection.ist\/\"]}]}<\/script>\n<!-- \/ Yoast SEO plugin. -->","yoast_head_json":{"title":"OSMANLI HAKKINDA K\u0130TAPLAR - Emre Gurcay Collection","robots":{"index":"index","follow":"follow","max-snippet":"max-snippet:-1","max-image-preview":"max-image-preview:large","max-video-preview":"max-video-preview:-1"},"canonical":"https:\/\/egcollection.ist\/tr\/urun\/osmanli-hakkinda-kitaplar-168\/","og_locale":"tr_TR","og_type":"article","og_title":"OSMANLI HAKKINDA K\u0130TAPLAR - Emre Gurcay Collection","og_description":"VOYAGE DU JEUNE ANACHARSIS EN GR\u00c8CE, DANS LE MILIEU DU QUATRIEME SIECLE AVANT L&#8217;ERE VULGAIRE BARTHELEMY, Jean-Jacques (1716-1795) Paris: De Bure, 1790 7 volumes Abb\u00e9 Barth\u00e9lemy ad\u0131yla da tan\u0131nan Frans\u0131z&hellip;","og_url":"https:\/\/egcollection.ist\/tr\/urun\/osmanli-hakkinda-kitaplar-168\/","og_site_name":"Emre Gurcay Collection","article_modified_time":"2022-07-06T07:18:29+00:00","og_image":[{"width":2560,"height":1980,"url":"https:\/\/egcollection.ist\/wp-content\/uploads\/2022\/07\/123268-scaled.jpg","type":"image\/jpeg"}],"twitter_card":"summary_large_image","twitter_misc":{"Tahmini okuma s\u00fcresi":"1 dakika"},"schema":{"@context":"https:\/\/schema.org","@graph":[{"@type":"WebPage","@id":"https:\/\/egcollection.ist\/tr\/urun\/osmanli-hakkinda-kitaplar-168\/","url":"https:\/\/egcollection.ist\/tr\/urun\/osmanli-hakkinda-kitaplar-168\/","name":"OSMANLI HAKKINDA K\u0130TAPLAR - Emre Gurcay Collection","isPartOf":{"@id":"https:\/\/egcollection.ist\/tr\/#website"},"primaryImageOfPage":{"@id":"https:\/\/egcollection.ist\/tr\/urun\/osmanli-hakkinda-kitaplar-168\/#primaryimage"},"image":{"@id":"https:\/\/egcollection.ist\/tr\/urun\/osmanli-hakkinda-kitaplar-168\/#primaryimage"},"thumbnailUrl":"https:\/\/egcollection.ist\/wp-content\/uploads\/2022\/07\/123268-scaled.jpg","datePublished":"2022-07-06T07:18:26+00:00","dateModified":"2022-07-06T07:18:29+00:00","breadcrumb":{"@id":"https:\/\/egcollection.ist\/tr\/urun\/osmanli-hakkinda-kitaplar-168\/#breadcrumb"},"inLanguage":"tr","potentialAction":[{"@type":"ReadAction","target":["https:\/\/egcollection.ist\/tr\/urun\/osmanli-hakkinda-kitaplar-168\/"]}]},{"@type":"ImageObject","inLanguage":"tr","@id":"https:\/\/egcollection.ist\/tr\/urun\/osmanli-hakkinda-kitaplar-168\/#primaryimage","url":"https:\/\/egcollection.ist\/wp-content\/uploads\/2022\/07\/123268-scaled.jpg","contentUrl":"https:\/\/egcollection.ist\/wp-content\/uploads\/2022\/07\/123268-scaled.jpg","width":2560,"height":1980},{"@type":"BreadcrumbList","@id":"https:\/\/egcollection.ist\/tr\/urun\/osmanli-hakkinda-kitaplar-168\/#breadcrumb","itemListElement":[{"@type":"ListItem","position":1,"name":"Home","item":"https:\/\/egcollection.ist\/tr\/home\/"},{"@type":"ListItem","position":2,"name":"Shop","item":"https:\/\/egcollection.ist\/shop\/"},{"@type":"ListItem","position":3,"name":"OSMANLI HAKKINDA K\u0130TAPLAR"}]},{"@type":"WebSite","@id":"https:\/\/egcollection.ist\/tr\/#website","url":"https:\/\/egcollection.ist\/tr\/","name":"Emre Gurcay Collection","description":"Antique Maps &amp; Books","publisher":{"@id":"https:\/\/egcollection.ist\/tr\/#organization"},"potentialAction":[{"@type":"SearchAction","target":{"@type":"EntryPoint","urlTemplate":"https:\/\/egcollection.ist\/tr\/?s={search_term_string}"},"query-input":{"@type":"PropertyValueSpecification","valueRequired":true,"valueName":"search_term_string"}}],"inLanguage":"tr"},{"@type":"Organization","@id":"https:\/\/egcollection.ist\/tr\/#organization","name":"Emre Gurcay Collection","url":"https:\/\/egcollection.ist\/tr\/","logo":{"@type":"ImageObject","inLanguage":"tr","@id":"https:\/\/egcollection.ist\/tr\/#\/schema\/logo\/image\/","url":"https:\/\/egcollection.ist\/wp-content\/uploads\/2021\/11\/EGCollection-logo2-1.png","contentUrl":"https:\/\/egcollection.ist\/wp-content\/uploads\/2021\/11\/EGCollection-logo2-1.png","width":230,"height":82,"caption":"Emre Gurcay Collection"},"image":{"@id":"https:\/\/egcollection.ist\/tr\/#\/schema\/logo\/image\/"},"sameAs":["https:\/\/www.instagram.com\/egcollection.ist\/"]}]}},"_links":{"self":[{"href":"https:\/\/egcollection.ist\/tr\/wp-json\/wp\/v2\/product\/4648","targetHints":{"allow":["GET"]}}],"collection":[{"href":"https:\/\/egcollection.ist\/tr\/wp-json\/wp\/v2\/product"}],"about":[{"href":"https:\/\/egcollection.ist\/tr\/wp-json\/wp\/v2\/types\/product"}],"wp:featuredmedia":[{"embeddable":true,"href":"https:\/\/egcollection.ist\/tr\/wp-json\/wp\/v2\/media\/19938"}],"wp:attachment":[{"href":"https:\/\/egcollection.ist\/tr\/wp-json\/wp\/v2\/media?parent=4648"}],"wp:term":[{"taxonomy":"product_brand","embeddable":true,"href":"https:\/\/egcollection.ist\/tr\/wp-json\/wp\/v2\/product_brand?post=4648"},{"taxonomy":"product_cat","embeddable":true,"href":"https:\/\/egcollection.ist\/tr\/wp-json\/wp\/v2\/product_cat?post=4648"},{"taxonomy":"product_tag","embeddable":true,"href":"https:\/\/egcollection.ist\/tr\/wp-json\/wp\/v2\/product_tag?post=4648"}],"curies":[{"name":"wp","href":"https:\/\/api.w.org\/{rel}","templated":true}]}}