{"id":4672,"date":"2022-07-05T15:53:59","date_gmt":"2022-07-06T07:18:48","guid":{"rendered":"http:\/\/egcollection.ist\/product\/osmanli-hakkinda-kitaplar-192\/"},"modified":"2022-07-06T07:18:56","modified_gmt":"2022-07-06T07:18:56","slug":"osmanli-hakkinda-kitaplar-192","status":"publish","type":"product","link":"https:\/\/egcollection.ist\/tr\/urun\/osmanli-hakkinda-kitaplar-192\/","title":{"rendered":"OSMANLI HAKKINDA K\u0130TAPLAR"},"content":{"rendered":"<p>A RELATION OF A JOURNEY BEGUN<br \/>\nAn: DOM: 1610<br \/>\nFoure Bookes Coutaining a Description of the Turkish Empire, of Aegypt, of the Holy Land, of the Remote Parts of Italt, and Islands Adjoyning<\/p>\n<p>SANDYS, George (1578-1644)<\/p>\n<p>London, 1650<\/p>\n<p>\u0130ngiliz as\u0131ll\u0131 \u015fair ve siyaset adam\u0131 George Sandys (1578-1644), Oxford&#8217;da \u00f6\u011frenim g\u00f6r\u00fcr, bir \u0130ngiltere kolonisi olan Virginia Company&#8217;de tar\u0131m ve end\u00fcstri konular\u0131nda veznedar mevkiinde bulunur. Antik Latin ozanlar\u0131 \u015fiirlerinin \u00e7evirisinde g\u00f6sterdi\u011fi \u00fcst\u00fcn yetenek y\u00fcz\u00fcnden ya\u015fad\u0131\u011f\u0131 devirde bu konuda bir otorite say\u0131lmaktayd\u0131. 1610-11 y\u0131llar\u0131nda Do\u011fu&#8217;ya seyahatine Fransa&#8217;dan yola \u00e7\u0131karak ba\u015flar. Venedik&#8217;ten gemiyle kalk\u0131p \u0130yon adalar\u0131, g\u00fcney Peloponez (Mora), Sak\u0131z, Midilli&#8217;ye u\u011frar ve \u00c7anakkale Bo\u011faz\u0131ndan ge\u00e7ip \u0130stanbul&#8217;a var\u0131r. Oradan gine gemiyle M\u0131s\u0131r&#8217;a gider, Sina da\u011f\u0131n\u0131, Kutsal Yerleri (Kud\u00fcs&#8217;\u00fc) ziyaret eder. D\u00f6n\u00fc\u015f\u00fcnde ise K\u0131br\u0131s, Sicilya, Napoli ve Roma&#8217;dan ge\u00e7er.<\/p>\n<p>\u00d6zenle ve ayr\u0131nt\u0131larla yaz\u0131lm\u0131\u015f ilk seyahatnamelerden biri olan yap\u0131t\u0131nda verdi\u011fi bilgileri antik kaynaklara yapt\u0131\u011f\u0131 ve sayfa kenarlar\u0131na ekledi\u011fi g\u00f6ndermelerle kan\u0131tlar. Bu seyahatname 16. y\u00fczy\u0131lda yaz\u0131lan seyahatname t\u00fcr\u00fcnden 17. y\u00fczy\u0131l\u0131nkine &#8220;ge\u00e7i\u015f&#8221;in habercisi olur. Co\u011frafya ile tarih hatta \u00f6zya\u015fam anlat\u0131s\u0131 aras\u0131nda gidip gelen de\u011fi\u015fken ve \u00e7eli\u015fik karakterli seyahatnamelerin bir \u00f6rne\u011fidir. Metinde bilgi aktar\u0131m\u0131n\u0131n ba\u015far\u0131labilmesi yolunda \u00f6zel bir gayret alg\u0131l\u0131yoruz. Bu bilgiler co\u011frafya ve insanbilim (antropoloji) i\u00e7erikli olup \u00f6zg\u00fcn ve nadir niteliktedir. Ayn\u0131 zamanda metnin ak\u0131\u015f\u0131 boyunca gezginin gittik\u00e7e derinli\u011fine inen yorumlay\u0131c\u0131 bak\u0131\u015f\u0131 araya girmekte.<\/p>\n<p>Metin aralar\u0131nda yer alan ve \u00f6zg\u00fcn konular sergileyen bak\u0131r grav\u00fcrlerle tamamlanan kitap zaman\u0131n co\u011frafya ve insanbilim bilgilerinin \u00e7o\u011falmas\u0131nda esasl\u0131 bir bi\u00e7imde katk\u0131da bulunur, almanca ve flamancaya \u00e7evrilir ve sadece 17. y\u00fczy\u0131l i\u00e7inde dokuz kez yeniden bas\u0131l\u0131r. Sandys \u0130ncil&#8217;den par\u00e7alar \u00e7evirisinden ba\u015fka (1621-26), Ovidius&#8217;un Metamorphoses adl\u0131 yap\u0131t\u0131n\u0131 \u00e7evirip a\u00e7\u0131klamalar e\u015fli\u011finde yay\u0131nlar. Bu yap\u0131t 1632&#8217;de felsefik \u00f6zdeyi\u015fler ve antik \u00e7a\u011f yazarlar\u0131ndan yorumlarla zenginle\u015fmi\u015f olarak, hatta Vergilius&#8217;un Aeneis destan\u0131n\u0131n bir k\u0131sm\u0131n\u0131n \u00e7evirisini de kapsayarak yay\u0131nlan\u0131nca Sandys \u00e7a\u011f\u0131n\u0131n entelekt\u00fceller d\u00fcnyas\u0131nda son derece sayg\u0131n bir konuma gelir.<\/p>\n","protected":false},"excerpt":{"rendered":"<p>A RELATION OF A JOURNEY BEGUN An: DOM: 1610 Foure Bookes Coutaining a Description of the Turkish Empire, of Aegypt, of the Holy Land, of the Remote Parts of Italt,&hellip;<\/p>\n","protected":false},"featured_media":13854,"template":"","meta":[],"product_brand":[],"product_cat":[56,57,92],"product_tag":[],"class_list":{"0":"post-4672","1":"product","2":"type-product","3":"status-publish","4":"has-post-thumbnail","6":"product_cat-kitap","7":"product_cat-osmanli-imparatorlugu","8":"product_cat-katalog","10":"first","11":"instock","12":"purchasable","13":"product-type-simple"},"yoast_head":"<!-- This site is optimized with the Yoast SEO plugin v24.9 - https:\/\/yoast.com\/wordpress\/plugins\/seo\/ -->\n<title>OSMANLI HAKKINDA K\u0130TAPLAR - Emre Gurcay Collection<\/title>\n<meta name=\"robots\" content=\"index, follow, max-snippet:-1, max-image-preview:large, max-video-preview:-1\" \/>\n<link rel=\"canonical\" href=\"https:\/\/egcollection.ist\/tr\/urun\/osmanli-hakkinda-kitaplar-192\/\" \/>\n<meta property=\"og:locale\" content=\"tr_TR\" \/>\n<meta property=\"og:type\" content=\"article\" \/>\n<meta property=\"og:title\" content=\"OSMANLI HAKKINDA K\u0130TAPLAR - Emre Gurcay Collection\" \/>\n<meta property=\"og:description\" content=\"A RELATION OF A JOURNEY BEGUN An: DOM: 1610 Foure Bookes Coutaining a Description of the Turkish Empire, of Aegypt, of the Holy Land, of the Remote Parts of Italt,&hellip;\" \/>\n<meta property=\"og:url\" content=\"https:\/\/egcollection.ist\/tr\/urun\/osmanli-hakkinda-kitaplar-192\/\" \/>\n<meta property=\"og:site_name\" content=\"Emre Gurcay Collection\" \/>\n<meta property=\"article:modified_time\" content=\"2022-07-06T07:18:56+00:00\" \/>\n<meta property=\"og:image\" content=\"https:\/\/egcollection.ist\/wp-content\/uploads\/2022\/07\/emre-kitap-270125856-scaled.jpg\" \/>\n\t<meta property=\"og:image:width\" content=\"2416\" \/>\n\t<meta property=\"og:image:height\" content=\"2560\" \/>\n\t<meta property=\"og:image:type\" content=\"image\/jpeg\" \/>\n<meta name=\"twitter:card\" content=\"summary_large_image\" \/>\n<meta name=\"twitter:label1\" content=\"Tahmini okuma s\u00fcresi\" \/>\n\t<meta name=\"twitter:data1\" content=\"2 dakika\" \/>\n<script type=\"application\/ld+json\" class=\"yoast-schema-graph\">{\"@context\":\"https:\/\/schema.org\",\"@graph\":[{\"@type\":\"WebPage\",\"@id\":\"https:\/\/egcollection.ist\/tr\/urun\/osmanli-hakkinda-kitaplar-192\/\",\"url\":\"https:\/\/egcollection.ist\/tr\/urun\/osmanli-hakkinda-kitaplar-192\/\",\"name\":\"OSMANLI HAKKINDA K\u0130TAPLAR - Emre Gurcay Collection\",\"isPartOf\":{\"@id\":\"https:\/\/egcollection.ist\/tr\/#website\"},\"primaryImageOfPage\":{\"@id\":\"https:\/\/egcollection.ist\/tr\/urun\/osmanli-hakkinda-kitaplar-192\/#primaryimage\"},\"image\":{\"@id\":\"https:\/\/egcollection.ist\/tr\/urun\/osmanli-hakkinda-kitaplar-192\/#primaryimage\"},\"thumbnailUrl\":\"https:\/\/egcollection.ist\/wp-content\/uploads\/2022\/07\/emre-kitap-270125856-scaled.jpg\",\"datePublished\":\"2022-07-06T07:18:48+00:00\",\"dateModified\":\"2022-07-06T07:18:56+00:00\",\"breadcrumb\":{\"@id\":\"https:\/\/egcollection.ist\/tr\/urun\/osmanli-hakkinda-kitaplar-192\/#breadcrumb\"},\"inLanguage\":\"tr\",\"potentialAction\":[{\"@type\":\"ReadAction\",\"target\":[\"https:\/\/egcollection.ist\/tr\/urun\/osmanli-hakkinda-kitaplar-192\/\"]}]},{\"@type\":\"ImageObject\",\"inLanguage\":\"tr\",\"@id\":\"https:\/\/egcollection.ist\/tr\/urun\/osmanli-hakkinda-kitaplar-192\/#primaryimage\",\"url\":\"https:\/\/egcollection.ist\/wp-content\/uploads\/2022\/07\/emre-kitap-270125856-scaled.jpg\",\"contentUrl\":\"https:\/\/egcollection.ist\/wp-content\/uploads\/2022\/07\/emre-kitap-270125856-scaled.jpg\",\"width\":2416,\"height\":2560},{\"@type\":\"BreadcrumbList\",\"@id\":\"https:\/\/egcollection.ist\/tr\/urun\/osmanli-hakkinda-kitaplar-192\/#breadcrumb\",\"itemListElement\":[{\"@type\":\"ListItem\",\"position\":1,\"name\":\"Home\",\"item\":\"https:\/\/egcollection.ist\/tr\/home\/\"},{\"@type\":\"ListItem\",\"position\":2,\"name\":\"Shop\",\"item\":\"https:\/\/egcollection.ist\/shop\/\"},{\"@type\":\"ListItem\",\"position\":3,\"name\":\"OSMANLI HAKKINDA K\u0130TAPLAR\"}]},{\"@type\":\"WebSite\",\"@id\":\"https:\/\/egcollection.ist\/tr\/#website\",\"url\":\"https:\/\/egcollection.ist\/tr\/\",\"name\":\"Emre Gurcay Collection\",\"description\":\"Antique Maps &amp; Books\",\"publisher\":{\"@id\":\"https:\/\/egcollection.ist\/tr\/#organization\"},\"potentialAction\":[{\"@type\":\"SearchAction\",\"target\":{\"@type\":\"EntryPoint\",\"urlTemplate\":\"https:\/\/egcollection.ist\/tr\/?s={search_term_string}\"},\"query-input\":{\"@type\":\"PropertyValueSpecification\",\"valueRequired\":true,\"valueName\":\"search_term_string\"}}],\"inLanguage\":\"tr\"},{\"@type\":\"Organization\",\"@id\":\"https:\/\/egcollection.ist\/tr\/#organization\",\"name\":\"Emre Gurcay Collection\",\"url\":\"https:\/\/egcollection.ist\/tr\/\",\"logo\":{\"@type\":\"ImageObject\",\"inLanguage\":\"tr\",\"@id\":\"https:\/\/egcollection.ist\/tr\/#\/schema\/logo\/image\/\",\"url\":\"https:\/\/egcollection.ist\/wp-content\/uploads\/2021\/11\/EGCollection-logo2-1.png\",\"contentUrl\":\"https:\/\/egcollection.ist\/wp-content\/uploads\/2021\/11\/EGCollection-logo2-1.png\",\"width\":230,\"height\":82,\"caption\":\"Emre Gurcay Collection\"},\"image\":{\"@id\":\"https:\/\/egcollection.ist\/tr\/#\/schema\/logo\/image\/\"},\"sameAs\":[\"https:\/\/www.instagram.com\/egcollection.ist\/\"]}]}<\/script>\n<!-- \/ Yoast SEO plugin. -->","yoast_head_json":{"title":"OSMANLI HAKKINDA K\u0130TAPLAR - Emre Gurcay Collection","robots":{"index":"index","follow":"follow","max-snippet":"max-snippet:-1","max-image-preview":"max-image-preview:large","max-video-preview":"max-video-preview:-1"},"canonical":"https:\/\/egcollection.ist\/tr\/urun\/osmanli-hakkinda-kitaplar-192\/","og_locale":"tr_TR","og_type":"article","og_title":"OSMANLI HAKKINDA K\u0130TAPLAR - Emre Gurcay Collection","og_description":"A RELATION OF A JOURNEY BEGUN An: DOM: 1610 Foure Bookes Coutaining a Description of the Turkish Empire, of Aegypt, of the Holy Land, of the Remote Parts of Italt,&hellip;","og_url":"https:\/\/egcollection.ist\/tr\/urun\/osmanli-hakkinda-kitaplar-192\/","og_site_name":"Emre Gurcay Collection","article_modified_time":"2022-07-06T07:18:56+00:00","og_image":[{"width":2416,"height":2560,"url":"https:\/\/egcollection.ist\/wp-content\/uploads\/2022\/07\/emre-kitap-270125856-scaled.jpg","type":"image\/jpeg"}],"twitter_card":"summary_large_image","twitter_misc":{"Tahmini okuma s\u00fcresi":"2 dakika"},"schema":{"@context":"https:\/\/schema.org","@graph":[{"@type":"WebPage","@id":"https:\/\/egcollection.ist\/tr\/urun\/osmanli-hakkinda-kitaplar-192\/","url":"https:\/\/egcollection.ist\/tr\/urun\/osmanli-hakkinda-kitaplar-192\/","name":"OSMANLI HAKKINDA K\u0130TAPLAR - Emre Gurcay Collection","isPartOf":{"@id":"https:\/\/egcollection.ist\/tr\/#website"},"primaryImageOfPage":{"@id":"https:\/\/egcollection.ist\/tr\/urun\/osmanli-hakkinda-kitaplar-192\/#primaryimage"},"image":{"@id":"https:\/\/egcollection.ist\/tr\/urun\/osmanli-hakkinda-kitaplar-192\/#primaryimage"},"thumbnailUrl":"https:\/\/egcollection.ist\/wp-content\/uploads\/2022\/07\/emre-kitap-270125856-scaled.jpg","datePublished":"2022-07-06T07:18:48+00:00","dateModified":"2022-07-06T07:18:56+00:00","breadcrumb":{"@id":"https:\/\/egcollection.ist\/tr\/urun\/osmanli-hakkinda-kitaplar-192\/#breadcrumb"},"inLanguage":"tr","potentialAction":[{"@type":"ReadAction","target":["https:\/\/egcollection.ist\/tr\/urun\/osmanli-hakkinda-kitaplar-192\/"]}]},{"@type":"ImageObject","inLanguage":"tr","@id":"https:\/\/egcollection.ist\/tr\/urun\/osmanli-hakkinda-kitaplar-192\/#primaryimage","url":"https:\/\/egcollection.ist\/wp-content\/uploads\/2022\/07\/emre-kitap-270125856-scaled.jpg","contentUrl":"https:\/\/egcollection.ist\/wp-content\/uploads\/2022\/07\/emre-kitap-270125856-scaled.jpg","width":2416,"height":2560},{"@type":"BreadcrumbList","@id":"https:\/\/egcollection.ist\/tr\/urun\/osmanli-hakkinda-kitaplar-192\/#breadcrumb","itemListElement":[{"@type":"ListItem","position":1,"name":"Home","item":"https:\/\/egcollection.ist\/tr\/home\/"},{"@type":"ListItem","position":2,"name":"Shop","item":"https:\/\/egcollection.ist\/shop\/"},{"@type":"ListItem","position":3,"name":"OSMANLI HAKKINDA K\u0130TAPLAR"}]},{"@type":"WebSite","@id":"https:\/\/egcollection.ist\/tr\/#website","url":"https:\/\/egcollection.ist\/tr\/","name":"Emre Gurcay Collection","description":"Antique Maps &amp; Books","publisher":{"@id":"https:\/\/egcollection.ist\/tr\/#organization"},"potentialAction":[{"@type":"SearchAction","target":{"@type":"EntryPoint","urlTemplate":"https:\/\/egcollection.ist\/tr\/?s={search_term_string}"},"query-input":{"@type":"PropertyValueSpecification","valueRequired":true,"valueName":"search_term_string"}}],"inLanguage":"tr"},{"@type":"Organization","@id":"https:\/\/egcollection.ist\/tr\/#organization","name":"Emre Gurcay Collection","url":"https:\/\/egcollection.ist\/tr\/","logo":{"@type":"ImageObject","inLanguage":"tr","@id":"https:\/\/egcollection.ist\/tr\/#\/schema\/logo\/image\/","url":"https:\/\/egcollection.ist\/wp-content\/uploads\/2021\/11\/EGCollection-logo2-1.png","contentUrl":"https:\/\/egcollection.ist\/wp-content\/uploads\/2021\/11\/EGCollection-logo2-1.png","width":230,"height":82,"caption":"Emre Gurcay Collection"},"image":{"@id":"https:\/\/egcollection.ist\/tr\/#\/schema\/logo\/image\/"},"sameAs":["https:\/\/www.instagram.com\/egcollection.ist\/"]}]}},"_links":{"self":[{"href":"https:\/\/egcollection.ist\/tr\/wp-json\/wp\/v2\/product\/4672","targetHints":{"allow":["GET"]}}],"collection":[{"href":"https:\/\/egcollection.ist\/tr\/wp-json\/wp\/v2\/product"}],"about":[{"href":"https:\/\/egcollection.ist\/tr\/wp-json\/wp\/v2\/types\/product"}],"wp:featuredmedia":[{"embeddable":true,"href":"https:\/\/egcollection.ist\/tr\/wp-json\/wp\/v2\/media\/13854"}],"wp:attachment":[{"href":"https:\/\/egcollection.ist\/tr\/wp-json\/wp\/v2\/media?parent=4672"}],"wp:term":[{"taxonomy":"product_brand","embeddable":true,"href":"https:\/\/egcollection.ist\/tr\/wp-json\/wp\/v2\/product_brand?post=4672"},{"taxonomy":"product_cat","embeddable":true,"href":"https:\/\/egcollection.ist\/tr\/wp-json\/wp\/v2\/product_cat?post=4672"},{"taxonomy":"product_tag","embeddable":true,"href":"https:\/\/egcollection.ist\/tr\/wp-json\/wp\/v2\/product_tag?post=4672"}],"curies":[{"name":"wp","href":"https:\/\/api.w.org\/{rel}","templated":true}]}}