{"id":4684,"date":"2022-07-05T15:53:59","date_gmt":"2022-07-06T07:18:48","guid":{"rendered":"http:\/\/egcollection.ist\/product\/istanbul-gravurleri-4\/"},"modified":"2022-07-06T07:19:06","modified_gmt":"2022-07-06T07:19:06","slug":"istanbul-gravurleri-4","status":"publish","type":"product","link":"https:\/\/egcollection.ist\/tr\/urun\/istanbul-gravurleri-4\/","title":{"rendered":"\u0130stanbul Grav\u00fcrleri"},"content":{"rendered":"<p>GATE OF THE SERAGLIO CONSTANTINOPLE<br \/>\nFROM THE PICTURE IN THE ROYAL COLLECTION<\/p>\n<p>Willmore, James Tibbetts (1800-1863) (Engraver)<br \/>\nDanby, Francis (1793-1861) (Artist)<\/p>\n<p>c. 1857, London<br \/>\n20 x 25 cm.<\/p>\n<p>Tufan. (The Deluge) eserinin yarat\u0131c\u0131s\u0131 \u00fcnl\u00fc \u0130rlandal\u0131 sanat\u00e7\u0131 Francis Danby&#8217;nin muhayyilesindeki \u0130stanbul ve Topkap\u0131 saray\u0131. Royal Collection&#8217;da bulunan eserinin grav\u00fcr\u00fc.<\/p>\n<p>Francis Danby (16 Kas\u0131m 1793 &#8211; 9 \u015eubat 1861) Romantik d\u00f6nem \u0130rlandal\u0131 bir manzara ressam\u0131d\u0131r. Bristol Okulu olarak bilinen bir grup sanat\u00e7\u0131n\u0131n ba\u015f fig\u00fcr\u00fc oldu. En ba\u015far\u0131l\u0131 d\u00f6nemi 1820&#8217;lerde Londra&#8217;da d\u0131r. Danby, John Martin ve J. M. W. Turner ile birlikte Romantik d\u00f6neminin \u00f6nde gelen \u0130ngiliz sanat\u00e7\u0131lar\u0131 aras\u0131nda say\u0131l\u0131r.<\/p>\n","protected":false},"excerpt":{"rendered":"<p>GATE OF THE SERAGLIO CONSTANTINOPLE FROM THE PICTURE IN THE ROYAL COLLECTION Willmore, James Tibbetts (1800-1863) (Engraver) Danby, Francis (1793-1861) (Artist) c. 1857, London 20 x 25 cm. Tufan. (The&hellip;<\/p>\n","protected":false},"featured_media":1975,"template":"","meta":[],"product_brand":[],"product_cat":[82,76],"product_tag":[],"class_list":{"0":"post-4684","1":"product","2":"type-product","3":"status-publish","4":"has-post-thumbnail","6":"product_cat-baskilar","7":"product_cat-istanbul-baskilari","9":"first","10":"instock","11":"purchasable","12":"product-type-simple"},"yoast_head":"<!-- This site is optimized with the Yoast SEO plugin v24.9 - https:\/\/yoast.com\/wordpress\/plugins\/seo\/ -->\n<title>\u0130stanbul Grav\u00fcrleri - Emre Gurcay Collection<\/title>\n<meta name=\"robots\" content=\"index, follow, max-snippet:-1, max-image-preview:large, max-video-preview:-1\" \/>\n<link rel=\"canonical\" href=\"https:\/\/egcollection.ist\/tr\/urun\/istanbul-gravurleri-4\/\" \/>\n<meta property=\"og:locale\" content=\"tr_TR\" \/>\n<meta property=\"og:type\" content=\"article\" \/>\n<meta property=\"og:title\" content=\"\u0130stanbul Grav\u00fcrleri - Emre Gurcay Collection\" \/>\n<meta property=\"og:description\" content=\"GATE OF THE SERAGLIO CONSTANTINOPLE FROM THE PICTURE IN THE ROYAL COLLECTION Willmore, James Tibbetts (1800-1863) (Engraver) Danby, Francis (1793-1861) (Artist) c. 1857, London 20 x 25 cm. Tufan. (The&hellip;\" \/>\n<meta property=\"og:url\" content=\"https:\/\/egcollection.ist\/tr\/urun\/istanbul-gravurleri-4\/\" \/>\n<meta property=\"og:site_name\" content=\"Emre Gurcay Collection\" \/>\n<meta property=\"article:modified_time\" content=\"2022-07-06T07:19:06+00:00\" \/>\n<meta property=\"og:image\" content=\"https:\/\/egcollection.ist\/wp-content\/uploads\/2022\/07\/Constantinople-Prints-and-Maps-0015.jpg\" \/>\n\t<meta property=\"og:image:width\" content=\"1920\" \/>\n\t<meta property=\"og:image:height\" content=\"1444\" \/>\n\t<meta property=\"og:image:type\" content=\"image\/jpeg\" \/>\n<meta name=\"twitter:card\" content=\"summary_large_image\" \/>\n<meta name=\"twitter:label1\" content=\"Tahmini okuma s\u00fcresi\" \/>\n\t<meta name=\"twitter:data1\" content=\"1 dakika\" \/>\n<script type=\"application\/ld+json\" class=\"yoast-schema-graph\">{\"@context\":\"https:\/\/schema.org\",\"@graph\":[{\"@type\":\"WebPage\",\"@id\":\"https:\/\/egcollection.ist\/tr\/urun\/istanbul-gravurleri-4\/\",\"url\":\"https:\/\/egcollection.ist\/tr\/urun\/istanbul-gravurleri-4\/\",\"name\":\"\u0130stanbul Grav\u00fcrleri - Emre Gurcay Collection\",\"isPartOf\":{\"@id\":\"https:\/\/egcollection.ist\/tr\/#website\"},\"primaryImageOfPage\":{\"@id\":\"https:\/\/egcollection.ist\/tr\/urun\/istanbul-gravurleri-4\/#primaryimage\"},\"image\":{\"@id\":\"https:\/\/egcollection.ist\/tr\/urun\/istanbul-gravurleri-4\/#primaryimage\"},\"thumbnailUrl\":\"https:\/\/egcollection.ist\/wp-content\/uploads\/2022\/07\/Constantinople-Prints-and-Maps-0015.jpg\",\"datePublished\":\"2022-07-06T07:18:48+00:00\",\"dateModified\":\"2022-07-06T07:19:06+00:00\",\"breadcrumb\":{\"@id\":\"https:\/\/egcollection.ist\/tr\/urun\/istanbul-gravurleri-4\/#breadcrumb\"},\"inLanguage\":\"tr\",\"potentialAction\":[{\"@type\":\"ReadAction\",\"target\":[\"https:\/\/egcollection.ist\/tr\/urun\/istanbul-gravurleri-4\/\"]}]},{\"@type\":\"ImageObject\",\"inLanguage\":\"tr\",\"@id\":\"https:\/\/egcollection.ist\/tr\/urun\/istanbul-gravurleri-4\/#primaryimage\",\"url\":\"https:\/\/egcollection.ist\/wp-content\/uploads\/2022\/07\/Constantinople-Prints-and-Maps-0015.jpg\",\"contentUrl\":\"https:\/\/egcollection.ist\/wp-content\/uploads\/2022\/07\/Constantinople-Prints-and-Maps-0015.jpg\",\"width\":1920,\"height\":1444},{\"@type\":\"BreadcrumbList\",\"@id\":\"https:\/\/egcollection.ist\/tr\/urun\/istanbul-gravurleri-4\/#breadcrumb\",\"itemListElement\":[{\"@type\":\"ListItem\",\"position\":1,\"name\":\"Home\",\"item\":\"https:\/\/egcollection.ist\/tr\/home\/\"},{\"@type\":\"ListItem\",\"position\":2,\"name\":\"Shop\",\"item\":\"https:\/\/egcollection.ist\/shop\/\"},{\"@type\":\"ListItem\",\"position\":3,\"name\":\"\u0130stanbul Grav\u00fcrleri\"}]},{\"@type\":\"WebSite\",\"@id\":\"https:\/\/egcollection.ist\/tr\/#website\",\"url\":\"https:\/\/egcollection.ist\/tr\/\",\"name\":\"Emre Gurcay Collection\",\"description\":\"Antique Maps &amp; Books\",\"publisher\":{\"@id\":\"https:\/\/egcollection.ist\/tr\/#organization\"},\"potentialAction\":[{\"@type\":\"SearchAction\",\"target\":{\"@type\":\"EntryPoint\",\"urlTemplate\":\"https:\/\/egcollection.ist\/tr\/?s={search_term_string}\"},\"query-input\":{\"@type\":\"PropertyValueSpecification\",\"valueRequired\":true,\"valueName\":\"search_term_string\"}}],\"inLanguage\":\"tr\"},{\"@type\":\"Organization\",\"@id\":\"https:\/\/egcollection.ist\/tr\/#organization\",\"name\":\"Emre Gurcay Collection\",\"url\":\"https:\/\/egcollection.ist\/tr\/\",\"logo\":{\"@type\":\"ImageObject\",\"inLanguage\":\"tr\",\"@id\":\"https:\/\/egcollection.ist\/tr\/#\/schema\/logo\/image\/\",\"url\":\"https:\/\/egcollection.ist\/wp-content\/uploads\/2021\/11\/EGCollection-logo2-1.png\",\"contentUrl\":\"https:\/\/egcollection.ist\/wp-content\/uploads\/2021\/11\/EGCollection-logo2-1.png\",\"width\":230,\"height\":82,\"caption\":\"Emre Gurcay Collection\"},\"image\":{\"@id\":\"https:\/\/egcollection.ist\/tr\/#\/schema\/logo\/image\/\"},\"sameAs\":[\"https:\/\/www.instagram.com\/egcollection.ist\/\"]}]}<\/script>\n<!-- \/ Yoast SEO plugin. -->","yoast_head_json":{"title":"\u0130stanbul Grav\u00fcrleri - Emre Gurcay Collection","robots":{"index":"index","follow":"follow","max-snippet":"max-snippet:-1","max-image-preview":"max-image-preview:large","max-video-preview":"max-video-preview:-1"},"canonical":"https:\/\/egcollection.ist\/tr\/urun\/istanbul-gravurleri-4\/","og_locale":"tr_TR","og_type":"article","og_title":"\u0130stanbul Grav\u00fcrleri - Emre Gurcay Collection","og_description":"GATE OF THE SERAGLIO CONSTANTINOPLE FROM THE PICTURE IN THE ROYAL COLLECTION Willmore, James Tibbetts (1800-1863) (Engraver) Danby, Francis (1793-1861) (Artist) c. 1857, London 20 x 25 cm. Tufan. (The&hellip;","og_url":"https:\/\/egcollection.ist\/tr\/urun\/istanbul-gravurleri-4\/","og_site_name":"Emre Gurcay Collection","article_modified_time":"2022-07-06T07:19:06+00:00","og_image":[{"width":1920,"height":1444,"url":"https:\/\/egcollection.ist\/wp-content\/uploads\/2022\/07\/Constantinople-Prints-and-Maps-0015.jpg","type":"image\/jpeg"}],"twitter_card":"summary_large_image","twitter_misc":{"Tahmini okuma s\u00fcresi":"1 dakika"},"schema":{"@context":"https:\/\/schema.org","@graph":[{"@type":"WebPage","@id":"https:\/\/egcollection.ist\/tr\/urun\/istanbul-gravurleri-4\/","url":"https:\/\/egcollection.ist\/tr\/urun\/istanbul-gravurleri-4\/","name":"\u0130stanbul Grav\u00fcrleri - Emre Gurcay Collection","isPartOf":{"@id":"https:\/\/egcollection.ist\/tr\/#website"},"primaryImageOfPage":{"@id":"https:\/\/egcollection.ist\/tr\/urun\/istanbul-gravurleri-4\/#primaryimage"},"image":{"@id":"https:\/\/egcollection.ist\/tr\/urun\/istanbul-gravurleri-4\/#primaryimage"},"thumbnailUrl":"https:\/\/egcollection.ist\/wp-content\/uploads\/2022\/07\/Constantinople-Prints-and-Maps-0015.jpg","datePublished":"2022-07-06T07:18:48+00:00","dateModified":"2022-07-06T07:19:06+00:00","breadcrumb":{"@id":"https:\/\/egcollection.ist\/tr\/urun\/istanbul-gravurleri-4\/#breadcrumb"},"inLanguage":"tr","potentialAction":[{"@type":"ReadAction","target":["https:\/\/egcollection.ist\/tr\/urun\/istanbul-gravurleri-4\/"]}]},{"@type":"ImageObject","inLanguage":"tr","@id":"https:\/\/egcollection.ist\/tr\/urun\/istanbul-gravurleri-4\/#primaryimage","url":"https:\/\/egcollection.ist\/wp-content\/uploads\/2022\/07\/Constantinople-Prints-and-Maps-0015.jpg","contentUrl":"https:\/\/egcollection.ist\/wp-content\/uploads\/2022\/07\/Constantinople-Prints-and-Maps-0015.jpg","width":1920,"height":1444},{"@type":"BreadcrumbList","@id":"https:\/\/egcollection.ist\/tr\/urun\/istanbul-gravurleri-4\/#breadcrumb","itemListElement":[{"@type":"ListItem","position":1,"name":"Home","item":"https:\/\/egcollection.ist\/tr\/home\/"},{"@type":"ListItem","position":2,"name":"Shop","item":"https:\/\/egcollection.ist\/shop\/"},{"@type":"ListItem","position":3,"name":"\u0130stanbul Grav\u00fcrleri"}]},{"@type":"WebSite","@id":"https:\/\/egcollection.ist\/tr\/#website","url":"https:\/\/egcollection.ist\/tr\/","name":"Emre Gurcay Collection","description":"Antique Maps &amp; Books","publisher":{"@id":"https:\/\/egcollection.ist\/tr\/#organization"},"potentialAction":[{"@type":"SearchAction","target":{"@type":"EntryPoint","urlTemplate":"https:\/\/egcollection.ist\/tr\/?s={search_term_string}"},"query-input":{"@type":"PropertyValueSpecification","valueRequired":true,"valueName":"search_term_string"}}],"inLanguage":"tr"},{"@type":"Organization","@id":"https:\/\/egcollection.ist\/tr\/#organization","name":"Emre Gurcay Collection","url":"https:\/\/egcollection.ist\/tr\/","logo":{"@type":"ImageObject","inLanguage":"tr","@id":"https:\/\/egcollection.ist\/tr\/#\/schema\/logo\/image\/","url":"https:\/\/egcollection.ist\/wp-content\/uploads\/2021\/11\/EGCollection-logo2-1.png","contentUrl":"https:\/\/egcollection.ist\/wp-content\/uploads\/2021\/11\/EGCollection-logo2-1.png","width":230,"height":82,"caption":"Emre Gurcay Collection"},"image":{"@id":"https:\/\/egcollection.ist\/tr\/#\/schema\/logo\/image\/"},"sameAs":["https:\/\/www.instagram.com\/egcollection.ist\/"]}]}},"_links":{"self":[{"href":"https:\/\/egcollection.ist\/tr\/wp-json\/wp\/v2\/product\/4684","targetHints":{"allow":["GET"]}}],"collection":[{"href":"https:\/\/egcollection.ist\/tr\/wp-json\/wp\/v2\/product"}],"about":[{"href":"https:\/\/egcollection.ist\/tr\/wp-json\/wp\/v2\/types\/product"}],"wp:featuredmedia":[{"embeddable":true,"href":"https:\/\/egcollection.ist\/tr\/wp-json\/wp\/v2\/media\/1975"}],"wp:attachment":[{"href":"https:\/\/egcollection.ist\/tr\/wp-json\/wp\/v2\/media?parent=4684"}],"wp:term":[{"taxonomy":"product_brand","embeddable":true,"href":"https:\/\/egcollection.ist\/tr\/wp-json\/wp\/v2\/product_brand?post=4684"},{"taxonomy":"product_cat","embeddable":true,"href":"https:\/\/egcollection.ist\/tr\/wp-json\/wp\/v2\/product_cat?post=4684"},{"taxonomy":"product_tag","embeddable":true,"href":"https:\/\/egcollection.ist\/tr\/wp-json\/wp\/v2\/product_tag?post=4684"}],"curies":[{"name":"wp","href":"https:\/\/api.w.org\/{rel}","templated":true}]}}