{"id":4705,"date":"2022-07-05T15:54:18","date_gmt":"2022-07-06T07:19:10","guid":{"rendered":"http:\/\/egcollection.ist\/product\/istanbul-gravurleri-25\/"},"modified":"2022-07-06T07:19:20","modified_gmt":"2022-07-06T07:19:20","slug":"istanbul-gravurleri-25","status":"publish","type":"product","link":"https:\/\/egcollection.ist\/tr\/urun\/istanbul-gravurleri-25\/","title":{"rendered":"\u0130stanbul Grav\u00fcrleri"},"content":{"rendered":"<p>VEUE DE LA VILLE ET DU PORT DE CONSTANTINOPLE<br \/>\nDe FER, Nicolas<\/p>\n<p>c.1700, Paris<\/p>\n<p>23.5 x 33.5 cm.<\/p>\n<p> charming, and scarce, bird&#8217;s eye perspective view of Constantinople (Istanbul), from De Fer&#8217;s L&#8217;Atlas Curieux ou Le Monde Repr\u00e9sent\u00e9 dans des Cartes G\u00e9n\u00e9rales et Particuli\u00e8res du Ciel et de la T\u00e9rre. The map views the City from Calcedonia and Scutari, looking across the Thracian Bosphorus towards the Golden Horn. The waters are populated by numerus sailing vessels and smaller rowboats. Seraglio point is central, across the water from Pera and the distinctive outline of the Galata Tower. A number of key sites are labelled, including the S\u00fcleymaniye Mosque, the Palace of Constantine, the Gardens of Topkap\u0131 Palace, the Tower of Leander, and the Tower of Belisarius. Surprisingly, Istanbul&#8217;s most famous landmark, the Hagia Sofia, is not listed.<\/p>\n<p>Nicolas de Fer (c.1646-1720) was a leading French cartographer and publisher of maps. The youngest son of the Parisian printer and card publisher Antoine de Fer, he began training as an engraver at the age of twelve. After the death of his father in 1673, de Fer took over his publishing house. He published numerous atlases, and specialised in maps that included new borders and newly conquered territories, as well as maps of cities. In 1690 he became official geographer to the French Dauphin and published his first Atlas of the Coasts of France. Within the next thirty years he acquired additional royal support, becoming official geographer to the Spanish King (formerly the French Duke of Anjou) in 1702, and after the death of the Dauphin in 1711, official geographer to both Spanish and French kings, and in the final year of his life, G\u00e9ographe ordinaire de sa Majest\u00e9 Catholique.<\/p>\n","protected":false},"excerpt":{"rendered":"<p>VEUE DE LA VILLE ET DU PORT DE CONSTANTINOPLE De FER, Nicolas c.1700, Paris 23.5 x 33.5 cm. charming, and scarce, bird&#8217;s eye perspective view of Constantinople (Istanbul), from De&hellip;<\/p>\n","protected":false},"featured_media":11655,"template":"","meta":[],"product_brand":[],"product_cat":[82,76],"product_tag":[],"class_list":{"0":"post-4705","1":"product","2":"type-product","3":"status-publish","4":"has-post-thumbnail","6":"product_cat-baskilar","7":"product_cat-istanbul-baskilari","9":"first","10":"instock","11":"purchasable","12":"product-type-simple"},"yoast_head":"<!-- This site is optimized with the Yoast SEO plugin v24.9 - https:\/\/yoast.com\/wordpress\/plugins\/seo\/ -->\n<title>\u0130stanbul Grav\u00fcrleri - Emre Gurcay Collection<\/title>\n<meta name=\"robots\" content=\"index, follow, max-snippet:-1, max-image-preview:large, max-video-preview:-1\" \/>\n<link rel=\"canonical\" href=\"https:\/\/egcollection.ist\/tr\/urun\/istanbul-gravurleri-25\/\" \/>\n<meta property=\"og:locale\" content=\"tr_TR\" \/>\n<meta property=\"og:type\" content=\"article\" \/>\n<meta property=\"og:title\" content=\"\u0130stanbul Grav\u00fcrleri - Emre Gurcay Collection\" \/>\n<meta property=\"og:description\" content=\"VEUE DE LA VILLE ET DU PORT DE CONSTANTINOPLE De FER, Nicolas c.1700, Paris 23.5 x 33.5 cm. charming, and scarce, bird&#8217;s eye perspective view of Constantinople (Istanbul), from De&hellip;\" \/>\n<meta property=\"og:url\" content=\"https:\/\/egcollection.ist\/tr\/urun\/istanbul-gravurleri-25\/\" \/>\n<meta property=\"og:site_name\" content=\"Emre Gurcay Collection\" \/>\n<meta property=\"article:modified_time\" content=\"2022-07-06T07:19:20+00:00\" \/>\n<meta property=\"og:image\" content=\"https:\/\/egcollection.ist\/wp-content\/uploads\/2022\/07\/COP111125-scaled.jpg\" \/>\n\t<meta property=\"og:image:width\" content=\"2560\" \/>\n\t<meta property=\"og:image:height\" content=\"1811\" \/>\n\t<meta property=\"og:image:type\" content=\"image\/jpeg\" \/>\n<meta name=\"twitter:card\" content=\"summary_large_image\" \/>\n<meta name=\"twitter:label1\" content=\"Tahmini okuma s\u00fcresi\" \/>\n\t<meta name=\"twitter:data1\" content=\"1 dakika\" \/>\n<script type=\"application\/ld+json\" class=\"yoast-schema-graph\">{\"@context\":\"https:\/\/schema.org\",\"@graph\":[{\"@type\":\"WebPage\",\"@id\":\"https:\/\/egcollection.ist\/tr\/urun\/istanbul-gravurleri-25\/\",\"url\":\"https:\/\/egcollection.ist\/tr\/urun\/istanbul-gravurleri-25\/\",\"name\":\"\u0130stanbul Grav\u00fcrleri - Emre Gurcay Collection\",\"isPartOf\":{\"@id\":\"https:\/\/egcollection.ist\/tr\/#website\"},\"primaryImageOfPage\":{\"@id\":\"https:\/\/egcollection.ist\/tr\/urun\/istanbul-gravurleri-25\/#primaryimage\"},\"image\":{\"@id\":\"https:\/\/egcollection.ist\/tr\/urun\/istanbul-gravurleri-25\/#primaryimage\"},\"thumbnailUrl\":\"https:\/\/egcollection.ist\/wp-content\/uploads\/2022\/07\/COP111125-scaled.jpg\",\"datePublished\":\"2022-07-06T07:19:10+00:00\",\"dateModified\":\"2022-07-06T07:19:20+00:00\",\"breadcrumb\":{\"@id\":\"https:\/\/egcollection.ist\/tr\/urun\/istanbul-gravurleri-25\/#breadcrumb\"},\"inLanguage\":\"tr\",\"potentialAction\":[{\"@type\":\"ReadAction\",\"target\":[\"https:\/\/egcollection.ist\/tr\/urun\/istanbul-gravurleri-25\/\"]}]},{\"@type\":\"ImageObject\",\"inLanguage\":\"tr\",\"@id\":\"https:\/\/egcollection.ist\/tr\/urun\/istanbul-gravurleri-25\/#primaryimage\",\"url\":\"https:\/\/egcollection.ist\/wp-content\/uploads\/2022\/07\/COP111125-scaled.jpg\",\"contentUrl\":\"https:\/\/egcollection.ist\/wp-content\/uploads\/2022\/07\/COP111125-scaled.jpg\",\"width\":2560,\"height\":1811},{\"@type\":\"BreadcrumbList\",\"@id\":\"https:\/\/egcollection.ist\/tr\/urun\/istanbul-gravurleri-25\/#breadcrumb\",\"itemListElement\":[{\"@type\":\"ListItem\",\"position\":1,\"name\":\"Home\",\"item\":\"https:\/\/egcollection.ist\/tr\/home\/\"},{\"@type\":\"ListItem\",\"position\":2,\"name\":\"Shop\",\"item\":\"https:\/\/egcollection.ist\/shop\/\"},{\"@type\":\"ListItem\",\"position\":3,\"name\":\"\u0130stanbul Grav\u00fcrleri\"}]},{\"@type\":\"WebSite\",\"@id\":\"https:\/\/egcollection.ist\/tr\/#website\",\"url\":\"https:\/\/egcollection.ist\/tr\/\",\"name\":\"Emre Gurcay Collection\",\"description\":\"Antique Maps &amp; Books\",\"publisher\":{\"@id\":\"https:\/\/egcollection.ist\/tr\/#organization\"},\"potentialAction\":[{\"@type\":\"SearchAction\",\"target\":{\"@type\":\"EntryPoint\",\"urlTemplate\":\"https:\/\/egcollection.ist\/tr\/?s={search_term_string}\"},\"query-input\":{\"@type\":\"PropertyValueSpecification\",\"valueRequired\":true,\"valueName\":\"search_term_string\"}}],\"inLanguage\":\"tr\"},{\"@type\":\"Organization\",\"@id\":\"https:\/\/egcollection.ist\/tr\/#organization\",\"name\":\"Emre Gurcay Collection\",\"url\":\"https:\/\/egcollection.ist\/tr\/\",\"logo\":{\"@type\":\"ImageObject\",\"inLanguage\":\"tr\",\"@id\":\"https:\/\/egcollection.ist\/tr\/#\/schema\/logo\/image\/\",\"url\":\"https:\/\/egcollection.ist\/wp-content\/uploads\/2021\/11\/EGCollection-logo2-1.png\",\"contentUrl\":\"https:\/\/egcollection.ist\/wp-content\/uploads\/2021\/11\/EGCollection-logo2-1.png\",\"width\":230,\"height\":82,\"caption\":\"Emre Gurcay Collection\"},\"image\":{\"@id\":\"https:\/\/egcollection.ist\/tr\/#\/schema\/logo\/image\/\"},\"sameAs\":[\"https:\/\/www.instagram.com\/egcollection.ist\/\"]}]}<\/script>\n<!-- \/ Yoast SEO plugin. -->","yoast_head_json":{"title":"\u0130stanbul Grav\u00fcrleri - Emre Gurcay Collection","robots":{"index":"index","follow":"follow","max-snippet":"max-snippet:-1","max-image-preview":"max-image-preview:large","max-video-preview":"max-video-preview:-1"},"canonical":"https:\/\/egcollection.ist\/tr\/urun\/istanbul-gravurleri-25\/","og_locale":"tr_TR","og_type":"article","og_title":"\u0130stanbul Grav\u00fcrleri - Emre Gurcay Collection","og_description":"VEUE DE LA VILLE ET DU PORT DE CONSTANTINOPLE De FER, Nicolas c.1700, Paris 23.5 x 33.5 cm. charming, and scarce, bird&#8217;s eye perspective view of Constantinople (Istanbul), from De&hellip;","og_url":"https:\/\/egcollection.ist\/tr\/urun\/istanbul-gravurleri-25\/","og_site_name":"Emre Gurcay Collection","article_modified_time":"2022-07-06T07:19:20+00:00","og_image":[{"width":2560,"height":1811,"url":"https:\/\/egcollection.ist\/wp-content\/uploads\/2022\/07\/COP111125-scaled.jpg","type":"image\/jpeg"}],"twitter_card":"summary_large_image","twitter_misc":{"Tahmini okuma s\u00fcresi":"1 dakika"},"schema":{"@context":"https:\/\/schema.org","@graph":[{"@type":"WebPage","@id":"https:\/\/egcollection.ist\/tr\/urun\/istanbul-gravurleri-25\/","url":"https:\/\/egcollection.ist\/tr\/urun\/istanbul-gravurleri-25\/","name":"\u0130stanbul Grav\u00fcrleri - Emre Gurcay Collection","isPartOf":{"@id":"https:\/\/egcollection.ist\/tr\/#website"},"primaryImageOfPage":{"@id":"https:\/\/egcollection.ist\/tr\/urun\/istanbul-gravurleri-25\/#primaryimage"},"image":{"@id":"https:\/\/egcollection.ist\/tr\/urun\/istanbul-gravurleri-25\/#primaryimage"},"thumbnailUrl":"https:\/\/egcollection.ist\/wp-content\/uploads\/2022\/07\/COP111125-scaled.jpg","datePublished":"2022-07-06T07:19:10+00:00","dateModified":"2022-07-06T07:19:20+00:00","breadcrumb":{"@id":"https:\/\/egcollection.ist\/tr\/urun\/istanbul-gravurleri-25\/#breadcrumb"},"inLanguage":"tr","potentialAction":[{"@type":"ReadAction","target":["https:\/\/egcollection.ist\/tr\/urun\/istanbul-gravurleri-25\/"]}]},{"@type":"ImageObject","inLanguage":"tr","@id":"https:\/\/egcollection.ist\/tr\/urun\/istanbul-gravurleri-25\/#primaryimage","url":"https:\/\/egcollection.ist\/wp-content\/uploads\/2022\/07\/COP111125-scaled.jpg","contentUrl":"https:\/\/egcollection.ist\/wp-content\/uploads\/2022\/07\/COP111125-scaled.jpg","width":2560,"height":1811},{"@type":"BreadcrumbList","@id":"https:\/\/egcollection.ist\/tr\/urun\/istanbul-gravurleri-25\/#breadcrumb","itemListElement":[{"@type":"ListItem","position":1,"name":"Home","item":"https:\/\/egcollection.ist\/tr\/home\/"},{"@type":"ListItem","position":2,"name":"Shop","item":"https:\/\/egcollection.ist\/shop\/"},{"@type":"ListItem","position":3,"name":"\u0130stanbul Grav\u00fcrleri"}]},{"@type":"WebSite","@id":"https:\/\/egcollection.ist\/tr\/#website","url":"https:\/\/egcollection.ist\/tr\/","name":"Emre Gurcay Collection","description":"Antique Maps &amp; Books","publisher":{"@id":"https:\/\/egcollection.ist\/tr\/#organization"},"potentialAction":[{"@type":"SearchAction","target":{"@type":"EntryPoint","urlTemplate":"https:\/\/egcollection.ist\/tr\/?s={search_term_string}"},"query-input":{"@type":"PropertyValueSpecification","valueRequired":true,"valueName":"search_term_string"}}],"inLanguage":"tr"},{"@type":"Organization","@id":"https:\/\/egcollection.ist\/tr\/#organization","name":"Emre Gurcay Collection","url":"https:\/\/egcollection.ist\/tr\/","logo":{"@type":"ImageObject","inLanguage":"tr","@id":"https:\/\/egcollection.ist\/tr\/#\/schema\/logo\/image\/","url":"https:\/\/egcollection.ist\/wp-content\/uploads\/2021\/11\/EGCollection-logo2-1.png","contentUrl":"https:\/\/egcollection.ist\/wp-content\/uploads\/2021\/11\/EGCollection-logo2-1.png","width":230,"height":82,"caption":"Emre Gurcay Collection"},"image":{"@id":"https:\/\/egcollection.ist\/tr\/#\/schema\/logo\/image\/"},"sameAs":["https:\/\/www.instagram.com\/egcollection.ist\/"]}]}},"_links":{"self":[{"href":"https:\/\/egcollection.ist\/tr\/wp-json\/wp\/v2\/product\/4705","targetHints":{"allow":["GET"]}}],"collection":[{"href":"https:\/\/egcollection.ist\/tr\/wp-json\/wp\/v2\/product"}],"about":[{"href":"https:\/\/egcollection.ist\/tr\/wp-json\/wp\/v2\/types\/product"}],"wp:featuredmedia":[{"embeddable":true,"href":"https:\/\/egcollection.ist\/tr\/wp-json\/wp\/v2\/media\/11655"}],"wp:attachment":[{"href":"https:\/\/egcollection.ist\/tr\/wp-json\/wp\/v2\/media?parent=4705"}],"wp:term":[{"taxonomy":"product_brand","embeddable":true,"href":"https:\/\/egcollection.ist\/tr\/wp-json\/wp\/v2\/product_brand?post=4705"},{"taxonomy":"product_cat","embeddable":true,"href":"https:\/\/egcollection.ist\/tr\/wp-json\/wp\/v2\/product_cat?post=4705"},{"taxonomy":"product_tag","embeddable":true,"href":"https:\/\/egcollection.ist\/tr\/wp-json\/wp\/v2\/product_tag?post=4705"}],"curies":[{"name":"wp","href":"https:\/\/api.w.org\/{rel}","templated":true}]}}