{"id":4708,"date":"2022-07-05T15:54:28","date_gmt":"2022-07-06T07:19:23","guid":{"rendered":"http:\/\/egcollection.ist\/product\/istanbul-gravurleri-28\/"},"modified":"2022-07-06T07:19:25","modified_gmt":"2022-07-06T07:19:25","slug":"istanbul-gravurleri-28","status":"publish","type":"product","link":"https:\/\/egcollection.ist\/tr\/urun\/istanbul-gravurleri-28\/","title":{"rendered":"\u0130stanbul Grav\u00fcrleri"},"content":{"rendered":"<p>Vue du CHAMP DES MORTS, pr\u00e8s Pera<br \/>\nAntoine Ignace MELLING (1763-1831)<br \/>\n1819, Paris<\/p>\n<p>from &#8220;Voyage pittoresque de Constantinople et des rives du Bosphore, 1819&#8221;<\/p>\n<p>47 x 89 cm.<\/p>\n<p>Antoine Ignace Melling was an artist and architect. He lived in Constantinople for 18 years where he studied the Ottoman Court. He was imperial architect to Ottoman Sultan Selim III and Hatice Sultana and later landscape painter to the Empress Josephine of France. His most influential work is published as &#8220;Voyage pittoresque de Constantinople et des rives du Bosphore&#8221; which this plate is from.<\/p>\n","protected":false},"excerpt":{"rendered":"<p>Vue du CHAMP DES MORTS, pr\u00e8s Pera Antoine Ignace MELLING (1763-1831) 1819, Paris from &#8220;Voyage pittoresque de Constantinople et des rives du Bosphore, 1819&#8221; 47 x 89 cm. Antoine Ignace&hellip;<\/p>\n","protected":false},"featured_media":2629,"template":"","meta":[],"product_brand":[],"product_cat":[82,76,84],"product_tag":[],"class_list":{"0":"post-4708","1":"product","2":"type-product","3":"status-publish","4":"has-post-thumbnail","6":"product_cat-baskilar","7":"product_cat-istanbul-baskilari","8":"product_cat-panoramalar-baskilar","10":"first","11":"instock","12":"purchasable","13":"product-type-simple"},"yoast_head":"<!-- This site is optimized with the Yoast SEO plugin v24.9 - https:\/\/yoast.com\/wordpress\/plugins\/seo\/ -->\n<title>\u0130stanbul Grav\u00fcrleri - Emre Gurcay Collection<\/title>\n<meta name=\"robots\" content=\"index, follow, max-snippet:-1, max-image-preview:large, max-video-preview:-1\" \/>\n<link rel=\"canonical\" href=\"https:\/\/egcollection.ist\/tr\/urun\/istanbul-gravurleri-28\/\" \/>\n<meta property=\"og:locale\" content=\"tr_TR\" \/>\n<meta property=\"og:type\" content=\"article\" \/>\n<meta property=\"og:title\" content=\"\u0130stanbul Grav\u00fcrleri - Emre Gurcay Collection\" \/>\n<meta property=\"og:description\" content=\"Vue du CHAMP DES MORTS, pr\u00e8s Pera Antoine Ignace MELLING (1763-1831) 1819, Paris from &#8220;Voyage pittoresque de Constantinople et des rives du Bosphore, 1819&#8221; 47 x 89 cm. Antoine Ignace&hellip;\" \/>\n<meta property=\"og:url\" content=\"https:\/\/egcollection.ist\/tr\/urun\/istanbul-gravurleri-28\/\" \/>\n<meta property=\"og:site_name\" content=\"Emre Gurcay Collection\" \/>\n<meta property=\"article:modified_time\" content=\"2022-07-06T07:19:25+00:00\" \/>\n<meta property=\"og:image\" content=\"https:\/\/egcollection.ist\/wp-content\/uploads\/2022\/07\/Constantinople-Prints-and-Maps-0089.jpg\" \/>\n\t<meta property=\"og:image:width\" content=\"1920\" \/>\n\t<meta property=\"og:image:height\" content=\"1211\" \/>\n\t<meta property=\"og:image:type\" content=\"image\/jpeg\" \/>\n<meta name=\"twitter:card\" content=\"summary_large_image\" \/>\n<script type=\"application\/ld+json\" class=\"yoast-schema-graph\">{\"@context\":\"https:\/\/schema.org\",\"@graph\":[{\"@type\":\"WebPage\",\"@id\":\"https:\/\/egcollection.ist\/tr\/urun\/istanbul-gravurleri-28\/\",\"url\":\"https:\/\/egcollection.ist\/tr\/urun\/istanbul-gravurleri-28\/\",\"name\":\"\u0130stanbul Grav\u00fcrleri - Emre Gurcay Collection\",\"isPartOf\":{\"@id\":\"https:\/\/egcollection.ist\/tr\/#website\"},\"primaryImageOfPage\":{\"@id\":\"https:\/\/egcollection.ist\/tr\/urun\/istanbul-gravurleri-28\/#primaryimage\"},\"image\":{\"@id\":\"https:\/\/egcollection.ist\/tr\/urun\/istanbul-gravurleri-28\/#primaryimage\"},\"thumbnailUrl\":\"https:\/\/egcollection.ist\/wp-content\/uploads\/2022\/07\/Constantinople-Prints-and-Maps-0089.jpg\",\"datePublished\":\"2022-07-06T07:19:23+00:00\",\"dateModified\":\"2022-07-06T07:19:25+00:00\",\"breadcrumb\":{\"@id\":\"https:\/\/egcollection.ist\/tr\/urun\/istanbul-gravurleri-28\/#breadcrumb\"},\"inLanguage\":\"tr\",\"potentialAction\":[{\"@type\":\"ReadAction\",\"target\":[\"https:\/\/egcollection.ist\/tr\/urun\/istanbul-gravurleri-28\/\"]}]},{\"@type\":\"ImageObject\",\"inLanguage\":\"tr\",\"@id\":\"https:\/\/egcollection.ist\/tr\/urun\/istanbul-gravurleri-28\/#primaryimage\",\"url\":\"https:\/\/egcollection.ist\/wp-content\/uploads\/2022\/07\/Constantinople-Prints-and-Maps-0089.jpg\",\"contentUrl\":\"https:\/\/egcollection.ist\/wp-content\/uploads\/2022\/07\/Constantinople-Prints-and-Maps-0089.jpg\",\"width\":1920,\"height\":1211},{\"@type\":\"BreadcrumbList\",\"@id\":\"https:\/\/egcollection.ist\/tr\/urun\/istanbul-gravurleri-28\/#breadcrumb\",\"itemListElement\":[{\"@type\":\"ListItem\",\"position\":1,\"name\":\"Home\",\"item\":\"https:\/\/egcollection.ist\/tr\/home\/\"},{\"@type\":\"ListItem\",\"position\":2,\"name\":\"Shop\",\"item\":\"https:\/\/egcollection.ist\/shop\/\"},{\"@type\":\"ListItem\",\"position\":3,\"name\":\"\u0130stanbul Grav\u00fcrleri\"}]},{\"@type\":\"WebSite\",\"@id\":\"https:\/\/egcollection.ist\/tr\/#website\",\"url\":\"https:\/\/egcollection.ist\/tr\/\",\"name\":\"Emre Gurcay Collection\",\"description\":\"Antique Maps &amp; Books\",\"publisher\":{\"@id\":\"https:\/\/egcollection.ist\/tr\/#organization\"},\"potentialAction\":[{\"@type\":\"SearchAction\",\"target\":{\"@type\":\"EntryPoint\",\"urlTemplate\":\"https:\/\/egcollection.ist\/tr\/?s={search_term_string}\"},\"query-input\":{\"@type\":\"PropertyValueSpecification\",\"valueRequired\":true,\"valueName\":\"search_term_string\"}}],\"inLanguage\":\"tr\"},{\"@type\":\"Organization\",\"@id\":\"https:\/\/egcollection.ist\/tr\/#organization\",\"name\":\"Emre Gurcay Collection\",\"url\":\"https:\/\/egcollection.ist\/tr\/\",\"logo\":{\"@type\":\"ImageObject\",\"inLanguage\":\"tr\",\"@id\":\"https:\/\/egcollection.ist\/tr\/#\/schema\/logo\/image\/\",\"url\":\"https:\/\/egcollection.ist\/wp-content\/uploads\/2021\/11\/EGCollection-logo2-1.png\",\"contentUrl\":\"https:\/\/egcollection.ist\/wp-content\/uploads\/2021\/11\/EGCollection-logo2-1.png\",\"width\":230,\"height\":82,\"caption\":\"Emre Gurcay Collection\"},\"image\":{\"@id\":\"https:\/\/egcollection.ist\/tr\/#\/schema\/logo\/image\/\"},\"sameAs\":[\"https:\/\/www.instagram.com\/egcollection.ist\/\"]}]}<\/script>\n<!-- \/ Yoast SEO plugin. -->","yoast_head_json":{"title":"\u0130stanbul Grav\u00fcrleri - Emre Gurcay Collection","robots":{"index":"index","follow":"follow","max-snippet":"max-snippet:-1","max-image-preview":"max-image-preview:large","max-video-preview":"max-video-preview:-1"},"canonical":"https:\/\/egcollection.ist\/tr\/urun\/istanbul-gravurleri-28\/","og_locale":"tr_TR","og_type":"article","og_title":"\u0130stanbul Grav\u00fcrleri - Emre Gurcay Collection","og_description":"Vue du CHAMP DES MORTS, pr\u00e8s Pera Antoine Ignace MELLING (1763-1831) 1819, Paris from &#8220;Voyage pittoresque de Constantinople et des rives du Bosphore, 1819&#8221; 47 x 89 cm. Antoine Ignace&hellip;","og_url":"https:\/\/egcollection.ist\/tr\/urun\/istanbul-gravurleri-28\/","og_site_name":"Emre Gurcay Collection","article_modified_time":"2022-07-06T07:19:25+00:00","og_image":[{"width":1920,"height":1211,"url":"https:\/\/egcollection.ist\/wp-content\/uploads\/2022\/07\/Constantinople-Prints-and-Maps-0089.jpg","type":"image\/jpeg"}],"twitter_card":"summary_large_image","schema":{"@context":"https:\/\/schema.org","@graph":[{"@type":"WebPage","@id":"https:\/\/egcollection.ist\/tr\/urun\/istanbul-gravurleri-28\/","url":"https:\/\/egcollection.ist\/tr\/urun\/istanbul-gravurleri-28\/","name":"\u0130stanbul Grav\u00fcrleri - Emre Gurcay Collection","isPartOf":{"@id":"https:\/\/egcollection.ist\/tr\/#website"},"primaryImageOfPage":{"@id":"https:\/\/egcollection.ist\/tr\/urun\/istanbul-gravurleri-28\/#primaryimage"},"image":{"@id":"https:\/\/egcollection.ist\/tr\/urun\/istanbul-gravurleri-28\/#primaryimage"},"thumbnailUrl":"https:\/\/egcollection.ist\/wp-content\/uploads\/2022\/07\/Constantinople-Prints-and-Maps-0089.jpg","datePublished":"2022-07-06T07:19:23+00:00","dateModified":"2022-07-06T07:19:25+00:00","breadcrumb":{"@id":"https:\/\/egcollection.ist\/tr\/urun\/istanbul-gravurleri-28\/#breadcrumb"},"inLanguage":"tr","potentialAction":[{"@type":"ReadAction","target":["https:\/\/egcollection.ist\/tr\/urun\/istanbul-gravurleri-28\/"]}]},{"@type":"ImageObject","inLanguage":"tr","@id":"https:\/\/egcollection.ist\/tr\/urun\/istanbul-gravurleri-28\/#primaryimage","url":"https:\/\/egcollection.ist\/wp-content\/uploads\/2022\/07\/Constantinople-Prints-and-Maps-0089.jpg","contentUrl":"https:\/\/egcollection.ist\/wp-content\/uploads\/2022\/07\/Constantinople-Prints-and-Maps-0089.jpg","width":1920,"height":1211},{"@type":"BreadcrumbList","@id":"https:\/\/egcollection.ist\/tr\/urun\/istanbul-gravurleri-28\/#breadcrumb","itemListElement":[{"@type":"ListItem","position":1,"name":"Home","item":"https:\/\/egcollection.ist\/tr\/home\/"},{"@type":"ListItem","position":2,"name":"Shop","item":"https:\/\/egcollection.ist\/shop\/"},{"@type":"ListItem","position":3,"name":"\u0130stanbul Grav\u00fcrleri"}]},{"@type":"WebSite","@id":"https:\/\/egcollection.ist\/tr\/#website","url":"https:\/\/egcollection.ist\/tr\/","name":"Emre Gurcay Collection","description":"Antique Maps &amp; Books","publisher":{"@id":"https:\/\/egcollection.ist\/tr\/#organization"},"potentialAction":[{"@type":"SearchAction","target":{"@type":"EntryPoint","urlTemplate":"https:\/\/egcollection.ist\/tr\/?s={search_term_string}"},"query-input":{"@type":"PropertyValueSpecification","valueRequired":true,"valueName":"search_term_string"}}],"inLanguage":"tr"},{"@type":"Organization","@id":"https:\/\/egcollection.ist\/tr\/#organization","name":"Emre Gurcay Collection","url":"https:\/\/egcollection.ist\/tr\/","logo":{"@type":"ImageObject","inLanguage":"tr","@id":"https:\/\/egcollection.ist\/tr\/#\/schema\/logo\/image\/","url":"https:\/\/egcollection.ist\/wp-content\/uploads\/2021\/11\/EGCollection-logo2-1.png","contentUrl":"https:\/\/egcollection.ist\/wp-content\/uploads\/2021\/11\/EGCollection-logo2-1.png","width":230,"height":82,"caption":"Emre Gurcay Collection"},"image":{"@id":"https:\/\/egcollection.ist\/tr\/#\/schema\/logo\/image\/"},"sameAs":["https:\/\/www.instagram.com\/egcollection.ist\/"]}]}},"_links":{"self":[{"href":"https:\/\/egcollection.ist\/tr\/wp-json\/wp\/v2\/product\/4708","targetHints":{"allow":["GET"]}}],"collection":[{"href":"https:\/\/egcollection.ist\/tr\/wp-json\/wp\/v2\/product"}],"about":[{"href":"https:\/\/egcollection.ist\/tr\/wp-json\/wp\/v2\/types\/product"}],"wp:featuredmedia":[{"embeddable":true,"href":"https:\/\/egcollection.ist\/tr\/wp-json\/wp\/v2\/media\/2629"}],"wp:attachment":[{"href":"https:\/\/egcollection.ist\/tr\/wp-json\/wp\/v2\/media?parent=4708"}],"wp:term":[{"taxonomy":"product_brand","embeddable":true,"href":"https:\/\/egcollection.ist\/tr\/wp-json\/wp\/v2\/product_brand?post=4708"},{"taxonomy":"product_cat","embeddable":true,"href":"https:\/\/egcollection.ist\/tr\/wp-json\/wp\/v2\/product_cat?post=4708"},{"taxonomy":"product_tag","embeddable":true,"href":"https:\/\/egcollection.ist\/tr\/wp-json\/wp\/v2\/product_tag?post=4708"}],"curies":[{"name":"wp","href":"https:\/\/api.w.org\/{rel}","templated":true}]}}