{"id":4734,"date":"2022-07-05T15:54:40","date_gmt":"2022-07-06T07:19:39","guid":{"rendered":"http:\/\/egcollection.ist\/product\/istanbul-gravurleri-54\/"},"modified":"2022-07-06T07:19:45","modified_gmt":"2022-07-06T07:19:45","slug":"istanbul-gravurleri-54","status":"publish","type":"product","link":"https:\/\/egcollection.ist\/tr\/urun\/istanbul-gravurleri-54\/","title":{"rendered":"\u0130stanbul Grav\u00fcrleri"},"content":{"rendered":"<p>Constantinopolis ampli\u00dfima potenti\u00dfima et magnificenti\u00dfima urbs et fedes Imperatoris Trucici in Provincia Romania ad Bosphorum Thraci\u00e6 sita = ; Constantinopel die gr\u00f6\u00dfest, m\u00e4chtigst u. Pr\u00e4chtigste Residenz Stadt des T\u00fcrck. Kaysers in der Prov. Romanien am Bosph. Thracico gelegen<\/p>\n<p>SEUTTER, Matthaeus, (1678-1756)<\/p>\n<p>1730, Augsburg<\/p>\n<p>32 x 57 cm.<\/p>\n","protected":false},"excerpt":{"rendered":"<p>Constantinopolis ampli\u00dfima potenti\u00dfima et magnificenti\u00dfima urbs et fedes Imperatoris Trucici in Provincia Romania ad Bosphorum Thraci\u00e6 sita = ; Constantinopel die gr\u00f6\u00dfest, m\u00e4chtigst u. Pr\u00e4chtigste Residenz Stadt des T\u00fcrck. Kaysers&hellip;<\/p>\n","protected":false},"featured_media":11673,"template":"","meta":[],"product_brand":[],"product_cat":[82,76,84],"product_tag":[],"class_list":{"0":"post-4734","1":"product","2":"type-product","3":"status-publish","4":"has-post-thumbnail","6":"product_cat-baskilar","7":"product_cat-istanbul-baskilari","8":"product_cat-panoramalar-baskilar","10":"first","11":"instock","12":"purchasable","13":"product-type-simple"},"yoast_head":"<!-- This site is optimized with the Yoast SEO plugin v24.9 - https:\/\/yoast.com\/wordpress\/plugins\/seo\/ -->\n<title>\u0130stanbul Grav\u00fcrleri - Emre Gurcay Collection<\/title>\n<meta name=\"robots\" content=\"index, follow, max-snippet:-1, max-image-preview:large, max-video-preview:-1\" \/>\n<link rel=\"canonical\" href=\"https:\/\/egcollection.ist\/tr\/urun\/istanbul-gravurleri-54\/\" \/>\n<meta property=\"og:locale\" content=\"tr_TR\" \/>\n<meta property=\"og:type\" content=\"article\" \/>\n<meta property=\"og:title\" content=\"\u0130stanbul Grav\u00fcrleri - Emre Gurcay Collection\" \/>\n<meta property=\"og:description\" content=\"Constantinopolis ampli\u00dfima potenti\u00dfima et magnificenti\u00dfima urbs et fedes Imperatoris Trucici in Provincia Romania ad Bosphorum Thraci\u00e6 sita = ; Constantinopel die gr\u00f6\u00dfest, m\u00e4chtigst u. Pr\u00e4chtigste Residenz Stadt des T\u00fcrck. Kaysers&hellip;\" \/>\n<meta property=\"og:url\" content=\"https:\/\/egcollection.ist\/tr\/urun\/istanbul-gravurleri-54\/\" \/>\n<meta property=\"og:site_name\" content=\"Emre Gurcay Collection\" \/>\n<meta property=\"article:modified_time\" content=\"2022-07-06T07:19:45+00:00\" \/>\n<meta property=\"og:image\" content=\"https:\/\/egcollection.ist\/wp-content\/uploads\/2022\/07\/COP-111154-1024x891.jpg\" \/>\n\t<meta property=\"og:image:width\" content=\"1024\" \/>\n\t<meta property=\"og:image:height\" content=\"891\" \/>\n\t<meta property=\"og:image:type\" content=\"image\/jpeg\" \/>\n<meta name=\"twitter:card\" content=\"summary_large_image\" \/>\n<script type=\"application\/ld+json\" class=\"yoast-schema-graph\">{\"@context\":\"https:\/\/schema.org\",\"@graph\":[{\"@type\":\"WebPage\",\"@id\":\"https:\/\/egcollection.ist\/tr\/urun\/istanbul-gravurleri-54\/\",\"url\":\"https:\/\/egcollection.ist\/tr\/urun\/istanbul-gravurleri-54\/\",\"name\":\"\u0130stanbul Grav\u00fcrleri - Emre Gurcay Collection\",\"isPartOf\":{\"@id\":\"https:\/\/egcollection.ist\/tr\/#website\"},\"primaryImageOfPage\":{\"@id\":\"https:\/\/egcollection.ist\/tr\/urun\/istanbul-gravurleri-54\/#primaryimage\"},\"image\":{\"@id\":\"https:\/\/egcollection.ist\/tr\/urun\/istanbul-gravurleri-54\/#primaryimage\"},\"thumbnailUrl\":\"https:\/\/egcollection.ist\/wp-content\/uploads\/2022\/07\/COP-111154-scaled.jpg\",\"datePublished\":\"2022-07-06T07:19:39+00:00\",\"dateModified\":\"2022-07-06T07:19:45+00:00\",\"breadcrumb\":{\"@id\":\"https:\/\/egcollection.ist\/tr\/urun\/istanbul-gravurleri-54\/#breadcrumb\"},\"inLanguage\":\"tr\",\"potentialAction\":[{\"@type\":\"ReadAction\",\"target\":[\"https:\/\/egcollection.ist\/tr\/urun\/istanbul-gravurleri-54\/\"]}]},{\"@type\":\"ImageObject\",\"inLanguage\":\"tr\",\"@id\":\"https:\/\/egcollection.ist\/tr\/urun\/istanbul-gravurleri-54\/#primaryimage\",\"url\":\"https:\/\/egcollection.ist\/wp-content\/uploads\/2022\/07\/COP-111154-scaled.jpg\",\"contentUrl\":\"https:\/\/egcollection.ist\/wp-content\/uploads\/2022\/07\/COP-111154-scaled.jpg\",\"width\":2560,\"height\":2228},{\"@type\":\"BreadcrumbList\",\"@id\":\"https:\/\/egcollection.ist\/tr\/urun\/istanbul-gravurleri-54\/#breadcrumb\",\"itemListElement\":[{\"@type\":\"ListItem\",\"position\":1,\"name\":\"Home\",\"item\":\"https:\/\/egcollection.ist\/tr\/home\/\"},{\"@type\":\"ListItem\",\"position\":2,\"name\":\"Shop\",\"item\":\"https:\/\/egcollection.ist\/shop\/\"},{\"@type\":\"ListItem\",\"position\":3,\"name\":\"\u0130stanbul Grav\u00fcrleri\"}]},{\"@type\":\"WebSite\",\"@id\":\"https:\/\/egcollection.ist\/tr\/#website\",\"url\":\"https:\/\/egcollection.ist\/tr\/\",\"name\":\"Emre Gurcay Collection\",\"description\":\"Antique Maps &amp; Books\",\"publisher\":{\"@id\":\"https:\/\/egcollection.ist\/tr\/#organization\"},\"potentialAction\":[{\"@type\":\"SearchAction\",\"target\":{\"@type\":\"EntryPoint\",\"urlTemplate\":\"https:\/\/egcollection.ist\/tr\/?s={search_term_string}\"},\"query-input\":{\"@type\":\"PropertyValueSpecification\",\"valueRequired\":true,\"valueName\":\"search_term_string\"}}],\"inLanguage\":\"tr\"},{\"@type\":\"Organization\",\"@id\":\"https:\/\/egcollection.ist\/tr\/#organization\",\"name\":\"Emre Gurcay Collection\",\"url\":\"https:\/\/egcollection.ist\/tr\/\",\"logo\":{\"@type\":\"ImageObject\",\"inLanguage\":\"tr\",\"@id\":\"https:\/\/egcollection.ist\/tr\/#\/schema\/logo\/image\/\",\"url\":\"https:\/\/egcollection.ist\/wp-content\/uploads\/2021\/11\/EGCollection-logo2-1.png\",\"contentUrl\":\"https:\/\/egcollection.ist\/wp-content\/uploads\/2021\/11\/EGCollection-logo2-1.png\",\"width\":230,\"height\":82,\"caption\":\"Emre Gurcay Collection\"},\"image\":{\"@id\":\"https:\/\/egcollection.ist\/tr\/#\/schema\/logo\/image\/\"},\"sameAs\":[\"https:\/\/www.instagram.com\/egcollection.ist\/\"]}]}<\/script>\n<!-- \/ Yoast SEO plugin. -->","yoast_head_json":{"title":"\u0130stanbul Grav\u00fcrleri - Emre Gurcay Collection","robots":{"index":"index","follow":"follow","max-snippet":"max-snippet:-1","max-image-preview":"max-image-preview:large","max-video-preview":"max-video-preview:-1"},"canonical":"https:\/\/egcollection.ist\/tr\/urun\/istanbul-gravurleri-54\/","og_locale":"tr_TR","og_type":"article","og_title":"\u0130stanbul Grav\u00fcrleri - Emre Gurcay Collection","og_description":"Constantinopolis ampli\u00dfima potenti\u00dfima et magnificenti\u00dfima urbs et fedes Imperatoris Trucici in Provincia Romania ad Bosphorum Thraci\u00e6 sita = ; Constantinopel die gr\u00f6\u00dfest, m\u00e4chtigst u. Pr\u00e4chtigste Residenz Stadt des T\u00fcrck. Kaysers&hellip;","og_url":"https:\/\/egcollection.ist\/tr\/urun\/istanbul-gravurleri-54\/","og_site_name":"Emre Gurcay Collection","article_modified_time":"2022-07-06T07:19:45+00:00","og_image":[{"width":1024,"height":891,"url":"https:\/\/egcollection.ist\/wp-content\/uploads\/2022\/07\/COP-111154-1024x891.jpg","type":"image\/jpeg"}],"twitter_card":"summary_large_image","schema":{"@context":"https:\/\/schema.org","@graph":[{"@type":"WebPage","@id":"https:\/\/egcollection.ist\/tr\/urun\/istanbul-gravurleri-54\/","url":"https:\/\/egcollection.ist\/tr\/urun\/istanbul-gravurleri-54\/","name":"\u0130stanbul Grav\u00fcrleri - Emre Gurcay Collection","isPartOf":{"@id":"https:\/\/egcollection.ist\/tr\/#website"},"primaryImageOfPage":{"@id":"https:\/\/egcollection.ist\/tr\/urun\/istanbul-gravurleri-54\/#primaryimage"},"image":{"@id":"https:\/\/egcollection.ist\/tr\/urun\/istanbul-gravurleri-54\/#primaryimage"},"thumbnailUrl":"https:\/\/egcollection.ist\/wp-content\/uploads\/2022\/07\/COP-111154-scaled.jpg","datePublished":"2022-07-06T07:19:39+00:00","dateModified":"2022-07-06T07:19:45+00:00","breadcrumb":{"@id":"https:\/\/egcollection.ist\/tr\/urun\/istanbul-gravurleri-54\/#breadcrumb"},"inLanguage":"tr","potentialAction":[{"@type":"ReadAction","target":["https:\/\/egcollection.ist\/tr\/urun\/istanbul-gravurleri-54\/"]}]},{"@type":"ImageObject","inLanguage":"tr","@id":"https:\/\/egcollection.ist\/tr\/urun\/istanbul-gravurleri-54\/#primaryimage","url":"https:\/\/egcollection.ist\/wp-content\/uploads\/2022\/07\/COP-111154-scaled.jpg","contentUrl":"https:\/\/egcollection.ist\/wp-content\/uploads\/2022\/07\/COP-111154-scaled.jpg","width":2560,"height":2228},{"@type":"BreadcrumbList","@id":"https:\/\/egcollection.ist\/tr\/urun\/istanbul-gravurleri-54\/#breadcrumb","itemListElement":[{"@type":"ListItem","position":1,"name":"Home","item":"https:\/\/egcollection.ist\/tr\/home\/"},{"@type":"ListItem","position":2,"name":"Shop","item":"https:\/\/egcollection.ist\/shop\/"},{"@type":"ListItem","position":3,"name":"\u0130stanbul Grav\u00fcrleri"}]},{"@type":"WebSite","@id":"https:\/\/egcollection.ist\/tr\/#website","url":"https:\/\/egcollection.ist\/tr\/","name":"Emre Gurcay Collection","description":"Antique Maps &amp; Books","publisher":{"@id":"https:\/\/egcollection.ist\/tr\/#organization"},"potentialAction":[{"@type":"SearchAction","target":{"@type":"EntryPoint","urlTemplate":"https:\/\/egcollection.ist\/tr\/?s={search_term_string}"},"query-input":{"@type":"PropertyValueSpecification","valueRequired":true,"valueName":"search_term_string"}}],"inLanguage":"tr"},{"@type":"Organization","@id":"https:\/\/egcollection.ist\/tr\/#organization","name":"Emre Gurcay Collection","url":"https:\/\/egcollection.ist\/tr\/","logo":{"@type":"ImageObject","inLanguage":"tr","@id":"https:\/\/egcollection.ist\/tr\/#\/schema\/logo\/image\/","url":"https:\/\/egcollection.ist\/wp-content\/uploads\/2021\/11\/EGCollection-logo2-1.png","contentUrl":"https:\/\/egcollection.ist\/wp-content\/uploads\/2021\/11\/EGCollection-logo2-1.png","width":230,"height":82,"caption":"Emre Gurcay Collection"},"image":{"@id":"https:\/\/egcollection.ist\/tr\/#\/schema\/logo\/image\/"},"sameAs":["https:\/\/www.instagram.com\/egcollection.ist\/"]}]}},"_links":{"self":[{"href":"https:\/\/egcollection.ist\/tr\/wp-json\/wp\/v2\/product\/4734","targetHints":{"allow":["GET"]}}],"collection":[{"href":"https:\/\/egcollection.ist\/tr\/wp-json\/wp\/v2\/product"}],"about":[{"href":"https:\/\/egcollection.ist\/tr\/wp-json\/wp\/v2\/types\/product"}],"wp:featuredmedia":[{"embeddable":true,"href":"https:\/\/egcollection.ist\/tr\/wp-json\/wp\/v2\/media\/11673"}],"wp:attachment":[{"href":"https:\/\/egcollection.ist\/tr\/wp-json\/wp\/v2\/media?parent=4734"}],"wp:term":[{"taxonomy":"product_brand","embeddable":true,"href":"https:\/\/egcollection.ist\/tr\/wp-json\/wp\/v2\/product_brand?post=4734"},{"taxonomy":"product_cat","embeddable":true,"href":"https:\/\/egcollection.ist\/tr\/wp-json\/wp\/v2\/product_cat?post=4734"},{"taxonomy":"product_tag","embeddable":true,"href":"https:\/\/egcollection.ist\/tr\/wp-json\/wp\/v2\/product_tag?post=4734"}],"curies":[{"name":"wp","href":"https:\/\/api.w.org\/{rel}","templated":true}]}}