{"id":4749,"date":"2022-07-05T15:54:52","date_gmt":"2022-07-06T07:19:54","guid":{"rendered":"http:\/\/egcollection.ist\/product\/istanbul-gravurleri-69\/"},"modified":"2022-07-06T07:19:56","modified_gmt":"2022-07-06T07:19:56","slug":"istanbul-gravurleri-69","status":"publish","type":"product","link":"https:\/\/egcollection.ist\/tr\/urun\/istanbul-gravurleri-69\/","title":{"rendered":"\u0130stanbul Grav\u00fcrleri"},"content":{"rendered":"<p>De expugnatione Constantinopolis. . . Folium CCLXXIIII<br \/>\nSCHEDEL, H.<\/p>\n<p>44.0 x 31.0 cm.<\/p>\n<p>One of the first wood block printed views of Istanbul (232 x 227mm.) The great walls of the city appear intact as the view is from the south, thus not revealing the damage inflicted by the canons used by Mehmet the Conqueror when he finally seized what was often called the \u2018Golden Apple\u2019 in 1453.<\/p>\n<p>The pillar on which stood the famed statue of Constantine the Great is featured, as is Hagia Sophia along with many of the churches extant at that time. The famed chains used to control travel and to extort payment for use of the waterway are clearly illustrated, and sections of these very chains may be seen today in the Archaeological Museum of Istanbul.<\/p>\n<p>Page from the richest illustrated Incunabula, the famous: Nuremberg Chronicle, published the year that Columbus returned to Europe after discovering America.<br \/>\nThe woodblock cutters were Michael Wolgemut, the well-known teacher of Albrecht D\u00fcrer, and his stepson Wilhelm Pleydenwurff. Wohlgemut was Albrecht D\u00fcrer&#8217;s tutor between 1486-90 and recent scholarship has shown, Albrecht D\u00fcrer may also have collaborated, since some of the cuts bear a remarkably close resemblance to the Apocalypse illustrations.<br \/>\nThe printing was carried out under the supervision of the great scholar-printer Anton Koberger, whose printing were famous throughout Europe<\/p>\n","protected":false},"excerpt":{"rendered":"<p>De expugnatione Constantinopolis. . . Folium CCLXXIIII SCHEDEL, H. 44.0 x 31.0 cm. One of the first wood block printed views of Istanbul (232 x 227mm.) The great walls of&hellip;<\/p>\n","protected":false},"featured_media":3675,"template":"","meta":[],"product_brand":[],"product_cat":[82,76],"product_tag":[],"class_list":{"0":"post-4749","1":"product","2":"type-product","3":"status-publish","4":"has-post-thumbnail","6":"product_cat-baskilar","7":"product_cat-istanbul-baskilari","9":"first","10":"instock","11":"purchasable","12":"product-type-simple"},"yoast_head":"<!-- This site is optimized with the Yoast SEO plugin v24.9 - https:\/\/yoast.com\/wordpress\/plugins\/seo\/ -->\n<title>\u0130stanbul Grav\u00fcrleri - Emre Gurcay Collection<\/title>\n<meta name=\"robots\" content=\"index, follow, max-snippet:-1, max-image-preview:large, max-video-preview:-1\" \/>\n<link rel=\"canonical\" href=\"https:\/\/egcollection.ist\/tr\/urun\/istanbul-gravurleri-69\/\" \/>\n<meta property=\"og:locale\" content=\"tr_TR\" \/>\n<meta property=\"og:type\" content=\"article\" \/>\n<meta property=\"og:title\" content=\"\u0130stanbul Grav\u00fcrleri - Emre Gurcay Collection\" \/>\n<meta property=\"og:description\" content=\"De expugnatione Constantinopolis. . . Folium CCLXXIIII SCHEDEL, H. 44.0 x 31.0 cm. One of the first wood block printed views of Istanbul (232 x 227mm.) The great walls of&hellip;\" \/>\n<meta property=\"og:url\" content=\"https:\/\/egcollection.ist\/tr\/urun\/istanbul-gravurleri-69\/\" \/>\n<meta property=\"og:site_name\" content=\"Emre Gurcay Collection\" \/>\n<meta property=\"article:modified_time\" content=\"2022-07-06T07:19:56+00:00\" \/>\n<meta property=\"og:image\" content=\"https:\/\/egcollection.ist\/wp-content\/uploads\/2022\/07\/Constantinople-Prints-and-Maps-00532-scaled.jpg\" \/>\n\t<meta property=\"og:image:width\" content=\"1858\" \/>\n\t<meta property=\"og:image:height\" content=\"2560\" \/>\n\t<meta property=\"og:image:type\" content=\"image\/jpeg\" \/>\n<meta name=\"twitter:card\" content=\"summary_large_image\" \/>\n<meta name=\"twitter:label1\" content=\"Tahmini okuma s\u00fcresi\" \/>\n\t<meta name=\"twitter:data1\" content=\"1 dakika\" \/>\n<script type=\"application\/ld+json\" class=\"yoast-schema-graph\">{\"@context\":\"https:\/\/schema.org\",\"@graph\":[{\"@type\":\"WebPage\",\"@id\":\"https:\/\/egcollection.ist\/tr\/urun\/istanbul-gravurleri-69\/\",\"url\":\"https:\/\/egcollection.ist\/tr\/urun\/istanbul-gravurleri-69\/\",\"name\":\"\u0130stanbul Grav\u00fcrleri - Emre Gurcay Collection\",\"isPartOf\":{\"@id\":\"https:\/\/egcollection.ist\/tr\/#website\"},\"primaryImageOfPage\":{\"@id\":\"https:\/\/egcollection.ist\/tr\/urun\/istanbul-gravurleri-69\/#primaryimage\"},\"image\":{\"@id\":\"https:\/\/egcollection.ist\/tr\/urun\/istanbul-gravurleri-69\/#primaryimage\"},\"thumbnailUrl\":\"https:\/\/egcollection.ist\/wp-content\/uploads\/2022\/07\/Constantinople-Prints-and-Maps-00532-scaled.jpg\",\"datePublished\":\"2022-07-06T07:19:54+00:00\",\"dateModified\":\"2022-07-06T07:19:56+00:00\",\"breadcrumb\":{\"@id\":\"https:\/\/egcollection.ist\/tr\/urun\/istanbul-gravurleri-69\/#breadcrumb\"},\"inLanguage\":\"tr\",\"potentialAction\":[{\"@type\":\"ReadAction\",\"target\":[\"https:\/\/egcollection.ist\/tr\/urun\/istanbul-gravurleri-69\/\"]}]},{\"@type\":\"ImageObject\",\"inLanguage\":\"tr\",\"@id\":\"https:\/\/egcollection.ist\/tr\/urun\/istanbul-gravurleri-69\/#primaryimage\",\"url\":\"https:\/\/egcollection.ist\/wp-content\/uploads\/2022\/07\/Constantinople-Prints-and-Maps-00532-scaled.jpg\",\"contentUrl\":\"https:\/\/egcollection.ist\/wp-content\/uploads\/2022\/07\/Constantinople-Prints-and-Maps-00532-scaled.jpg\",\"width\":1858,\"height\":2560},{\"@type\":\"BreadcrumbList\",\"@id\":\"https:\/\/egcollection.ist\/tr\/urun\/istanbul-gravurleri-69\/#breadcrumb\",\"itemListElement\":[{\"@type\":\"ListItem\",\"position\":1,\"name\":\"Home\",\"item\":\"https:\/\/egcollection.ist\/tr\/home\/\"},{\"@type\":\"ListItem\",\"position\":2,\"name\":\"Shop\",\"item\":\"https:\/\/egcollection.ist\/shop\/\"},{\"@type\":\"ListItem\",\"position\":3,\"name\":\"\u0130stanbul Grav\u00fcrleri\"}]},{\"@type\":\"WebSite\",\"@id\":\"https:\/\/egcollection.ist\/tr\/#website\",\"url\":\"https:\/\/egcollection.ist\/tr\/\",\"name\":\"Emre Gurcay Collection\",\"description\":\"Antique Maps &amp; Books\",\"publisher\":{\"@id\":\"https:\/\/egcollection.ist\/tr\/#organization\"},\"potentialAction\":[{\"@type\":\"SearchAction\",\"target\":{\"@type\":\"EntryPoint\",\"urlTemplate\":\"https:\/\/egcollection.ist\/tr\/?s={search_term_string}\"},\"query-input\":{\"@type\":\"PropertyValueSpecification\",\"valueRequired\":true,\"valueName\":\"search_term_string\"}}],\"inLanguage\":\"tr\"},{\"@type\":\"Organization\",\"@id\":\"https:\/\/egcollection.ist\/tr\/#organization\",\"name\":\"Emre Gurcay Collection\",\"url\":\"https:\/\/egcollection.ist\/tr\/\",\"logo\":{\"@type\":\"ImageObject\",\"inLanguage\":\"tr\",\"@id\":\"https:\/\/egcollection.ist\/tr\/#\/schema\/logo\/image\/\",\"url\":\"https:\/\/egcollection.ist\/wp-content\/uploads\/2021\/11\/EGCollection-logo2-1.png\",\"contentUrl\":\"https:\/\/egcollection.ist\/wp-content\/uploads\/2021\/11\/EGCollection-logo2-1.png\",\"width\":230,\"height\":82,\"caption\":\"Emre Gurcay Collection\"},\"image\":{\"@id\":\"https:\/\/egcollection.ist\/tr\/#\/schema\/logo\/image\/\"},\"sameAs\":[\"https:\/\/www.instagram.com\/egcollection.ist\/\"]}]}<\/script>\n<!-- \/ Yoast SEO plugin. -->","yoast_head_json":{"title":"\u0130stanbul Grav\u00fcrleri - Emre Gurcay Collection","robots":{"index":"index","follow":"follow","max-snippet":"max-snippet:-1","max-image-preview":"max-image-preview:large","max-video-preview":"max-video-preview:-1"},"canonical":"https:\/\/egcollection.ist\/tr\/urun\/istanbul-gravurleri-69\/","og_locale":"tr_TR","og_type":"article","og_title":"\u0130stanbul Grav\u00fcrleri - Emre Gurcay Collection","og_description":"De expugnatione Constantinopolis. . . Folium CCLXXIIII SCHEDEL, H. 44.0 x 31.0 cm. One of the first wood block printed views of Istanbul (232 x 227mm.) The great walls of&hellip;","og_url":"https:\/\/egcollection.ist\/tr\/urun\/istanbul-gravurleri-69\/","og_site_name":"Emre Gurcay Collection","article_modified_time":"2022-07-06T07:19:56+00:00","og_image":[{"width":1858,"height":2560,"url":"https:\/\/egcollection.ist\/wp-content\/uploads\/2022\/07\/Constantinople-Prints-and-Maps-00532-scaled.jpg","type":"image\/jpeg"}],"twitter_card":"summary_large_image","twitter_misc":{"Tahmini okuma s\u00fcresi":"1 dakika"},"schema":{"@context":"https:\/\/schema.org","@graph":[{"@type":"WebPage","@id":"https:\/\/egcollection.ist\/tr\/urun\/istanbul-gravurleri-69\/","url":"https:\/\/egcollection.ist\/tr\/urun\/istanbul-gravurleri-69\/","name":"\u0130stanbul Grav\u00fcrleri - Emre Gurcay Collection","isPartOf":{"@id":"https:\/\/egcollection.ist\/tr\/#website"},"primaryImageOfPage":{"@id":"https:\/\/egcollection.ist\/tr\/urun\/istanbul-gravurleri-69\/#primaryimage"},"image":{"@id":"https:\/\/egcollection.ist\/tr\/urun\/istanbul-gravurleri-69\/#primaryimage"},"thumbnailUrl":"https:\/\/egcollection.ist\/wp-content\/uploads\/2022\/07\/Constantinople-Prints-and-Maps-00532-scaled.jpg","datePublished":"2022-07-06T07:19:54+00:00","dateModified":"2022-07-06T07:19:56+00:00","breadcrumb":{"@id":"https:\/\/egcollection.ist\/tr\/urun\/istanbul-gravurleri-69\/#breadcrumb"},"inLanguage":"tr","potentialAction":[{"@type":"ReadAction","target":["https:\/\/egcollection.ist\/tr\/urun\/istanbul-gravurleri-69\/"]}]},{"@type":"ImageObject","inLanguage":"tr","@id":"https:\/\/egcollection.ist\/tr\/urun\/istanbul-gravurleri-69\/#primaryimage","url":"https:\/\/egcollection.ist\/wp-content\/uploads\/2022\/07\/Constantinople-Prints-and-Maps-00532-scaled.jpg","contentUrl":"https:\/\/egcollection.ist\/wp-content\/uploads\/2022\/07\/Constantinople-Prints-and-Maps-00532-scaled.jpg","width":1858,"height":2560},{"@type":"BreadcrumbList","@id":"https:\/\/egcollection.ist\/tr\/urun\/istanbul-gravurleri-69\/#breadcrumb","itemListElement":[{"@type":"ListItem","position":1,"name":"Home","item":"https:\/\/egcollection.ist\/tr\/home\/"},{"@type":"ListItem","position":2,"name":"Shop","item":"https:\/\/egcollection.ist\/shop\/"},{"@type":"ListItem","position":3,"name":"\u0130stanbul Grav\u00fcrleri"}]},{"@type":"WebSite","@id":"https:\/\/egcollection.ist\/tr\/#website","url":"https:\/\/egcollection.ist\/tr\/","name":"Emre Gurcay Collection","description":"Antique Maps &amp; Books","publisher":{"@id":"https:\/\/egcollection.ist\/tr\/#organization"},"potentialAction":[{"@type":"SearchAction","target":{"@type":"EntryPoint","urlTemplate":"https:\/\/egcollection.ist\/tr\/?s={search_term_string}"},"query-input":{"@type":"PropertyValueSpecification","valueRequired":true,"valueName":"search_term_string"}}],"inLanguage":"tr"},{"@type":"Organization","@id":"https:\/\/egcollection.ist\/tr\/#organization","name":"Emre Gurcay Collection","url":"https:\/\/egcollection.ist\/tr\/","logo":{"@type":"ImageObject","inLanguage":"tr","@id":"https:\/\/egcollection.ist\/tr\/#\/schema\/logo\/image\/","url":"https:\/\/egcollection.ist\/wp-content\/uploads\/2021\/11\/EGCollection-logo2-1.png","contentUrl":"https:\/\/egcollection.ist\/wp-content\/uploads\/2021\/11\/EGCollection-logo2-1.png","width":230,"height":82,"caption":"Emre Gurcay Collection"},"image":{"@id":"https:\/\/egcollection.ist\/tr\/#\/schema\/logo\/image\/"},"sameAs":["https:\/\/www.instagram.com\/egcollection.ist\/"]}]}},"_links":{"self":[{"href":"https:\/\/egcollection.ist\/tr\/wp-json\/wp\/v2\/product\/4749","targetHints":{"allow":["GET"]}}],"collection":[{"href":"https:\/\/egcollection.ist\/tr\/wp-json\/wp\/v2\/product"}],"about":[{"href":"https:\/\/egcollection.ist\/tr\/wp-json\/wp\/v2\/types\/product"}],"wp:featuredmedia":[{"embeddable":true,"href":"https:\/\/egcollection.ist\/tr\/wp-json\/wp\/v2\/media\/3675"}],"wp:attachment":[{"href":"https:\/\/egcollection.ist\/tr\/wp-json\/wp\/v2\/media?parent=4749"}],"wp:term":[{"taxonomy":"product_brand","embeddable":true,"href":"https:\/\/egcollection.ist\/tr\/wp-json\/wp\/v2\/product_brand?post=4749"},{"taxonomy":"product_cat","embeddable":true,"href":"https:\/\/egcollection.ist\/tr\/wp-json\/wp\/v2\/product_cat?post=4749"},{"taxonomy":"product_tag","embeddable":true,"href":"https:\/\/egcollection.ist\/tr\/wp-json\/wp\/v2\/product_tag?post=4749"}],"curies":[{"name":"wp","href":"https:\/\/api.w.org\/{rel}","templated":true}]}}