{"id":4759,"date":"2022-07-05T15:54:52","date_gmt":"2022-07-06T07:19:54","guid":{"rendered":"http:\/\/egcollection.ist\/product\/kutuphane-setleri-2\/"},"modified":"2022-07-06T07:20:04","modified_gmt":"2022-07-06T07:20:04","slug":"kutuphane-setleri-2","status":"publish","type":"product","link":"https:\/\/egcollection.ist\/tr\/urun\/kutuphane-setleri-2\/","title":{"rendered":"K\u00fct\u00fcphane Setleri"},"content":{"rendered":"<p>BALZAC, Honor\u00e9 De.<br \/>\nOeuvres Compl\u00e8tes<\/p>\n<p>1875-6, Paris, Michel L\u00e9vy Fr\u00e8res<\/p>\n<p>24 Volumes, 228 x 146 mm.<\/p>\n<p>Contemporary red half morocco, green morocco labels, two raised bands to each spine, decoration and titles to compartments gilt, cloth boards, marbled edges, marbled endpapers. Engraved portrait frontispiece with tissue guard and one facsimile letter in Volume XXIV.<\/p>\n<p>An excellent set with bright spines.<\/p>\n<p>A complete set of the work of Balzac (1799-1850), including novels, plays, and a final volume of correspondence. Each front pastedown with the armorial bookplate of Liberal politician Pandeli Ralli (1845-1928), Justice of the Peace for Surrey and later Deputy Lieutenant of Dorset.<\/p>\n","protected":false},"excerpt":{"rendered":"<p>BALZAC, Honor\u00e9 De. Oeuvres Compl\u00e8tes 1875-6, Paris, Michel L\u00e9vy Fr\u00e8res 24 Volumes, 228 x 146 mm. Contemporary red half morocco, green morocco labels, two raised bands to each spine, decoration&hellip;<\/p>\n","protected":false},"featured_media":3395,"template":"","meta":[],"product_brand":[],"product_cat":[56,59,92],"product_tag":[],"class_list":{"0":"post-4759","1":"product","2":"type-product","3":"status-publish","4":"has-post-thumbnail","6":"product_cat-kitap","7":"product_cat-kutuphane-setleri","8":"product_cat-katalog","10":"first","11":"instock","12":"purchasable","13":"product-type-simple"},"yoast_head":"<!-- This site is optimized with the Yoast SEO plugin v24.9 - https:\/\/yoast.com\/wordpress\/plugins\/seo\/ -->\n<title>K\u00fct\u00fcphane Setleri - Emre Gurcay Collection<\/title>\n<meta name=\"robots\" content=\"index, follow, max-snippet:-1, max-image-preview:large, max-video-preview:-1\" \/>\n<link rel=\"canonical\" href=\"https:\/\/egcollection.ist\/tr\/urun\/kutuphane-setleri-2\/\" \/>\n<meta property=\"og:locale\" content=\"tr_TR\" \/>\n<meta property=\"og:type\" content=\"article\" \/>\n<meta property=\"og:title\" content=\"K\u00fct\u00fcphane Setleri - Emre Gurcay Collection\" \/>\n<meta property=\"og:description\" content=\"BALZAC, Honor\u00e9 De. Oeuvres Compl\u00e8tes 1875-6, Paris, Michel L\u00e9vy Fr\u00e8res 24 Volumes, 228 x 146 mm. Contemporary red half morocco, green morocco labels, two raised bands to each spine, decoration&hellip;\" \/>\n<meta property=\"og:url\" content=\"https:\/\/egcollection.ist\/tr\/urun\/kutuphane-setleri-2\/\" \/>\n<meta property=\"og:site_name\" content=\"Emre Gurcay Collection\" \/>\n<meta property=\"article:modified_time\" content=\"2022-07-06T07:20:04+00:00\" \/>\n<meta property=\"og:image\" content=\"https:\/\/egcollection.ist\/wp-content\/uploads\/2022\/07\/Library-Sets-And-Books-6936.jpg\" \/>\n\t<meta property=\"og:image:width\" content=\"1920\" \/>\n\t<meta property=\"og:image:height\" content=\"689\" \/>\n\t<meta property=\"og:image:type\" content=\"image\/jpeg\" \/>\n<meta name=\"twitter:card\" content=\"summary_large_image\" \/>\n<meta name=\"twitter:label1\" content=\"Tahmini okuma s\u00fcresi\" \/>\n\t<meta name=\"twitter:data1\" content=\"1 dakika\" \/>\n<script type=\"application\/ld+json\" class=\"yoast-schema-graph\">{\"@context\":\"https:\/\/schema.org\",\"@graph\":[{\"@type\":\"WebPage\",\"@id\":\"https:\/\/egcollection.ist\/tr\/urun\/kutuphane-setleri-2\/\",\"url\":\"https:\/\/egcollection.ist\/tr\/urun\/kutuphane-setleri-2\/\",\"name\":\"K\u00fct\u00fcphane Setleri - Emre Gurcay Collection\",\"isPartOf\":{\"@id\":\"https:\/\/egcollection.ist\/tr\/#website\"},\"primaryImageOfPage\":{\"@id\":\"https:\/\/egcollection.ist\/tr\/urun\/kutuphane-setleri-2\/#primaryimage\"},\"image\":{\"@id\":\"https:\/\/egcollection.ist\/tr\/urun\/kutuphane-setleri-2\/#primaryimage\"},\"thumbnailUrl\":\"https:\/\/egcollection.ist\/wp-content\/uploads\/2022\/07\/Library-Sets-And-Books-6936.jpg\",\"datePublished\":\"2022-07-06T07:19:54+00:00\",\"dateModified\":\"2022-07-06T07:20:04+00:00\",\"breadcrumb\":{\"@id\":\"https:\/\/egcollection.ist\/tr\/urun\/kutuphane-setleri-2\/#breadcrumb\"},\"inLanguage\":\"tr\",\"potentialAction\":[{\"@type\":\"ReadAction\",\"target\":[\"https:\/\/egcollection.ist\/tr\/urun\/kutuphane-setleri-2\/\"]}]},{\"@type\":\"ImageObject\",\"inLanguage\":\"tr\",\"@id\":\"https:\/\/egcollection.ist\/tr\/urun\/kutuphane-setleri-2\/#primaryimage\",\"url\":\"https:\/\/egcollection.ist\/wp-content\/uploads\/2022\/07\/Library-Sets-And-Books-6936.jpg\",\"contentUrl\":\"https:\/\/egcollection.ist\/wp-content\/uploads\/2022\/07\/Library-Sets-And-Books-6936.jpg\",\"width\":1920,\"height\":689},{\"@type\":\"BreadcrumbList\",\"@id\":\"https:\/\/egcollection.ist\/tr\/urun\/kutuphane-setleri-2\/#breadcrumb\",\"itemListElement\":[{\"@type\":\"ListItem\",\"position\":1,\"name\":\"Home\",\"item\":\"https:\/\/egcollection.ist\/tr\/home\/\"},{\"@type\":\"ListItem\",\"position\":2,\"name\":\"Shop\",\"item\":\"https:\/\/egcollection.ist\/shop\/\"},{\"@type\":\"ListItem\",\"position\":3,\"name\":\"K\u00fct\u00fcphane Setleri\"}]},{\"@type\":\"WebSite\",\"@id\":\"https:\/\/egcollection.ist\/tr\/#website\",\"url\":\"https:\/\/egcollection.ist\/tr\/\",\"name\":\"Emre Gurcay Collection\",\"description\":\"Antique Maps &amp; Books\",\"publisher\":{\"@id\":\"https:\/\/egcollection.ist\/tr\/#organization\"},\"potentialAction\":[{\"@type\":\"SearchAction\",\"target\":{\"@type\":\"EntryPoint\",\"urlTemplate\":\"https:\/\/egcollection.ist\/tr\/?s={search_term_string}\"},\"query-input\":{\"@type\":\"PropertyValueSpecification\",\"valueRequired\":true,\"valueName\":\"search_term_string\"}}],\"inLanguage\":\"tr\"},{\"@type\":\"Organization\",\"@id\":\"https:\/\/egcollection.ist\/tr\/#organization\",\"name\":\"Emre Gurcay Collection\",\"url\":\"https:\/\/egcollection.ist\/tr\/\",\"logo\":{\"@type\":\"ImageObject\",\"inLanguage\":\"tr\",\"@id\":\"https:\/\/egcollection.ist\/tr\/#\/schema\/logo\/image\/\",\"url\":\"https:\/\/egcollection.ist\/wp-content\/uploads\/2021\/11\/EGCollection-logo2-1.png\",\"contentUrl\":\"https:\/\/egcollection.ist\/wp-content\/uploads\/2021\/11\/EGCollection-logo2-1.png\",\"width\":230,\"height\":82,\"caption\":\"Emre Gurcay Collection\"},\"image\":{\"@id\":\"https:\/\/egcollection.ist\/tr\/#\/schema\/logo\/image\/\"},\"sameAs\":[\"https:\/\/www.instagram.com\/egcollection.ist\/\"]}]}<\/script>\n<!-- \/ Yoast SEO plugin. -->","yoast_head_json":{"title":"K\u00fct\u00fcphane Setleri - Emre Gurcay Collection","robots":{"index":"index","follow":"follow","max-snippet":"max-snippet:-1","max-image-preview":"max-image-preview:large","max-video-preview":"max-video-preview:-1"},"canonical":"https:\/\/egcollection.ist\/tr\/urun\/kutuphane-setleri-2\/","og_locale":"tr_TR","og_type":"article","og_title":"K\u00fct\u00fcphane Setleri - Emre Gurcay Collection","og_description":"BALZAC, Honor\u00e9 De. Oeuvres Compl\u00e8tes 1875-6, Paris, Michel L\u00e9vy Fr\u00e8res 24 Volumes, 228 x 146 mm. Contemporary red half morocco, green morocco labels, two raised bands to each spine, decoration&hellip;","og_url":"https:\/\/egcollection.ist\/tr\/urun\/kutuphane-setleri-2\/","og_site_name":"Emre Gurcay Collection","article_modified_time":"2022-07-06T07:20:04+00:00","og_image":[{"width":1920,"height":689,"url":"https:\/\/egcollection.ist\/wp-content\/uploads\/2022\/07\/Library-Sets-And-Books-6936.jpg","type":"image\/jpeg"}],"twitter_card":"summary_large_image","twitter_misc":{"Tahmini okuma s\u00fcresi":"1 dakika"},"schema":{"@context":"https:\/\/schema.org","@graph":[{"@type":"WebPage","@id":"https:\/\/egcollection.ist\/tr\/urun\/kutuphane-setleri-2\/","url":"https:\/\/egcollection.ist\/tr\/urun\/kutuphane-setleri-2\/","name":"K\u00fct\u00fcphane Setleri - Emre Gurcay Collection","isPartOf":{"@id":"https:\/\/egcollection.ist\/tr\/#website"},"primaryImageOfPage":{"@id":"https:\/\/egcollection.ist\/tr\/urun\/kutuphane-setleri-2\/#primaryimage"},"image":{"@id":"https:\/\/egcollection.ist\/tr\/urun\/kutuphane-setleri-2\/#primaryimage"},"thumbnailUrl":"https:\/\/egcollection.ist\/wp-content\/uploads\/2022\/07\/Library-Sets-And-Books-6936.jpg","datePublished":"2022-07-06T07:19:54+00:00","dateModified":"2022-07-06T07:20:04+00:00","breadcrumb":{"@id":"https:\/\/egcollection.ist\/tr\/urun\/kutuphane-setleri-2\/#breadcrumb"},"inLanguage":"tr","potentialAction":[{"@type":"ReadAction","target":["https:\/\/egcollection.ist\/tr\/urun\/kutuphane-setleri-2\/"]}]},{"@type":"ImageObject","inLanguage":"tr","@id":"https:\/\/egcollection.ist\/tr\/urun\/kutuphane-setleri-2\/#primaryimage","url":"https:\/\/egcollection.ist\/wp-content\/uploads\/2022\/07\/Library-Sets-And-Books-6936.jpg","contentUrl":"https:\/\/egcollection.ist\/wp-content\/uploads\/2022\/07\/Library-Sets-And-Books-6936.jpg","width":1920,"height":689},{"@type":"BreadcrumbList","@id":"https:\/\/egcollection.ist\/tr\/urun\/kutuphane-setleri-2\/#breadcrumb","itemListElement":[{"@type":"ListItem","position":1,"name":"Home","item":"https:\/\/egcollection.ist\/tr\/home\/"},{"@type":"ListItem","position":2,"name":"Shop","item":"https:\/\/egcollection.ist\/shop\/"},{"@type":"ListItem","position":3,"name":"K\u00fct\u00fcphane Setleri"}]},{"@type":"WebSite","@id":"https:\/\/egcollection.ist\/tr\/#website","url":"https:\/\/egcollection.ist\/tr\/","name":"Emre Gurcay Collection","description":"Antique Maps &amp; Books","publisher":{"@id":"https:\/\/egcollection.ist\/tr\/#organization"},"potentialAction":[{"@type":"SearchAction","target":{"@type":"EntryPoint","urlTemplate":"https:\/\/egcollection.ist\/tr\/?s={search_term_string}"},"query-input":{"@type":"PropertyValueSpecification","valueRequired":true,"valueName":"search_term_string"}}],"inLanguage":"tr"},{"@type":"Organization","@id":"https:\/\/egcollection.ist\/tr\/#organization","name":"Emre Gurcay Collection","url":"https:\/\/egcollection.ist\/tr\/","logo":{"@type":"ImageObject","inLanguage":"tr","@id":"https:\/\/egcollection.ist\/tr\/#\/schema\/logo\/image\/","url":"https:\/\/egcollection.ist\/wp-content\/uploads\/2021\/11\/EGCollection-logo2-1.png","contentUrl":"https:\/\/egcollection.ist\/wp-content\/uploads\/2021\/11\/EGCollection-logo2-1.png","width":230,"height":82,"caption":"Emre Gurcay Collection"},"image":{"@id":"https:\/\/egcollection.ist\/tr\/#\/schema\/logo\/image\/"},"sameAs":["https:\/\/www.instagram.com\/egcollection.ist\/"]}]}},"_links":{"self":[{"href":"https:\/\/egcollection.ist\/tr\/wp-json\/wp\/v2\/product\/4759","targetHints":{"allow":["GET"]}}],"collection":[{"href":"https:\/\/egcollection.ist\/tr\/wp-json\/wp\/v2\/product"}],"about":[{"href":"https:\/\/egcollection.ist\/tr\/wp-json\/wp\/v2\/types\/product"}],"wp:featuredmedia":[{"embeddable":true,"href":"https:\/\/egcollection.ist\/tr\/wp-json\/wp\/v2\/media\/3395"}],"wp:attachment":[{"href":"https:\/\/egcollection.ist\/tr\/wp-json\/wp\/v2\/media?parent=4759"}],"wp:term":[{"taxonomy":"product_brand","embeddable":true,"href":"https:\/\/egcollection.ist\/tr\/wp-json\/wp\/v2\/product_brand?post=4759"},{"taxonomy":"product_cat","embeddable":true,"href":"https:\/\/egcollection.ist\/tr\/wp-json\/wp\/v2\/product_cat?post=4759"},{"taxonomy":"product_tag","embeddable":true,"href":"https:\/\/egcollection.ist\/tr\/wp-json\/wp\/v2\/product_tag?post=4759"}],"curies":[{"name":"wp","href":"https:\/\/api.w.org\/{rel}","templated":true}]}}