{"id":4766,"date":"2022-07-05T15:55:08","date_gmt":"2022-07-06T07:20:13","guid":{"rendered":"http:\/\/egcollection.ist\/product\/kutuphane-setleri-9\/"},"modified":"2022-07-06T07:20:13","modified_gmt":"2022-07-06T07:20:13","slug":"kutuphane-setleri-9","status":"publish","type":"product","link":"https:\/\/egcollection.ist\/tr\/urun\/kutuphane-setleri-9\/","title":{"rendered":"K\u00fct\u00fcphane Setleri"},"content":{"rendered":"<p>OEUVRES COMPLETES DE VOLTAIRE<br \/>\nVOLTAIRE (Fran\u00e7ois Marie Arouet) (1694-1778)<\/p>\n<p>Editions De Khel, 1785<\/p>\n<p>92 Volumes<\/p>\n<p>17.5 x 12 cm.<\/p>\n<p>1 &#8211; 9: Th\u00e9\u00e2tre &#8211; 10: La Henriade -11: La Pucelle d\u2019Orl\u00e9ans &#8211; 12: Po\u00e8mes et Discours en vers &#8211; 13: \u00c9pitres. Stances. Odes &#8211; 14: Contes en vers, Satires, Po\u00e9sies m\u00eal\u00e9 &#8211; 15: Lettres en vers et proses 16 &#8211; 21: Essai sur l\u2019esprit et les moeurs des nations &#8211; 22 &#8211; 24: Si\u00e8cle et pr\u00e9cis de Louis XIV &#8211; 25: Si\u00e8cle de Louis XV &#8211; 26: Histoire de Charles XII &#8211; 27: Histoire de l\u2019empire de Russie sous Pierre le Grand; 28 -t 29 : Annales de l\u2019empire depuis Charlemagne -30: Histoire du Parlement de Paris, 31 &#8211; 33: M\u00e9langes historiques -34 &#8211; 37: Politique et l\u00e9gislation; -38 -39: Physique; 40 &#8211; 44: Philosophie g\u00e9n\u00e9rale, M\u00e9taphysique- 45 &#8211; 46 : Dialogues &#8211; 47 &#8211; 55 Dictionnaire philosophique &#8211; Tome 56 manquant -57 &#8211; 58: Romans; 59 &#8211; 60: ; Fac\u00e9ties- 61 &#8211; 64: M\u00e9langes litt\u00e9raires &#8211; 65 -67: Commentaires sur Corneille &#8211; 68 &#8211; 77 Correspondance G\u00e9n\u00e9rale &#8211; T68 au Tome 81 1715 -1773<\/p>\n","protected":false},"excerpt":{"rendered":"<p>OEUVRES COMPLETES DE VOLTAIRE VOLTAIRE (Fran\u00e7ois Marie Arouet) (1694-1778) Editions De Khel, 1785 92 Volumes 17.5 x 12 cm. 1 &#8211; 9: Th\u00e9\u00e2tre &#8211; 10: La Henriade -11: La Pucelle&hellip;<\/p>\n","protected":false},"featured_media":5753,"template":"","meta":[],"product_brand":[],"product_cat":[56,59,92],"product_tag":[],"class_list":{"0":"post-4766","1":"product","2":"type-product","3":"status-publish","4":"has-post-thumbnail","6":"product_cat-kitap","7":"product_cat-kutuphane-setleri","8":"product_cat-katalog","10":"first","11":"instock","12":"purchasable","13":"product-type-simple"},"yoast_head":"<!-- This site is optimized with the Yoast SEO plugin v24.9 - https:\/\/yoast.com\/wordpress\/plugins\/seo\/ -->\n<title>K\u00fct\u00fcphane Setleri - Emre Gurcay Collection<\/title>\n<meta name=\"robots\" content=\"index, follow, max-snippet:-1, max-image-preview:large, max-video-preview:-1\" \/>\n<link rel=\"canonical\" href=\"https:\/\/egcollection.ist\/tr\/urun\/kutuphane-setleri-9\/\" \/>\n<meta property=\"og:locale\" content=\"tr_TR\" \/>\n<meta property=\"og:type\" content=\"article\" \/>\n<meta property=\"og:title\" content=\"K\u00fct\u00fcphane Setleri - Emre Gurcay Collection\" \/>\n<meta property=\"og:description\" content=\"OEUVRES COMPLETES DE VOLTAIRE VOLTAIRE (Fran\u00e7ois Marie Arouet) (1694-1778) Editions De Khel, 1785 92 Volumes 17.5 x 12 cm. 1 &#8211; 9: Th\u00e9\u00e2tre &#8211; 10: La Henriade -11: La Pucelle&hellip;\" \/>\n<meta property=\"og:url\" content=\"https:\/\/egcollection.ist\/tr\/urun\/kutuphane-setleri-9\/\" \/>\n<meta property=\"og:site_name\" content=\"Emre Gurcay Collection\" \/>\n<meta property=\"og:image\" content=\"https:\/\/egcollection.ist\/wp-content\/uploads\/2022\/07\/emre-kitap7420-1-1024x819.jpg\" \/>\n\t<meta property=\"og:image:width\" content=\"1024\" \/>\n\t<meta property=\"og:image:height\" content=\"819\" \/>\n\t<meta property=\"og:image:type\" content=\"image\/jpeg\" \/>\n<meta name=\"twitter:card\" content=\"summary_large_image\" \/>\n<meta name=\"twitter:label1\" content=\"Tahmini okuma s\u00fcresi\" \/>\n\t<meta name=\"twitter:data1\" content=\"1 dakika\" \/>\n<script type=\"application\/ld+json\" class=\"yoast-schema-graph\">{\"@context\":\"https:\/\/schema.org\",\"@graph\":[{\"@type\":\"WebPage\",\"@id\":\"https:\/\/egcollection.ist\/tr\/urun\/kutuphane-setleri-9\/\",\"url\":\"https:\/\/egcollection.ist\/tr\/urun\/kutuphane-setleri-9\/\",\"name\":\"K\u00fct\u00fcphane Setleri - Emre Gurcay Collection\",\"isPartOf\":{\"@id\":\"https:\/\/egcollection.ist\/tr\/#website\"},\"primaryImageOfPage\":{\"@id\":\"https:\/\/egcollection.ist\/tr\/urun\/kutuphane-setleri-9\/#primaryimage\"},\"image\":{\"@id\":\"https:\/\/egcollection.ist\/tr\/urun\/kutuphane-setleri-9\/#primaryimage\"},\"thumbnailUrl\":\"https:\/\/egcollection.ist\/wp-content\/uploads\/2022\/07\/emre-kitap7420-1.jpg\",\"datePublished\":\"2022-07-06T07:20:13+00:00\",\"breadcrumb\":{\"@id\":\"https:\/\/egcollection.ist\/tr\/urun\/kutuphane-setleri-9\/#breadcrumb\"},\"inLanguage\":\"tr\",\"potentialAction\":[{\"@type\":\"ReadAction\",\"target\":[\"https:\/\/egcollection.ist\/tr\/urun\/kutuphane-setleri-9\/\"]}]},{\"@type\":\"ImageObject\",\"inLanguage\":\"tr\",\"@id\":\"https:\/\/egcollection.ist\/tr\/urun\/kutuphane-setleri-9\/#primaryimage\",\"url\":\"https:\/\/egcollection.ist\/wp-content\/uploads\/2022\/07\/emre-kitap7420-1.jpg\",\"contentUrl\":\"https:\/\/egcollection.ist\/wp-content\/uploads\/2022\/07\/emre-kitap7420-1.jpg\",\"width\":2273,\"height\":1818},{\"@type\":\"BreadcrumbList\",\"@id\":\"https:\/\/egcollection.ist\/tr\/urun\/kutuphane-setleri-9\/#breadcrumb\",\"itemListElement\":[{\"@type\":\"ListItem\",\"position\":1,\"name\":\"Home\",\"item\":\"https:\/\/egcollection.ist\/tr\/home\/\"},{\"@type\":\"ListItem\",\"position\":2,\"name\":\"Shop\",\"item\":\"https:\/\/egcollection.ist\/shop\/\"},{\"@type\":\"ListItem\",\"position\":3,\"name\":\"K\u00fct\u00fcphane Setleri\"}]},{\"@type\":\"WebSite\",\"@id\":\"https:\/\/egcollection.ist\/tr\/#website\",\"url\":\"https:\/\/egcollection.ist\/tr\/\",\"name\":\"Emre Gurcay Collection\",\"description\":\"Antique Maps &amp; Books\",\"publisher\":{\"@id\":\"https:\/\/egcollection.ist\/tr\/#organization\"},\"potentialAction\":[{\"@type\":\"SearchAction\",\"target\":{\"@type\":\"EntryPoint\",\"urlTemplate\":\"https:\/\/egcollection.ist\/tr\/?s={search_term_string}\"},\"query-input\":{\"@type\":\"PropertyValueSpecification\",\"valueRequired\":true,\"valueName\":\"search_term_string\"}}],\"inLanguage\":\"tr\"},{\"@type\":\"Organization\",\"@id\":\"https:\/\/egcollection.ist\/tr\/#organization\",\"name\":\"Emre Gurcay Collection\",\"url\":\"https:\/\/egcollection.ist\/tr\/\",\"logo\":{\"@type\":\"ImageObject\",\"inLanguage\":\"tr\",\"@id\":\"https:\/\/egcollection.ist\/tr\/#\/schema\/logo\/image\/\",\"url\":\"https:\/\/egcollection.ist\/wp-content\/uploads\/2021\/11\/EGCollection-logo2-1.png\",\"contentUrl\":\"https:\/\/egcollection.ist\/wp-content\/uploads\/2021\/11\/EGCollection-logo2-1.png\",\"width\":230,\"height\":82,\"caption\":\"Emre Gurcay Collection\"},\"image\":{\"@id\":\"https:\/\/egcollection.ist\/tr\/#\/schema\/logo\/image\/\"},\"sameAs\":[\"https:\/\/www.instagram.com\/egcollection.ist\/\"]}]}<\/script>\n<!-- \/ Yoast SEO plugin. -->","yoast_head_json":{"title":"K\u00fct\u00fcphane Setleri - Emre Gurcay Collection","robots":{"index":"index","follow":"follow","max-snippet":"max-snippet:-1","max-image-preview":"max-image-preview:large","max-video-preview":"max-video-preview:-1"},"canonical":"https:\/\/egcollection.ist\/tr\/urun\/kutuphane-setleri-9\/","og_locale":"tr_TR","og_type":"article","og_title":"K\u00fct\u00fcphane Setleri - Emre Gurcay Collection","og_description":"OEUVRES COMPLETES DE VOLTAIRE VOLTAIRE (Fran\u00e7ois Marie Arouet) (1694-1778) Editions De Khel, 1785 92 Volumes 17.5 x 12 cm. 1 &#8211; 9: Th\u00e9\u00e2tre &#8211; 10: La Henriade -11: La Pucelle&hellip;","og_url":"https:\/\/egcollection.ist\/tr\/urun\/kutuphane-setleri-9\/","og_site_name":"Emre Gurcay Collection","og_image":[{"width":1024,"height":819,"url":"https:\/\/egcollection.ist\/wp-content\/uploads\/2022\/07\/emre-kitap7420-1-1024x819.jpg","type":"image\/jpeg"}],"twitter_card":"summary_large_image","twitter_misc":{"Tahmini okuma s\u00fcresi":"1 dakika"},"schema":{"@context":"https:\/\/schema.org","@graph":[{"@type":"WebPage","@id":"https:\/\/egcollection.ist\/tr\/urun\/kutuphane-setleri-9\/","url":"https:\/\/egcollection.ist\/tr\/urun\/kutuphane-setleri-9\/","name":"K\u00fct\u00fcphane Setleri - Emre Gurcay Collection","isPartOf":{"@id":"https:\/\/egcollection.ist\/tr\/#website"},"primaryImageOfPage":{"@id":"https:\/\/egcollection.ist\/tr\/urun\/kutuphane-setleri-9\/#primaryimage"},"image":{"@id":"https:\/\/egcollection.ist\/tr\/urun\/kutuphane-setleri-9\/#primaryimage"},"thumbnailUrl":"https:\/\/egcollection.ist\/wp-content\/uploads\/2022\/07\/emre-kitap7420-1.jpg","datePublished":"2022-07-06T07:20:13+00:00","breadcrumb":{"@id":"https:\/\/egcollection.ist\/tr\/urun\/kutuphane-setleri-9\/#breadcrumb"},"inLanguage":"tr","potentialAction":[{"@type":"ReadAction","target":["https:\/\/egcollection.ist\/tr\/urun\/kutuphane-setleri-9\/"]}]},{"@type":"ImageObject","inLanguage":"tr","@id":"https:\/\/egcollection.ist\/tr\/urun\/kutuphane-setleri-9\/#primaryimage","url":"https:\/\/egcollection.ist\/wp-content\/uploads\/2022\/07\/emre-kitap7420-1.jpg","contentUrl":"https:\/\/egcollection.ist\/wp-content\/uploads\/2022\/07\/emre-kitap7420-1.jpg","width":2273,"height":1818},{"@type":"BreadcrumbList","@id":"https:\/\/egcollection.ist\/tr\/urun\/kutuphane-setleri-9\/#breadcrumb","itemListElement":[{"@type":"ListItem","position":1,"name":"Home","item":"https:\/\/egcollection.ist\/tr\/home\/"},{"@type":"ListItem","position":2,"name":"Shop","item":"https:\/\/egcollection.ist\/shop\/"},{"@type":"ListItem","position":3,"name":"K\u00fct\u00fcphane Setleri"}]},{"@type":"WebSite","@id":"https:\/\/egcollection.ist\/tr\/#website","url":"https:\/\/egcollection.ist\/tr\/","name":"Emre Gurcay Collection","description":"Antique Maps &amp; Books","publisher":{"@id":"https:\/\/egcollection.ist\/tr\/#organization"},"potentialAction":[{"@type":"SearchAction","target":{"@type":"EntryPoint","urlTemplate":"https:\/\/egcollection.ist\/tr\/?s={search_term_string}"},"query-input":{"@type":"PropertyValueSpecification","valueRequired":true,"valueName":"search_term_string"}}],"inLanguage":"tr"},{"@type":"Organization","@id":"https:\/\/egcollection.ist\/tr\/#organization","name":"Emre Gurcay Collection","url":"https:\/\/egcollection.ist\/tr\/","logo":{"@type":"ImageObject","inLanguage":"tr","@id":"https:\/\/egcollection.ist\/tr\/#\/schema\/logo\/image\/","url":"https:\/\/egcollection.ist\/wp-content\/uploads\/2021\/11\/EGCollection-logo2-1.png","contentUrl":"https:\/\/egcollection.ist\/wp-content\/uploads\/2021\/11\/EGCollection-logo2-1.png","width":230,"height":82,"caption":"Emre Gurcay Collection"},"image":{"@id":"https:\/\/egcollection.ist\/tr\/#\/schema\/logo\/image\/"},"sameAs":["https:\/\/www.instagram.com\/egcollection.ist\/"]}]}},"_links":{"self":[{"href":"https:\/\/egcollection.ist\/tr\/wp-json\/wp\/v2\/product\/4766","targetHints":{"allow":["GET"]}}],"collection":[{"href":"https:\/\/egcollection.ist\/tr\/wp-json\/wp\/v2\/product"}],"about":[{"href":"https:\/\/egcollection.ist\/tr\/wp-json\/wp\/v2\/types\/product"}],"wp:featuredmedia":[{"embeddable":true,"href":"https:\/\/egcollection.ist\/tr\/wp-json\/wp\/v2\/media\/5753"}],"wp:attachment":[{"href":"https:\/\/egcollection.ist\/tr\/wp-json\/wp\/v2\/media?parent=4766"}],"wp:term":[{"taxonomy":"product_brand","embeddable":true,"href":"https:\/\/egcollection.ist\/tr\/wp-json\/wp\/v2\/product_brand?post=4766"},{"taxonomy":"product_cat","embeddable":true,"href":"https:\/\/egcollection.ist\/tr\/wp-json\/wp\/v2\/product_cat?post=4766"},{"taxonomy":"product_tag","embeddable":true,"href":"https:\/\/egcollection.ist\/tr\/wp-json\/wp\/v2\/product_tag?post=4766"}],"curies":[{"name":"wp","href":"https:\/\/api.w.org\/{rel}","templated":true}]}}