{"id":4791,"date":"2022-07-05T15:55:28","date_gmt":"2022-07-06T07:20:35","guid":{"rendered":"http:\/\/egcollection.ist\/product\/kutuphane-setleri-34\/"},"modified":"2022-07-06T07:20:39","modified_gmt":"2022-07-06T07:20:39","slug":"kutuphane-setleri-34","status":"publish","type":"product","link":"https:\/\/egcollection.ist\/tr\/urun\/kutuphane-setleri-34\/","title":{"rendered":"K\u00fct\u00fcphane Setleri"},"content":{"rendered":"<p>Marcel PROUST<br \/>\nA la recherche du temps perdu<\/p>\n<p>Gallimard, Paris 1946-1947, 11,5x18cm, 15 volumes en reliures de l&#8217;\u00e9diteur.<\/p>\n<p>Nouvelle \u00e9dition, un des 2200 exemplaires num\u00e9rot\u00e9s sur v\u00e9lin labeur.<br \/>\nLa s\u00e9rie se compose ainsi : Du c\u00f4t\u00e9 de chez Swann (2 tomes), \u00c0 l&#8217;ombre des jeunes filles en fleurs (3 tomes), Le c\u00f4t\u00e9 de Guermantes (2 tomes), Sodome et Gomorrhe (2 tomes), La Prisonni\u00e8re (2 tomes), Albertine disparue (1 tome), Le Temps retrouv\u00e9 (2 tomes).<\/p>\n<p>Cartonnages de l&#8217;\u00e9diteur reli\u00e9s d&#8217;apr\u00e8s la maquette originale de Paul Bonet.<\/p>\n","protected":false},"excerpt":{"rendered":"<p>Marcel PROUST A la recherche du temps perdu Gallimard, Paris 1946-1947, 11,5x18cm, 15 volumes en reliures de l&#8217;\u00e9diteur. Nouvelle \u00e9dition, un des 2200 exemplaires num\u00e9rot\u00e9s sur v\u00e9lin labeur. La s\u00e9rie&hellip;<\/p>\n","protected":false},"featured_media":3657,"template":"","meta":[],"product_brand":[],"product_cat":[56,59,92],"product_tag":[],"class_list":{"0":"post-4791","1":"product","2":"type-product","3":"status-publish","4":"has-post-thumbnail","6":"product_cat-kitap","7":"product_cat-kutuphane-setleri","8":"product_cat-katalog","10":"first","11":"instock","12":"purchasable","13":"product-type-simple"},"yoast_head":"<!-- This site is optimized with the Yoast SEO plugin v24.9 - https:\/\/yoast.com\/wordpress\/plugins\/seo\/ -->\n<title>K\u00fct\u00fcphane Setleri - Emre Gurcay Collection<\/title>\n<meta name=\"robots\" content=\"index, follow, max-snippet:-1, max-image-preview:large, max-video-preview:-1\" \/>\n<link rel=\"canonical\" href=\"https:\/\/egcollection.ist\/tr\/urun\/kutuphane-setleri-34\/\" \/>\n<meta property=\"og:locale\" content=\"tr_TR\" \/>\n<meta property=\"og:type\" content=\"article\" \/>\n<meta property=\"og:title\" content=\"K\u00fct\u00fcphane Setleri - Emre Gurcay Collection\" \/>\n<meta property=\"og:description\" content=\"Marcel PROUST A la recherche du temps perdu Gallimard, Paris 1946-1947, 11,5x18cm, 15 volumes en reliures de l&#8217;\u00e9diteur. Nouvelle \u00e9dition, un des 2200 exemplaires num\u00e9rot\u00e9s sur v\u00e9lin labeur. La s\u00e9rie&hellip;\" \/>\n<meta property=\"og:url\" content=\"https:\/\/egcollection.ist\/tr\/urun\/kutuphane-setleri-34\/\" \/>\n<meta property=\"og:site_name\" content=\"Emre Gurcay Collection\" \/>\n<meta property=\"article:modified_time\" content=\"2022-07-06T07:20:39+00:00\" \/>\n<meta property=\"og:image\" content=\"https:\/\/egcollection.ist\/wp-content\/uploads\/2022\/07\/Library-sets-and-Books-1.jpg\" \/>\n\t<meta property=\"og:image:width\" content=\"700\" \/>\n\t<meta property=\"og:image:height\" content=\"300\" \/>\n\t<meta property=\"og:image:type\" content=\"image\/jpeg\" \/>\n<meta name=\"twitter:card\" content=\"summary_large_image\" \/>\n<script type=\"application\/ld+json\" class=\"yoast-schema-graph\">{\"@context\":\"https:\/\/schema.org\",\"@graph\":[{\"@type\":\"WebPage\",\"@id\":\"https:\/\/egcollection.ist\/tr\/urun\/kutuphane-setleri-34\/\",\"url\":\"https:\/\/egcollection.ist\/tr\/urun\/kutuphane-setleri-34\/\",\"name\":\"K\u00fct\u00fcphane Setleri - Emre Gurcay Collection\",\"isPartOf\":{\"@id\":\"https:\/\/egcollection.ist\/tr\/#website\"},\"primaryImageOfPage\":{\"@id\":\"https:\/\/egcollection.ist\/tr\/urun\/kutuphane-setleri-34\/#primaryimage\"},\"image\":{\"@id\":\"https:\/\/egcollection.ist\/tr\/urun\/kutuphane-setleri-34\/#primaryimage\"},\"thumbnailUrl\":\"https:\/\/egcollection.ist\/wp-content\/uploads\/2022\/07\/Library-sets-and-Books-1.jpg\",\"datePublished\":\"2022-07-06T07:20:35+00:00\",\"dateModified\":\"2022-07-06T07:20:39+00:00\",\"breadcrumb\":{\"@id\":\"https:\/\/egcollection.ist\/tr\/urun\/kutuphane-setleri-34\/#breadcrumb\"},\"inLanguage\":\"tr\",\"potentialAction\":[{\"@type\":\"ReadAction\",\"target\":[\"https:\/\/egcollection.ist\/tr\/urun\/kutuphane-setleri-34\/\"]}]},{\"@type\":\"ImageObject\",\"inLanguage\":\"tr\",\"@id\":\"https:\/\/egcollection.ist\/tr\/urun\/kutuphane-setleri-34\/#primaryimage\",\"url\":\"https:\/\/egcollection.ist\/wp-content\/uploads\/2022\/07\/Library-sets-and-Books-1.jpg\",\"contentUrl\":\"https:\/\/egcollection.ist\/wp-content\/uploads\/2022\/07\/Library-sets-and-Books-1.jpg\",\"width\":700,\"height\":300},{\"@type\":\"BreadcrumbList\",\"@id\":\"https:\/\/egcollection.ist\/tr\/urun\/kutuphane-setleri-34\/#breadcrumb\",\"itemListElement\":[{\"@type\":\"ListItem\",\"position\":1,\"name\":\"Home\",\"item\":\"https:\/\/egcollection.ist\/tr\/home\/\"},{\"@type\":\"ListItem\",\"position\":2,\"name\":\"Shop\",\"item\":\"https:\/\/egcollection.ist\/shop\/\"},{\"@type\":\"ListItem\",\"position\":3,\"name\":\"K\u00fct\u00fcphane Setleri\"}]},{\"@type\":\"WebSite\",\"@id\":\"https:\/\/egcollection.ist\/tr\/#website\",\"url\":\"https:\/\/egcollection.ist\/tr\/\",\"name\":\"Emre Gurcay Collection\",\"description\":\"Antique Maps &amp; Books\",\"publisher\":{\"@id\":\"https:\/\/egcollection.ist\/tr\/#organization\"},\"potentialAction\":[{\"@type\":\"SearchAction\",\"target\":{\"@type\":\"EntryPoint\",\"urlTemplate\":\"https:\/\/egcollection.ist\/tr\/?s={search_term_string}\"},\"query-input\":{\"@type\":\"PropertyValueSpecification\",\"valueRequired\":true,\"valueName\":\"search_term_string\"}}],\"inLanguage\":\"tr\"},{\"@type\":\"Organization\",\"@id\":\"https:\/\/egcollection.ist\/tr\/#organization\",\"name\":\"Emre Gurcay Collection\",\"url\":\"https:\/\/egcollection.ist\/tr\/\",\"logo\":{\"@type\":\"ImageObject\",\"inLanguage\":\"tr\",\"@id\":\"https:\/\/egcollection.ist\/tr\/#\/schema\/logo\/image\/\",\"url\":\"https:\/\/egcollection.ist\/wp-content\/uploads\/2021\/11\/EGCollection-logo2-1.png\",\"contentUrl\":\"https:\/\/egcollection.ist\/wp-content\/uploads\/2021\/11\/EGCollection-logo2-1.png\",\"width\":230,\"height\":82,\"caption\":\"Emre Gurcay Collection\"},\"image\":{\"@id\":\"https:\/\/egcollection.ist\/tr\/#\/schema\/logo\/image\/\"},\"sameAs\":[\"https:\/\/www.instagram.com\/egcollection.ist\/\"]}]}<\/script>\n<!-- \/ Yoast SEO plugin. -->","yoast_head_json":{"title":"K\u00fct\u00fcphane Setleri - Emre Gurcay Collection","robots":{"index":"index","follow":"follow","max-snippet":"max-snippet:-1","max-image-preview":"max-image-preview:large","max-video-preview":"max-video-preview:-1"},"canonical":"https:\/\/egcollection.ist\/tr\/urun\/kutuphane-setleri-34\/","og_locale":"tr_TR","og_type":"article","og_title":"K\u00fct\u00fcphane Setleri - Emre Gurcay Collection","og_description":"Marcel PROUST A la recherche du temps perdu Gallimard, Paris 1946-1947, 11,5x18cm, 15 volumes en reliures de l&#8217;\u00e9diteur. Nouvelle \u00e9dition, un des 2200 exemplaires num\u00e9rot\u00e9s sur v\u00e9lin labeur. La s\u00e9rie&hellip;","og_url":"https:\/\/egcollection.ist\/tr\/urun\/kutuphane-setleri-34\/","og_site_name":"Emre Gurcay Collection","article_modified_time":"2022-07-06T07:20:39+00:00","og_image":[{"width":700,"height":300,"url":"https:\/\/egcollection.ist\/wp-content\/uploads\/2022\/07\/Library-sets-and-Books-1.jpg","type":"image\/jpeg"}],"twitter_card":"summary_large_image","schema":{"@context":"https:\/\/schema.org","@graph":[{"@type":"WebPage","@id":"https:\/\/egcollection.ist\/tr\/urun\/kutuphane-setleri-34\/","url":"https:\/\/egcollection.ist\/tr\/urun\/kutuphane-setleri-34\/","name":"K\u00fct\u00fcphane Setleri - Emre Gurcay Collection","isPartOf":{"@id":"https:\/\/egcollection.ist\/tr\/#website"},"primaryImageOfPage":{"@id":"https:\/\/egcollection.ist\/tr\/urun\/kutuphane-setleri-34\/#primaryimage"},"image":{"@id":"https:\/\/egcollection.ist\/tr\/urun\/kutuphane-setleri-34\/#primaryimage"},"thumbnailUrl":"https:\/\/egcollection.ist\/wp-content\/uploads\/2022\/07\/Library-sets-and-Books-1.jpg","datePublished":"2022-07-06T07:20:35+00:00","dateModified":"2022-07-06T07:20:39+00:00","breadcrumb":{"@id":"https:\/\/egcollection.ist\/tr\/urun\/kutuphane-setleri-34\/#breadcrumb"},"inLanguage":"tr","potentialAction":[{"@type":"ReadAction","target":["https:\/\/egcollection.ist\/tr\/urun\/kutuphane-setleri-34\/"]}]},{"@type":"ImageObject","inLanguage":"tr","@id":"https:\/\/egcollection.ist\/tr\/urun\/kutuphane-setleri-34\/#primaryimage","url":"https:\/\/egcollection.ist\/wp-content\/uploads\/2022\/07\/Library-sets-and-Books-1.jpg","contentUrl":"https:\/\/egcollection.ist\/wp-content\/uploads\/2022\/07\/Library-sets-and-Books-1.jpg","width":700,"height":300},{"@type":"BreadcrumbList","@id":"https:\/\/egcollection.ist\/tr\/urun\/kutuphane-setleri-34\/#breadcrumb","itemListElement":[{"@type":"ListItem","position":1,"name":"Home","item":"https:\/\/egcollection.ist\/tr\/home\/"},{"@type":"ListItem","position":2,"name":"Shop","item":"https:\/\/egcollection.ist\/shop\/"},{"@type":"ListItem","position":3,"name":"K\u00fct\u00fcphane Setleri"}]},{"@type":"WebSite","@id":"https:\/\/egcollection.ist\/tr\/#website","url":"https:\/\/egcollection.ist\/tr\/","name":"Emre Gurcay Collection","description":"Antique Maps &amp; Books","publisher":{"@id":"https:\/\/egcollection.ist\/tr\/#organization"},"potentialAction":[{"@type":"SearchAction","target":{"@type":"EntryPoint","urlTemplate":"https:\/\/egcollection.ist\/tr\/?s={search_term_string}"},"query-input":{"@type":"PropertyValueSpecification","valueRequired":true,"valueName":"search_term_string"}}],"inLanguage":"tr"},{"@type":"Organization","@id":"https:\/\/egcollection.ist\/tr\/#organization","name":"Emre Gurcay Collection","url":"https:\/\/egcollection.ist\/tr\/","logo":{"@type":"ImageObject","inLanguage":"tr","@id":"https:\/\/egcollection.ist\/tr\/#\/schema\/logo\/image\/","url":"https:\/\/egcollection.ist\/wp-content\/uploads\/2021\/11\/EGCollection-logo2-1.png","contentUrl":"https:\/\/egcollection.ist\/wp-content\/uploads\/2021\/11\/EGCollection-logo2-1.png","width":230,"height":82,"caption":"Emre Gurcay Collection"},"image":{"@id":"https:\/\/egcollection.ist\/tr\/#\/schema\/logo\/image\/"},"sameAs":["https:\/\/www.instagram.com\/egcollection.ist\/"]}]}},"_links":{"self":[{"href":"https:\/\/egcollection.ist\/tr\/wp-json\/wp\/v2\/product\/4791","targetHints":{"allow":["GET"]}}],"collection":[{"href":"https:\/\/egcollection.ist\/tr\/wp-json\/wp\/v2\/product"}],"about":[{"href":"https:\/\/egcollection.ist\/tr\/wp-json\/wp\/v2\/types\/product"}],"wp:featuredmedia":[{"embeddable":true,"href":"https:\/\/egcollection.ist\/tr\/wp-json\/wp\/v2\/media\/3657"}],"wp:attachment":[{"href":"https:\/\/egcollection.ist\/tr\/wp-json\/wp\/v2\/media?parent=4791"}],"wp:term":[{"taxonomy":"product_brand","embeddable":true,"href":"https:\/\/egcollection.ist\/tr\/wp-json\/wp\/v2\/product_brand?post=4791"},{"taxonomy":"product_cat","embeddable":true,"href":"https:\/\/egcollection.ist\/tr\/wp-json\/wp\/v2\/product_cat?post=4791"},{"taxonomy":"product_tag","embeddable":true,"href":"https:\/\/egcollection.ist\/tr\/wp-json\/wp\/v2\/product_tag?post=4791"}],"curies":[{"name":"wp","href":"https:\/\/api.w.org\/{rel}","templated":true}]}}