{"id":4812,"date":"2022-07-05T15:55:48","date_gmt":"2022-07-06T07:20:57","guid":{"rendered":"http:\/\/egcollection.ist\/product\/diger-haritalar\/"},"modified":"2022-12-19T08:31:18","modified_gmt":"2022-12-19T08:31:18","slug":"diger-haritalar","status":"publish","type":"product","link":"https:\/\/egcollection.ist\/tr\/urun\/diger-haritalar\/","title":{"rendered":"Di\u011fer Haritalar"},"content":{"rendered":"<p>Paul HADOL (1835 &#8211; 1875)<br \/>\nPaul HADOL Frans\u0131z bir ill\u00fcstrat\u00f6r, karikat\u00fcrist ve teknik ressamd\u0131.<\/p>\n<p>Paul HADOL\u2019un orijinal Frans\u0131z bask\u0131s\u0131 olan Avrupa\u2019n\u0131n bu yergili karikat\u00fcr haritas\u0131 (1870), \u00fclkeleri ki\u015fi bi\u00e7iminde karikat\u00fcrize ederek Temmuz 1870\u2019de Fransa Prusya Sava\u015f\u0131 ile neticelenecek gerginli\u011fe g\u00f6nderme yapmaktad\u0131r.<\/p>\n<p>Politik karikat\u00fcr haritalar\u0131n (Serio-Comic) ilk \u00f6rneklerinden olan HADOL\u2019un haritas\u0131 \u0130ngilizce, Almanca ve Flamanca olarak kopya edilmi\u015ftir.<\/p>\n","protected":false},"excerpt":{"rendered":"<p>Paul HADOL (1835 &#8211; 1875) Paul HADOL Frans\u0131z bir ill\u00fcstrat\u00f6r, karikat\u00fcrist ve teknik ressamd\u0131. Paul HADOL\u2019un orijinal Frans\u0131z bask\u0131s\u0131 olan Avrupa\u2019n\u0131n bu yergili karikat\u00fcr haritas\u0131 (1870), \u00fclkeleri ki\u015fi bi\u00e7iminde karikat\u00fcrize&hellip;<\/p>\n","protected":false},"featured_media":11002,"template":"","meta":[],"product_brand":[],"product_cat":[82,62],"product_tag":[],"class_list":{"0":"post-4812","1":"product","2":"type-product","3":"status-publish","4":"has-post-thumbnail","6":"product_cat-baskilar","7":"product_cat-diger-haritalar","9":"first","10":"instock","11":"purchasable","12":"product-type-simple"},"yoast_head":"<!-- This site is optimized with the Yoast SEO plugin v24.9 - https:\/\/yoast.com\/wordpress\/plugins\/seo\/ -->\n<title>Di\u011fer Haritalar - Emre Gurcay Collection<\/title>\n<meta name=\"robots\" content=\"index, follow, max-snippet:-1, max-image-preview:large, max-video-preview:-1\" \/>\n<link rel=\"canonical\" href=\"https:\/\/egcollection.ist\/tr\/urun\/diger-haritalar\/\" \/>\n<meta property=\"og:locale\" content=\"tr_TR\" \/>\n<meta property=\"og:type\" content=\"article\" \/>\n<meta property=\"og:title\" content=\"Di\u011fer Haritalar - Emre Gurcay Collection\" \/>\n<meta property=\"og:description\" content=\"Paul HADOL (1835 &#8211; 1875) Paul HADOL Frans\u0131z bir ill\u00fcstrat\u00f6r, karikat\u00fcrist ve teknik ressamd\u0131. Paul HADOL\u2019un orijinal Frans\u0131z bask\u0131s\u0131 olan Avrupa\u2019n\u0131n bu yergili karikat\u00fcr haritas\u0131 (1870), \u00fclkeleri ki\u015fi bi\u00e7iminde karikat\u00fcrize&hellip;\" \/>\n<meta property=\"og:url\" content=\"https:\/\/egcollection.ist\/tr\/urun\/diger-haritalar\/\" \/>\n<meta property=\"og:site_name\" content=\"Emre Gurcay Collection\" \/>\n<meta property=\"article:modified_time\" content=\"2022-12-19T08:31:18+00:00\" \/>\n<meta property=\"og:image\" content=\"https:\/\/egcollection.ist\/wp-content\/uploads\/2022\/07\/OM-210101-scaled.jpg\" \/>\n\t<meta property=\"og:image:width\" content=\"2560\" \/>\n\t<meta property=\"og:image:height\" content=\"1831\" \/>\n\t<meta property=\"og:image:type\" content=\"image\/jpeg\" \/>\n<meta name=\"twitter:card\" content=\"summary_large_image\" \/>\n<script type=\"application\/ld+json\" class=\"yoast-schema-graph\">{\"@context\":\"https:\/\/schema.org\",\"@graph\":[{\"@type\":\"WebPage\",\"@id\":\"https:\/\/egcollection.ist\/tr\/urun\/diger-haritalar\/\",\"url\":\"https:\/\/egcollection.ist\/tr\/urun\/diger-haritalar\/\",\"name\":\"Di\u011fer Haritalar - Emre Gurcay Collection\",\"isPartOf\":{\"@id\":\"https:\/\/egcollection.ist\/tr\/#website\"},\"primaryImageOfPage\":{\"@id\":\"https:\/\/egcollection.ist\/tr\/urun\/diger-haritalar\/#primaryimage\"},\"image\":{\"@id\":\"https:\/\/egcollection.ist\/tr\/urun\/diger-haritalar\/#primaryimage\"},\"thumbnailUrl\":\"https:\/\/egcollection.ist\/wp-content\/uploads\/2022\/07\/OM-210101-scaled.jpg\",\"datePublished\":\"2022-07-06T07:20:57+00:00\",\"dateModified\":\"2022-12-19T08:31:18+00:00\",\"breadcrumb\":{\"@id\":\"https:\/\/egcollection.ist\/tr\/urun\/diger-haritalar\/#breadcrumb\"},\"inLanguage\":\"tr\",\"potentialAction\":[{\"@type\":\"ReadAction\",\"target\":[\"https:\/\/egcollection.ist\/tr\/urun\/diger-haritalar\/\"]}]},{\"@type\":\"ImageObject\",\"inLanguage\":\"tr\",\"@id\":\"https:\/\/egcollection.ist\/tr\/urun\/diger-haritalar\/#primaryimage\",\"url\":\"https:\/\/egcollection.ist\/wp-content\/uploads\/2022\/07\/OM-210101-scaled.jpg\",\"contentUrl\":\"https:\/\/egcollection.ist\/wp-content\/uploads\/2022\/07\/OM-210101-scaled.jpg\",\"width\":2560,\"height\":1831},{\"@type\":\"BreadcrumbList\",\"@id\":\"https:\/\/egcollection.ist\/tr\/urun\/diger-haritalar\/#breadcrumb\",\"itemListElement\":[{\"@type\":\"ListItem\",\"position\":1,\"name\":\"Home\",\"item\":\"https:\/\/egcollection.ist\/tr\/home\/\"},{\"@type\":\"ListItem\",\"position\":2,\"name\":\"Shop\",\"item\":\"https:\/\/egcollection.ist\/shop\/\"},{\"@type\":\"ListItem\",\"position\":3,\"name\":\"Di\u011fer Haritalar\"}]},{\"@type\":\"WebSite\",\"@id\":\"https:\/\/egcollection.ist\/tr\/#website\",\"url\":\"https:\/\/egcollection.ist\/tr\/\",\"name\":\"Emre Gurcay Collection\",\"description\":\"Antique Maps &amp; Books\",\"publisher\":{\"@id\":\"https:\/\/egcollection.ist\/tr\/#organization\"},\"potentialAction\":[{\"@type\":\"SearchAction\",\"target\":{\"@type\":\"EntryPoint\",\"urlTemplate\":\"https:\/\/egcollection.ist\/tr\/?s={search_term_string}\"},\"query-input\":{\"@type\":\"PropertyValueSpecification\",\"valueRequired\":true,\"valueName\":\"search_term_string\"}}],\"inLanguage\":\"tr\"},{\"@type\":\"Organization\",\"@id\":\"https:\/\/egcollection.ist\/tr\/#organization\",\"name\":\"Emre Gurcay Collection\",\"url\":\"https:\/\/egcollection.ist\/tr\/\",\"logo\":{\"@type\":\"ImageObject\",\"inLanguage\":\"tr\",\"@id\":\"https:\/\/egcollection.ist\/tr\/#\/schema\/logo\/image\/\",\"url\":\"https:\/\/egcollection.ist\/wp-content\/uploads\/2021\/11\/EGCollection-logo2-1.png\",\"contentUrl\":\"https:\/\/egcollection.ist\/wp-content\/uploads\/2021\/11\/EGCollection-logo2-1.png\",\"width\":230,\"height\":82,\"caption\":\"Emre Gurcay Collection\"},\"image\":{\"@id\":\"https:\/\/egcollection.ist\/tr\/#\/schema\/logo\/image\/\"},\"sameAs\":[\"https:\/\/www.instagram.com\/egcollection.ist\/\"]}]}<\/script>\n<!-- \/ Yoast SEO plugin. -->","yoast_head_json":{"title":"Di\u011fer Haritalar - Emre Gurcay Collection","robots":{"index":"index","follow":"follow","max-snippet":"max-snippet:-1","max-image-preview":"max-image-preview:large","max-video-preview":"max-video-preview:-1"},"canonical":"https:\/\/egcollection.ist\/tr\/urun\/diger-haritalar\/","og_locale":"tr_TR","og_type":"article","og_title":"Di\u011fer Haritalar - Emre Gurcay Collection","og_description":"Paul HADOL (1835 &#8211; 1875) Paul HADOL Frans\u0131z bir ill\u00fcstrat\u00f6r, karikat\u00fcrist ve teknik ressamd\u0131. Paul HADOL\u2019un orijinal Frans\u0131z bask\u0131s\u0131 olan Avrupa\u2019n\u0131n bu yergili karikat\u00fcr haritas\u0131 (1870), \u00fclkeleri ki\u015fi bi\u00e7iminde karikat\u00fcrize&hellip;","og_url":"https:\/\/egcollection.ist\/tr\/urun\/diger-haritalar\/","og_site_name":"Emre Gurcay Collection","article_modified_time":"2022-12-19T08:31:18+00:00","og_image":[{"width":2560,"height":1831,"url":"https:\/\/egcollection.ist\/wp-content\/uploads\/2022\/07\/OM-210101-scaled.jpg","type":"image\/jpeg"}],"twitter_card":"summary_large_image","schema":{"@context":"https:\/\/schema.org","@graph":[{"@type":"WebPage","@id":"https:\/\/egcollection.ist\/tr\/urun\/diger-haritalar\/","url":"https:\/\/egcollection.ist\/tr\/urun\/diger-haritalar\/","name":"Di\u011fer Haritalar - Emre Gurcay Collection","isPartOf":{"@id":"https:\/\/egcollection.ist\/tr\/#website"},"primaryImageOfPage":{"@id":"https:\/\/egcollection.ist\/tr\/urun\/diger-haritalar\/#primaryimage"},"image":{"@id":"https:\/\/egcollection.ist\/tr\/urun\/diger-haritalar\/#primaryimage"},"thumbnailUrl":"https:\/\/egcollection.ist\/wp-content\/uploads\/2022\/07\/OM-210101-scaled.jpg","datePublished":"2022-07-06T07:20:57+00:00","dateModified":"2022-12-19T08:31:18+00:00","breadcrumb":{"@id":"https:\/\/egcollection.ist\/tr\/urun\/diger-haritalar\/#breadcrumb"},"inLanguage":"tr","potentialAction":[{"@type":"ReadAction","target":["https:\/\/egcollection.ist\/tr\/urun\/diger-haritalar\/"]}]},{"@type":"ImageObject","inLanguage":"tr","@id":"https:\/\/egcollection.ist\/tr\/urun\/diger-haritalar\/#primaryimage","url":"https:\/\/egcollection.ist\/wp-content\/uploads\/2022\/07\/OM-210101-scaled.jpg","contentUrl":"https:\/\/egcollection.ist\/wp-content\/uploads\/2022\/07\/OM-210101-scaled.jpg","width":2560,"height":1831},{"@type":"BreadcrumbList","@id":"https:\/\/egcollection.ist\/tr\/urun\/diger-haritalar\/#breadcrumb","itemListElement":[{"@type":"ListItem","position":1,"name":"Home","item":"https:\/\/egcollection.ist\/tr\/home\/"},{"@type":"ListItem","position":2,"name":"Shop","item":"https:\/\/egcollection.ist\/shop\/"},{"@type":"ListItem","position":3,"name":"Di\u011fer Haritalar"}]},{"@type":"WebSite","@id":"https:\/\/egcollection.ist\/tr\/#website","url":"https:\/\/egcollection.ist\/tr\/","name":"Emre Gurcay Collection","description":"Antique Maps &amp; Books","publisher":{"@id":"https:\/\/egcollection.ist\/tr\/#organization"},"potentialAction":[{"@type":"SearchAction","target":{"@type":"EntryPoint","urlTemplate":"https:\/\/egcollection.ist\/tr\/?s={search_term_string}"},"query-input":{"@type":"PropertyValueSpecification","valueRequired":true,"valueName":"search_term_string"}}],"inLanguage":"tr"},{"@type":"Organization","@id":"https:\/\/egcollection.ist\/tr\/#organization","name":"Emre Gurcay Collection","url":"https:\/\/egcollection.ist\/tr\/","logo":{"@type":"ImageObject","inLanguage":"tr","@id":"https:\/\/egcollection.ist\/tr\/#\/schema\/logo\/image\/","url":"https:\/\/egcollection.ist\/wp-content\/uploads\/2021\/11\/EGCollection-logo2-1.png","contentUrl":"https:\/\/egcollection.ist\/wp-content\/uploads\/2021\/11\/EGCollection-logo2-1.png","width":230,"height":82,"caption":"Emre Gurcay Collection"},"image":{"@id":"https:\/\/egcollection.ist\/tr\/#\/schema\/logo\/image\/"},"sameAs":["https:\/\/www.instagram.com\/egcollection.ist\/"]}]}},"_links":{"self":[{"href":"https:\/\/egcollection.ist\/tr\/wp-json\/wp\/v2\/product\/4812","targetHints":{"allow":["GET"]}}],"collection":[{"href":"https:\/\/egcollection.ist\/tr\/wp-json\/wp\/v2\/product"}],"about":[{"href":"https:\/\/egcollection.ist\/tr\/wp-json\/wp\/v2\/types\/product"}],"wp:featuredmedia":[{"embeddable":true,"href":"https:\/\/egcollection.ist\/tr\/wp-json\/wp\/v2\/media\/11002"}],"wp:attachment":[{"href":"https:\/\/egcollection.ist\/tr\/wp-json\/wp\/v2\/media?parent=4812"}],"wp:term":[{"taxonomy":"product_brand","embeddable":true,"href":"https:\/\/egcollection.ist\/tr\/wp-json\/wp\/v2\/product_brand?post=4812"},{"taxonomy":"product_cat","embeddable":true,"href":"https:\/\/egcollection.ist\/tr\/wp-json\/wp\/v2\/product_cat?post=4812"},{"taxonomy":"product_tag","embeddable":true,"href":"https:\/\/egcollection.ist\/tr\/wp-json\/wp\/v2\/product_tag?post=4812"}],"curies":[{"name":"wp","href":"https:\/\/api.w.org\/{rel}","templated":true}]}}