{"id":4814,"date":"2022-07-05T15:55:48","date_gmt":"2022-07-06T07:20:57","guid":{"rendered":"http:\/\/egcollection.ist\/product\/diger-haritalar-3\/"},"modified":"2022-12-19T08:31:18","modified_gmt":"2022-12-19T08:31:18","slug":"diger-haritalar-3","status":"publish","type":"product","link":"https:\/\/egcollection.ist\/tr\/urun\/diger-haritalar-3\/","title":{"rendered":"Di\u011fer Haritalar"},"content":{"rendered":"<p>Author:<br \/>\n(\u0633\u0648\u062f\u0649)\u0646\u0643 \u064a\u0643\u0649 \u062e\u0631\u064a\u0637\u0647 \u0643\u0644\u064a\u0627\u062a\u0646\u062f\u0646 [S\u00dbD\u00ce\u2019NIN YENI HARITA K\u00dcLLIYATINDAN \/ SUDI\u2019S NEW CARTOGRAPHIC ESTABLISHMENT].<br \/>\nDate:<br \/>\n1927<br \/>\nShort Title:<br \/>\n\u0627\u0646\u0627 \u0648\u0637\u0646 [Ana Vatan \/ Homeland].<br \/>\nPublisher:<br \/>\n\u0643\u062a\u0627\u0628\u062d\u0627\u0646\u0647 \u0633\u0648\u062f\u0649 [Kitaphane-yi S\u00fbd\u00ee]<br \/>\nPublisher Location:<br \/>\nIstanbul<\/p>\n<p>Obj Height cm:<br \/>\n67<br \/>\nObj Width cm:<br \/>\n100<\/p>\n<p>Publication Author:<br \/>\n(\u0633\u0648\u062f\u0649)\u0646\u0643 \u064a\u0643\u0649 \u062e\u0631\u064a\u0637\u0647 \u0643\u0644\u064a\u0627\u062a\u0646\u062f\u0646 [S\u00dbD\u00ce\u2019NIN YENI HARITA K\u00dcLLIYATINDAN \/ SUDI\u2019S NEW CARTOGRAPHIC ESTABLISHMENT].<br \/>\nPub Date:<br \/>\n1927<br \/>\nPub Title:<br \/>\n\u0627\u0646\u0627 \u0648\u0637\u0646 [Ana Vatan \/ Homeland].<\/p>\n<p>Note:<br \/>\n&#8220;\u2018Ana Vatan\u2019 (Homeland) is one of the iconic images of Turkey\u2019s Early Republican Era, being a colourful map of the country variously decorated with a portrait of its revolutionary founding president, Mustafa Kemal Atat\u00fcrk; the figure of an infantry man, hailing the might and bravery of the Turkish Army which secured the nation\u2019s independence; and the figure of a lady draped in the Turkish flag, personifying the virtue and liberty of the country \u2013 a large format ephemeral work \u2013 extremely rare. On October 29, 1923, Mustafa Kemal \u2018Atat\u00fcrk\u2019 formally completed what virtually everyone a few years before would have considered impossible, by declaring the creation of the Republic of Turkey, a completely independent state embracing the great majority of the lands inhabited the Turkish people. The Treaty of S\u00e8vres, (1920), which aimed to settle the fate of Anatolia and adjacent lands, in the wake of the collapse of the Ottoman Empire following World War I, inflicted the harshest possible terms on the Turkish people, denying them any chance to form a viable country. Istanbul and the Turkish Straits were to become an international zone controlled by the Great Entente powers; the Smyrna (Izmir) region of Western Anatolia was to become part of Greece; southwestern Anatolia was to be an Italian zone, Cilicia (southcentral Anatolia) was to be a French domain; while Eastern Anatolia was reserved for a proposed independent Armenian state. The Turks were to be left with a rump extending from central Anatolia to the Black Sea coast; the great majority of Turks were to live under foreign flags. Atat\u00fcrk, a former Ottoman general and hero of the Battle of Gallipoli, and his associates never accepted the verdict of the Entente Powers. In 1919, he formed a nationalist movement that aimed to retake the Turkish lands by force, instigating a conflict known as the Turkish War of Independence (T\u00fcrk Kurtulu\u015f Sava\u015f\u0131, 1919-23). Headquartered in Ankara, then a small provincial city deep in the interior, Atat\u00fcrk initially led a poorly equipped and under-funded rag-tag force of Ottoman veterans, in a situation not unlike Washington at Valley Forge. Indeed, Atat\u00fcrk had to fight a multi-front war against at least six major opponents, although he benefitted from extremely low expectations, which caused their opposition to become exceedingly overconfident. Atat\u00fcrk was a stellar proven battle commander and extraordinarily charismatic and bold leader, and against all odds he managed to galvanize his motley force into and amazingly driven and deadly war machine, that after teething pains, eventually came to vanquish all of their opponents on the battlefield, while causing their other foes to withdraw from the contest. By the latter part of 1922, Atat\u00fcrk had decisively won the war, and the complete withdraw of all foreign powers from Anatolia, Istanbul, and Eastern Thrace (virtually all of modern Turkey) was assured. Atat\u00fcrk would go on to found a revolutionary new Turkish state based upon his philosophy of Kemalism, summed up by what would become known as the \u2018Six Arrows\u2019 (Republicanism, Populism, Nationalism, Laicism, Statism, and Reformism). While controversial both in its time and up to the present day, Atat\u00fcrk\u2019s regime utterly transformed Turkey into a modern secular state more in line with Western European values than its Eastern roots. Turkey became a strong, confident regional power that was able to maintain its independence even in what was the world\u2019s most dangerous d neighborhood. Anchoring Atat\u00fcrk\u2019s regime was one of the world\u2019s world most sophisticated propaganda machines, that assumed great control over popular visual and literary culture. It was able to harness Turkey\u2019s word-class communities of artists and authors to create posters, maps, paintings, books, pamphlets, and newspapers that celebrated Atat\u00fcrk and his new revolutionary values. The present work is one of the most famous and beloved of all the propaganda works of the Early Republican Era. The present map was published by Sudi\u2019s New Cartographic Establishment, a small, boutiquey Istanbul mapmaker. Little would they have known when they first released the map that it would become one of the most iconic and beloved images of Early Republican Turkey! Entitled \u2018Ana Vatan\u2019 (Homeland), the map is a veritable pageant of imagery, an unabashed celebration of the new Republic of Turkey and its founding principles. The centre of the composition is a conventional map the country, divided into brightly coloured provinces, and labelling all major cities, topographical features, railways and roads. Turkey\u2019s boundaries are the same as they are today with the notable exception that the country did not then yet include the Hatay Province (featuring the cities of Antakya and Iskenderun), to the south, which is still shown to be a part of Syria; under Turkish pressure, Hatay would succeed from Syria in 1938, joining Turkey the following year later. To the lower left of the map are two cartographic insets, one showing Istanbul, the old Ottoman capital and Turkey\u2019s commercial centre, and the other, Ankara, the new capital of the republic. At the top of the map is a portrait of President Atat\u00fcrk, contained within a roundel, framed by laurels. To the left, is a large image of a Turkish infantry man in full field dress, honouring the very men who so valiantly, and against all odds, secured Turkey\u2019s unity and independence. To the right, is an image of a woman, draped in the national flag, bearing laurels, and perched upon a Classical plinth; she personifies the new state, its virtue, liberty and hope for the future. The inclusion of the lady is iconographically significant in that it marks a dramatic rupture from Ottoman or Eastern patriotic imagery, for such figures had rather been a traditional part of Western culture (ex. the Roman goddess Libertas, Britannia, Marianne, Lady Liberty, etc.). Indeed, consistent Kemalist principles, the map is strictly secular, void of the Islamic iconography that was prevalent on Ottoman propagandist works. While the text of the map is entirely given in Ottoman Turks script (Turkey would shortly switch to using Latin script, in 1928-9), in line with Atat\u00fcrk\u2019s ethic, it features only the Western date of \u20181927\u2019, as opposed to employing the old Ottoman Rumi calendar. \u2018Ana Vatan\u2019 struck a chord, and in its time and through the generations since, had been frequently reproduced and favourably commented upon in countless works. It was, and remains, one of the most popular and recognizable images of the early period of Atat\u00fcrk\u2019s regime, proving its success as a work of patriotic propaganda. The map would have been sold in bookstores and news kiosks to the general public, where it would have been hung in homes and offices. Despite the map\u2019s contemporary popularity and the fact that it remains very well known, examples are today extremely rare. The ephemeral, fragile nature of the map would have ensured a very low survival rate. While we are anecdotally aware of a few examples of the map held by unspecified Turkish institutions, as well as in private collections, the only example we can trace outside of Turkey is held by the Library of Congress (acquired in 1928, perhaps as a diplomatic gift).&#8221; (Alexander Johnson, 2021)<\/p>\n","protected":false},"excerpt":{"rendered":"<p>Author: (\u0633\u0648\u062f\u0649)\u0646\u0643 \u064a\u0643\u0649 \u062e\u0631\u064a\u0637\u0647 \u0643\u0644\u064a\u0627\u062a\u0646\u062f\u0646 [S\u00dbD\u00ce\u2019NIN YENI HARITA K\u00dcLLIYATINDAN \/ SUDI\u2019S NEW CARTOGRAPHIC ESTABLISHMENT]. Date: 1927 Short Title: \u0627\u0646\u0627 \u0648\u0637\u0646 [Ana Vatan \/ Homeland]. Publisher: \u0643\u062a\u0627\u0628\u062d\u0627\u0646\u0647 \u0633\u0648\u062f\u0649 [Kitaphane-yi S\u00fbd\u00ee] Publisher&hellip;<\/p>\n","protected":false},"featured_media":11006,"template":"","meta":[],"product_brand":[],"product_cat":[74,62],"product_tag":[],"class_list":{"0":"post-4814","1":"product","2":"type-product","3":"status-publish","4":"has-post-thumbnail","6":"product_cat-haritalar","7":"product_cat-diger-haritalar","9":"first","10":"instock","11":"purchasable","12":"product-type-simple"},"yoast_head":"<!-- This site is optimized with the Yoast SEO plugin v24.9 - https:\/\/yoast.com\/wordpress\/plugins\/seo\/ -->\n<title>Di\u011fer Haritalar - Emre Gurcay Collection<\/title>\n<meta name=\"robots\" content=\"index, follow, max-snippet:-1, max-image-preview:large, max-video-preview:-1\" \/>\n<link rel=\"canonical\" href=\"https:\/\/egcollection.ist\/tr\/urun\/diger-haritalar-3\/\" \/>\n<meta property=\"og:locale\" content=\"tr_TR\" \/>\n<meta property=\"og:type\" content=\"article\" \/>\n<meta property=\"og:title\" content=\"Di\u011fer Haritalar - Emre Gurcay Collection\" \/>\n<meta property=\"og:description\" content=\"Author: (\u0633\u0648\u062f\u0649)\u0646\u0643 \u064a\u0643\u0649 \u062e\u0631\u064a\u0637\u0647 \u0643\u0644\u064a\u0627\u062a\u0646\u062f\u0646 [S\u00dbD\u00ce\u2019NIN YENI HARITA K\u00dcLLIYATINDAN \/ SUDI\u2019S NEW CARTOGRAPHIC ESTABLISHMENT]. Date: 1927 Short Title: \u0627\u0646\u0627 \u0648\u0637\u0646 [Ana Vatan \/ Homeland]. Publisher: \u0643\u062a\u0627\u0628\u062d\u0627\u0646\u0647 \u0633\u0648\u062f\u0649 [Kitaphane-yi S\u00fbd\u00ee] Publisher&hellip;\" \/>\n<meta property=\"og:url\" content=\"https:\/\/egcollection.ist\/tr\/urun\/diger-haritalar-3\/\" \/>\n<meta property=\"og:site_name\" content=\"Emre Gurcay Collection\" \/>\n<meta property=\"article:modified_time\" content=\"2022-12-19T08:31:18+00:00\" \/>\n<meta property=\"og:image\" content=\"https:\/\/egcollection.ist\/wp-content\/uploads\/2022\/07\/OM-210103-scaled.jpg\" \/>\n\t<meta property=\"og:image:width\" content=\"2560\" \/>\n\t<meta property=\"og:image:height\" content=\"1637\" \/>\n\t<meta property=\"og:image:type\" content=\"image\/jpeg\" \/>\n<meta name=\"twitter:card\" content=\"summary_large_image\" \/>\n<meta name=\"twitter:label1\" content=\"Tahmini okuma s\u00fcresi\" \/>\n\t<meta name=\"twitter:data1\" content=\"6 dakika\" \/>\n<script type=\"application\/ld+json\" class=\"yoast-schema-graph\">{\"@context\":\"https:\/\/schema.org\",\"@graph\":[{\"@type\":\"WebPage\",\"@id\":\"https:\/\/egcollection.ist\/tr\/urun\/diger-haritalar-3\/\",\"url\":\"https:\/\/egcollection.ist\/tr\/urun\/diger-haritalar-3\/\",\"name\":\"Di\u011fer Haritalar - Emre Gurcay Collection\",\"isPartOf\":{\"@id\":\"https:\/\/egcollection.ist\/tr\/#website\"},\"primaryImageOfPage\":{\"@id\":\"https:\/\/egcollection.ist\/tr\/urun\/diger-haritalar-3\/#primaryimage\"},\"image\":{\"@id\":\"https:\/\/egcollection.ist\/tr\/urun\/diger-haritalar-3\/#primaryimage\"},\"thumbnailUrl\":\"https:\/\/egcollection.ist\/wp-content\/uploads\/2022\/07\/OM-210103-scaled.jpg\",\"datePublished\":\"2022-07-06T07:20:57+00:00\",\"dateModified\":\"2022-12-19T08:31:18+00:00\",\"breadcrumb\":{\"@id\":\"https:\/\/egcollection.ist\/tr\/urun\/diger-haritalar-3\/#breadcrumb\"},\"inLanguage\":\"tr\",\"potentialAction\":[{\"@type\":\"ReadAction\",\"target\":[\"https:\/\/egcollection.ist\/tr\/urun\/diger-haritalar-3\/\"]}]},{\"@type\":\"ImageObject\",\"inLanguage\":\"tr\",\"@id\":\"https:\/\/egcollection.ist\/tr\/urun\/diger-haritalar-3\/#primaryimage\",\"url\":\"https:\/\/egcollection.ist\/wp-content\/uploads\/2022\/07\/OM-210103-scaled.jpg\",\"contentUrl\":\"https:\/\/egcollection.ist\/wp-content\/uploads\/2022\/07\/OM-210103-scaled.jpg\",\"width\":2560,\"height\":1637},{\"@type\":\"BreadcrumbList\",\"@id\":\"https:\/\/egcollection.ist\/tr\/urun\/diger-haritalar-3\/#breadcrumb\",\"itemListElement\":[{\"@type\":\"ListItem\",\"position\":1,\"name\":\"Home\",\"item\":\"https:\/\/egcollection.ist\/tr\/home\/\"},{\"@type\":\"ListItem\",\"position\":2,\"name\":\"Shop\",\"item\":\"https:\/\/egcollection.ist\/shop\/\"},{\"@type\":\"ListItem\",\"position\":3,\"name\":\"Di\u011fer Haritalar\"}]},{\"@type\":\"WebSite\",\"@id\":\"https:\/\/egcollection.ist\/tr\/#website\",\"url\":\"https:\/\/egcollection.ist\/tr\/\",\"name\":\"Emre Gurcay Collection\",\"description\":\"Antique Maps &amp; Books\",\"publisher\":{\"@id\":\"https:\/\/egcollection.ist\/tr\/#organization\"},\"potentialAction\":[{\"@type\":\"SearchAction\",\"target\":{\"@type\":\"EntryPoint\",\"urlTemplate\":\"https:\/\/egcollection.ist\/tr\/?s={search_term_string}\"},\"query-input\":{\"@type\":\"PropertyValueSpecification\",\"valueRequired\":true,\"valueName\":\"search_term_string\"}}],\"inLanguage\":\"tr\"},{\"@type\":\"Organization\",\"@id\":\"https:\/\/egcollection.ist\/tr\/#organization\",\"name\":\"Emre Gurcay Collection\",\"url\":\"https:\/\/egcollection.ist\/tr\/\",\"logo\":{\"@type\":\"ImageObject\",\"inLanguage\":\"tr\",\"@id\":\"https:\/\/egcollection.ist\/tr\/#\/schema\/logo\/image\/\",\"url\":\"https:\/\/egcollection.ist\/wp-content\/uploads\/2021\/11\/EGCollection-logo2-1.png\",\"contentUrl\":\"https:\/\/egcollection.ist\/wp-content\/uploads\/2021\/11\/EGCollection-logo2-1.png\",\"width\":230,\"height\":82,\"caption\":\"Emre Gurcay Collection\"},\"image\":{\"@id\":\"https:\/\/egcollection.ist\/tr\/#\/schema\/logo\/image\/\"},\"sameAs\":[\"https:\/\/www.instagram.com\/egcollection.ist\/\"]}]}<\/script>\n<!-- \/ Yoast SEO plugin. -->","yoast_head_json":{"title":"Di\u011fer Haritalar - Emre Gurcay Collection","robots":{"index":"index","follow":"follow","max-snippet":"max-snippet:-1","max-image-preview":"max-image-preview:large","max-video-preview":"max-video-preview:-1"},"canonical":"https:\/\/egcollection.ist\/tr\/urun\/diger-haritalar-3\/","og_locale":"tr_TR","og_type":"article","og_title":"Di\u011fer Haritalar - Emre Gurcay Collection","og_description":"Author: (\u0633\u0648\u062f\u0649)\u0646\u0643 \u064a\u0643\u0649 \u062e\u0631\u064a\u0637\u0647 \u0643\u0644\u064a\u0627\u062a\u0646\u062f\u0646 [S\u00dbD\u00ce\u2019NIN YENI HARITA K\u00dcLLIYATINDAN \/ SUDI\u2019S NEW CARTOGRAPHIC ESTABLISHMENT]. Date: 1927 Short Title: \u0627\u0646\u0627 \u0648\u0637\u0646 [Ana Vatan \/ Homeland]. Publisher: \u0643\u062a\u0627\u0628\u062d\u0627\u0646\u0647 \u0633\u0648\u062f\u0649 [Kitaphane-yi S\u00fbd\u00ee] Publisher&hellip;","og_url":"https:\/\/egcollection.ist\/tr\/urun\/diger-haritalar-3\/","og_site_name":"Emre Gurcay Collection","article_modified_time":"2022-12-19T08:31:18+00:00","og_image":[{"width":2560,"height":1637,"url":"https:\/\/egcollection.ist\/wp-content\/uploads\/2022\/07\/OM-210103-scaled.jpg","type":"image\/jpeg"}],"twitter_card":"summary_large_image","twitter_misc":{"Tahmini okuma s\u00fcresi":"6 dakika"},"schema":{"@context":"https:\/\/schema.org","@graph":[{"@type":"WebPage","@id":"https:\/\/egcollection.ist\/tr\/urun\/diger-haritalar-3\/","url":"https:\/\/egcollection.ist\/tr\/urun\/diger-haritalar-3\/","name":"Di\u011fer Haritalar - Emre Gurcay Collection","isPartOf":{"@id":"https:\/\/egcollection.ist\/tr\/#website"},"primaryImageOfPage":{"@id":"https:\/\/egcollection.ist\/tr\/urun\/diger-haritalar-3\/#primaryimage"},"image":{"@id":"https:\/\/egcollection.ist\/tr\/urun\/diger-haritalar-3\/#primaryimage"},"thumbnailUrl":"https:\/\/egcollection.ist\/wp-content\/uploads\/2022\/07\/OM-210103-scaled.jpg","datePublished":"2022-07-06T07:20:57+00:00","dateModified":"2022-12-19T08:31:18+00:00","breadcrumb":{"@id":"https:\/\/egcollection.ist\/tr\/urun\/diger-haritalar-3\/#breadcrumb"},"inLanguage":"tr","potentialAction":[{"@type":"ReadAction","target":["https:\/\/egcollection.ist\/tr\/urun\/diger-haritalar-3\/"]}]},{"@type":"ImageObject","inLanguage":"tr","@id":"https:\/\/egcollection.ist\/tr\/urun\/diger-haritalar-3\/#primaryimage","url":"https:\/\/egcollection.ist\/wp-content\/uploads\/2022\/07\/OM-210103-scaled.jpg","contentUrl":"https:\/\/egcollection.ist\/wp-content\/uploads\/2022\/07\/OM-210103-scaled.jpg","width":2560,"height":1637},{"@type":"BreadcrumbList","@id":"https:\/\/egcollection.ist\/tr\/urun\/diger-haritalar-3\/#breadcrumb","itemListElement":[{"@type":"ListItem","position":1,"name":"Home","item":"https:\/\/egcollection.ist\/tr\/home\/"},{"@type":"ListItem","position":2,"name":"Shop","item":"https:\/\/egcollection.ist\/shop\/"},{"@type":"ListItem","position":3,"name":"Di\u011fer Haritalar"}]},{"@type":"WebSite","@id":"https:\/\/egcollection.ist\/tr\/#website","url":"https:\/\/egcollection.ist\/tr\/","name":"Emre Gurcay Collection","description":"Antique Maps &amp; Books","publisher":{"@id":"https:\/\/egcollection.ist\/tr\/#organization"},"potentialAction":[{"@type":"SearchAction","target":{"@type":"EntryPoint","urlTemplate":"https:\/\/egcollection.ist\/tr\/?s={search_term_string}"},"query-input":{"@type":"PropertyValueSpecification","valueRequired":true,"valueName":"search_term_string"}}],"inLanguage":"tr"},{"@type":"Organization","@id":"https:\/\/egcollection.ist\/tr\/#organization","name":"Emre Gurcay Collection","url":"https:\/\/egcollection.ist\/tr\/","logo":{"@type":"ImageObject","inLanguage":"tr","@id":"https:\/\/egcollection.ist\/tr\/#\/schema\/logo\/image\/","url":"https:\/\/egcollection.ist\/wp-content\/uploads\/2021\/11\/EGCollection-logo2-1.png","contentUrl":"https:\/\/egcollection.ist\/wp-content\/uploads\/2021\/11\/EGCollection-logo2-1.png","width":230,"height":82,"caption":"Emre Gurcay Collection"},"image":{"@id":"https:\/\/egcollection.ist\/tr\/#\/schema\/logo\/image\/"},"sameAs":["https:\/\/www.instagram.com\/egcollection.ist\/"]}]}},"_links":{"self":[{"href":"https:\/\/egcollection.ist\/tr\/wp-json\/wp\/v2\/product\/4814","targetHints":{"allow":["GET"]}}],"collection":[{"href":"https:\/\/egcollection.ist\/tr\/wp-json\/wp\/v2\/product"}],"about":[{"href":"https:\/\/egcollection.ist\/tr\/wp-json\/wp\/v2\/types\/product"}],"wp:featuredmedia":[{"embeddable":true,"href":"https:\/\/egcollection.ist\/tr\/wp-json\/wp\/v2\/media\/11006"}],"wp:attachment":[{"href":"https:\/\/egcollection.ist\/tr\/wp-json\/wp\/v2\/media?parent=4814"}],"wp:term":[{"taxonomy":"product_brand","embeddable":true,"href":"https:\/\/egcollection.ist\/tr\/wp-json\/wp\/v2\/product_brand?post=4814"},{"taxonomy":"product_cat","embeddable":true,"href":"https:\/\/egcollection.ist\/tr\/wp-json\/wp\/v2\/product_cat?post=4814"},{"taxonomy":"product_tag","embeddable":true,"href":"https:\/\/egcollection.ist\/tr\/wp-json\/wp\/v2\/product_tag?post=4814"}],"curies":[{"name":"wp","href":"https:\/\/api.w.org\/{rel}","templated":true}]}}