{"id":5126,"date":"2022-07-20T17:02:19","date_gmt":"2022-07-20T17:02:19","guid":{"rendered":"http:\/\/egcollection.ist\/product\/osmanli-imparatorlugu-harita-8\/"},"modified":"2022-12-19T08:31:15","modified_gmt":"2022-12-19T08:31:15","slug":"osmanli-imparatorlugu-harita-8","status":"publish","type":"product","link":"https:\/\/egcollection.ist\/tr\/urun\/osmanli-imparatorlugu-harita-8\/","title":{"rendered":"OSMANLI \u0130MPARATORLU\u011eU HAR\u0130TA"},"content":{"rendered":"<p>MPERIUM TURCICUM IN EUROPA, ASIA ET AFRICA REGIONES&#8230; HOMANN, Johann Baptist<br \/>\nNuremberg, 1730<br \/>\n58 x 49.5 cm.<\/p>\n<p>Gorgeous map of the Ottoman Empire, extending from the Persian Gulf and Red Sea to the Mediterranean and Caspian Seas.<br \/>\nExcellent detail and an attractive cartouche.<br \/>\nJohann Baptist Homann Biography<br \/>\nJohann Baptist Homann (1663-1724) was a mapmaker who founded the famous Homann<br \/>\nHeirs publishing company. He lived his entire life in Bavaria, particularly in Nuremberg. Initially, Johann trained to become a priest before converting to Protestantism and working as a notary.<br \/>\nIn 1702, Johann founded a publishing house that specialized in engravings. The firm flourished, becoming the leading map publisher in Germany and an important entity in the European map market. In 1715, Johann was named Imperial Geographer to the Holy Roman Empire by Charles VI and made a member of the Prussian Academy of Sciences. Most importantly for his business, his reputation and contacts gained him imperial printing privileges which protected his publications and recommended him to customers. Johann is<\/p>\n<p>best known for this Grosser Atlas ueber die ganze Welt, or the Grand Atlas of the World, published in 1716.<br \/>\nAfter Johann died in 1724, the business passed to his son, Christoph (1703-1730). Upon Christoph\u2019s early death, the company passed to subsequent heirs, with the name of the company changing to Homann Erben, or Homann Heirs. The firm continued in business until 1848.<\/p>\n","protected":false},"excerpt":{"rendered":"<p>MPERIUM TURCICUM IN EUROPA, ASIA ET AFRICA REGIONES&#8230; HOMANN, Johann Baptist Nuremberg, 1730 58 x 49.5 cm. Gorgeous map of the Ottoman Empire, extending from the Persian Gulf and Red&hellip;<\/p>\n","protected":false},"featured_media":5004,"template":"","meta":[],"product_brand":[],"product_cat":[74,65],"product_tag":[],"class_list":{"0":"post-5126","1":"product","2":"type-product","3":"status-publish","4":"has-post-thumbnail","6":"product_cat-haritalar","7":"product_cat-osmanli-imparatorlugu-haritalar","9":"first","10":"instock","11":"purchasable","12":"product-type-simple"},"yoast_head":"<!-- This site is optimized with the Yoast SEO plugin v24.9 - https:\/\/yoast.com\/wordpress\/plugins\/seo\/ -->\n<title>OSMANLI \u0130MPARATORLU\u011eU HAR\u0130TA - Emre Gurcay Collection<\/title>\n<meta name=\"robots\" content=\"index, follow, max-snippet:-1, max-image-preview:large, max-video-preview:-1\" \/>\n<link rel=\"canonical\" href=\"https:\/\/egcollection.ist\/tr\/urun\/osmanli-imparatorlugu-harita-8\/\" \/>\n<meta property=\"og:locale\" content=\"tr_TR\" \/>\n<meta property=\"og:type\" content=\"article\" \/>\n<meta property=\"og:title\" content=\"OSMANLI \u0130MPARATORLU\u011eU HAR\u0130TA - Emre Gurcay Collection\" \/>\n<meta property=\"og:description\" content=\"MPERIUM TURCICUM IN EUROPA, ASIA ET AFRICA REGIONES&#8230; HOMANN, Johann Baptist Nuremberg, 1730 58 x 49.5 cm. Gorgeous map of the Ottoman Empire, extending from the Persian Gulf and Red&hellip;\" \/>\n<meta property=\"og:url\" content=\"https:\/\/egcollection.ist\/tr\/urun\/osmanli-imparatorlugu-harita-8\/\" \/>\n<meta property=\"og:site_name\" content=\"Emre Gurcay Collection\" \/>\n<meta property=\"article:modified_time\" content=\"2022-12-19T08:31:15+00:00\" \/>\n<meta property=\"og:image\" content=\"https:\/\/egcollection.ist\/wp-content\/uploads\/2022\/07\/00183.jpg\" \/>\n\t<meta property=\"og:image:width\" content=\"1200\" \/>\n\t<meta property=\"og:image:height\" content=\"1054\" \/>\n\t<meta property=\"og:image:type\" content=\"image\/jpeg\" \/>\n<meta name=\"twitter:card\" content=\"summary_large_image\" \/>\n<meta name=\"twitter:label1\" content=\"Tahmini okuma s\u00fcresi\" \/>\n\t<meta name=\"twitter:data1\" content=\"1 dakika\" \/>\n<script type=\"application\/ld+json\" class=\"yoast-schema-graph\">{\"@context\":\"https:\/\/schema.org\",\"@graph\":[{\"@type\":\"WebPage\",\"@id\":\"https:\/\/egcollection.ist\/tr\/urun\/osmanli-imparatorlugu-harita-8\/\",\"url\":\"https:\/\/egcollection.ist\/tr\/urun\/osmanli-imparatorlugu-harita-8\/\",\"name\":\"OSMANLI \u0130MPARATORLU\u011eU HAR\u0130TA - Emre Gurcay Collection\",\"isPartOf\":{\"@id\":\"https:\/\/egcollection.ist\/tr\/#website\"},\"primaryImageOfPage\":{\"@id\":\"https:\/\/egcollection.ist\/tr\/urun\/osmanli-imparatorlugu-harita-8\/#primaryimage\"},\"image\":{\"@id\":\"https:\/\/egcollection.ist\/tr\/urun\/osmanli-imparatorlugu-harita-8\/#primaryimage\"},\"thumbnailUrl\":\"https:\/\/egcollection.ist\/wp-content\/uploads\/2022\/07\/00183.jpg\",\"datePublished\":\"2022-07-20T17:02:19+00:00\",\"dateModified\":\"2022-12-19T08:31:15+00:00\",\"breadcrumb\":{\"@id\":\"https:\/\/egcollection.ist\/tr\/urun\/osmanli-imparatorlugu-harita-8\/#breadcrumb\"},\"inLanguage\":\"tr\",\"potentialAction\":[{\"@type\":\"ReadAction\",\"target\":[\"https:\/\/egcollection.ist\/tr\/urun\/osmanli-imparatorlugu-harita-8\/\"]}]},{\"@type\":\"ImageObject\",\"inLanguage\":\"tr\",\"@id\":\"https:\/\/egcollection.ist\/tr\/urun\/osmanli-imparatorlugu-harita-8\/#primaryimage\",\"url\":\"https:\/\/egcollection.ist\/wp-content\/uploads\/2022\/07\/00183.jpg\",\"contentUrl\":\"https:\/\/egcollection.ist\/wp-content\/uploads\/2022\/07\/00183.jpg\",\"width\":1200,\"height\":1054},{\"@type\":\"BreadcrumbList\",\"@id\":\"https:\/\/egcollection.ist\/tr\/urun\/osmanli-imparatorlugu-harita-8\/#breadcrumb\",\"itemListElement\":[{\"@type\":\"ListItem\",\"position\":1,\"name\":\"Home\",\"item\":\"https:\/\/egcollection.ist\/tr\/home\/\"},{\"@type\":\"ListItem\",\"position\":2,\"name\":\"Shop\",\"item\":\"https:\/\/egcollection.ist\/shop\/\"},{\"@type\":\"ListItem\",\"position\":3,\"name\":\"OSMANLI \u0130MPARATORLU\u011eU HAR\u0130TA\"}]},{\"@type\":\"WebSite\",\"@id\":\"https:\/\/egcollection.ist\/tr\/#website\",\"url\":\"https:\/\/egcollection.ist\/tr\/\",\"name\":\"Emre Gurcay Collection\",\"description\":\"Antique Maps &amp; Books\",\"publisher\":{\"@id\":\"https:\/\/egcollection.ist\/tr\/#organization\"},\"potentialAction\":[{\"@type\":\"SearchAction\",\"target\":{\"@type\":\"EntryPoint\",\"urlTemplate\":\"https:\/\/egcollection.ist\/tr\/?s={search_term_string}\"},\"query-input\":{\"@type\":\"PropertyValueSpecification\",\"valueRequired\":true,\"valueName\":\"search_term_string\"}}],\"inLanguage\":\"tr\"},{\"@type\":\"Organization\",\"@id\":\"https:\/\/egcollection.ist\/tr\/#organization\",\"name\":\"Emre Gurcay Collection\",\"url\":\"https:\/\/egcollection.ist\/tr\/\",\"logo\":{\"@type\":\"ImageObject\",\"inLanguage\":\"tr\",\"@id\":\"https:\/\/egcollection.ist\/tr\/#\/schema\/logo\/image\/\",\"url\":\"https:\/\/egcollection.ist\/wp-content\/uploads\/2021\/11\/EGCollection-logo2-1.png\",\"contentUrl\":\"https:\/\/egcollection.ist\/wp-content\/uploads\/2021\/11\/EGCollection-logo2-1.png\",\"width\":230,\"height\":82,\"caption\":\"Emre Gurcay Collection\"},\"image\":{\"@id\":\"https:\/\/egcollection.ist\/tr\/#\/schema\/logo\/image\/\"},\"sameAs\":[\"https:\/\/www.instagram.com\/egcollection.ist\/\"]}]}<\/script>\n<!-- \/ Yoast SEO plugin. -->","yoast_head_json":{"title":"OSMANLI \u0130MPARATORLU\u011eU HAR\u0130TA - Emre Gurcay Collection","robots":{"index":"index","follow":"follow","max-snippet":"max-snippet:-1","max-image-preview":"max-image-preview:large","max-video-preview":"max-video-preview:-1"},"canonical":"https:\/\/egcollection.ist\/tr\/urun\/osmanli-imparatorlugu-harita-8\/","og_locale":"tr_TR","og_type":"article","og_title":"OSMANLI \u0130MPARATORLU\u011eU HAR\u0130TA - Emre Gurcay Collection","og_description":"MPERIUM TURCICUM IN EUROPA, ASIA ET AFRICA REGIONES&#8230; HOMANN, Johann Baptist Nuremberg, 1730 58 x 49.5 cm. Gorgeous map of the Ottoman Empire, extending from the Persian Gulf and Red&hellip;","og_url":"https:\/\/egcollection.ist\/tr\/urun\/osmanli-imparatorlugu-harita-8\/","og_site_name":"Emre Gurcay Collection","article_modified_time":"2022-12-19T08:31:15+00:00","og_image":[{"width":1200,"height":1054,"url":"https:\/\/egcollection.ist\/wp-content\/uploads\/2022\/07\/00183.jpg","type":"image\/jpeg"}],"twitter_card":"summary_large_image","twitter_misc":{"Tahmini okuma s\u00fcresi":"1 dakika"},"schema":{"@context":"https:\/\/schema.org","@graph":[{"@type":"WebPage","@id":"https:\/\/egcollection.ist\/tr\/urun\/osmanli-imparatorlugu-harita-8\/","url":"https:\/\/egcollection.ist\/tr\/urun\/osmanli-imparatorlugu-harita-8\/","name":"OSMANLI \u0130MPARATORLU\u011eU HAR\u0130TA - Emre Gurcay Collection","isPartOf":{"@id":"https:\/\/egcollection.ist\/tr\/#website"},"primaryImageOfPage":{"@id":"https:\/\/egcollection.ist\/tr\/urun\/osmanli-imparatorlugu-harita-8\/#primaryimage"},"image":{"@id":"https:\/\/egcollection.ist\/tr\/urun\/osmanli-imparatorlugu-harita-8\/#primaryimage"},"thumbnailUrl":"https:\/\/egcollection.ist\/wp-content\/uploads\/2022\/07\/00183.jpg","datePublished":"2022-07-20T17:02:19+00:00","dateModified":"2022-12-19T08:31:15+00:00","breadcrumb":{"@id":"https:\/\/egcollection.ist\/tr\/urun\/osmanli-imparatorlugu-harita-8\/#breadcrumb"},"inLanguage":"tr","potentialAction":[{"@type":"ReadAction","target":["https:\/\/egcollection.ist\/tr\/urun\/osmanli-imparatorlugu-harita-8\/"]}]},{"@type":"ImageObject","inLanguage":"tr","@id":"https:\/\/egcollection.ist\/tr\/urun\/osmanli-imparatorlugu-harita-8\/#primaryimage","url":"https:\/\/egcollection.ist\/wp-content\/uploads\/2022\/07\/00183.jpg","contentUrl":"https:\/\/egcollection.ist\/wp-content\/uploads\/2022\/07\/00183.jpg","width":1200,"height":1054},{"@type":"BreadcrumbList","@id":"https:\/\/egcollection.ist\/tr\/urun\/osmanli-imparatorlugu-harita-8\/#breadcrumb","itemListElement":[{"@type":"ListItem","position":1,"name":"Home","item":"https:\/\/egcollection.ist\/tr\/home\/"},{"@type":"ListItem","position":2,"name":"Shop","item":"https:\/\/egcollection.ist\/shop\/"},{"@type":"ListItem","position":3,"name":"OSMANLI \u0130MPARATORLU\u011eU HAR\u0130TA"}]},{"@type":"WebSite","@id":"https:\/\/egcollection.ist\/tr\/#website","url":"https:\/\/egcollection.ist\/tr\/","name":"Emre Gurcay Collection","description":"Antique Maps &amp; Books","publisher":{"@id":"https:\/\/egcollection.ist\/tr\/#organization"},"potentialAction":[{"@type":"SearchAction","target":{"@type":"EntryPoint","urlTemplate":"https:\/\/egcollection.ist\/tr\/?s={search_term_string}"},"query-input":{"@type":"PropertyValueSpecification","valueRequired":true,"valueName":"search_term_string"}}],"inLanguage":"tr"},{"@type":"Organization","@id":"https:\/\/egcollection.ist\/tr\/#organization","name":"Emre Gurcay Collection","url":"https:\/\/egcollection.ist\/tr\/","logo":{"@type":"ImageObject","inLanguage":"tr","@id":"https:\/\/egcollection.ist\/tr\/#\/schema\/logo\/image\/","url":"https:\/\/egcollection.ist\/wp-content\/uploads\/2021\/11\/EGCollection-logo2-1.png","contentUrl":"https:\/\/egcollection.ist\/wp-content\/uploads\/2021\/11\/EGCollection-logo2-1.png","width":230,"height":82,"caption":"Emre Gurcay Collection"},"image":{"@id":"https:\/\/egcollection.ist\/tr\/#\/schema\/logo\/image\/"},"sameAs":["https:\/\/www.instagram.com\/egcollection.ist\/"]}]}},"_links":{"self":[{"href":"https:\/\/egcollection.ist\/tr\/wp-json\/wp\/v2\/product\/5126","targetHints":{"allow":["GET"]}}],"collection":[{"href":"https:\/\/egcollection.ist\/tr\/wp-json\/wp\/v2\/product"}],"about":[{"href":"https:\/\/egcollection.ist\/tr\/wp-json\/wp\/v2\/types\/product"}],"wp:featuredmedia":[{"embeddable":true,"href":"https:\/\/egcollection.ist\/tr\/wp-json\/wp\/v2\/media\/5004"}],"wp:attachment":[{"href":"https:\/\/egcollection.ist\/tr\/wp-json\/wp\/v2\/media?parent=5126"}],"wp:term":[{"taxonomy":"product_brand","embeddable":true,"href":"https:\/\/egcollection.ist\/tr\/wp-json\/wp\/v2\/product_brand?post=5126"},{"taxonomy":"product_cat","embeddable":true,"href":"https:\/\/egcollection.ist\/tr\/wp-json\/wp\/v2\/product_cat?post=5126"},{"taxonomy":"product_tag","embeddable":true,"href":"https:\/\/egcollection.ist\/tr\/wp-json\/wp\/v2\/product_tag?post=5126"}],"curies":[{"name":"wp","href":"https:\/\/api.w.org\/{rel}","templated":true}]}}