{"id":5130,"date":"2022-07-20T17:02:19","date_gmt":"2022-07-20T17:02:19","guid":{"rendered":"http:\/\/egcollection.ist\/product\/osmanli-imparatorlugu-harita-12\/"},"modified":"2022-12-19T08:31:15","modified_gmt":"2022-12-19T08:31:15","slug":"osmanli-imparatorlugu-harita-12","status":"publish","type":"product","link":"https:\/\/egcollection.ist\/tr\/urun\/osmanli-imparatorlugu-harita-12\/","title":{"rendered":"OSMANLI \u0130MPARATORLU\u011eU HAR\u0130TA"},"content":{"rendered":"<p>CARTE DE LA TURQUIE DE L\u2019ARABIE ET DE LA PERSE&#8230; DE L\u2019ISLE, Guillaume<br \/>\nParis, 1701<br \/>\n62 x 47 cm.<\/p>\n<p>Fine example of an state of De L&#8217;Isle&#8217;s map of the Turkish Empire and Arabian Peninsula, with De L&#8217;Isle&#8217;s &#8220;Quai de l&#8217;Horlogie al Aigle d&#8217;Or&#8221; address, which was used only briefly after his move from Rue de Cannettes.<br \/>\nIncludes the Turkish Empire, Mediterranean, Central Asia and parts of the Ukraine, Egypt, etc.<br \/>\nThe map was originally issued by De L&#8217;Isle, with extensive changes by Phillipe Buache in 1776 and again by Dezauche in 1780.<br \/>\nGuillaume De L\u2019Isle Biography<br \/>\nGuillaume De L&#8217;Isle (1675-1726) is probably the greatest figure in French<br \/>\ncartography. Having learned geography from his father Claude, by the age of eight or nine he could draw maps to demonstrate ancient history. He studied mathematics and astronomy under Cassini, from whom he received a superb grounding in scientific cartography\u2014the hallmark of his work. His first atlas was published in ca. 1700. In 1702 he was elected a member of the Academie Royale des Sciences and in 1718 he<br \/>\nbecame Premier Geographe du Roi.<\/p>\n<p>De L&#8217;Isle&#8217;s work was important as marking a transition from the maps of the Dutch school, which were highly decorative and artistically-orientated, to a more scientific approach. He reduced the importance given to the decorative elements in maps, and emphasized the scientific base on which they were constructed. His maps of the newly explored parts of the world reflect the most up-to-date information available and did not contain fanciful detail in the absence of solid information. It can be fairly said that he was truly the father of the modern school of cartography at the commercial level.<br \/>\nDe L\u2019Isle also played a prominent part in the recalculation of latitude and longitude, based on the most recent celestial observations. His major contribution was in collating and incorporating this latitudinal and longitudinal information in his maps, setting a new standard of accuracy, quickly followed by many of his contemporaries. Guillaume De L\u2019Isle\u2019s work was widely copied by other mapmakers of the period, including Chatelain, Covens &#038; Mortier, and Albrizzi.<\/p>\n","protected":false},"excerpt":{"rendered":"<p>CARTE DE LA TURQUIE DE L\u2019ARABIE ET DE LA PERSE&#8230; DE L\u2019ISLE, Guillaume Paris, 1701 62 x 47 cm. Fine example of an state of De L&#8217;Isle&#8217;s map of the&hellip;<\/p>\n","protected":false},"featured_media":5012,"template":"","meta":[],"product_brand":[],"product_cat":[74,65],"product_tag":[],"class_list":{"0":"post-5130","1":"product","2":"type-product","3":"status-publish","4":"has-post-thumbnail","6":"product_cat-haritalar","7":"product_cat-osmanli-imparatorlugu-haritalar","9":"first","10":"instock","11":"purchasable","12":"product-type-simple"},"yoast_head":"<!-- This site is optimized with the Yoast SEO plugin v24.9 - https:\/\/yoast.com\/wordpress\/plugins\/seo\/ -->\n<title>OSMANLI \u0130MPARATORLU\u011eU HAR\u0130TA - Emre Gurcay Collection<\/title>\n<meta name=\"robots\" content=\"index, follow, max-snippet:-1, max-image-preview:large, max-video-preview:-1\" \/>\n<link rel=\"canonical\" href=\"https:\/\/egcollection.ist\/tr\/urun\/osmanli-imparatorlugu-harita-12\/\" \/>\n<meta property=\"og:locale\" content=\"tr_TR\" \/>\n<meta property=\"og:type\" content=\"article\" \/>\n<meta property=\"og:title\" content=\"OSMANLI \u0130MPARATORLU\u011eU HAR\u0130TA - Emre Gurcay Collection\" \/>\n<meta property=\"og:description\" content=\"CARTE DE LA TURQUIE DE L\u2019ARABIE ET DE LA PERSE&#8230; DE L\u2019ISLE, Guillaume Paris, 1701 62 x 47 cm. Fine example of an state of De L&#8217;Isle&#8217;s map of the&hellip;\" \/>\n<meta property=\"og:url\" content=\"https:\/\/egcollection.ist\/tr\/urun\/osmanli-imparatorlugu-harita-12\/\" \/>\n<meta property=\"og:site_name\" content=\"Emre Gurcay Collection\" \/>\n<meta property=\"article:modified_time\" content=\"2022-12-19T08:31:15+00:00\" \/>\n<meta property=\"og:image\" content=\"https:\/\/egcollection.ist\/wp-content\/uploads\/2022\/07\/00194.jpg\" \/>\n\t<meta property=\"og:image:width\" content=\"1200\" \/>\n\t<meta property=\"og:image:height\" content=\"874\" \/>\n\t<meta property=\"og:image:type\" content=\"image\/jpeg\" \/>\n<meta name=\"twitter:card\" content=\"summary_large_image\" \/>\n<meta name=\"twitter:label1\" content=\"Tahmini okuma s\u00fcresi\" \/>\n\t<meta name=\"twitter:data1\" content=\"2 dakika\" \/>\n<script type=\"application\/ld+json\" class=\"yoast-schema-graph\">{\"@context\":\"https:\/\/schema.org\",\"@graph\":[{\"@type\":\"WebPage\",\"@id\":\"https:\/\/egcollection.ist\/tr\/urun\/osmanli-imparatorlugu-harita-12\/\",\"url\":\"https:\/\/egcollection.ist\/tr\/urun\/osmanli-imparatorlugu-harita-12\/\",\"name\":\"OSMANLI \u0130MPARATORLU\u011eU HAR\u0130TA - Emre Gurcay Collection\",\"isPartOf\":{\"@id\":\"https:\/\/egcollection.ist\/tr\/#website\"},\"primaryImageOfPage\":{\"@id\":\"https:\/\/egcollection.ist\/tr\/urun\/osmanli-imparatorlugu-harita-12\/#primaryimage\"},\"image\":{\"@id\":\"https:\/\/egcollection.ist\/tr\/urun\/osmanli-imparatorlugu-harita-12\/#primaryimage\"},\"thumbnailUrl\":\"https:\/\/egcollection.ist\/wp-content\/uploads\/2022\/07\/00194.jpg\",\"datePublished\":\"2022-07-20T17:02:19+00:00\",\"dateModified\":\"2022-12-19T08:31:15+00:00\",\"breadcrumb\":{\"@id\":\"https:\/\/egcollection.ist\/tr\/urun\/osmanli-imparatorlugu-harita-12\/#breadcrumb\"},\"inLanguage\":\"tr\",\"potentialAction\":[{\"@type\":\"ReadAction\",\"target\":[\"https:\/\/egcollection.ist\/tr\/urun\/osmanli-imparatorlugu-harita-12\/\"]}]},{\"@type\":\"ImageObject\",\"inLanguage\":\"tr\",\"@id\":\"https:\/\/egcollection.ist\/tr\/urun\/osmanli-imparatorlugu-harita-12\/#primaryimage\",\"url\":\"https:\/\/egcollection.ist\/wp-content\/uploads\/2022\/07\/00194.jpg\",\"contentUrl\":\"https:\/\/egcollection.ist\/wp-content\/uploads\/2022\/07\/00194.jpg\",\"width\":1200,\"height\":874},{\"@type\":\"BreadcrumbList\",\"@id\":\"https:\/\/egcollection.ist\/tr\/urun\/osmanli-imparatorlugu-harita-12\/#breadcrumb\",\"itemListElement\":[{\"@type\":\"ListItem\",\"position\":1,\"name\":\"Home\",\"item\":\"https:\/\/egcollection.ist\/tr\/home\/\"},{\"@type\":\"ListItem\",\"position\":2,\"name\":\"Shop\",\"item\":\"https:\/\/egcollection.ist\/shop\/\"},{\"@type\":\"ListItem\",\"position\":3,\"name\":\"OSMANLI \u0130MPARATORLU\u011eU HAR\u0130TA\"}]},{\"@type\":\"WebSite\",\"@id\":\"https:\/\/egcollection.ist\/tr\/#website\",\"url\":\"https:\/\/egcollection.ist\/tr\/\",\"name\":\"Emre Gurcay Collection\",\"description\":\"Antique Maps &amp; Books\",\"publisher\":{\"@id\":\"https:\/\/egcollection.ist\/tr\/#organization\"},\"potentialAction\":[{\"@type\":\"SearchAction\",\"target\":{\"@type\":\"EntryPoint\",\"urlTemplate\":\"https:\/\/egcollection.ist\/tr\/?s={search_term_string}\"},\"query-input\":{\"@type\":\"PropertyValueSpecification\",\"valueRequired\":true,\"valueName\":\"search_term_string\"}}],\"inLanguage\":\"tr\"},{\"@type\":\"Organization\",\"@id\":\"https:\/\/egcollection.ist\/tr\/#organization\",\"name\":\"Emre Gurcay Collection\",\"url\":\"https:\/\/egcollection.ist\/tr\/\",\"logo\":{\"@type\":\"ImageObject\",\"inLanguage\":\"tr\",\"@id\":\"https:\/\/egcollection.ist\/tr\/#\/schema\/logo\/image\/\",\"url\":\"https:\/\/egcollection.ist\/wp-content\/uploads\/2021\/11\/EGCollection-logo2-1.png\",\"contentUrl\":\"https:\/\/egcollection.ist\/wp-content\/uploads\/2021\/11\/EGCollection-logo2-1.png\",\"width\":230,\"height\":82,\"caption\":\"Emre Gurcay Collection\"},\"image\":{\"@id\":\"https:\/\/egcollection.ist\/tr\/#\/schema\/logo\/image\/\"},\"sameAs\":[\"https:\/\/www.instagram.com\/egcollection.ist\/\"]}]}<\/script>\n<!-- \/ Yoast SEO plugin. -->","yoast_head_json":{"title":"OSMANLI \u0130MPARATORLU\u011eU HAR\u0130TA - Emre Gurcay Collection","robots":{"index":"index","follow":"follow","max-snippet":"max-snippet:-1","max-image-preview":"max-image-preview:large","max-video-preview":"max-video-preview:-1"},"canonical":"https:\/\/egcollection.ist\/tr\/urun\/osmanli-imparatorlugu-harita-12\/","og_locale":"tr_TR","og_type":"article","og_title":"OSMANLI \u0130MPARATORLU\u011eU HAR\u0130TA - Emre Gurcay Collection","og_description":"CARTE DE LA TURQUIE DE L\u2019ARABIE ET DE LA PERSE&#8230; DE L\u2019ISLE, Guillaume Paris, 1701 62 x 47 cm. Fine example of an state of De L&#8217;Isle&#8217;s map of the&hellip;","og_url":"https:\/\/egcollection.ist\/tr\/urun\/osmanli-imparatorlugu-harita-12\/","og_site_name":"Emre Gurcay Collection","article_modified_time":"2022-12-19T08:31:15+00:00","og_image":[{"width":1200,"height":874,"url":"https:\/\/egcollection.ist\/wp-content\/uploads\/2022\/07\/00194.jpg","type":"image\/jpeg"}],"twitter_card":"summary_large_image","twitter_misc":{"Tahmini okuma s\u00fcresi":"2 dakika"},"schema":{"@context":"https:\/\/schema.org","@graph":[{"@type":"WebPage","@id":"https:\/\/egcollection.ist\/tr\/urun\/osmanli-imparatorlugu-harita-12\/","url":"https:\/\/egcollection.ist\/tr\/urun\/osmanli-imparatorlugu-harita-12\/","name":"OSMANLI \u0130MPARATORLU\u011eU HAR\u0130TA - Emre Gurcay Collection","isPartOf":{"@id":"https:\/\/egcollection.ist\/tr\/#website"},"primaryImageOfPage":{"@id":"https:\/\/egcollection.ist\/tr\/urun\/osmanli-imparatorlugu-harita-12\/#primaryimage"},"image":{"@id":"https:\/\/egcollection.ist\/tr\/urun\/osmanli-imparatorlugu-harita-12\/#primaryimage"},"thumbnailUrl":"https:\/\/egcollection.ist\/wp-content\/uploads\/2022\/07\/00194.jpg","datePublished":"2022-07-20T17:02:19+00:00","dateModified":"2022-12-19T08:31:15+00:00","breadcrumb":{"@id":"https:\/\/egcollection.ist\/tr\/urun\/osmanli-imparatorlugu-harita-12\/#breadcrumb"},"inLanguage":"tr","potentialAction":[{"@type":"ReadAction","target":["https:\/\/egcollection.ist\/tr\/urun\/osmanli-imparatorlugu-harita-12\/"]}]},{"@type":"ImageObject","inLanguage":"tr","@id":"https:\/\/egcollection.ist\/tr\/urun\/osmanli-imparatorlugu-harita-12\/#primaryimage","url":"https:\/\/egcollection.ist\/wp-content\/uploads\/2022\/07\/00194.jpg","contentUrl":"https:\/\/egcollection.ist\/wp-content\/uploads\/2022\/07\/00194.jpg","width":1200,"height":874},{"@type":"BreadcrumbList","@id":"https:\/\/egcollection.ist\/tr\/urun\/osmanli-imparatorlugu-harita-12\/#breadcrumb","itemListElement":[{"@type":"ListItem","position":1,"name":"Home","item":"https:\/\/egcollection.ist\/tr\/home\/"},{"@type":"ListItem","position":2,"name":"Shop","item":"https:\/\/egcollection.ist\/shop\/"},{"@type":"ListItem","position":3,"name":"OSMANLI \u0130MPARATORLU\u011eU HAR\u0130TA"}]},{"@type":"WebSite","@id":"https:\/\/egcollection.ist\/tr\/#website","url":"https:\/\/egcollection.ist\/tr\/","name":"Emre Gurcay Collection","description":"Antique Maps &amp; Books","publisher":{"@id":"https:\/\/egcollection.ist\/tr\/#organization"},"potentialAction":[{"@type":"SearchAction","target":{"@type":"EntryPoint","urlTemplate":"https:\/\/egcollection.ist\/tr\/?s={search_term_string}"},"query-input":{"@type":"PropertyValueSpecification","valueRequired":true,"valueName":"search_term_string"}}],"inLanguage":"tr"},{"@type":"Organization","@id":"https:\/\/egcollection.ist\/tr\/#organization","name":"Emre Gurcay Collection","url":"https:\/\/egcollection.ist\/tr\/","logo":{"@type":"ImageObject","inLanguage":"tr","@id":"https:\/\/egcollection.ist\/tr\/#\/schema\/logo\/image\/","url":"https:\/\/egcollection.ist\/wp-content\/uploads\/2021\/11\/EGCollection-logo2-1.png","contentUrl":"https:\/\/egcollection.ist\/wp-content\/uploads\/2021\/11\/EGCollection-logo2-1.png","width":230,"height":82,"caption":"Emre Gurcay Collection"},"image":{"@id":"https:\/\/egcollection.ist\/tr\/#\/schema\/logo\/image\/"},"sameAs":["https:\/\/www.instagram.com\/egcollection.ist\/"]}]}},"_links":{"self":[{"href":"https:\/\/egcollection.ist\/tr\/wp-json\/wp\/v2\/product\/5130","targetHints":{"allow":["GET"]}}],"collection":[{"href":"https:\/\/egcollection.ist\/tr\/wp-json\/wp\/v2\/product"}],"about":[{"href":"https:\/\/egcollection.ist\/tr\/wp-json\/wp\/v2\/types\/product"}],"wp:featuredmedia":[{"embeddable":true,"href":"https:\/\/egcollection.ist\/tr\/wp-json\/wp\/v2\/media\/5012"}],"wp:attachment":[{"href":"https:\/\/egcollection.ist\/tr\/wp-json\/wp\/v2\/media?parent=5130"}],"wp:term":[{"taxonomy":"product_brand","embeddable":true,"href":"https:\/\/egcollection.ist\/tr\/wp-json\/wp\/v2\/product_brand?post=5130"},{"taxonomy":"product_cat","embeddable":true,"href":"https:\/\/egcollection.ist\/tr\/wp-json\/wp\/v2\/product_cat?post=5130"},{"taxonomy":"product_tag","embeddable":true,"href":"https:\/\/egcollection.ist\/tr\/wp-json\/wp\/v2\/product_tag?post=5130"}],"curies":[{"name":"wp","href":"https:\/\/api.w.org\/{rel}","templated":true}]}}