{"id":5135,"date":"2022-07-20T17:02:19","date_gmt":"2022-07-20T17:02:19","guid":{"rendered":"http:\/\/egcollection.ist\/product\/osmanli-imparatorlugu-harita-17\/"},"modified":"2022-12-19T08:31:16","modified_gmt":"2022-12-19T08:31:16","slug":"osmanli-imparatorlugu-harita-17","status":"publish","type":"product","link":"https:\/\/egcollection.ist\/tr\/urun\/osmanli-imparatorlugu-harita-17\/","title":{"rendered":"OSMANLI \u0130MPARATORLU\u011eU HAR\u0130TA"},"content":{"rendered":"<p>THE TURKISH EMPIRE SPEED, John<br \/>\nLondon, 1626<br \/>\n51 x 38 cm<\/p>\n<p>Fine example of the first edition of Speed&#8217;s map of the Turkish Empire.<br \/>\nOne of the most decorative maps of the region issued in the 17th Century and the first map of the region published in England. Includes 8 views of Turkish Cities and 10 costumed figures<br \/>\nJohn Speed Biography<br \/>\nJohn Speed (1551 or &#8217;52 &#8211; 28 July 1629) was the best known English mapmaker of the Stuart period. Speed came to mapmaking late in life, producing his first maps in the 1590s and entering the trade in earnest when he was almost 60 years old.<br \/>\nJohn Speed&#8217;s fame, which continues to this day, lies with two atlases, The Theatre of the Empire of Great Britaine (first published 1612), and the Prospect of the Most Famous Parts of the World (1627). While The Theatre &#8230; started as solely a county atlas, it grew into an impressive world atlas with the inclusion of the Prospect in 1627. The plates for the atlas passed through many hands in the 17th century, and the book finally reached its apotheosis in 1676 when it was published by Thomas Bassett and Richard Chiswell, with a number of important maps added for the first time.<\/p>\n","protected":false},"excerpt":{"rendered":"<p>THE TURKISH EMPIRE SPEED, John London, 1626 51 x 38 cm Fine example of the first edition of Speed&#8217;s map of the Turkish Empire. One of the most decorative maps&hellip;<\/p>\n","protected":false},"featured_media":5022,"template":"","meta":[],"product_brand":[],"product_cat":[74,65],"product_tag":[],"class_list":{"0":"post-5135","1":"product","2":"type-product","3":"status-publish","4":"has-post-thumbnail","6":"product_cat-haritalar","7":"product_cat-osmanli-imparatorlugu-haritalar","9":"first","10":"instock","11":"purchasable","12":"product-type-simple"},"yoast_head":"<!-- This site is optimized with the Yoast SEO plugin v24.9 - https:\/\/yoast.com\/wordpress\/plugins\/seo\/ -->\n<title>OSMANLI \u0130MPARATORLU\u011eU HAR\u0130TA - Emre Gurcay Collection<\/title>\n<meta name=\"robots\" content=\"index, follow, max-snippet:-1, max-image-preview:large, max-video-preview:-1\" \/>\n<link rel=\"canonical\" href=\"https:\/\/egcollection.ist\/tr\/urun\/osmanli-imparatorlugu-harita-17\/\" \/>\n<meta property=\"og:locale\" content=\"tr_TR\" \/>\n<meta property=\"og:type\" content=\"article\" \/>\n<meta property=\"og:title\" content=\"OSMANLI \u0130MPARATORLU\u011eU HAR\u0130TA - Emre Gurcay Collection\" \/>\n<meta property=\"og:description\" content=\"THE TURKISH EMPIRE SPEED, John London, 1626 51 x 38 cm Fine example of the first edition of Speed&#8217;s map of the Turkish Empire. One of the most decorative maps&hellip;\" \/>\n<meta property=\"og:url\" content=\"https:\/\/egcollection.ist\/tr\/urun\/osmanli-imparatorlugu-harita-17\/\" \/>\n<meta property=\"og:site_name\" content=\"Emre Gurcay Collection\" \/>\n<meta property=\"article:modified_time\" content=\"2022-12-19T08:31:16+00:00\" \/>\n<meta property=\"og:image\" content=\"https:\/\/egcollection.ist\/wp-content\/uploads\/2022\/07\/00206.jpg\" \/>\n\t<meta property=\"og:image:width\" content=\"1200\" \/>\n\t<meta property=\"og:image:height\" content=\"958\" \/>\n\t<meta property=\"og:image:type\" content=\"image\/jpeg\" \/>\n<meta name=\"twitter:card\" content=\"summary_large_image\" \/>\n<meta name=\"twitter:label1\" content=\"Tahmini okuma s\u00fcresi\" \/>\n\t<meta name=\"twitter:data1\" content=\"1 dakika\" \/>\n<script type=\"application\/ld+json\" class=\"yoast-schema-graph\">{\"@context\":\"https:\/\/schema.org\",\"@graph\":[{\"@type\":\"WebPage\",\"@id\":\"https:\/\/egcollection.ist\/tr\/urun\/osmanli-imparatorlugu-harita-17\/\",\"url\":\"https:\/\/egcollection.ist\/tr\/urun\/osmanli-imparatorlugu-harita-17\/\",\"name\":\"OSMANLI \u0130MPARATORLU\u011eU HAR\u0130TA - Emre Gurcay Collection\",\"isPartOf\":{\"@id\":\"https:\/\/egcollection.ist\/tr\/#website\"},\"primaryImageOfPage\":{\"@id\":\"https:\/\/egcollection.ist\/tr\/urun\/osmanli-imparatorlugu-harita-17\/#primaryimage\"},\"image\":{\"@id\":\"https:\/\/egcollection.ist\/tr\/urun\/osmanli-imparatorlugu-harita-17\/#primaryimage\"},\"thumbnailUrl\":\"https:\/\/egcollection.ist\/wp-content\/uploads\/2022\/07\/00206.jpg\",\"datePublished\":\"2022-07-20T17:02:19+00:00\",\"dateModified\":\"2022-12-19T08:31:16+00:00\",\"breadcrumb\":{\"@id\":\"https:\/\/egcollection.ist\/tr\/urun\/osmanli-imparatorlugu-harita-17\/#breadcrumb\"},\"inLanguage\":\"tr\",\"potentialAction\":[{\"@type\":\"ReadAction\",\"target\":[\"https:\/\/egcollection.ist\/tr\/urun\/osmanli-imparatorlugu-harita-17\/\"]}]},{\"@type\":\"ImageObject\",\"inLanguage\":\"tr\",\"@id\":\"https:\/\/egcollection.ist\/tr\/urun\/osmanli-imparatorlugu-harita-17\/#primaryimage\",\"url\":\"https:\/\/egcollection.ist\/wp-content\/uploads\/2022\/07\/00206.jpg\",\"contentUrl\":\"https:\/\/egcollection.ist\/wp-content\/uploads\/2022\/07\/00206.jpg\",\"width\":1200,\"height\":958},{\"@type\":\"BreadcrumbList\",\"@id\":\"https:\/\/egcollection.ist\/tr\/urun\/osmanli-imparatorlugu-harita-17\/#breadcrumb\",\"itemListElement\":[{\"@type\":\"ListItem\",\"position\":1,\"name\":\"Home\",\"item\":\"https:\/\/egcollection.ist\/tr\/home\/\"},{\"@type\":\"ListItem\",\"position\":2,\"name\":\"Shop\",\"item\":\"https:\/\/egcollection.ist\/shop\/\"},{\"@type\":\"ListItem\",\"position\":3,\"name\":\"OSMANLI \u0130MPARATORLU\u011eU HAR\u0130TA\"}]},{\"@type\":\"WebSite\",\"@id\":\"https:\/\/egcollection.ist\/tr\/#website\",\"url\":\"https:\/\/egcollection.ist\/tr\/\",\"name\":\"Emre Gurcay Collection\",\"description\":\"Antique Maps &amp; Books\",\"publisher\":{\"@id\":\"https:\/\/egcollection.ist\/tr\/#organization\"},\"potentialAction\":[{\"@type\":\"SearchAction\",\"target\":{\"@type\":\"EntryPoint\",\"urlTemplate\":\"https:\/\/egcollection.ist\/tr\/?s={search_term_string}\"},\"query-input\":{\"@type\":\"PropertyValueSpecification\",\"valueRequired\":true,\"valueName\":\"search_term_string\"}}],\"inLanguage\":\"tr\"},{\"@type\":\"Organization\",\"@id\":\"https:\/\/egcollection.ist\/tr\/#organization\",\"name\":\"Emre Gurcay Collection\",\"url\":\"https:\/\/egcollection.ist\/tr\/\",\"logo\":{\"@type\":\"ImageObject\",\"inLanguage\":\"tr\",\"@id\":\"https:\/\/egcollection.ist\/tr\/#\/schema\/logo\/image\/\",\"url\":\"https:\/\/egcollection.ist\/wp-content\/uploads\/2021\/11\/EGCollection-logo2-1.png\",\"contentUrl\":\"https:\/\/egcollection.ist\/wp-content\/uploads\/2021\/11\/EGCollection-logo2-1.png\",\"width\":230,\"height\":82,\"caption\":\"Emre Gurcay Collection\"},\"image\":{\"@id\":\"https:\/\/egcollection.ist\/tr\/#\/schema\/logo\/image\/\"},\"sameAs\":[\"https:\/\/www.instagram.com\/egcollection.ist\/\"]}]}<\/script>\n<!-- \/ Yoast SEO plugin. -->","yoast_head_json":{"title":"OSMANLI \u0130MPARATORLU\u011eU HAR\u0130TA - Emre Gurcay Collection","robots":{"index":"index","follow":"follow","max-snippet":"max-snippet:-1","max-image-preview":"max-image-preview:large","max-video-preview":"max-video-preview:-1"},"canonical":"https:\/\/egcollection.ist\/tr\/urun\/osmanli-imparatorlugu-harita-17\/","og_locale":"tr_TR","og_type":"article","og_title":"OSMANLI \u0130MPARATORLU\u011eU HAR\u0130TA - Emre Gurcay Collection","og_description":"THE TURKISH EMPIRE SPEED, John London, 1626 51 x 38 cm Fine example of the first edition of Speed&#8217;s map of the Turkish Empire. One of the most decorative maps&hellip;","og_url":"https:\/\/egcollection.ist\/tr\/urun\/osmanli-imparatorlugu-harita-17\/","og_site_name":"Emre Gurcay Collection","article_modified_time":"2022-12-19T08:31:16+00:00","og_image":[{"width":1200,"height":958,"url":"https:\/\/egcollection.ist\/wp-content\/uploads\/2022\/07\/00206.jpg","type":"image\/jpeg"}],"twitter_card":"summary_large_image","twitter_misc":{"Tahmini okuma s\u00fcresi":"1 dakika"},"schema":{"@context":"https:\/\/schema.org","@graph":[{"@type":"WebPage","@id":"https:\/\/egcollection.ist\/tr\/urun\/osmanli-imparatorlugu-harita-17\/","url":"https:\/\/egcollection.ist\/tr\/urun\/osmanli-imparatorlugu-harita-17\/","name":"OSMANLI \u0130MPARATORLU\u011eU HAR\u0130TA - Emre Gurcay Collection","isPartOf":{"@id":"https:\/\/egcollection.ist\/tr\/#website"},"primaryImageOfPage":{"@id":"https:\/\/egcollection.ist\/tr\/urun\/osmanli-imparatorlugu-harita-17\/#primaryimage"},"image":{"@id":"https:\/\/egcollection.ist\/tr\/urun\/osmanli-imparatorlugu-harita-17\/#primaryimage"},"thumbnailUrl":"https:\/\/egcollection.ist\/wp-content\/uploads\/2022\/07\/00206.jpg","datePublished":"2022-07-20T17:02:19+00:00","dateModified":"2022-12-19T08:31:16+00:00","breadcrumb":{"@id":"https:\/\/egcollection.ist\/tr\/urun\/osmanli-imparatorlugu-harita-17\/#breadcrumb"},"inLanguage":"tr","potentialAction":[{"@type":"ReadAction","target":["https:\/\/egcollection.ist\/tr\/urun\/osmanli-imparatorlugu-harita-17\/"]}]},{"@type":"ImageObject","inLanguage":"tr","@id":"https:\/\/egcollection.ist\/tr\/urun\/osmanli-imparatorlugu-harita-17\/#primaryimage","url":"https:\/\/egcollection.ist\/wp-content\/uploads\/2022\/07\/00206.jpg","contentUrl":"https:\/\/egcollection.ist\/wp-content\/uploads\/2022\/07\/00206.jpg","width":1200,"height":958},{"@type":"BreadcrumbList","@id":"https:\/\/egcollection.ist\/tr\/urun\/osmanli-imparatorlugu-harita-17\/#breadcrumb","itemListElement":[{"@type":"ListItem","position":1,"name":"Home","item":"https:\/\/egcollection.ist\/tr\/home\/"},{"@type":"ListItem","position":2,"name":"Shop","item":"https:\/\/egcollection.ist\/shop\/"},{"@type":"ListItem","position":3,"name":"OSMANLI \u0130MPARATORLU\u011eU HAR\u0130TA"}]},{"@type":"WebSite","@id":"https:\/\/egcollection.ist\/tr\/#website","url":"https:\/\/egcollection.ist\/tr\/","name":"Emre Gurcay Collection","description":"Antique Maps &amp; Books","publisher":{"@id":"https:\/\/egcollection.ist\/tr\/#organization"},"potentialAction":[{"@type":"SearchAction","target":{"@type":"EntryPoint","urlTemplate":"https:\/\/egcollection.ist\/tr\/?s={search_term_string}"},"query-input":{"@type":"PropertyValueSpecification","valueRequired":true,"valueName":"search_term_string"}}],"inLanguage":"tr"},{"@type":"Organization","@id":"https:\/\/egcollection.ist\/tr\/#organization","name":"Emre Gurcay Collection","url":"https:\/\/egcollection.ist\/tr\/","logo":{"@type":"ImageObject","inLanguage":"tr","@id":"https:\/\/egcollection.ist\/tr\/#\/schema\/logo\/image\/","url":"https:\/\/egcollection.ist\/wp-content\/uploads\/2021\/11\/EGCollection-logo2-1.png","contentUrl":"https:\/\/egcollection.ist\/wp-content\/uploads\/2021\/11\/EGCollection-logo2-1.png","width":230,"height":82,"caption":"Emre Gurcay Collection"},"image":{"@id":"https:\/\/egcollection.ist\/tr\/#\/schema\/logo\/image\/"},"sameAs":["https:\/\/www.instagram.com\/egcollection.ist\/"]}]}},"_links":{"self":[{"href":"https:\/\/egcollection.ist\/tr\/wp-json\/wp\/v2\/product\/5135","targetHints":{"allow":["GET"]}}],"collection":[{"href":"https:\/\/egcollection.ist\/tr\/wp-json\/wp\/v2\/product"}],"about":[{"href":"https:\/\/egcollection.ist\/tr\/wp-json\/wp\/v2\/types\/product"}],"wp:featuredmedia":[{"embeddable":true,"href":"https:\/\/egcollection.ist\/tr\/wp-json\/wp\/v2\/media\/5022"}],"wp:attachment":[{"href":"https:\/\/egcollection.ist\/tr\/wp-json\/wp\/v2\/media?parent=5135"}],"wp:term":[{"taxonomy":"product_brand","embeddable":true,"href":"https:\/\/egcollection.ist\/tr\/wp-json\/wp\/v2\/product_brand?post=5135"},{"taxonomy":"product_cat","embeddable":true,"href":"https:\/\/egcollection.ist\/tr\/wp-json\/wp\/v2\/product_cat?post=5135"},{"taxonomy":"product_tag","embeddable":true,"href":"https:\/\/egcollection.ist\/tr\/wp-json\/wp\/v2\/product_tag?post=5135"}],"curies":[{"name":"wp","href":"https:\/\/api.w.org\/{rel}","templated":true}]}}